{"id":564,"date":"2015-05-05T00:45:14","date_gmt":"2015-05-05T03:45:14","guid":{"rendered":"http:\/\/www.viajeraeditorial.com.ar\/?page_id=564"},"modified":"2020-11-02T21:02:39","modified_gmt":"2020-11-03T00:02:39","slug":"maria-del-carmen-sarquis","status":"publish","type":"page","link":"https:\/\/viajeraeditorial.ar\/blog\/catalogo\/maria-del-carmen-sarquis\/","title":{"rendered":"Mar\u00eda del Carmen Sarquis"},"content":{"rendered":"<p><a href=\"http:\/\/www.viajeraeditorial.ar\/blog\/wp-content\/uploads\/2015\/05\/fotomariadelcarmensarquis.jpg\"><img loading=\"lazy\" class=\"alignright size-full wp-image-911\" src=\"http:\/\/www.viajeraeditorial.ar\/blog\/wp-content\/uploads\/2015\/05\/fotomariadelcarmensarquis.jpg\" alt=\"Mar\u00eda del Carmen Sarquis\" width=\"184\" height=\"350\" \/><\/a>Profesora de Ingl\u00e9s, Psic\u00f3loga Social, Narradora Oral.<br \/>\nEs Directora General de IACI, Instituto Argentino de Cultura\u00a0Inglesa, en Berazategui, Buenos Aires.<br \/>\nAsesora y Supervisora Pedag\u00f3gica de Instituciones biling\u00fces:\u00a0IACI Florencio Varela, Provincia de Buenos Aires; IACI R\u00edo\u00a0Cuarto, Provincia de C\u00f3rdoba.<br \/>\nCurs\u00f3 estudios de Literatura filos\u00f3fica y Creatividad.<br \/>\nOrganiza viajes socio-culturales a Londres: \u201cSt. Giles College\u201d-Highgate, para el perfeccionamiento del idioma ingl\u00e9s en\u00a0adolescentes y adultos.<br \/>\nHa publicado <em>Ra\u00edces del alma<\/em> (2007) y <em>Atardecer, tiempo de\u00a0descanso<\/em> (2013). <em>Habitar mi camino (Dwelling my path)<\/em> est\u00e1\u00a0tambi\u00e9n dedicado a celebrar los cuarenta a\u00f1os del IACI.<\/p>\n<p><span style=\"text-decoration: underline;\"><strong>En Viajera<\/strong><\/span><\/p>\n<p style=\"padding-left: 30px;\"><a href=\"http:\/\/www.viajeraeditorial.ar\/blog\/bifida\/habitar-mi-camino-dwelling-my-path\/\"><img loading=\"lazy\" class=\"alignnone size-full wp-image-4535\" src=\"http:\/\/www.viajeraeditorial.ar\/blog\/wp-content\/uploads\/2015\/03\/habitarmicamino_tn20.jpg\" alt=\"Habitar mi camino \/ Dwelling my path\" width=\"13\" height=\"20\" \/><\/a>\u00a0<a href=\"http:\/\/www.viajeraeditorial.ar\/blog\/bifida\/habitar-mi-camino-dwelling-my-path\/\">Habitar mi camino \/ Dwelling my path<\/a>\u00a0(<a href=\"http:\/\/www.viajeraeditorial.ar\/blog\/bifida\/\">B\u00edfida<\/a>, 2015)<\/p>\n<p><strong><span style=\"text-decoration: underline;\">Fuera de Viajera<\/span><\/strong><\/p>\n<p style=\"padding-left: 30px;\">Ra\u00edces del alma (2007)<br \/>\nAtardecer, tiempo de descanso (2013)<\/p>\n<p><span style=\"text-decoration: underline;\"><strong>Contenido sobre Mar\u00eda del Carmen<\/strong><\/span><\/p>\n<ul class = \"posts-by-tag-list\"><li class=\"posts-by-tag-item Habitar mi camino Mar\u00eda del Carmen Sarquis\" id=\"posts-by-tag-item-8258\"><a class = \"posts-by-tag-item-title\" href=\"https:\/\/viajeraeditorial.ar\/blog\/2020\/01\/habitar-maria-del-carmen-sarquis\/\">Habitar * Mar\u00eda del Carmen Sarquis<\/a><\/li><li class=\"posts-by-tag-item Mar\u00eda del Carmen Sarquis\" id=\"posts-by-tag-item-7588\"><a class = \"posts-by-tag-item-title\" href=\"https:\/\/viajeraeditorial.ar\/blog\/2019\/02\/la-casa-del-pueblo-maria-del-carmen-sarquis\/\">La casa del pueblo * Mar\u00eda del Carmen Sarquis<\/a><\/li><li class=\"posts-by-tag-item Mar\u00eda del Carmen Sarquis\" id=\"posts-by-tag-item-7415\"><a class = \"posts-by-tag-item-title\" href=\"https:\/\/viajeraeditorial.ar\/blog\/2018\/11\/la-poesia-maria-del-carmen-sarquis\/\">La poes\u00eda * Mar\u00eda del Carmen Sarquis<\/a><\/li><li class=\"posts-by-tag-item Habitar mi camino Mar\u00eda del Carmen Sarquis\" id=\"posts-by-tag-item-7189\"><a class = \"posts-by-tag-item-title\" href=\"https:\/\/viajeraeditorial.ar\/blog\/2018\/08\/the-house-of-quilmes-maria-del-carmen-sarquis\/\">The house of Quilmes * Mar\u00eda del Carmen Sarquis<\/a><\/li><li class=\"posts-by-tag-item Dwelling my path Habitar mi camino Mar\u00eda del Carmen Sarquis\" id=\"posts-by-tag-item-6351\"><a class = \"posts-by-tag-item-title\" href=\"https:\/\/viajeraeditorial.ar\/blog\/2017\/11\/darkness-outside-maria-del-carmen-sarquis\/\">Darkness outside * Mar\u00eda del Carmen Sarquis<\/a><\/li><li class=\"posts-by-tag-item Dwelling my path Habitar mi camino Mar\u00eda del Carmen Sarquis\" id=\"posts-by-tag-item-6354\"><a class = \"posts-by-tag-item-title\" href=\"https:\/\/viajeraeditorial.ar\/blog\/2017\/10\/hoy-en-esta-noche-brumosa-maria-del-carmen-sarquis\/\">Hoy, en esta noche brumosa * Mar\u00eda del Carmen Sarquis<\/a><\/li><li class=\"posts-by-tag-item Dwelling my path Habitar mi camino Mar\u00eda del Carmen Sarquis\" id=\"posts-by-tag-item-6348\"><a class = \"posts-by-tag-item-title\" href=\"https:\/\/viajeraeditorial.ar\/blog\/2017\/09\/this-is-the-moment-maria-del-carmen-sarquis\/\">This is the moment * Mar\u00eda del Carmen Sarquis<\/a><\/li><li class=\"posts-by-tag-item Dwelling my path Habitar mi camino Mar\u00eda del Carmen Sarquis\" id=\"posts-by-tag-item-6361\"><a class = \"posts-by-tag-item-title\" href=\"https:\/\/viajeraeditorial.ar\/blog\/2017\/08\/despues-maria-del-carmen-sarquis\/\">Despu\u00e9s * Mar\u00eda del Carmen Sarquis<\/a><\/li><li class=\"posts-by-tag-item Dwelling my path Habitar mi camino Mar\u00eda del Carmen Sarquis\" id=\"posts-by-tag-item-6364\"><a class = \"posts-by-tag-item-title\" href=\"https:\/\/viajeraeditorial.ar\/blog\/2017\/07\/el-mar-maria-del-carmen-sarquis\/\">El mar * Mar\u00eda del Carmen Sarquis<\/a><\/li><li class=\"posts-by-tag-item Dwelling my path Habitar mi camino Mar\u00eda del Carmen Sarquis\" id=\"posts-by-tag-item-6358\"><a class = \"posts-by-tag-item-title\" href=\"https:\/\/viajeraeditorial.ar\/blog\/2017\/07\/miedo-maria-del-carmen-sarquis\/\">Miedo * Mar\u00eda del Carmen Sarquis<\/a><\/li><li class=\"posts-by-tag-item Mar\u00eda del Carmen Sarquis Portada\" id=\"posts-by-tag-item-5404\"><a class = \"posts-by-tag-item-title\" href=\"https:\/\/viajeraeditorial.ar\/blog\/2016\/06\/cambio-de-vida-maria-del-carmen-sarquis\/\">Cambio de vida * Mar\u00eda del Carmen Sarquis<\/a><\/li><li class=\"posts-by-tag-item Mar\u00eda del Carmen Sarquis Portada\" id=\"posts-by-tag-item-5407\"><a class = \"posts-by-tag-item-title\" href=\"https:\/\/viajeraeditorial.ar\/blog\/2016\/05\/la-muneca-maria-del-carmen-sarquis\/\">La mu\u00f1eca * Mar\u00eda del Carmen Sarquis<\/a><\/li><li class=\"posts-by-tag-item Gabriela Pedrotti Mar\u00eda del Carmen Sarquis\" id=\"posts-by-tag-item-5368\"><a class = \"posts-by-tag-item-title\" href=\"https:\/\/viajeraeditorial.ar\/blog\/2016\/03\/viajera-en-rio-cuarto\/\">Viajera en R\u00edo Cuarto<\/a><\/li><li class=\"posts-by-tag-item Festival de Poes\u00eda de Medell\u00edn Gabriela Aristegui Karina Macci\u00f3 Marcela Manuel Mar\u00eda del Carmen Sarquis Portada\" id=\"posts-by-tag-item-4669\"><a class = \"posts-by-tag-item-title\" href=\"https:\/\/viajeraeditorial.ar\/blog\/2015\/07\/4669\/\">Viajera en el Festival de Poes\u00eda de Medell\u00edn<\/a><\/li><li class=\"posts-by-tag-item Axel Levin Belara Mich\u00e1n Diego Recalde Eugenia Coiro Feria del Libro Gabriela Aristegui Gabriela Pedrotti Karina Macci\u00f3 Lola Ullmann Lorena Garc\u00eda Marcela Manuel Mar\u00eda del Carmen Sarquis Mar\u00eda Victoria Verzura Mauricio Dreiling Minuto4 Nicol\u00e1s Di Candia Pablo M\u00fcllner Paula Maff\u00eda Portada Sof\u00eda Ciravegna Viajera Viajera Visita Virginia Janza\" id=\"posts-by-tag-item-814\"><a class = \"posts-by-tag-item-title\" href=\"https:\/\/viajeraeditorial.ar\/blog\/2015\/05\/viajera-en-la-feria-del-libro\/\">Viajera en la Feria del Libro<\/a><\/li><li class=\"posts-by-tag-item Andrea Larrieu An\u00edbal Ilguisonis Axel Levin Belara Mich\u00e1n Cat\u00e1logo Feria del Libro Gabriela Tavolara Habitar mi camino\/Dwelling my path Karina Macci\u00f3 Mar\u00eda del Carmen Sarquis Mauricio Dreiling Nicol\u00e1s Di Candia Strip-Dancer Vidrio\" id=\"posts-by-tag-item-2221\"><a class = \"posts-by-tag-item-title\" href=\"https:\/\/viajeraeditorial.ar\/blog\/2015\/05\/viajera-en-la-feria-del-libro-de-buenos-aires-este-domingo-10-de-mayo\/\">Viajera en la Feria del Libro de Buenos Aires este domingo 10 de mayo<\/a><\/li><li class=\"posts-by-tag-item Feria del Libro Mar\u00eda del Carmen Sarquis\" id=\"posts-by-tag-item-2222\"><a class = \"posts-by-tag-item-title\" href=\"https:\/\/viajeraeditorial.ar\/blog\/2015\/05\/dwelling-my-path-maria-del-carmen-sarquis-en-la-feria-del-libro\/\">Dwelling my path - Mar\u00eda del Carmen Sarquis en la Feria del Libro<\/a><\/li><\/ul>\n","protected":false},"excerpt":{"rendered":"<p>Profesora de Ingl\u00e9s, Psic\u00f3loga Social, Narradora Oral. Es Directora General de IACI, Instituto Argentino de Cultura\u00a0Inglesa, en Berazategui, Buenos Aires. Asesora y Supervisora Pedag\u00f3gica de Instituciones biling\u00fces:\u00a0IACI Florencio Varela, Provincia de Buenos Aires; IACI R\u00edo\u00a0Cuarto, Provincia de C\u00f3rdoba. Curs\u00f3 estudios de Literatura filos\u00f3fica y Creatividad. Organiza viajes socio-culturales a Londres: \u201cSt. Giles College\u201d-Highgate, para el [&hellip;]<\/p>\n","protected":false},"author":3,"featured_media":0,"parent":8710,"menu_order":0,"comment_status":"closed","ping_status":"open","template":"","meta":[],"_links":{"self":[{"href":"https:\/\/viajeraeditorial.ar\/blog\/wp-json\/wp\/v2\/pages\/564"}],"collection":[{"href":"https:\/\/viajeraeditorial.ar\/blog\/wp-json\/wp\/v2\/pages"}],"about":[{"href":"https:\/\/viajeraeditorial.ar\/blog\/wp-json\/wp\/v2\/types\/page"}],"author":[{"embeddable":true,"href":"https:\/\/viajeraeditorial.ar\/blog\/wp-json\/wp\/v2\/users\/3"}],"replies":[{"embeddable":true,"href":"https:\/\/viajeraeditorial.ar\/blog\/wp-json\/wp\/v2\/comments?post=564"}],"version-history":[{"count":6,"href":"https:\/\/viajeraeditorial.ar\/blog\/wp-json\/wp\/v2\/pages\/564\/revisions"}],"predecessor-version":[{"id":4572,"href":"https:\/\/viajeraeditorial.ar\/blog\/wp-json\/wp\/v2\/pages\/564\/revisions\/4572"}],"up":[{"embeddable":true,"href":"https:\/\/viajeraeditorial.ar\/blog\/wp-json\/wp\/v2\/pages\/8710"}],"wp:attachment":[{"href":"https:\/\/viajeraeditorial.ar\/blog\/wp-json\/wp\/v2\/media?parent=564"}],"curies":[{"name":"wp","href":"https:\/\/api.w.org\/{rel}","templated":true}]}}