{"id":5651,"date":"2016-08-26T07:55:18","date_gmt":"2016-08-26T10:55:18","guid":{"rendered":"http:\/\/www.viajeraeditorial.com.ar\/?page_id=5651"},"modified":"2018-03-28T08:11:00","modified_gmt":"2018-03-28T11:11:00","slug":"relampagos-vol-2","status":"publish","type":"page","link":"https:\/\/viajeraeditorial.ar\/blog\/explorar\/relampagos-vol-2\/","title":{"rendered":"Rel\u00e1mpagos, vol. 2"},"content":{"rendered":"<p><a href=\"http:\/\/www.viajeraeditorial.ar\/blog\/wp-content\/uploads\/2015\/03\/relamvol2t-e1472208852764.jpg\"><img loading=\"lazy\" class=\"wp-image-5649 alignleft\" src=\"http:\/\/www.viajeraeditorial.ar\/blog\/wp-content\/uploads\/2015\/03\/relamvol2t-e1472208852764.jpg\" alt=\"relamvol2T\" width=\"357\" height=\"541\" \/><\/a><a href=\"http:\/\/www.viajeraeditorial.ar\/blog\/autores\/jan-de-jager\/\">Jan De Jager<\/a>, 2016.<br \/>\nISBN: 978-987-3719-21-9<br \/>\n265 p.<\/p>\n<p style=\"text-align: justify;\">Al igual que en el primer tomo \u2013que no necesita leerse para apreciar este, pero que su lectura contribuye a ampliar el universo de De Jager\u2013 aqu\u00ed conviven los poemas, las prosas breves \u2013esas que el mal gusto actual nombra \u201cmicrorrelatos\u201d\u2013, las traducciones, per\u00edfrasis y adaptaciones, las s\u00edntesis de tramas de novelas nunca escritas, etc. Y todo eso, nos es presentado por un autor pol\u00edglota y culto, que no teme mezclar lo alto con lo bajo, lo real con lo irreal, lo autobiogr\u00e1fico con lo fant\u00e1stico, lo propio con lo ajeno.<\/p>\n<p style=\"text-align: justify;\">Textos que admiten m\u00faltiples lecturas y un orden de lectura del todo aleatorio, los muchos textos que constituyen los dos\u00a0vol\u00famenes de\u00a0<em>Rel\u00e1mpagos<\/em>\u00a0tienen la virtud de la brevedad. Son, como dir\u00eda cualquier vendedor que se precie, ideales para la cartera de la dama y el bolsillo del caballero. Finalmente, estos textos magn\u00edficamente escritos requieren de nosotros la atenci\u00f3n que podemos darles y no mucho m\u00e1s. En s\u00edntesis, una f\u00f3rmula perfecta.<\/p>\n<p style=\"text-align: right;\">Jorge Fondebrider<\/p>\n<p><strong><span style=\"text-decoration: underline;\">Contenido sobre Rel\u00e1mpagos<\/span><\/strong><\/p>\n<ul class = \"posts-by-tag-list\"><li class=\"posts-by-tag-item Rel\u00e1mpagos\" id=\"posts-by-tag-item-7975\"><a class = \"posts-by-tag-item-title\" href=\"https:\/\/viajeraeditorial.ar\/blog\/2019\/10\/with-usura-jan-de-jager\/\">With usura - Jan De Jager<\/a><\/li><li class=\"posts-by-tag-item Jan De Jager Rel\u00e1mpagos\" id=\"posts-by-tag-item-7978\"><a class = \"posts-by-tag-item-title\" href=\"https:\/\/viajeraeditorial.ar\/blog\/2019\/09\/opiniones-encontradas-jan-de-jager\/\">Opiniones encontradas - Jan De Jager<\/a><\/li><li class=\"posts-by-tag-item Jan De Jager Rel\u00e1mpagos\" id=\"posts-by-tag-item-7972\"><a class = \"posts-by-tag-item-title\" href=\"https:\/\/viajeraeditorial.ar\/blog\/2019\/08\/meditaba-cortes-jan-de-jager\/\">Meditaba Cort\u00e9s - Jan De Jager<\/a><\/li><li class=\"posts-by-tag-item Jan De Jager Karina Macci\u00f3 Rel\u00e1mpagos\" id=\"posts-by-tag-item-7775\"><a class = \"posts-by-tag-item-title\" href=\"https:\/\/viajeraeditorial.ar\/blog\/2019\/05\/entrevista-de-jan-de-jager-para-nau-poesia\/\">Entrevista de Jan de Jager para Nau Poes\u00eda<\/a><\/li><li class=\"posts-by-tag-item Jan De Jager Rel\u00e1mpagos\" id=\"posts-by-tag-item-7770\"><a class = \"posts-by-tag-item-title\" href=\"https:\/\/viajeraeditorial.ar\/blog\/2019\/04\/un-misterio-jan-de-jager\/\">[un misterio] * Jan de Jager<\/a><\/li><li class=\"posts-by-tag-item Jan De Jager Rel\u00e1mpagos\" id=\"posts-by-tag-item-7767\"><a class = \"posts-by-tag-item-title\" href=\"https:\/\/viajeraeditorial.ar\/blog\/2019\/04\/relampagos-vol-3-en-la-feria-del-libro-35\/\">Rel\u00e1mpagos vol.3 en la Feria del Libro * 3\/5<\/a><\/li><li class=\"posts-by-tag-item Jan De Jager Rel\u00e1mpagos Rel\u00e1mpagos Vol. 3\" id=\"posts-by-tag-item-7752\"><a class = \"posts-by-tag-item-title\" href=\"https:\/\/viajeraeditorial.ar\/blog\/2019\/04\/de-como-carlos-i-de-espana-llega-a-ser-carlos-v-del-sacro-imperio-romano-germanico-jan-de-jager\/\">De C\u00f3mo Carlos I de Espa\u00f1a Llega A Ser Carlos V del Sacro Imperio Romano Germ\u00e1nico * Jan De Jager<\/a><\/li><li class=\"posts-by-tag-item Jan De Jager Rel\u00e1mpagos\" id=\"posts-by-tag-item-7443\"><a class = \"posts-by-tag-item-title\" href=\"https:\/\/viajeraeditorial.ar\/blog\/2018\/11\/inmaculada-concepcion-jan-de-jager\/\">\u00bfInmaculada concepci\u00f3n? * Jan De Jager<\/a><\/li><li class=\"posts-by-tag-item Jan De Jager Rel\u00e1mpagos\" id=\"posts-by-tag-item-7340\"><a class = \"posts-by-tag-item-title\" href=\"https:\/\/viajeraeditorial.ar\/blog\/2018\/10\/transmutaciones-jan-de-jager\/\">Transmutaciones * Jan De Jager<\/a><\/li><li class=\"posts-by-tag-item Jan De Jager Rel\u00e1mpagos\" id=\"posts-by-tag-item-6809\"><a class = \"posts-by-tag-item-title\" href=\"https:\/\/viajeraeditorial.ar\/blog\/2018\/04\/todo-un-exito-jan-de-jager\/\">Todo un \u00e9xito * Jan De Jager<\/a><\/li><li class=\"posts-by-tag-item Jan De Jager Rel\u00e1mpagos\" id=\"posts-by-tag-item-6812\"><a class = \"posts-by-tag-item-title\" href=\"https:\/\/viajeraeditorial.ar\/blog\/2018\/02\/amor-de-morondanga-jan-de-jager\/\">Amor de morondanga * Jan De Jager<\/a><\/li><li class=\"posts-by-tag-item Jan De Jager Rel\u00e1mpagos\" id=\"posts-by-tag-item-6806\"><a class = \"posts-by-tag-item-title\" href=\"https:\/\/viajeraeditorial.ar\/blog\/2018\/02\/marketing-ano-cero-jan-de-jager\/\">Marketing a\u00f1o cero * Jan De Jager<\/a><\/li><li class=\"posts-by-tag-item Jan De Jager Rel\u00e1mpagos\" id=\"posts-by-tag-item-5891\"><a class = \"posts-by-tag-item-title\" href=\"https:\/\/viajeraeditorial.ar\/blog\/2016\/11\/relampagos-en-amsterdam-1112\/\">Rel\u00e1mpagos en Amsterdam * 11\/12<\/a><\/li><li class=\"posts-by-tag-item Jan De Jager Rel\u00e1mpagos\" id=\"posts-by-tag-item-4449\"><a class = \"posts-by-tag-item-title\" href=\"https:\/\/viajeraeditorial.ar\/blog\/2015\/06\/ruben-sacchi-resena-relampagos\/\">Ruben Sacchi rese\u00f1a Rel\u00e1mpagos<\/a><\/li><li class=\"posts-by-tag-item Gervasio Monchietti Jan De Jager Rel\u00e1mpagos Viajera\" id=\"posts-by-tag-item-2242\"><a class = \"posts-by-tag-item-title\" href=\"https:\/\/viajeraeditorial.ar\/blog\/2015\/01\/gervasio-monchietti-resena-relampagos-de-jan-de-jager\/\">Gervasio Monchietti rese\u00f1a \"Rel\u00e1mpagos\", de Jan de Jager<\/a><\/li><li class=\"posts-by-tag-item Jan De Jager Rel\u00e1mpagos\" id=\"posts-by-tag-item-2140\"><a class = \"posts-by-tag-item-title\" href=\"https:\/\/viajeraeditorial.ar\/blog\/2014\/11\/nicolas-di-candia-presentando-relampagos-de-jan-de-jager\/\">Nicol\u00e1s Di Candia presentando Rel\u00e1mpagos de Jan De Jager<\/a><\/li><li class=\"posts-by-tag-item Jan De Jager Rel\u00e1mpagos Viajera\" id=\"posts-by-tag-item-2148\"><a class = \"posts-by-tag-item-title\" href=\"https:\/\/viajeraeditorial.ar\/blog\/2014\/10\/jan-de-jager-presenta-relampagos-iii\/\">Jan de Jager presenta Rel\u00e1mpagos (III)<\/a><\/li><li class=\"posts-by-tag-item Jan De Jager Rel\u00e1mpagos\" id=\"posts-by-tag-item-330\"><a class = \"posts-by-tag-item-title\" href=\"https:\/\/viajeraeditorial.ar\/blog\/2014\/10\/jan-de-jager-presenta-relampagos-ii\/\">Jan de Jager presenta Rel\u00e1mpagos (II)<\/a><\/li><li class=\"posts-by-tag-item Jan De Jager Rel\u00e1mpagos Viajera\" id=\"posts-by-tag-item-346\"><a class = \"posts-by-tag-item-title\" href=\"https:\/\/viajeraeditorial.ar\/blog\/2014\/09\/jan-de-jager-presenta-relampagos-1\/\">Jan de Jager presenta Rel\u00e1mpagos (1)<\/a><\/li><li class=\"posts-by-tag-item Jan De Jager Karina Macci\u00f3 Rel\u00e1mpagos Ricardo Iberluc\u00eda\" id=\"posts-by-tag-item-2153\"><a class = \"posts-by-tag-item-title\" href=\"https:\/\/viajeraeditorial.ar\/blog\/2014\/09\/karina-maccio-y-ricardo-ibarlucia-sobre-relampagos-de-jan-de-jager\/\">Karina Macci\u00f3 y Ricardo Ibarluc\u00eda sobre Rel\u00e1mpagos de Jan de Jager<\/a><\/li><li class=\"posts-by-tag-item Apariciones P\u00fablicas Jan De Jager Rel\u00e1mpagos Viajera\" id=\"posts-by-tag-item-2157\"><a class = \"posts-by-tag-item-title\" href=\"https:\/\/viajeraeditorial.ar\/blog\/2014\/09\/silvia-calero-sobre-relampagos-de-jan-de-jager\/\">Silvia Calero sobre Rel\u00e1mpagos de Jan de Jager<\/a><\/li><li class=\"posts-by-tag-item Apariciones P\u00fablicas Jan De Jager Rel\u00e1mpagos Viajera\" id=\"posts-by-tag-item-2167\"><a class = \"posts-by-tag-item-title\" href=\"https:\/\/viajeraeditorial.ar\/blog\/2014\/08\/charla-de-jan-de-jager-en-el-club-de-traductores\/\">Charla de Jan De Jager en el Club de Traductores<\/a><\/li><li class=\"posts-by-tag-item Jan De Jager Rel\u00e1mpagos Viajera\" id=\"posts-by-tag-item-2171\"><a class = \"posts-by-tag-item-title\" href=\"https:\/\/viajeraeditorial.ar\/blog\/2014\/08\/la-gente-es-muy-rara-jan-de-jager\/\">La gente es muy rara - Jan De Jager<\/a><\/li><li class=\"posts-by-tag-item Jan De Jager musicalpoes\u00eda! Rel\u00e1mpagos\" id=\"posts-by-tag-item-2173\"><a class = \"posts-by-tag-item-title\" href=\"https:\/\/viajeraeditorial.ar\/blog\/2014\/08\/jan-de-jager-en-musicalpoesia\/\">Jan de Jager en musicalpoes\u00eda!<\/a><\/li><li class=\"posts-by-tag-item Jan De Jager Rel\u00e1mpagos Viajera\" id=\"posts-by-tag-item-2179\"><a class = \"posts-by-tag-item-title\" href=\"https:\/\/viajeraeditorial.ar\/blog\/2014\/08\/enter-jan-de-jager\/\">Enter - Jan De Jager<\/a><\/li><li class=\"posts-by-tag-item Jan De Jager Rel\u00e1mpagos Viajera\" id=\"posts-by-tag-item-2190\"><a class = \"posts-by-tag-item-title\" href=\"https:\/\/viajeraeditorial.ar\/blog\/2014\/07\/an-inspector-calls-jan-de-jager\/\">An inspector calls - Jan De Jager<\/a><\/li><li class=\"posts-by-tag-item Jan De Jager Rel\u00e1mpagos Viajera\" id=\"posts-by-tag-item-2196\"><a class = \"posts-by-tag-item-title\" href=\"https:\/\/viajeraeditorial.ar\/blog\/2014\/07\/paisaje-nevado-jan-de-jager\/\">Paisaje nevado - Jan De Jager<\/a><\/li><li class=\"posts-by-tag-item Jan De Jager Rel\u00e1mpagos Viajera\" id=\"posts-by-tag-item-2208\"><a class = \"posts-by-tag-item-title\" href=\"https:\/\/viajeraeditorial.ar\/blog\/2014\/06\/cuestion-de-limites-jan-de-jager\/\">Cuesti\u00f3n de l\u00edmites - Jan De Jager<\/a><\/li><li class=\"posts-by-tag-item Jan De Jager Rel\u00e1mpagos Viajera\" id=\"posts-by-tag-item-2053\"><a class = \"posts-by-tag-item-title\" href=\"https:\/\/viajeraeditorial.ar\/blog\/2014\/06\/kafka-meets-ionesco-jan-de-jager\/\">Kafka meets Ionesco - Jan De Jager<\/a><\/li><li class=\"posts-by-tag-item Jan De Jager Rel\u00e1mpagos\" id=\"posts-by-tag-item-2066\"><a class = \"posts-by-tag-item-title\" href=\"https:\/\/viajeraeditorial.ar\/blog\/2014\/05\/la-marip-osa-jan-de-jager\/\">La Marip Osa - Jan De Jager<\/a><\/li><\/ul>\n","protected":false},"excerpt":{"rendered":"<p>Jan De Jager, 2016. ISBN: 978-987-3719-21-9 265 p. Al igual que en el primer tomo \u2013que no necesita leerse para apreciar este, pero que su lectura contribuye a ampliar el universo de De Jager\u2013 aqu\u00ed conviven los poemas, las prosas breves \u2013esas que el mal gusto actual nombra \u201cmicrorrelatos\u201d\u2013, las traducciones, per\u00edfrasis y adaptaciones, las [&hellip;]<\/p>\n","protected":false},"author":4,"featured_media":0,"parent":32,"menu_order":7,"comment_status":"closed","ping_status":"open","template":"","meta":[],"_links":{"self":[{"href":"https:\/\/viajeraeditorial.ar\/blog\/wp-json\/wp\/v2\/pages\/5651"}],"collection":[{"href":"https:\/\/viajeraeditorial.ar\/blog\/wp-json\/wp\/v2\/pages"}],"about":[{"href":"https:\/\/viajeraeditorial.ar\/blog\/wp-json\/wp\/v2\/types\/page"}],"author":[{"embeddable":true,"href":"https:\/\/viajeraeditorial.ar\/blog\/wp-json\/wp\/v2\/users\/4"}],"replies":[{"embeddable":true,"href":"https:\/\/viajeraeditorial.ar\/blog\/wp-json\/wp\/v2\/comments?post=5651"}],"version-history":[{"count":2,"href":"https:\/\/viajeraeditorial.ar\/blog\/wp-json\/wp\/v2\/pages\/5651\/revisions"}],"predecessor-version":[{"id":6902,"href":"https:\/\/viajeraeditorial.ar\/blog\/wp-json\/wp\/v2\/pages\/5651\/revisions\/6902"}],"up":[{"embeddable":true,"href":"https:\/\/viajeraeditorial.ar\/blog\/wp-json\/wp\/v2\/pages\/32"}],"wp:attachment":[{"href":"https:\/\/viajeraeditorial.ar\/blog\/wp-json\/wp\/v2\/media?parent=5651"}],"curies":[{"name":"wp","href":"https:\/\/api.w.org\/{rel}","templated":true}]}}