{"id":5657,"date":"2016-08-26T21:08:58","date_gmt":"2016-08-27T00:08:58","guid":{"rendered":"http:\/\/www.viajeraeditorial.com.ar\/?page_id=5657"},"modified":"2016-08-27T09:22:07","modified_gmt":"2016-08-27T12:22:07","slug":"desmonte-3","status":"publish","type":"page","link":"https:\/\/viajeraeditorial.ar\/blog\/explorar\/desmonte-3\/","title":{"rendered":"Desmonte"},"content":{"rendered":"<p><img loading=\"lazy\" class=\"wp-image-5648 alignleft\" src=\"http:\/\/www.viajeraeditorial.ar\/blog\/wp-content\/uploads\/2015\/03\/desmonte-tdifusion-632x958.jpg\" alt=\"Desmonte Tdifusion\" width=\"398\" height=\"603\" \/><a href=\"http:\/\/www.viajeraeditorial.ar\/blog\/autores\/ricardo-czikk\/\">Ricardo Czikk<\/a>, 2016.<br \/>\nISBN: 978-987-3719-15-8<br \/>\n147 p.<\/p>\n<p class=\"western\" style=\"text-align: justify;\">El desmonte es una operaci\u00f3n que despeja o empareja un terreno, y este libro posee como recurso central desarmar aparatos de lectura. En una cita que los convoca de diversas maneras, Perlongher, Girondo, Poe, Viel Temperley, Freud, Borges, aparecen para ser interpelados. Desafiemos entonces todos los discursos, desde los refranes hasta las canciones populares, desde el psicoan\u00e1lisis hasta la biblia. Desafiemos, desmontemos y empecemos a leer todo de nuevo. Que haya risa y sorpresa. Que haya m\u00fasica y escritura. Que haya Desmonte para que las palabras se vuelvan a sentir como un coraz\u00f3n.<\/p>\n<p style=\"text-align: justify;\"><strong>Karina Macci\u00f3<\/strong><\/p>\n<p><strong><span style=\"text-decoration: underline;\">Contenido sobre\u00a0Desmonte<\/span><\/strong><\/p>\n<ul class = \"posts-by-tag-list\"><li class=\"posts-by-tag-item Desmonte Ricardo Czikk\" id=\"posts-by-tag-item-7474\"><a class = \"posts-by-tag-item-title\" href=\"https:\/\/viajeraeditorial.ar\/blog\/2018\/12\/originalidad-ricardo-czikk\/\">Originalidad * Ricardo Czikk<\/a><\/li><li class=\"posts-by-tag-item Desmonte Ricardo Czikk\" id=\"posts-by-tag-item-6731\"><a class = \"posts-by-tag-item-title\" href=\"https:\/\/viajeraeditorial.ar\/blog\/2018\/01\/anuda-ricardo-czikk\/\">Anuda * Ricardo Czikk<\/a><\/li><li class=\"posts-by-tag-item Desmonte Fragmentos del fin La Playa orillas de la luz Seresa Sol en Leo\" id=\"posts-by-tag-item-6681\"><a class = \"posts-by-tag-item-title\" href=\"https:\/\/viajeraeditorial.ar\/blog\/2017\/12\/combos-navidenos-libros-para-regalar-estas-fiestas\/\">Combos navide\u00f1os * libros para regalar estas fiestas<\/a><\/li><li class=\"posts-by-tag-item Desmonte Ricardo Czikk\" id=\"posts-by-tag-item-6330\"><a class = \"posts-by-tag-item-title\" href=\"https:\/\/viajeraeditorial.ar\/blog\/2017\/10\/labrapalabra-ricardo-czikk\/\">LABRAPALABRA * Ricardo Czikk<\/a><\/li><li class=\"posts-by-tag-item Desmonte Ricardo Czikk\" id=\"posts-by-tag-item-6336\"><a class = \"posts-by-tag-item-title\" href=\"https:\/\/viajeraeditorial.ar\/blog\/2017\/09\/antinomico-ricardo-czikk\/\">Antin\u00f3mico * Ricardo Czikk<\/a><\/li><li class=\"posts-by-tag-item Desmonte Ricardo Czikk\" id=\"posts-by-tag-item-6333\"><a class = \"posts-by-tag-item-title\" href=\"https:\/\/viajeraeditorial.ar\/blog\/2017\/08\/marana-ricardo-czikk\/\">Mara\u00f1a * Ricardo Czikk<\/a><\/li><li class=\"posts-by-tag-item Desmonte Ricardo Czikk\" id=\"posts-by-tag-item-6339\"><a class = \"posts-by-tag-item-title\" href=\"https:\/\/viajeraeditorial.ar\/blog\/2017\/07\/minimo-ricardo-czikk\/\">M\u00ednimo * Ricardo Czikk<\/a><\/li><\/ul>\n","protected":false},"excerpt":{"rendered":"<p>Ricardo Czikk, 2016. ISBN: 978-987-3719-15-8 147 p. El desmonte es una operaci\u00f3n que despeja o empareja un terreno, y este libro posee como recurso central desarmar aparatos de lectura. En una cita que los convoca de diversas maneras, Perlongher, Girondo, Poe, Viel Temperley, Freud, Borges, aparecen para ser interpelados. Desafiemos entonces todos los discursos, desde [&hellip;]<\/p>\n","protected":false},"author":4,"featured_media":0,"parent":32,"menu_order":10,"comment_status":"closed","ping_status":"open","template":"","meta":[],"_links":{"self":[{"href":"https:\/\/viajeraeditorial.ar\/blog\/wp-json\/wp\/v2\/pages\/5657"}],"collection":[{"href":"https:\/\/viajeraeditorial.ar\/blog\/wp-json\/wp\/v2\/pages"}],"about":[{"href":"https:\/\/viajeraeditorial.ar\/blog\/wp-json\/wp\/v2\/types\/page"}],"author":[{"embeddable":true,"href":"https:\/\/viajeraeditorial.ar\/blog\/wp-json\/wp\/v2\/users\/4"}],"replies":[{"embeddable":true,"href":"https:\/\/viajeraeditorial.ar\/blog\/wp-json\/wp\/v2\/comments?post=5657"}],"version-history":[{"count":2,"href":"https:\/\/viajeraeditorial.ar\/blog\/wp-json\/wp\/v2\/pages\/5657\/revisions"}],"predecessor-version":[{"id":5659,"href":"https:\/\/viajeraeditorial.ar\/blog\/wp-json\/wp\/v2\/pages\/5657\/revisions\/5659"}],"up":[{"embeddable":true,"href":"https:\/\/viajeraeditorial.ar\/blog\/wp-json\/wp\/v2\/pages\/32"}],"wp:attachment":[{"href":"https:\/\/viajeraeditorial.ar\/blog\/wp-json\/wp\/v2\/media?parent=5657"}],"curies":[{"name":"wp","href":"https:\/\/api.w.org\/{rel}","templated":true}]}}