{"id":5660,"date":"2016-08-26T21:36:07","date_gmt":"2016-08-27T00:36:07","guid":{"rendered":"http:\/\/www.viajeraeditorial.com.ar\/?page_id=5660"},"modified":"2019-03-01T08:38:44","modified_gmt":"2019-03-01T11:38:44","slug":"ventanales","status":"publish","type":"page","link":"https:\/\/viajeraeditorial.ar\/blog\/explorar\/ventanales\/","title":{"rendered":"Ventanales"},"content":{"rendered":"<p><img loading=\"lazy\" class=\" wp-image-5638 alignleft\" src=\"http:\/\/www.viajeraeditorial.ar\/blog\/wp-content\/uploads\/2016\/08\/ventanales-tdifusion-632x933.jpg\" alt=\"Ventanales Tdifusion\" width=\"400\" height=\"591\" \/><a href=\"http:\/\/www.viajeraeditorial.ar\/blog\/autores\/gloria-candioti\/\">Gloria Candioti<\/a>, 2016.<br \/>\nISBN: 978-987-3719-18-9<br \/>\n127 p.<\/p>\n<p style=\"text-align: justify;\"><span style=\"font-weight: 400;\">\u00bfD\u00f3nde comienza la escritura? \u00bfCu\u00e1ndo empieza un escritor a formarse? \u00bfLa escritura es un destino, una carrera, una maldici\u00f3n? \u00bfUna maldici\u00f3n que salva, como dice Clarice Lispector? <\/span><i><span style=\"font-weight: 400;\">Ventanales<\/span><\/i><span style=\"font-weight: 400;\"> es un libro sobre la identidad. <\/span><\/p>\n<p style=\"text-align: justify;\"><span style=\"font-weight: 400;\">Gloria Candioti, con el respeto hacia lo eterno, hacia lo incomprensible, construye su propia voz, que se expone como operador y sistema al mismo tiempo. Ser un escritor, parece decirnos la autora de <\/span><i><span style=\"font-weight: 400;\">Ventanales<\/span><\/i><span style=\"font-weight: 400;\">, es idear una ventana, dise\u00f1arla, abrirla y por qu\u00e9 no, traspasarla hacia los lugares desconocidos de la memoria y de la imaginaci\u00f3n. <\/span><\/p>\n<p style=\"text-align: right;\"><strong>Virginia Janza<\/strong><\/p>\n<p>&nbsp;<\/p>\n<p><strong><span style=\"text-decoration: underline;\">Contenido sobre Ventanales<\/span><\/strong><\/p>\n<ul class = \"posts-by-tag-list\"><li class=\"posts-by-tag-item Gloria Candioti Ventanales\" id=\"posts-by-tag-item-7683\"><a class = \"posts-by-tag-item-title\" href=\"https:\/\/viajeraeditorial.ar\/blog\/2019\/06\/algo-de-mi-gloria-candioti\/\">Algo de m\u00ed * Gloria Candioti<\/a><\/li><li class=\"posts-by-tag-item Gloria Candioti Ventanales\" id=\"posts-by-tag-item-7686\"><a class = \"posts-by-tag-item-title\" href=\"https:\/\/viajeraeditorial.ar\/blog\/2019\/05\/otra-luz-gloria-candioti\/\">Otra luz * Gloria Candioti<\/a><\/li><li class=\"posts-by-tag-item Gloria Candioti Ventanales\" id=\"posts-by-tag-item-7689\"><a class = \"posts-by-tag-item-title\" href=\"https:\/\/viajeraeditorial.ar\/blog\/2019\/03\/penelope-gloria-candioti\/\">Pen\u00e9lope * Gloria Candioti<\/a><\/li><li class=\"posts-by-tag-item Gloria Candioti Ventanales\" id=\"posts-by-tag-item-7692\"><a class = \"posts-by-tag-item-title\" href=\"https:\/\/viajeraeditorial.ar\/blog\/2019\/03\/mediodias-de-verano-gloria-candioti\/\">Mediod\u00edas de verano * Gloria Candioti<\/a><\/li><li class=\"posts-by-tag-item Gloria Candioti Ventanales\" id=\"posts-by-tag-item-7680\"><a class = \"posts-by-tag-item-title\" href=\"https:\/\/viajeraeditorial.ar\/blog\/2019\/03\/vacia-y-quieta-gloria-candioti\/\">Vac\u00eda y quieta * Gloria Candioti<\/a><\/li><li class=\"posts-by-tag-item Gloria Candioti Ventanales\" id=\"posts-by-tag-item-5562\"><a class = \"posts-by-tag-item-title\" href=\"https:\/\/viajeraeditorial.ar\/blog\/2016\/08\/alicia-saliva-sobre-ventanales\/\">Alicia Saliva sobre Ventanales<\/a><\/li><li class=\"posts-by-tag-item Gloria Candioti Ventanales\" id=\"posts-by-tag-item-5513\"><a class = \"posts-by-tag-item-title\" href=\"https:\/\/viajeraeditorial.ar\/blog\/2016\/07\/noche-de-apagon-gloria-candioti\/\">Noche de apag\u00f3n * Gloria Candioti<\/a><\/li><li class=\"posts-by-tag-item Gloria Candioti Ventanales\" id=\"posts-by-tag-item-5510\"><a class = \"posts-by-tag-item-title\" href=\"https:\/\/viajeraeditorial.ar\/blog\/2016\/07\/ventanales-de-gloria-candioti-en-el-museo-del-libro-y-de-la-lengua\/\">Ventanales de Gloria Candioti en el Museo del Libro y de la Lengua<\/a><\/li><li class=\"posts-by-tag-item Ventanales\" id=\"posts-by-tag-item-5429\"><a class = \"posts-by-tag-item-title\" href=\"https:\/\/viajeraeditorial.ar\/blog\/2016\/05\/la-silla-de-mimbre-gloria-candioti\/\">La silla de mimbre * Gloria Candioti<\/a><\/li><li class=\"posts-by-tag-item Gloria Candioti Portada Ventanales\" id=\"posts-by-tag-item-5426\"><a class = \"posts-by-tag-item-title\" href=\"https:\/\/viajeraeditorial.ar\/blog\/2016\/04\/la-luna-del-20-gloria-candioti\/\">La luna del 20 * Gloria Candioti<\/a><\/li><\/ul>\n","protected":false},"excerpt":{"rendered":"<p>Gloria Candioti, 2016. ISBN: 978-987-3719-18-9 127 p. \u00bfD\u00f3nde comienza la escritura? \u00bfCu\u00e1ndo empieza un escritor a formarse? \u00bfLa escritura es un destino, una carrera, una maldici\u00f3n? \u00bfUna maldici\u00f3n que salva, como dice Clarice Lispector? Ventanales es un libro sobre la identidad. Gloria Candioti, con el respeto hacia lo eterno, hacia lo incomprensible, construye su propia [&hellip;]<\/p>\n","protected":false},"author":4,"featured_media":0,"parent":32,"menu_order":10,"comment_status":"closed","ping_status":"open","template":"","meta":[],"_links":{"self":[{"href":"https:\/\/viajeraeditorial.ar\/blog\/wp-json\/wp\/v2\/pages\/5660"}],"collection":[{"href":"https:\/\/viajeraeditorial.ar\/blog\/wp-json\/wp\/v2\/pages"}],"about":[{"href":"https:\/\/viajeraeditorial.ar\/blog\/wp-json\/wp\/v2\/types\/page"}],"author":[{"embeddable":true,"href":"https:\/\/viajeraeditorial.ar\/blog\/wp-json\/wp\/v2\/users\/4"}],"replies":[{"embeddable":true,"href":"https:\/\/viajeraeditorial.ar\/blog\/wp-json\/wp\/v2\/comments?post=5660"}],"version-history":[{"count":2,"href":"https:\/\/viajeraeditorial.ar\/blog\/wp-json\/wp\/v2\/pages\/5660\/revisions"}],"predecessor-version":[{"id":7679,"href":"https:\/\/viajeraeditorial.ar\/blog\/wp-json\/wp\/v2\/pages\/5660\/revisions\/7679"}],"up":[{"embeddable":true,"href":"https:\/\/viajeraeditorial.ar\/blog\/wp-json\/wp\/v2\/pages\/32"}],"wp:attachment":[{"href":"https:\/\/viajeraeditorial.ar\/blog\/wp-json\/wp\/v2\/media?parent=5660"}],"curies":[{"name":"wp","href":"https:\/\/api.w.org\/{rel}","templated":true}]}}