{"id":5669,"date":"2016-08-27T10:00:23","date_gmt":"2016-08-27T13:00:23","guid":{"rendered":"http:\/\/www.viajeraeditorial.com.ar\/?page_id=5669"},"modified":"2020-11-02T21:07:47","modified_gmt":"2020-11-03T00:07:47","slug":"gabriela-aristegui","status":"publish","type":"page","link":"https:\/\/viajeraeditorial.ar\/blog\/catalogo\/gabriela-aristegui\/","title":{"rendered":"Gabriela Aristegui"},"content":{"rendered":"<p><img loading=\"lazy\" class=\"wp-image-5670 alignright\" src=\"http:\/\/www.viajeraeditorial.ar\/blog\/wp-content\/uploads\/2016\/08\/gabriela.jpg\" alt=\"gabriela\" width=\"304\" height=\"467\" srcset=\"https:\/\/viajeraeditorial.ar\/blog\/wp-content\/uploads\/2016\/08\/gabriela.jpg 379w, https:\/\/viajeraeditorial.ar\/blog\/wp-content\/uploads\/2016\/08\/gabriela-252x387.jpg 252w, https:\/\/viajeraeditorial.ar\/blog\/wp-content\/uploads\/2016\/08\/gabriela-342x525.jpg 342w\" sizes=\"(max-width: 304px) 100vw, 304px\" \/>Nac\u00ed el 4 de marzo de 1975, en la ciudad de La Plata, lugar donde a\u00fan vivo. Transit\u00e9 por varias disciplinas, encontr\u00e1ndome con la cultura oriental que me fascina y me ha sostenido a lo largo de mi\u00a0adolescencia oscura y hasta hoy.<br \/>\nPas\u00e9 por la Universidad Nacional de La Plata, primero estudi\u00e9 Derecho y luego s\u00ed encontr\u00e9 una de mis pasiones: el psicoan\u00e1lisis. Me recib\u00ed, entonces, de Psic\u00f3loga y me form\u00e9 como analista.<br \/>\nPr\u00e1ctica que hoy ejerzo en consultorio privado. Sigmund Freud y Jaques Lacan son dos de mis maestros,<br \/>\nambos, a mi entender poetas.<br \/>\nTransit\u00e9 por diversos Congresos y Ponencias trabajando la articulaci\u00f3n del Psicoan\u00e1lisis y la Poes\u00eda,<br \/>\nsumando tambi\u00e9n otro tema que me gusta y me interroga, la feminidad.<br \/>\nDesde hace un tiempo asisto a los Talleres de Siempre de Viaje, lugar maravilloso que me ha permitido encontrarme con la escritura como causa de una vida, la m\u00eda.<\/p>\n<p align=\"JUSTIFY\"><strong><span style=\"text-decoration: underline;\">En Viajera<\/span><\/strong><\/p>\n<p style=\"padding-left: 30px;\">\u00a0<img loading=\"lazy\" class=\"wp-image-5644 alignnone\" src=\"http:\/\/www.viajeraeditorial.ar\/blog\/wp-content\/uploads\/2015\/03\/seresat-e1472172110667.jpg\" alt=\"SeresaT\" width=\"12\" height=\"19\" \/>\u00a0<a href=\"http:\/\/www.viajeraeditorial.ar\/blog\/descubrir\/seresa\/\">Seresa<\/a> (<a href=\"http:\/\/www.viajeraeditorial.ar\/blog\/descubrir\/\">Descubrir<\/a>, 2013)<\/p>\n<p><strong><span style=\"text-decoration: underline;\">Contenido sobre Gabriela<\/span><\/strong><\/p>\n<ul class = \"posts-by-tag-list\"><li class=\"posts-by-tag-item Gabriela Aristegui\" id=\"posts-by-tag-item-8377\"><a class = \"posts-by-tag-item-title\" href=\"https:\/\/viajeraeditorial.ar\/blog\/2020\/05\/que-mal-gusto-gabriela-aristegui\/\">Qu\u00e9 mal gusto * Gabriela Aristegui<\/a><\/li><li class=\"posts-by-tag-item Gabriela Aristegui\" id=\"posts-by-tag-item-8380\"><a class = \"posts-by-tag-item-title\" href=\"https:\/\/viajeraeditorial.ar\/blog\/2020\/03\/todo-es-plastico-este-gris-gabriela-aristegui\/\">Todo es pl\u00e1stico, este gris * Gabriela Aristegui<\/a><\/li><li class=\"posts-by-tag-item Gabriela Aristegui Seresa\" id=\"posts-by-tag-item-8254\"><a class = \"posts-by-tag-item-title\" href=\"https:\/\/viajeraeditorial.ar\/blog\/2020\/01\/podria-seguir-igual-gabriela-aristegui\/\">Podr\u00eda seguir igual * Gabriela Aristegui<\/a><\/li><li class=\"posts-by-tag-item Gabriela Aristegui Seresa\" id=\"posts-by-tag-item-7707\"><a class = \"posts-by-tag-item-title\" href=\"https:\/\/viajeraeditorial.ar\/blog\/2019\/03\/hoy-me-habria-ido-a-otro-lugar-gabriela-aristegui\/\">Hoy me habr\u00eda ido a otro lugar * Gabriela Aristegui<\/a><\/li><li class=\"posts-by-tag-item Gabriela Aristegui Seresa\" id=\"posts-by-tag-item-7555\"><a class = \"posts-by-tag-item-title\" href=\"https:\/\/viajeraeditorial.ar\/blog\/2019\/01\/ahi-llega-seresa\/\">Ah\u00ed llega * Gabriela Aristegui<\/a><\/li><li class=\"posts-by-tag-item Gabriela Aristegui Seresa\" id=\"posts-by-tag-item-7479\"><a class = \"posts-by-tag-item-title\" href=\"https:\/\/viajeraeditorial.ar\/blog\/2018\/12\/la-voracidad-fugaz-gabriela-aristegui\/\">La voracidad fugaz * Gabriela Aristegui<\/a><\/li><li class=\"posts-by-tag-item Gabriela Aristegui Intemperie Lorena Suez Seresa\" id=\"posts-by-tag-item-6184\"><a class = \"posts-by-tag-item-title\" href=\"https:\/\/viajeraeditorial.ar\/blog\/2017\/04\/libros-que-viajan-de-la-luna-a-nueva-york\/\">Libros que viajan * De la Luna a Nueva York<\/a><\/li><li class=\"posts-by-tag-item Estrago Festival Federal de Poes\u00eda Gabriela Aristegui\" id=\"posts-by-tag-item-6078\"><a class = \"posts-by-tag-item-title\" href=\"https:\/\/viajeraeditorial.ar\/blog\/2017\/03\/gabriela-aristegui-en-el-festival-federal-de-poesia\/\">Gabriela Aristegui en el Festival Federal de Poes\u00eda<\/a><\/li><li class=\"posts-by-tag-item Gabriela Aristegui\" id=\"posts-by-tag-item-6026\"><a class = \"posts-by-tag-item-title\" href=\"https:\/\/viajeraeditorial.ar\/blog\/2017\/02\/malasuerte-gabriela-aristegui\/\">#malasuerte * Gabriela Aristegui<\/a><\/li><li class=\"posts-by-tag-item Gabriela Aristegui\" id=\"posts-by-tag-item-6029\"><a class = \"posts-by-tag-item-title\" href=\"https:\/\/viajeraeditorial.ar\/blog\/2017\/02\/titilar-gabriela-aristegui\/\">Titilar * Gabriela Aristegui<\/a><\/li><li class=\"posts-by-tag-item Gabriela Aristegui\" id=\"posts-by-tag-item-5779\"><a class = \"posts-by-tag-item-title\" href=\"https:\/\/viajeraeditorial.ar\/blog\/2016\/09\/mirada-gabriela-aristegui\/\">Mirada * Gabriela Aristegui<\/a><\/li><li class=\"posts-by-tag-item Gabriela Aristegui Mariel Fini Seresa\" id=\"posts-by-tag-item-5765\"><a class = \"posts-by-tag-item-title\" href=\"https:\/\/viajeraeditorial.ar\/blog\/2016\/09\/seresa-resenado-por-mariel-fini\/\">Seresa rese\u00f1ado por Mariel Fini<\/a><\/li><li class=\"posts-by-tag-item Gabriela Aristegui\" id=\"posts-by-tag-item-5580\"><a class = \"posts-by-tag-item-title\" href=\"https:\/\/viajeraeditorial.ar\/blog\/2016\/08\/escribir-gabriela-aristegui\/\">Escribir * Gabriela Aristegui<\/a><\/li><li class=\"posts-by-tag-item Gabriela Aristegui\" id=\"posts-by-tag-item-5583\"><a class = \"posts-by-tag-item-title\" href=\"https:\/\/viajeraeditorial.ar\/blog\/2016\/07\/palomos-gabriela-aristegui\/\">Palomos * Gabriela Aristegui<\/a><\/li><li class=\"posts-by-tag-item Gabriela Aristegui Karina Macci\u00f3 Portada Seresa\" id=\"posts-by-tag-item-5243\"><a class = \"posts-by-tag-item-title\" href=\"https:\/\/viajeraeditorial.ar\/blog\/2015\/12\/karina-maccio-sobre-seresa\/\">Karina Macci\u00f3 sobre Seresa<\/a><\/li><li class=\"posts-by-tag-item Gabriela Aristegui Seresa\" id=\"posts-by-tag-item-5189\"><a class = \"posts-by-tag-item-title\" href=\"https:\/\/viajeraeditorial.ar\/blog\/2015\/12\/seresa-la-presentacion\/\">Seresa * La Presentaci\u00f3n<\/a><\/li><li class=\"posts-by-tag-item Gabriela Aristegui Portada Seresa\" id=\"posts-by-tag-item-5175\"><a class = \"posts-by-tag-item-title\" href=\"https:\/\/viajeraeditorial.ar\/blog\/2015\/12\/encontrarte-gabriela-aristegui\/\">Encontrarte * Gabriela Aristegui<\/a><\/li><li class=\"posts-by-tag-item Gabriela Aristegui Portada Seresa\" id=\"posts-by-tag-item-5172\"><a class = \"posts-by-tag-item-title\" href=\"https:\/\/viajeraeditorial.ar\/blog\/2015\/12\/te-siento-volver-gabriela-aristegui-seresa\/\">Te siento volver * Gabriela Aristegui * Seresa<\/a><\/li><li class=\"posts-by-tag-item Gabriela Aristegui Portada Seresa\" id=\"posts-by-tag-item-5165\"><a class = \"posts-by-tag-item-title\" href=\"https:\/\/viajeraeditorial.ar\/blog\/2015\/12\/seresa-gabriela-aristegui\/\">Seresa * Gabriela Aristegui<\/a><\/li><li class=\"posts-by-tag-item Gabriela Aristegui Portada\" id=\"posts-by-tag-item-5157\"><a class = \"posts-by-tag-item-title\" href=\"https:\/\/viajeraeditorial.ar\/blog\/2015\/11\/secreto-seresa-gabriella-aristegui\/\">Secreto * Seresa - Gabriella Aristegui<\/a><\/li><li class=\"posts-by-tag-item Gabriela Aristegui Gabriela Oyola Karina Macci\u00f3 Marcela Manuel Pablo M\u00fcllner Portada\" id=\"posts-by-tag-item-5108\"><a class = \"posts-by-tag-item-title\" href=\"https:\/\/viajeraeditorial.ar\/blog\/2015\/11\/viajera-en-la-feria-del-libro-de-sierra-de-la-ventana-2\/\">Viajera en la Feria del Libro de Sierra de la Ventana<\/a><\/li><li class=\"posts-by-tag-item Eugenia Coiro Festival Federal de Poes\u00eda Gabriela Aristegui Gabriela Pedrotti Karina Macci\u00f3 Marcela Manuel Portada Virginia Janza\" id=\"posts-by-tag-item-5044\"><a class = \"posts-by-tag-item-title\" href=\"https:\/\/viajeraeditorial.ar\/blog\/2015\/10\/festival-federal-de-poesia-1110\/\">Festival Federal de Poes\u00eda 11\/10<\/a><\/li><li class=\"posts-by-tag-item Colombia Gabriela Aristegui Karina Macci\u00f3 lecturas Marcela Manuel Medell\u00edn Portada Viajera Viajes XXV Festival Internacional de Poes\u00eda de Medell\u00edn\" id=\"posts-by-tag-item-4851\"><a class = \"posts-by-tag-item-title\" href=\"https:\/\/viajeraeditorial.ar\/blog\/2015\/09\/lecturas-en-medellin\/\">Lecturas viajeras en el Festival de Medell\u00edn<\/a><\/li><li class=\"posts-by-tag-item Cartagena Colombia Eventos Viajeros Festival de Poes\u00eda de Medell\u00edn Gabriela Aristegui Portada Viajes\" id=\"posts-by-tag-item-4824\"><a class = \"posts-by-tag-item-title\" href=\"https:\/\/viajeraeditorial.ar\/blog\/2015\/08\/esto-es-cartagena-por-gabriela-aristegui\/\">Esto es Cartagena, por Gabriela Aristegui<\/a><\/li><li class=\"posts-by-tag-item Festival de Poes\u00eda de Medell\u00edn Gabriela Aristegui Karina Macci\u00f3 Marcela Manuel Mar\u00eda del Carmen Sarquis Portada\" id=\"posts-by-tag-item-4669\"><a class = \"posts-by-tag-item-title\" href=\"https:\/\/viajeraeditorial.ar\/blog\/2015\/07\/4669\/\">Viajera en el Festival de Poes\u00eda de Medell\u00edn<\/a><\/li><li class=\"posts-by-tag-item Gabriela Aristegui Portada\" id=\"posts-by-tag-item-4653\"><a class = \"posts-by-tag-item-title\" href=\"https:\/\/viajeraeditorial.ar\/blog\/2015\/07\/gabriela-aristegui-una-inquietud\/\">Gabriela Aristegui * Una inquietud<\/a><\/li><li class=\"posts-by-tag-item Biblioteca Nacional Delfina Uriburu Eugenia Coiro Gabriela Aristegui Gabriela Oyola Gabriela Tavolara Gloria Candioti Mauricio Dreiling Nicol\u00e1s Di Candia Pablo M\u00fcllner Portada Susana Cella Viajera Invernal Virginia Janza\" id=\"posts-by-tag-item-4628\"><a class = \"posts-by-tag-item-title\" href=\"https:\/\/viajeraeditorial.ar\/blog\/2015\/06\/viajera-de-invierno-en-la-biblioteca-nacional\/\">Viajera de Invierno en la Biblioteca Nacional<\/a><\/li><li class=\"posts-by-tag-item Alicia \u00c1lvarez Axel Levin Carolina Lesta Dami\u00e1n Boggino Daniel C\u00e1seres Diamar Pretelt Marrugo Eduardo Adrogu\u00e9 Eduardo Bunitow El Benny Elizabeth Vita Esther Ferrari Eugenia Coiro Gabriela Aristegui Gabriela Oyola Jos\u00e9 Lupia Juan Castro Walker Karina Macci\u00f3 Laura Amori Lorena Suez Macarena Cifuentes Mar\u00eda Victoria Verzura Mauricio Dreiling Minuto Sue\u00f1o N\u00e9stor Cheb Terrab Portada Virginia Janza\" id=\"posts-by-tag-item-870\"><a class = \"posts-by-tag-item-title\" href=\"https:\/\/viajeraeditorial.ar\/blog\/2015\/05\/minuto-sueno\/\">Minuto Sue\u00f1o<\/a><\/li><li class=\"posts-by-tag-item Axel Levin Belara Mich\u00e1n Diego Recalde Eugenia Coiro Feria del Libro Gabriela Aristegui Gabriela Pedrotti Karina Macci\u00f3 Lola Ullmann Lorena Garc\u00eda Marcela Manuel Mar\u00eda del Carmen Sarquis Mar\u00eda Victoria Verzura Mauricio Dreiling Minuto4 Nicol\u00e1s Di Candia Pablo M\u00fcllner Paula Maff\u00eda Portada Sof\u00eda Ciravegna Viajera Viajera Visita Virginia Janza\" id=\"posts-by-tag-item-814\"><a class = \"posts-by-tag-item-title\" href=\"https:\/\/viajeraeditorial.ar\/blog\/2015\/05\/viajera-en-la-feria-del-libro\/\">Viajera en la Feria del Libro<\/a><\/li><\/ul>\n","protected":false},"excerpt":{"rendered":"<p>Nac\u00ed el 4 de marzo de 1975, en la ciudad de La Plata, lugar donde a\u00fan vivo. Transit\u00e9 por varias disciplinas, encontr\u00e1ndome con la cultura oriental que me fascina y me ha sostenido a lo largo de mi\u00a0adolescencia oscura y hasta hoy. Pas\u00e9 por la Universidad Nacional de La Plata, primero estudi\u00e9 Derecho y luego [&hellip;]<\/p>\n","protected":false},"author":4,"featured_media":0,"parent":8710,"menu_order":0,"comment_status":"closed","ping_status":"open","template":"","meta":[],"_links":{"self":[{"href":"https:\/\/viajeraeditorial.ar\/blog\/wp-json\/wp\/v2\/pages\/5669"}],"collection":[{"href":"https:\/\/viajeraeditorial.ar\/blog\/wp-json\/wp\/v2\/pages"}],"about":[{"href":"https:\/\/viajeraeditorial.ar\/blog\/wp-json\/wp\/v2\/types\/page"}],"author":[{"embeddable":true,"href":"https:\/\/viajeraeditorial.ar\/blog\/wp-json\/wp\/v2\/users\/4"}],"replies":[{"embeddable":true,"href":"https:\/\/viajeraeditorial.ar\/blog\/wp-json\/wp\/v2\/comments?post=5669"}],"version-history":[{"count":1,"href":"https:\/\/viajeraeditorial.ar\/blog\/wp-json\/wp\/v2\/pages\/5669\/revisions"}],"predecessor-version":[{"id":5671,"href":"https:\/\/viajeraeditorial.ar\/blog\/wp-json\/wp\/v2\/pages\/5669\/revisions\/5671"}],"up":[{"embeddable":true,"href":"https:\/\/viajeraeditorial.ar\/blog\/wp-json\/wp\/v2\/pages\/8710"}],"wp:attachment":[{"href":"https:\/\/viajeraeditorial.ar\/blog\/wp-json\/wp\/v2\/media?parent=5669"}],"curies":[{"name":"wp","href":"https:\/\/api.w.org\/{rel}","templated":true}]}}