{"id":5677,"date":"2016-08-27T10:23:52","date_gmt":"2016-08-27T13:23:52","guid":{"rendered":"http:\/\/www.viajeraeditorial.com.ar\/?page_id=5677"},"modified":"2016-08-27T10:23:52","modified_gmt":"2016-08-27T13:23:52","slug":"seresa","status":"publish","type":"page","link":"https:\/\/viajeraeditorial.ar\/blog\/descubrir\/seresa\/","title":{"rendered":"Seresa"},"content":{"rendered":"<p><img loading=\"lazy\" class=\"wp-image-5644 alignleft\" src=\"http:\/\/www.viajeraeditorial.ar\/blog\/wp-content\/uploads\/2015\/03\/seresat-e1472172110667.jpg\" alt=\"SeresaT\" width=\"395\" height=\"606\" \/><a href=\"http:\/\/www.viajeraeditorial.ar\/blog\/autores\/gabriela-aristegui\/\">Gabriela Aristegui<\/a>, 2015.<br \/>\nISBN: 978-987-3719-13-4<br \/>\n150 p.<\/p>\n<p>Gabriela Aristegui toca la lengua, la altera para iluminarla, la rompe para sentirla. Nos lleva a trav\u00e9s de un ritmo profundo a vislumbrarnos como seres deseantes con corazones<em> seresas<\/em>, rotos por la pasi\u00f3n y reconstruidos por el amor, por el bordado musical de esta escritura po\u00e9tica.<\/p>\n<p>&nbsp;<\/p>\n<p style=\"text-align: right;\"><strong>Karina Macci\u00f3<\/strong><\/p>\n<p>&nbsp;<\/p>\n<p><em>La tormenta se desata en el parir<\/em><\/p>\n<p style=\"text-align: right;\"><strong>Daniel Paola<\/strong><\/p>\n<p style=\"text-align: right;\">\n<p><span style=\"text-decoration: underline;\"><strong>Contenido sobre\u00a0<em>Seresa<\/em><\/strong><\/span><\/p>\n<ul class = \"posts-by-tag-list\"><li class=\"posts-by-tag-item Gabriela Aristegui Seresa\" id=\"posts-by-tag-item-8254\"><a class = \"posts-by-tag-item-title\" href=\"https:\/\/viajeraeditorial.ar\/blog\/2020\/01\/podria-seguir-igual-gabriela-aristegui\/\">Podr\u00eda seguir igual * Gabriela Aristegui<\/a><\/li><li class=\"posts-by-tag-item Gabriela Aristegui Seresa\" id=\"posts-by-tag-item-7707\"><a class = \"posts-by-tag-item-title\" href=\"https:\/\/viajeraeditorial.ar\/blog\/2019\/03\/hoy-me-habria-ido-a-otro-lugar-gabriela-aristegui\/\">Hoy me habr\u00eda ido a otro lugar * Gabriela Aristegui<\/a><\/li><li class=\"posts-by-tag-item Gabriela Aristegui Seresa\" id=\"posts-by-tag-item-7555\"><a class = \"posts-by-tag-item-title\" href=\"https:\/\/viajeraeditorial.ar\/blog\/2019\/01\/ahi-llega-seresa\/\">Ah\u00ed llega * Gabriela Aristegui<\/a><\/li><li class=\"posts-by-tag-item Gabriela Aristegui Seresa\" id=\"posts-by-tag-item-7479\"><a class = \"posts-by-tag-item-title\" href=\"https:\/\/viajeraeditorial.ar\/blog\/2018\/12\/la-voracidad-fugaz-gabriela-aristegui\/\">La voracidad fugaz * Gabriela Aristegui<\/a><\/li><li class=\"posts-by-tag-item Desmonte Fragmentos del fin La Playa orillas de la luz Seresa Sol en Leo\" id=\"posts-by-tag-item-6681\"><a class = \"posts-by-tag-item-title\" href=\"https:\/\/viajeraeditorial.ar\/blog\/2017\/12\/combos-navidenos-libros-para-regalar-estas-fiestas\/\">Combos navide\u00f1os * libros para regalar estas fiestas<\/a><\/li><li class=\"posts-by-tag-item Gabriela Aristegui Intemperie Lorena Suez Seresa\" id=\"posts-by-tag-item-6184\"><a class = \"posts-by-tag-item-title\" href=\"https:\/\/viajeraeditorial.ar\/blog\/2017\/04\/libros-que-viajan-de-la-luna-a-nueva-york\/\">Libros que viajan * De la Luna a Nueva York<\/a><\/li><li class=\"posts-by-tag-item Gabriela Aristegui Mariel Fini Seresa\" id=\"posts-by-tag-item-5765\"><a class = \"posts-by-tag-item-title\" href=\"https:\/\/viajeraeditorial.ar\/blog\/2016\/09\/seresa-resenado-por-mariel-fini\/\">Seresa rese\u00f1ado por Mariel Fini<\/a><\/li><li class=\"posts-by-tag-item Gabriela Aristegui Karina Macci\u00f3 Portada Seresa\" id=\"posts-by-tag-item-5243\"><a class = \"posts-by-tag-item-title\" href=\"https:\/\/viajeraeditorial.ar\/blog\/2015\/12\/karina-maccio-sobre-seresa\/\">Karina Macci\u00f3 sobre Seresa<\/a><\/li><li class=\"posts-by-tag-item Gabriela Aristegui Seresa\" id=\"posts-by-tag-item-5189\"><a class = \"posts-by-tag-item-title\" href=\"https:\/\/viajeraeditorial.ar\/blog\/2015\/12\/seresa-la-presentacion\/\">Seresa * La Presentaci\u00f3n<\/a><\/li><li class=\"posts-by-tag-item Gabriela Aristegui Portada Seresa\" id=\"posts-by-tag-item-5175\"><a class = \"posts-by-tag-item-title\" href=\"https:\/\/viajeraeditorial.ar\/blog\/2015\/12\/encontrarte-gabriela-aristegui\/\">Encontrarte * Gabriela Aristegui<\/a><\/li><li class=\"posts-by-tag-item Gabriela Aristegui Portada Seresa\" id=\"posts-by-tag-item-5172\"><a class = \"posts-by-tag-item-title\" href=\"https:\/\/viajeraeditorial.ar\/blog\/2015\/12\/te-siento-volver-gabriela-aristegui-seresa\/\">Te siento volver * Gabriela Aristegui * Seresa<\/a><\/li><li class=\"posts-by-tag-item Gabriela Aristegui Portada Seresa\" id=\"posts-by-tag-item-5165\"><a class = \"posts-by-tag-item-title\" href=\"https:\/\/viajeraeditorial.ar\/blog\/2015\/12\/seresa-gabriela-aristegui\/\">Seresa * Gabriela Aristegui<\/a><\/li><\/ul>\n","protected":false},"excerpt":{"rendered":"<p>Gabriela Aristegui, 2015. ISBN: 978-987-3719-13-4 150 p. Gabriela Aristegui toca la lengua, la altera para iluminarla, la rompe para sentirla. Nos lleva a trav\u00e9s de un ritmo profundo a vislumbrarnos como seres deseantes con corazones seresas, rotos por la pasi\u00f3n y reconstruidos por el amor, por el bordado musical de esta escritura po\u00e9tica. &nbsp; Karina [&hellip;]<\/p>\n","protected":false},"author":4,"featured_media":0,"parent":30,"menu_order":22,"comment_status":"closed","ping_status":"closed","template":"","meta":[],"_links":{"self":[{"href":"https:\/\/viajeraeditorial.ar\/blog\/wp-json\/wp\/v2\/pages\/5677"}],"collection":[{"href":"https:\/\/viajeraeditorial.ar\/blog\/wp-json\/wp\/v2\/pages"}],"about":[{"href":"https:\/\/viajeraeditorial.ar\/blog\/wp-json\/wp\/v2\/types\/page"}],"author":[{"embeddable":true,"href":"https:\/\/viajeraeditorial.ar\/blog\/wp-json\/wp\/v2\/users\/4"}],"replies":[{"embeddable":true,"href":"https:\/\/viajeraeditorial.ar\/blog\/wp-json\/wp\/v2\/comments?post=5677"}],"version-history":[{"count":1,"href":"https:\/\/viajeraeditorial.ar\/blog\/wp-json\/wp\/v2\/pages\/5677\/revisions"}],"predecessor-version":[{"id":5678,"href":"https:\/\/viajeraeditorial.ar\/blog\/wp-json\/wp\/v2\/pages\/5677\/revisions\/5678"}],"up":[{"embeddable":true,"href":"https:\/\/viajeraeditorial.ar\/blog\/wp-json\/wp\/v2\/pages\/30"}],"wp:attachment":[{"href":"https:\/\/viajeraeditorial.ar\/blog\/wp-json\/wp\/v2\/media?parent=5677"}],"curies":[{"name":"wp","href":"https:\/\/api.w.org\/{rel}","templated":true}]}}