{"id":5692,"date":"2016-08-27T11:45:44","date_gmt":"2016-08-27T14:45:44","guid":{"rendered":"http:\/\/www.viajeraeditorial.com.ar\/?page_id=5692"},"modified":"2016-08-27T11:46:17","modified_gmt":"2016-08-27T14:46:17","slug":"solenleo","status":"publish","type":"page","link":"https:\/\/viajeraeditorial.ar\/blog\/descubrir\/solenleo\/","title":{"rendered":"Sol en Leo"},"content":{"rendered":"<p>&nbsp;<\/p>\n<p class=\"plano\"><a href=\"http:\/\/www.viajeraeditorial.ar\/blog\/autores\/cristina-eseiza\/\"><img loading=\"lazy\" class=\"wp-image-5689 alignleft\" src=\"http:\/\/www.viajeraeditorial.ar\/blog\/wp-content\/uploads\/2015\/03\/sol2-e1472307920838.jpg\" alt=\"sol\" width=\"361\" height=\"534\" \/>Cristina Eseiza<\/a>, 2016<br \/>\nISBN: 978-987-3719-12-7<br \/>\n128 p.<\/p>\n<p class=\"plano\">Con un din\u00e1mico ritmo narrativo, la autora consigue una suculenta pintura de \u00e9poca en todas sus facetas: los prejuicios morales en pugna, el despertar pol\u00edtico, la pareja, el papel central del arte en sus diversas expresiones, la ense\u00f1anza universitaria, el culto de la comida hogare\u00f1a, la ilimitada potencia adolescente, los miedos, la represi\u00f3n, la brecha generacional, las modas. El valor del compromiso.<\/p>\n<p class=\"plano\" style=\"text-align: right;\"><strong>Alicia Muzio<\/strong><\/p>\n<p class=\"plano\" style=\"text-align: left;\" align=\"right\"><span style=\"text-decoration: underline;\"><strong>Contenido sobre Sol en Leo<\/strong><\/span><\/p>\n<p class=\"plano\" style=\"text-align: left;\" align=\"right\"><ul class = \"posts-by-tag-list\"><li class=\"posts-by-tag-item Desmonte Fragmentos del fin La Playa orillas de la luz Seresa Sol en Leo\" id=\"posts-by-tag-item-6681\"><a class = \"posts-by-tag-item-title\" href=\"https:\/\/viajeraeditorial.ar\/blog\/2017\/12\/combos-navidenos-libros-para-regalar-estas-fiestas\/\">Combos navide\u00f1os * libros para regalar estas fiestas<\/a><\/li><li class=\"posts-by-tag-item Cristina Eseiza Sol en Leo\" id=\"posts-by-tag-item-6390\"><a class = \"posts-by-tag-item-title\" href=\"https:\/\/viajeraeditorial.ar\/blog\/2017\/08\/sol-en-leo-resena-en-solo-tempestad\/\">Sol en Leo \/ rese\u00f1a en Solo Tempestad<\/a><\/li><li class=\"posts-by-tag-item Cristina Eseiza Daniel C\u00e1seres Karina Macci\u00f3 Mineral Sol en Leo\" id=\"posts-by-tag-item-6396\"><a class = \"posts-by-tag-item-title\" href=\"https:\/\/viajeraeditorial.ar\/blog\/2017\/07\/karina-maccio-sobre-mineral-y-sol-en-leo\/\">Karina Macci\u00f3 sobre Mineral y Sol en Leo<\/a><\/li><li class=\"posts-by-tag-item Cristina Eseiza Sol en Leo\" id=\"posts-by-tag-item-5990\"><a class = \"posts-by-tag-item-title\" href=\"https:\/\/viajeraeditorial.ar\/blog\/2017\/01\/la-cantata-cristina-eseiza\/\">La cantata * Cristina Eseiza<\/a><\/li><\/ul><\/p>\n","protected":false},"excerpt":{"rendered":"<p>&nbsp; Cristina Eseiza, 2016 ISBN: 978-987-3719-12-7 128 p. Con un din\u00e1mico ritmo narrativo, la autora consigue una suculenta pintura de \u00e9poca en todas sus facetas: los prejuicios morales en pugna, el despertar pol\u00edtico, la pareja, el papel central del arte en sus diversas expresiones, la ense\u00f1anza universitaria, el culto de la comida hogare\u00f1a, la ilimitada [&hellip;]<\/p>\n","protected":false},"author":4,"featured_media":0,"parent":30,"menu_order":19,"comment_status":"closed","ping_status":"open","template":"","meta":[],"_links":{"self":[{"href":"https:\/\/viajeraeditorial.ar\/blog\/wp-json\/wp\/v2\/pages\/5692"}],"collection":[{"href":"https:\/\/viajeraeditorial.ar\/blog\/wp-json\/wp\/v2\/pages"}],"about":[{"href":"https:\/\/viajeraeditorial.ar\/blog\/wp-json\/wp\/v2\/types\/page"}],"author":[{"embeddable":true,"href":"https:\/\/viajeraeditorial.ar\/blog\/wp-json\/wp\/v2\/users\/4"}],"replies":[{"embeddable":true,"href":"https:\/\/viajeraeditorial.ar\/blog\/wp-json\/wp\/v2\/comments?post=5692"}],"version-history":[{"count":2,"href":"https:\/\/viajeraeditorial.ar\/blog\/wp-json\/wp\/v2\/pages\/5692\/revisions"}],"predecessor-version":[{"id":5695,"href":"https:\/\/viajeraeditorial.ar\/blog\/wp-json\/wp\/v2\/pages\/5692\/revisions\/5695"}],"up":[{"embeddable":true,"href":"https:\/\/viajeraeditorial.ar\/blog\/wp-json\/wp\/v2\/pages\/30"}],"wp:attachment":[{"href":"https:\/\/viajeraeditorial.ar\/blog\/wp-json\/wp\/v2\/media?parent=5692"}],"curies":[{"name":"wp","href":"https:\/\/api.w.org\/{rel}","templated":true}]}}