{"id":5701,"date":"2016-08-27T15:58:40","date_gmt":"2016-08-27T18:58:40","guid":{"rendered":"http:\/\/www.viajeraeditorial.com.ar\/?page_id=5701"},"modified":"2016-08-27T15:58:40","modified_gmt":"2016-08-27T18:58:40","slug":"amoratada","status":"publish","type":"page","link":"https:\/\/viajeraeditorial.ar\/blog\/explorar\/amoratada\/","title":{"rendered":"AmorAtada &#8211; Amarillo Vol.2"},"content":{"rendered":"<p class=\"plano\"><a href=\"http:\/\/www.viajeraeditorial.ar\/blog\/autores\/karina-maccio\/\"><img loading=\"lazy\" class=\"wp-image-5702 alignleft\" src=\"http:\/\/www.viajeraeditorial.ar\/blog\/wp-content\/uploads\/2016\/08\/amoratada.jpg\" alt=\"amoratada\" width=\"401\" height=\"629\" srcset=\"https:\/\/viajeraeditorial.ar\/blog\/wp-content\/uploads\/2016\/08\/amoratada.jpg 511w, https:\/\/viajeraeditorial.ar\/blog\/wp-content\/uploads\/2016\/08\/amoratada-247x387.jpg 247w, https:\/\/viajeraeditorial.ar\/blog\/wp-content\/uploads\/2016\/08\/amoratada-335x525.jpg 335w\" sizes=\"(max-width: 401px) 100vw, 401px\" \/>Karina Macci\u00f3<\/a>, 2016<br \/>\nISBN: 978-987-3719-19-6<br \/>\n85 p.<\/p>\n<p style=\"text-align: justify;\">Amar y des-amar es, evidentemente, el proyecto y ejercicio de este yo que ama en Amarillo AmorAtada, pasible de ser le\u00eddo como un comienzo de creaci\u00f3n del acto de amor. Construir una vida otra es la propuesta, y efectivamente es ese su hacer ante el des-amor de la vida. Amar y yo, pero tambi\u00e9n el despliegue del plano \u00e9tico y la consecuente apertura al Otro, Otro que no es sino espejo donde uno mira y viceversa, aunque se mire, cada quien, narciso, a s\u00ed, y lo que vea sea el rostro que dice \u201cvamos a morir\u201d, y quiz\u00e1 tambi\u00e9n, por qu\u00e9 no, el mandamiento primero de amor no matar\u00e1s. Al cabo los espejos se quiebran, y estando rotos \u201cnos juntamos\u201d porque \u201cy en el fondo, \u00bfqui\u00e9n quiere morir?\u201d<\/p>\n<p style=\"text-align: right;\">\n<strong>Ignacio Uranga<\/strong><\/p>\n<p style=\"text-align: justify;\">\nLa poes\u00eda de Karina Macci\u00f3 permite entrar en un ritmo, similar al golpeteo del coraz\u00f3n. Dejarse abrazar por las letras y la musicalidad de AmorAtada es escuchar las sensaciones que emulan su pulsar. Sus versos entran de golpe y se hacen cuerpo. En este libro viol\u00e1ceo alcanza un cambio de tonalidad en el modo, un tinte novedoso que articula una infinidad de voces. Sucede tambi\u00e9n, como un regalo inesperado, que si uno se adentra en ese pulsar, sentir\u00e1 en s\u00ed mismo la transformaci\u00f3n. Una vez abierto este mundo de letras, iteraciones, ritmos y colores se desdibujar\u00e1n los l\u00edmites de la voz entre escritor y lector, se producir\u00e1 un nuevo cuerpo que no pertenece a nadie en particular, sino que es la sonoridad misma que se escucha, que se siente como los propios latidos: necesarios, suaves, silenciosos por instantes. Potentes, desesperados y agitados en otros cuando la pasi\u00f3n, inevitable, irrumpe.<\/p>\n<p style=\"text-align: right;\"><strong>Gabriela Aristegui<\/strong><\/p>\n<p class=\"plano\" style=\"text-align: left;\" align=\"right\"><span style=\"text-decoration: underline;\"><strong>Contenido sobre AmorAtada<\/strong><\/span><\/p>\n<p class=\"plano\" style=\"text-align: left;\" align=\"right\"><ul class = \"posts-by-tag-list\"><li class=\"posts-by-tag-item AmorAtada Karina Macci\u00f3\" id=\"posts-by-tag-item-7605\"><a class = \"posts-by-tag-item-title\" href=\"https:\/\/viajeraeditorial.ar\/blog\/2019\/02\/no-se-como-provocarte-karina-maccio\/\">No s\u00e9 c\u00f3mo provocarte * Karina Macci\u00f3<\/a><\/li><li class=\"posts-by-tag-item AmorAtada Karina Macci\u00f3\" id=\"posts-by-tag-item-7330\"><a class = \"posts-by-tag-item-title\" href=\"https:\/\/viajeraeditorial.ar\/blog\/2018\/09\/como-estas-pregunta-karina-maccio\/\">C\u00f3mo est\u00e1s, pregunta * Karina Macci\u00f3<\/a><\/li><li class=\"posts-by-tag-item AmorAtada Karina Macci\u00f3\" id=\"posts-by-tag-item-6228\"><a class = \"posts-by-tag-item-title\" href=\"https:\/\/viajeraeditorial.ar\/blog\/2017\/07\/bitacora-emocional-entrevista-de-celeste-galiano-a-karina-maccio\/\">Bit\u00e1cora emocional * entrevista de Celeste Galiano a Karina Macci\u00f3<\/a><\/li><li class=\"posts-by-tag-item AmorAtada Karina Macci\u00f3\" id=\"posts-by-tag-item-5864\"><a class = \"posts-by-tag-item-title\" href=\"https:\/\/viajeraeditorial.ar\/blog\/2016\/10\/estamos-todos-rotos-karina-maccio\/\">Estamos todos rotos * Karina Macci\u00f3<\/a><\/li><li class=\"posts-by-tag-item AmorAtada Julia Magistratti Karina Macci\u00f3\" id=\"posts-by-tag-item-5768\"><a class = \"posts-by-tag-item-title\" href=\"https:\/\/viajeraeditorial.ar\/blog\/2016\/09\/sobre-amor-atada-de-karina-maccio-por-julia-magistratti\/\">Sobre \u201cAmor atada\u201d de Karina Maccio por Julia Magistratti<\/a><\/li><li class=\"posts-by-tag-item AmorAtada Karina Macci\u00f3 Luc\u00eda De Leone\" id=\"posts-by-tag-item-5758\"><a class = \"posts-by-tag-item-title\" href=\"https:\/\/viajeraeditorial.ar\/blog\/2016\/09\/la-condesa-sangrienta-sobre-amoratada-lucia-de-leone\/\">La condesa sangrienta. Sobre AmorAtada * Luc\u00eda De Leone<\/a><\/li><li class=\"posts-by-tag-item AmorAtada Karina Macci\u00f3\" id=\"posts-by-tag-item-5745\"><a class = \"posts-by-tag-item-title\" href=\"https:\/\/viajeraeditorial.ar\/blog\/2016\/09\/amoratada\/\">AmorAtada * 2\/9 * Karina Macci\u00f3 en la Casa del Bicentenario<\/a><\/li><\/ul><\/p>\n","protected":false},"excerpt":{"rendered":"<p>Karina Macci\u00f3, 2016 ISBN: 978-987-3719-19-6 85 p. Amar y des-amar es, evidentemente, el proyecto y ejercicio de este yo que ama en Amarillo AmorAtada, pasible de ser le\u00eddo como un comienzo de creaci\u00f3n del acto de amor. Construir una vida otra es la propuesta, y efectivamente es ese su hacer ante el des-amor de la [&hellip;]<\/p>\n","protected":false},"author":4,"featured_media":0,"parent":32,"menu_order":3,"comment_status":"closed","ping_status":"open","template":"","meta":[],"_links":{"self":[{"href":"https:\/\/viajeraeditorial.ar\/blog\/wp-json\/wp\/v2\/pages\/5701"}],"collection":[{"href":"https:\/\/viajeraeditorial.ar\/blog\/wp-json\/wp\/v2\/pages"}],"about":[{"href":"https:\/\/viajeraeditorial.ar\/blog\/wp-json\/wp\/v2\/types\/page"}],"author":[{"embeddable":true,"href":"https:\/\/viajeraeditorial.ar\/blog\/wp-json\/wp\/v2\/users\/4"}],"replies":[{"embeddable":true,"href":"https:\/\/viajeraeditorial.ar\/blog\/wp-json\/wp\/v2\/comments?post=5701"}],"version-history":[{"count":1,"href":"https:\/\/viajeraeditorial.ar\/blog\/wp-json\/wp\/v2\/pages\/5701\/revisions"}],"predecessor-version":[{"id":5703,"href":"https:\/\/viajeraeditorial.ar\/blog\/wp-json\/wp\/v2\/pages\/5701\/revisions\/5703"}],"up":[{"embeddable":true,"href":"https:\/\/viajeraeditorial.ar\/blog\/wp-json\/wp\/v2\/pages\/32"}],"wp:attachment":[{"href":"https:\/\/viajeraeditorial.ar\/blog\/wp-json\/wp\/v2\/media?parent=5701"}],"curies":[{"name":"wp","href":"https:\/\/api.w.org\/{rel}","templated":true}]}}