{"id":5714,"date":"2016-08-27T16:45:43","date_gmt":"2016-08-27T19:45:43","guid":{"rendered":"http:\/\/www.viajeraeditorial.com.ar\/?page_id=5714"},"modified":"2016-08-27T16:46:24","modified_gmt":"2016-08-27T19:46:24","slug":"krav-maga","status":"publish","type":"page","link":"https:\/\/viajeraeditorial.ar\/blog\/explorar\/krav-maga\/","title":{"rendered":"Krav Mag\u00e1"},"content":{"rendered":"<p><a href=\"http:\/\/www.viajeraeditorial.ar\/blog\/autores\/ricardo-czikk\/\"><img loading=\"lazy\" class=\"wp-image-5715 alignleft\" src=\"http:\/\/www.viajeraeditorial.ar\/blog\/wp-content\/uploads\/2016\/08\/krav-t.jpg\" alt=\"krav T\" width=\"400\" height=\"631\" srcset=\"https:\/\/viajeraeditorial.ar\/blog\/wp-content\/uploads\/2016\/08\/krav-t.jpg 522w, https:\/\/viajeraeditorial.ar\/blog\/wp-content\/uploads\/2016\/08\/krav-t-245x387.jpg 245w, https:\/\/viajeraeditorial.ar\/blog\/wp-content\/uploads\/2016\/08\/krav-t-333x525.jpg 333w\" sizes=\"(max-width: 400px) 100vw, 400px\" \/>Ricardo Czikk<\/a>, 2016.<br \/>\nISBN: 978-987-3719-22-6<br \/>\n140 p.<\/p>\n<p style=\"text-align: justify;\">Cuando descubr\u00ed que Krav Mag\u00e1 es un arte marcial basado en la lucha cuerpo a cuerpo, la intriga me hizo zambullir por los relatos.<br \/>\nNo hay m\u00e1s contrincante que el mismo Arturo, el protago\u00adnista que lucha con su propio yo, con su pasado que lo agobia, con sus fobias, sus miedos, sus deseos, el presente que lo enfrenta. \u201cAh, qu\u00e9 tremendo cuando te hacen eso. Eso que con toda tu alma deseabas que nunca ocurriera. Nunca tener que vivirlo. Nunca.\u201d, reflexiona Arturo al inicio del maravilloso relato \u201cCara de feliz cumplea\u00f1os\u201d.<br \/>\nEl protagonista, por momentos ni\u00f1o, otros adolescente y joven, hasta su presente adulto, narra episodios de la vida coti\u00addiana, de esos que dejan una marca tatuada en los recuerdos, contados de una forma original y compleja, que lleva a sentirse parte de cada uno de los combates donde no hay un claro gana\u00addor. Simplemente se sigue viviendo: \u201cSinti\u00f3 el alivio, que ser\u00eda pasajero, porque en breve llegar\u00eda una nueva ola de calor. Se dijo: puedo pensar m\u00e1s claramente\u201d. Y junto a \u00e9l, personajes que tambi\u00e9n enfrentan su propio Krav Mag\u00e1: \u201cSolo me queda morir, le dijo el viejo\u201d, que se rozan y se mezclan con la de nues\u00adtro personaje hasta fundirse en algunos momentos.<br \/>\nTanto me atraparon estos relatos, que en cada historia yo fui Arturo. Sufr\u00ed, busqu\u00e9 respuestas, me encontr\u00e9 y perd\u00ed a la vez. Luch\u00e9 con pasi\u00f3n cuerpo a cuerpo.<\/p>\n<p style=\"text-align: right;\"><strong>Andrea Larrieu<\/strong><\/p>\n<p><strong><span style=\"text-decoration: underline;\">Contenido sobre Krav Mag\u00e1<\/span><\/strong><\/p>\n<ul class = \"posts-by-tag-list\"><li class=\"posts-by-tag-item Krav Mag\u00e1 Ricardo\" id=\"posts-by-tag-item-5729\"><a class = \"posts-by-tag-item-title\" href=\"https:\/\/viajeraeditorial.ar\/blog\/2016\/08\/cara-de-feliz-cumpleanos-ricardo-czikk\/\">Cara de feliz cumplea\u00f1os * Ricardo Czikk<\/a><\/li><\/ul>\n","protected":false},"excerpt":{"rendered":"<p>Ricardo Czikk, 2016. ISBN: 978-987-3719-22-6 140 p. Cuando descubr\u00ed que Krav Mag\u00e1 es un arte marcial basado en la lucha cuerpo a cuerpo, la intriga me hizo zambullir por los relatos. No hay m\u00e1s contrincante que el mismo Arturo, el protago\u00adnista que lucha con su propio yo, con su pasado que lo agobia, con sus [&hellip;]<\/p>\n","protected":false},"author":4,"featured_media":0,"parent":32,"menu_order":10,"comment_status":"closed","ping_status":"open","template":"","meta":[],"_links":{"self":[{"href":"https:\/\/viajeraeditorial.ar\/blog\/wp-json\/wp\/v2\/pages\/5714"}],"collection":[{"href":"https:\/\/viajeraeditorial.ar\/blog\/wp-json\/wp\/v2\/pages"}],"about":[{"href":"https:\/\/viajeraeditorial.ar\/blog\/wp-json\/wp\/v2\/types\/page"}],"author":[{"embeddable":true,"href":"https:\/\/viajeraeditorial.ar\/blog\/wp-json\/wp\/v2\/users\/4"}],"replies":[{"embeddable":true,"href":"https:\/\/viajeraeditorial.ar\/blog\/wp-json\/wp\/v2\/comments?post=5714"}],"version-history":[{"count":3,"href":"https:\/\/viajeraeditorial.ar\/blog\/wp-json\/wp\/v2\/pages\/5714\/revisions"}],"predecessor-version":[{"id":5718,"href":"https:\/\/viajeraeditorial.ar\/blog\/wp-json\/wp\/v2\/pages\/5714\/revisions\/5718"}],"up":[{"embeddable":true,"href":"https:\/\/viajeraeditorial.ar\/blog\/wp-json\/wp\/v2\/pages\/32"}],"wp:attachment":[{"href":"https:\/\/viajeraeditorial.ar\/blog\/wp-json\/wp\/v2\/media?parent=5714"}],"curies":[{"name":"wp","href":"https:\/\/api.w.org\/{rel}","templated":true}]}}