{"id":6000,"date":"2017-01-24T22:44:21","date_gmt":"2017-01-25T01:44:21","guid":{"rendered":"http:\/\/www.viajeraeditorial.com.ar\/?page_id=6000"},"modified":"2020-11-02T21:02:39","modified_gmt":"2020-11-03T00:02:39","slug":"lorena-suez","status":"publish","type":"page","link":"https:\/\/viajeraeditorial.ar\/blog\/catalogo\/lorena-suez\/","title":{"rendered":"Lorena Suez"},"content":{"rendered":"<p style=\"text-align: justify;\"><img loading=\"lazy\" class=\" wp-image-6001 alignright\" src=\"http:\/\/www.viajeraeditorial.ar\/blog\/wp-content\/uploads\/2017\/01\/15731849-1196883877063539-1911037148422736655-o-632x421.jpg\" alt=\"15731849_1196883877063539_1911037148422736655_o\" width=\"404\" height=\"269\" srcset=\"https:\/\/viajeraeditorial.ar\/blog\/wp-content\/uploads\/2017\/01\/15731849-1196883877063539-1911037148422736655-o-632x421.jpg 632w, https:\/\/viajeraeditorial.ar\/blog\/wp-content\/uploads\/2017\/01\/15731849-1196883877063539-1911037148422736655-o-420x280.jpg 420w, https:\/\/viajeraeditorial.ar\/blog\/wp-content\/uploads\/2017\/01\/15731849-1196883877063539-1911037148422736655-o-1020x679.jpg 1020w, https:\/\/viajeraeditorial.ar\/blog\/wp-content\/uploads\/2017\/01\/15731849-1196883877063539-1911037148422736655-o-257x171.jpg 257w, https:\/\/viajeraeditorial.ar\/blog\/wp-content\/uploads\/2017\/01\/15731849-1196883877063539-1911037148422736655-o-350x233.jpg 350w, https:\/\/viajeraeditorial.ar\/blog\/wp-content\/uploads\/2017\/01\/15731849-1196883877063539-1911037148422736655-o.jpg 1280w\" sizes=\"(max-width: 404px) 100vw, 404px\" \/><\/p>\n<p style=\"text-align: justify;\">Lorena Suez es Licenciada en Ciencias de la Comunicaci\u00f3n y Psic\u00f3loga Social. Naci\u00f3 en la Ciudad de Buenos Aires en 1975 y es madre de Dami\u00e1n y Ana Luc\u00eda, de once y seis a\u00f1os. Participa en los talleres de Siempre de Viaje y en los eventos de Viajera Editorial desde el 2012. Forma parte de la antolog\u00eda compilada por Virginia Janza, Tetas. Historias de Pecho, con su relato \u201cDesde el Mandarino\u201d (Textos Intrusos, 2015). Asiste a ciclos de poes\u00eda y eventos art\u00edsticos de la Ciudad de Buenos Aires. En 2015 y 2016 fue invitada a la Feria del Libro. Particip\u00f3 con sus poemas en muestras de arte en el Centro Cultural Recoleta y fue convocada a escribir y a leer para la Muestra fotogr\u00e1fica Yo Misma. Historia de mujeres que se masturban, de la fot\u00f3grafa Julia Flur\u00edn. En julio de 2016, present\u00f3 un adelanto de este libro en el Museo del Libro y de la Lengua. Hace m\u00e1s de cuatro a\u00f1os, Lorena dibuj\u00f3 la tapa de un libro y eligi\u00f3 un nombre: Mujerflor. Pint\u00f3 flores humanas, hojas y rostros detr\u00e1s de los p\u00e9talos. Lo hizo sobre madera, tela, ventanas y objetos hasta que las im\u00e1genes empezaron a contarle palabras. Entonces, el sue\u00f1o de este libro, sin dibujos, sin colores. Una versi\u00f3n a la intemperie de Mujerflor.<\/p>\n<p><span style=\"text-decoration: underline;\"><strong>En Viajera<\/strong><\/span><\/p>\n<p style=\"padding-left: 30px;\"><a href=\"http:\/\/www.viajeraeditorial.ar\/blog\/descubrir\/encontradas-y-perdidas\/\"><img loading=\"lazy\" class=\"wp-image-6002 alignnone\" src=\"http:\/\/www.viajeraeditorial.ar\/blog\/wp-content\/uploads\/2017\/01\/sin-titulo.png\" alt=\"Sin t\u00edtulo\" width=\"12\" height=\"19\" srcset=\"https:\/\/viajeraeditorial.ar\/blog\/wp-content\/uploads\/2017\/01\/sin-titulo.png 428w, https:\/\/viajeraeditorial.ar\/blog\/wp-content\/uploads\/2017\/01\/sin-titulo-100x150.png 100w, https:\/\/viajeraeditorial.ar\/blog\/wp-content\/uploads\/2017\/01\/sin-titulo-245x387.png 245w, https:\/\/viajeraeditorial.ar\/blog\/wp-content\/uploads\/2017\/01\/sin-titulo-332x525.png 332w\" sizes=\"(max-width: 12px) 100vw, 12px\" \/><\/a>\u00a0<a href=\"http:\/\/www.viajeraeditorial.ar\/blog\/descubrir\/intemperie\/\">Intemperie<\/a> (<a href=\"http:\/\/www.viajeraeditorial.ar\/blog\/descubrir\/\">Descubrir<\/a>, 2016)<\/p>\n<p>&nbsp;<\/p>\n<p><span style=\"text-decoration: underline;\"><strong>Contenido sobre\u00a0Lorena<\/strong><\/span><\/p>\n<ul class = \"posts-by-tag-list\"><li class=\"posts-by-tag-item Lorena Suez\" id=\"posts-by-tag-item-7781\"><a class = \"posts-by-tag-item-title\" href=\"https:\/\/viajeraeditorial.ar\/blog\/2019\/05\/hay-una-casa-lorena-suez-2\/\">Hay una casa * Lorena Suez<\/a><\/li><li class=\"posts-by-tag-item Intemperie Lorena Suez\" id=\"posts-by-tag-item-7468\"><a class = \"posts-by-tag-item-title\" href=\"https:\/\/viajeraeditorial.ar\/blog\/2018\/12\/7468\/\">Lo sab\u00edas * Lorena Suez<\/a><\/li><li class=\"posts-by-tag-item Intemperie Lorena Suez\" id=\"posts-by-tag-item-7229\"><a class = \"posts-by-tag-item-title\" href=\"https:\/\/viajeraeditorial.ar\/blog\/2018\/08\/nunca-lorena-suez\/\">Nunca * Lorena Suez<\/a><\/li><li class=\"posts-by-tag-item Lorena Suez\" id=\"posts-by-tag-item-7022\"><a class = \"posts-by-tag-item-title\" href=\"https:\/\/viajeraeditorial.ar\/blog\/2018\/05\/esto-de-vivir-sin-saber-casi-nada-lorena-suez\/\">Esto de vivir sin saber casi nada * Lorena Suez<\/a><\/li><li class=\"posts-by-tag-item Intemperie Lorena Suez\" id=\"posts-by-tag-item-6964\"><a class = \"posts-by-tag-item-title\" href=\"https:\/\/viajeraeditorial.ar\/blog\/2018\/04\/6964\/\">Despierto en mi cama * Lorena Suez<\/a><\/li><li class=\"posts-by-tag-item Intemperie Lorena Suez\" id=\"posts-by-tag-item-6851\"><a class = \"posts-by-tag-item-title\" href=\"https:\/\/viajeraeditorial.ar\/blog\/2018\/03\/entre-vidas-entrevista-a-lorena-suez\/\">Entre vidas entrevista a Lorena Suez<\/a><\/li><li class=\"posts-by-tag-item Intemperie Lorena Suez\" id=\"posts-by-tag-item-6803\"><a class = \"posts-by-tag-item-title\" href=\"https:\/\/viajeraeditorial.ar\/blog\/2018\/03\/intemperie-resena-por-adriana-santa-cruz\/\">Intemperie * Rese\u00f1a por Adriana Santa Cruz<\/a><\/li><li class=\"posts-by-tag-item Intemperie Lorena Suez\" id=\"posts-by-tag-item-6725\"><a class = \"posts-by-tag-item-title\" href=\"https:\/\/viajeraeditorial.ar\/blog\/2018\/01\/desde-temprano-lorena-suez\/\">Desde temprano * Lorena Suez<\/a><\/li><li class=\"posts-by-tag-item Intemperie Lorena Suez\" id=\"posts-by-tag-item-6701\"><a class = \"posts-by-tag-item-title\" href=\"https:\/\/viajeraeditorial.ar\/blog\/2017\/12\/lorena-suez-en-el-blog-de-apoa\/\">Lorena Suez en el blog de Apoa<\/a><\/li><li class=\"posts-by-tag-item Axel Levin Cristina Eseiza Gloria Candioti Javier Pizarro Lorena Suez\" id=\"posts-by-tag-item-6650\"><a class = \"posts-by-tag-item-title\" href=\"https:\/\/viajeraeditorial.ar\/blog\/2017\/12\/escucha-viajeros-en-la-luna-enlozada\/\">Escuch\u00e1 viajeros en la Luna Enlozada<\/a><\/li><li class=\"posts-by-tag-item Axel Levin Cristina Eseiza Gloria Candioti Javier Pizarro Lorena Suez\" id=\"posts-by-tag-item-6641\"><a class = \"posts-by-tag-item-title\" href=\"https:\/\/viajeraeditorial.ar\/blog\/2017\/11\/eseiza-candioti-pizarro-levin-y-suez-en-luna-enlozada-2311\/\">Eseiza, Candioti, Pizarro, Levin y Suez en Luna Enlozada * 23\/11<\/a><\/li><li class=\"posts-by-tag-item Intemperie Lorena Suez Radio\" id=\"posts-by-tag-item-6557\"><a class = \"posts-by-tag-item-title\" href=\"https:\/\/viajeraeditorial.ar\/blog\/2017\/10\/intemperie-resenado-por-angie-pagnotta\/\">Intemperie rese\u00f1ado por Angie Pagnotta<\/a><\/li><li class=\"posts-by-tag-item Eugenia Coiro Fragmentos del fin Intemperie Karina Macci\u00f3 Lorena Suez\" id=\"posts-by-tag-item-6393\"><a class = \"posts-by-tag-item-title\" href=\"https:\/\/viajeraeditorial.ar\/blog\/2017\/08\/karina-maccio-sobre-intemperie-y-fragmentos-del-fin\/\">Karina Macci\u00f3 sobre Intemperie y Fragmentos del fin<\/a><\/li><li class=\"posts-by-tag-item Lorena Suez\" id=\"posts-by-tag-item-6267\"><a class = \"posts-by-tag-item-title\" href=\"https:\/\/viajeraeditorial.ar\/blog\/2017\/05\/hay-una-casa-lorena-suez\/\">Hay una casa * Lorena Suez<\/a><\/li><li class=\"posts-by-tag-item Gabriela Aristegui Intemperie Lorena Suez Seresa\" id=\"posts-by-tag-item-6184\"><a class = \"posts-by-tag-item-title\" href=\"https:\/\/viajeraeditorial.ar\/blog\/2017\/04\/libros-que-viajan-de-la-luna-a-nueva-york\/\">Libros que viajan * De la Luna a Nueva York<\/a><\/li><li class=\"posts-by-tag-item Lorena Suez Mujeraje\" id=\"posts-by-tag-item-6155\"><a class = \"posts-by-tag-item-title\" href=\"https:\/\/viajeraeditorial.ar\/blog\/2017\/03\/trenza-lorena-suez\/\">trenza * Lorena Suez<\/a><\/li><li class=\"posts-by-tag-item Lectura Lorena Suez\" id=\"posts-by-tag-item-6100\"><a class = \"posts-by-tag-item-title\" href=\"https:\/\/viajeraeditorial.ar\/blog\/2017\/02\/lorena-suez-en-minuto-fuego\/\">Lorena Suez en Minuto Fuego<\/a><\/li><li class=\"posts-by-tag-item Intemperie Lorena Suez\" id=\"posts-by-tag-item-5826\"><a class = \"posts-by-tag-item-title\" href=\"https:\/\/viajeraeditorial.ar\/blog\/2016\/12\/estoy-lorena-suez\/\">Estoy * Lorena Suez<\/a><\/li><li class=\"posts-by-tag-item Intemperie Lorena Suez\" id=\"posts-by-tag-item-5823\"><a class = \"posts-by-tag-item-title\" href=\"https:\/\/viajeraeditorial.ar\/blog\/2016\/11\/intimidad-de-herrumbre-lorena-suez\/\">Intimidad de herrumbre * Lorena Suez<\/a><\/li><li class=\"posts-by-tag-item Intemperie Lorena Suez\" id=\"posts-by-tag-item-5918\"><a class = \"posts-by-tag-item-title\" href=\"https:\/\/viajeraeditorial.ar\/blog\/2016\/11\/intemperie-lorena-suez-612-casa-del-bicentenario\/\">Intemperie * Lorena Suez * 6\/12 * Casa del Bicentenario<\/a><\/li><li class=\"posts-by-tag-item Intemperie Lorena Suez\" id=\"posts-by-tag-item-5829\"><a class = \"posts-by-tag-item-title\" href=\"https:\/\/viajeraeditorial.ar\/blog\/2016\/11\/llego-hoy-mismo-lorena-suez\/\">Llego hoy mismo * Lorena Suez<\/a><\/li><li class=\"posts-by-tag-item Intemperie Lorena Suez\" id=\"posts-by-tag-item-5832\"><a class = \"posts-by-tag-item-title\" href=\"https:\/\/viajeraeditorial.ar\/blog\/2016\/11\/hay-un-arbol-antiguo-lorena-suez\/\">hay un \u00e1rbol antiguo * Lorena Suez<\/a><\/li><li class=\"posts-by-tag-item Intemperie Lorena Suez\" id=\"posts-by-tag-item-5820\"><a class = \"posts-by-tag-item-title\" href=\"https:\/\/viajeraeditorial.ar\/blog\/2016\/10\/la-criatura-del-hogar-lorena-suez\/\">La criatura del hogar * Lorena Suez<\/a><\/li><li class=\"posts-by-tag-item Lorena Suez Viajera Viajera Visita\" id=\"posts-by-tag-item-15\"><a class = \"posts-by-tag-item-title\" href=\"https:\/\/viajeraeditorial.ar\/blog\/2015\/05\/viajera-de-otono-lorena-suez\/\">Viajera de Oto\u00f1o * Lorena Suez<\/a><\/li><li class=\"posts-by-tag-item Daniel C\u00e1seres Gabriela Oyola Gabriela Pedrotti H\u00e9ctor Urrusputu Juan Alberto Crasci Julia Magistratti Lorena Suez Nicol\u00e1s Pazos Sof\u00eda Ciravegna Viajera Viajera Visita\" id=\"posts-by-tag-item-23\"><a class = \"posts-by-tag-item-title\" href=\"https:\/\/viajeraeditorial.ar\/blog\/2015\/05\/viajera-de-otono-46-espiche\/\">Viajera de Oto\u00f1o * 4\/6-Espiche<\/a><\/li><li class=\"posts-by-tag-item Alicia \u00c1lvarez Axel Levin Carolina Lesta Dami\u00e1n Boggino Daniel C\u00e1seres Diamar Pretelt Marrugo Eduardo Adrogu\u00e9 Eduardo Bunitow El Benny Elizabeth Vita Esther Ferrari Eugenia Coiro Gabriela Aristegui Gabriela Oyola Jos\u00e9 Lupia Juan Castro Walker Karina Macci\u00f3 Laura Amori Lorena Suez Macarena Cifuentes Mar\u00eda Victoria Verzura Mauricio Dreiling Minuto Sue\u00f1o N\u00e9stor Cheb Terrab Portada Virginia Janza\" id=\"posts-by-tag-item-870\"><a class = \"posts-by-tag-item-title\" href=\"https:\/\/viajeraeditorial.ar\/blog\/2015\/05\/minuto-sueno\/\">Minuto Sue\u00f1o<\/a><\/li><\/ul>\n","protected":false},"excerpt":{"rendered":"<p>Lorena Suez es Licenciada en Ciencias de la Comunicaci\u00f3n y Psic\u00f3loga Social. Naci\u00f3 en la Ciudad de Buenos Aires en 1975 y es madre de Dami\u00e1n y Ana Luc\u00eda, de once y seis a\u00f1os. Participa en los talleres de Siempre de Viaje y en los eventos de Viajera Editorial desde el 2012. Forma parte de [&hellip;]<\/p>\n","protected":false},"author":4,"featured_media":0,"parent":8710,"menu_order":0,"comment_status":"closed","ping_status":"open","template":"","meta":[],"_links":{"self":[{"href":"https:\/\/viajeraeditorial.ar\/blog\/wp-json\/wp\/v2\/pages\/6000"}],"collection":[{"href":"https:\/\/viajeraeditorial.ar\/blog\/wp-json\/wp\/v2\/pages"}],"about":[{"href":"https:\/\/viajeraeditorial.ar\/blog\/wp-json\/wp\/v2\/types\/page"}],"author":[{"embeddable":true,"href":"https:\/\/viajeraeditorial.ar\/blog\/wp-json\/wp\/v2\/users\/4"}],"replies":[{"embeddable":true,"href":"https:\/\/viajeraeditorial.ar\/blog\/wp-json\/wp\/v2\/comments?post=6000"}],"version-history":[{"count":1,"href":"https:\/\/viajeraeditorial.ar\/blog\/wp-json\/wp\/v2\/pages\/6000\/revisions"}],"predecessor-version":[{"id":6003,"href":"https:\/\/viajeraeditorial.ar\/blog\/wp-json\/wp\/v2\/pages\/6000\/revisions\/6003"}],"up":[{"embeddable":true,"href":"https:\/\/viajeraeditorial.ar\/blog\/wp-json\/wp\/v2\/pages\/8710"}],"wp:attachment":[{"href":"https:\/\/viajeraeditorial.ar\/blog\/wp-json\/wp\/v2\/media?parent=6000"}],"curies":[{"name":"wp","href":"https:\/\/api.w.org\/{rel}","templated":true}]}}