{"id":6004,"date":"2017-01-24T22:54:01","date_gmt":"2017-01-25T01:54:01","guid":{"rendered":"http:\/\/www.viajeraeditorial.com.ar\/?page_id=6004"},"modified":"2017-01-24T22:54:01","modified_gmt":"2017-01-25T01:54:01","slug":"intemperie","status":"publish","type":"page","link":"https:\/\/viajeraeditorial.ar\/blog\/descubrir\/intemperie\/","title":{"rendered":"Intemperie"},"content":{"rendered":"<p class=\"plano\"><img loading=\"lazy\" class=\" wp-image-6005 alignleft\" src=\"http:\/\/www.viajeraeditorial.ar\/blog\/wp-content\/uploads\/2017\/01\/sin-titulo1.png\" alt=\"Sin t\u00edtulo\" width=\"302\" height=\"477\" srcset=\"https:\/\/viajeraeditorial.ar\/blog\/wp-content\/uploads\/2017\/01\/sin-titulo1.png 428w, https:\/\/viajeraeditorial.ar\/blog\/wp-content\/uploads\/2017\/01\/sin-titulo1-245x387.png 245w, https:\/\/viajeraeditorial.ar\/blog\/wp-content\/uploads\/2017\/01\/sin-titulo1-332x525.png 332w\" sizes=\"(max-width: 302px) 100vw, 302px\" \/><a href=\"http:\/\/www.viajeraeditorial.ar\/blog\/autores\/lorena-suez\/\">Lorena Suez<\/a>, 2016<br \/>\nISBN: 978-987-3719-27-1<br \/>\n108 p.<\/p>\n<p style=\"text-align: justify;\">Ser due\u00f1a de s\u00ed, del vuelo, de las alas, abrir los brazos y entregarse a la ca\u00edda, a la ascensi\u00f3n, a la experiencia de la escritura. Eso es una mujer superpoderosa. Una mujer que se anima a abandonar las estructuras heredadas, las acomoda, las asimila. Es entonces cuando el cuerpo y la mente sufren el impacto, se hacen conscientes de la resistencia, de su capacidad de transformaci\u00f3n. Y tambi\u00e9n de los peligros de quedar expuesta, devastada: \u201cy yo recostada en la arena \/ y las alas chiquitas \/ mojadas \/ al aire\u201d.<\/p>\n<p style=\"padding-left: 60px; text-align: right;\"><strong>Virginia Janza<\/strong><\/p>\n<p style=\"padding-left: 60px; text-align: justify;\">\n<p style=\"text-align: justify;\">Libro t\u00e1ctil, de hilos que enhebran desencantos y amores. Telas, pieles, lanas, tejidos y mantas que cubren \u00e1rboles, casas y muebles. Manos, dedos, brazos fuertes que insisten en tejer formas de guarecerse. Esta mujer animal es madre que arma una cueva org\u00e1nica para protegerse y proteger. Mujer hormiga, ra\u00f1a, mujer viva y valiente. Mujer ni\u00f1a, eternamente ni\u00f1a de alas transparentes, ilusi\u00f3n y brillos reales. Intemperie es un relato de transformaciones planteado con una sinceridad elocuente.<br \/>\nLorena Suez logra acercarnos a un universo \u00edntimo y delicado, erigido con palabras que parecen haber decantado lentamente en la b\u00fasqueda de cada \u00a0verso.<\/p>\n<p style=\"padding-left: 30px; text-align: right;\"><strong>Eugenia Coiro<\/strong><\/p>\n<p>&nbsp;<\/p>\n<p class=\"plano\" style=\"padding-left: 330px;\"><span style=\"text-decoration: underline;\"><strong>Contenido sobre\u00a0Intemperie<\/strong><\/span><\/p>\n<p class=\"plano\" style=\"padding-left: 330px;\"><ul class = \"posts-by-tag-list\"><li class=\"posts-by-tag-item Intemperie Lorena Suez\" id=\"posts-by-tag-item-7468\"><a class = \"posts-by-tag-item-title\" href=\"https:\/\/viajeraeditorial.ar\/blog\/2018\/12\/7468\/\">Lo sab\u00edas * Lorena Suez<\/a><\/li><li class=\"posts-by-tag-item Intemperie Lorena Suez\" id=\"posts-by-tag-item-7229\"><a class = \"posts-by-tag-item-title\" href=\"https:\/\/viajeraeditorial.ar\/blog\/2018\/08\/nunca-lorena-suez\/\">Nunca * Lorena Suez<\/a><\/li><li class=\"posts-by-tag-item Intemperie Lorena Suez\" id=\"posts-by-tag-item-6964\"><a class = \"posts-by-tag-item-title\" href=\"https:\/\/viajeraeditorial.ar\/blog\/2018\/04\/6964\/\">Despierto en mi cama * Lorena Suez<\/a><\/li><li class=\"posts-by-tag-item Intemperie Lorena Suez\" id=\"posts-by-tag-item-6851\"><a class = \"posts-by-tag-item-title\" href=\"https:\/\/viajeraeditorial.ar\/blog\/2018\/03\/entre-vidas-entrevista-a-lorena-suez\/\">Entre vidas entrevista a Lorena Suez<\/a><\/li><li class=\"posts-by-tag-item Intemperie Lorena Suez\" id=\"posts-by-tag-item-6803\"><a class = \"posts-by-tag-item-title\" href=\"https:\/\/viajeraeditorial.ar\/blog\/2018\/03\/intemperie-resena-por-adriana-santa-cruz\/\">Intemperie * Rese\u00f1a por Adriana Santa Cruz<\/a><\/li><li class=\"posts-by-tag-item Intemperie Lorena Suez\" id=\"posts-by-tag-item-6725\"><a class = \"posts-by-tag-item-title\" href=\"https:\/\/viajeraeditorial.ar\/blog\/2018\/01\/desde-temprano-lorena-suez\/\">Desde temprano * Lorena Suez<\/a><\/li><li class=\"posts-by-tag-item Intemperie Lorena Suez\" id=\"posts-by-tag-item-6701\"><a class = \"posts-by-tag-item-title\" href=\"https:\/\/viajeraeditorial.ar\/blog\/2017\/12\/lorena-suez-en-el-blog-de-apoa\/\">Lorena Suez en el blog de Apoa<\/a><\/li><li class=\"posts-by-tag-item Intemperie Lorena Suez Radio\" id=\"posts-by-tag-item-6557\"><a class = \"posts-by-tag-item-title\" href=\"https:\/\/viajeraeditorial.ar\/blog\/2017\/10\/intemperie-resenado-por-angie-pagnotta\/\">Intemperie rese\u00f1ado por Angie Pagnotta<\/a><\/li><li class=\"posts-by-tag-item Eugenia Coiro Fragmentos del fin Intemperie Karina Macci\u00f3 Lorena Suez\" id=\"posts-by-tag-item-6393\"><a class = \"posts-by-tag-item-title\" href=\"https:\/\/viajeraeditorial.ar\/blog\/2017\/08\/karina-maccio-sobre-intemperie-y-fragmentos-del-fin\/\">Karina Macci\u00f3 sobre Intemperie y Fragmentos del fin<\/a><\/li><li class=\"posts-by-tag-item Intemperie Mc Nally Jackson\" id=\"posts-by-tag-item-6200\"><a class = \"posts-by-tag-item-title\" href=\"https:\/\/viajeraeditorial.ar\/blog\/2017\/04\/nueva-libreria-en-new-york-viajera-en-mc-nally-jackson\/\">Nueva librer\u00eda en New York * Viajera en Mc Nally Jackson<\/a><\/li><li class=\"posts-by-tag-item Gabriela Aristegui Intemperie Lorena Suez Seresa\" id=\"posts-by-tag-item-6184\"><a class = \"posts-by-tag-item-title\" href=\"https:\/\/viajeraeditorial.ar\/blog\/2017\/04\/libros-que-viajan-de-la-luna-a-nueva-york\/\">Libros que viajan * De la Luna a Nueva York<\/a><\/li><li class=\"posts-by-tag-item Intemperie Lorena Suez\" id=\"posts-by-tag-item-5826\"><a class = \"posts-by-tag-item-title\" href=\"https:\/\/viajeraeditorial.ar\/blog\/2016\/12\/estoy-lorena-suez\/\">Estoy * Lorena Suez<\/a><\/li><li class=\"posts-by-tag-item Intemperie Lorena Suez\" id=\"posts-by-tag-item-5823\"><a class = \"posts-by-tag-item-title\" href=\"https:\/\/viajeraeditorial.ar\/blog\/2016\/11\/intimidad-de-herrumbre-lorena-suez\/\">Intimidad de herrumbre * Lorena Suez<\/a><\/li><li class=\"posts-by-tag-item Intemperie Lorena Suez\" id=\"posts-by-tag-item-5918\"><a class = \"posts-by-tag-item-title\" href=\"https:\/\/viajeraeditorial.ar\/blog\/2016\/11\/intemperie-lorena-suez-612-casa-del-bicentenario\/\">Intemperie * Lorena Suez * 6\/12 * Casa del Bicentenario<\/a><\/li><li class=\"posts-by-tag-item Intemperie Lorena Suez\" id=\"posts-by-tag-item-5829\"><a class = \"posts-by-tag-item-title\" href=\"https:\/\/viajeraeditorial.ar\/blog\/2016\/11\/llego-hoy-mismo-lorena-suez\/\">Llego hoy mismo * Lorena Suez<\/a><\/li><li class=\"posts-by-tag-item Intemperie Lorena Suez\" id=\"posts-by-tag-item-5832\"><a class = \"posts-by-tag-item-title\" href=\"https:\/\/viajeraeditorial.ar\/blog\/2016\/11\/hay-un-arbol-antiguo-lorena-suez\/\">hay un \u00e1rbol antiguo * Lorena Suez<\/a><\/li><li class=\"posts-by-tag-item Intemperie Lorena Suez\" id=\"posts-by-tag-item-5820\"><a class = \"posts-by-tag-item-title\" href=\"https:\/\/viajeraeditorial.ar\/blog\/2016\/10\/la-criatura-del-hogar-lorena-suez\/\">La criatura del hogar * Lorena Suez<\/a><\/li><\/ul><\/p>\n","protected":false},"excerpt":{"rendered":"<p>Lorena Suez, 2016 ISBN: 978-987-3719-27-1 108 p. Ser due\u00f1a de s\u00ed, del vuelo, de las alas, abrir los brazos y entregarse a la ca\u00edda, a la ascensi\u00f3n, a la experiencia de la escritura. Eso es una mujer superpoderosa. Una mujer que se anima a abandonar las estructuras heredadas, las acomoda, las asimila. Es entonces cuando [&hellip;]<\/p>\n","protected":false},"author":4,"featured_media":0,"parent":30,"menu_order":9,"comment_status":"closed","ping_status":"closed","template":"","meta":[],"_links":{"self":[{"href":"https:\/\/viajeraeditorial.ar\/blog\/wp-json\/wp\/v2\/pages\/6004"}],"collection":[{"href":"https:\/\/viajeraeditorial.ar\/blog\/wp-json\/wp\/v2\/pages"}],"about":[{"href":"https:\/\/viajeraeditorial.ar\/blog\/wp-json\/wp\/v2\/types\/page"}],"author":[{"embeddable":true,"href":"https:\/\/viajeraeditorial.ar\/blog\/wp-json\/wp\/v2\/users\/4"}],"replies":[{"embeddable":true,"href":"https:\/\/viajeraeditorial.ar\/blog\/wp-json\/wp\/v2\/comments?post=6004"}],"version-history":[{"count":1,"href":"https:\/\/viajeraeditorial.ar\/blog\/wp-json\/wp\/v2\/pages\/6004\/revisions"}],"predecessor-version":[{"id":6006,"href":"https:\/\/viajeraeditorial.ar\/blog\/wp-json\/wp\/v2\/pages\/6004\/revisions\/6006"}],"up":[{"embeddable":true,"href":"https:\/\/viajeraeditorial.ar\/blog\/wp-json\/wp\/v2\/pages\/30"}],"wp:attachment":[{"href":"https:\/\/viajeraeditorial.ar\/blog\/wp-json\/wp\/v2\/media?parent=6004"}],"curies":[{"name":"wp","href":"https:\/\/api.w.org\/{rel}","templated":true}]}}