{"id":6011,"date":"2017-01-25T07:57:46","date_gmt":"2017-01-25T10:57:46","guid":{"rendered":"http:\/\/www.viajeraeditorial.com.ar\/?page_id=6011"},"modified":"2017-01-25T07:57:46","modified_gmt":"2017-01-25T10:57:46","slug":"fragmentos-del-fin","status":"publish","type":"page","link":"https:\/\/viajeraeditorial.ar\/blog\/explorar\/fragmentos-del-fin\/","title":{"rendered":"Fragmentos del fin"},"content":{"rendered":"<p><img loading=\"lazy\" class=\"wp-image-5987 alignleft\" src=\"http:\/\/www.viajeraeditorial.ar\/blog\/wp-content\/uploads\/2017\/01\/tapafrag.jpg\" alt=\"tapafrag\" width=\"311\" height=\"481\" \/><a href=\"http:\/\/www.viajeraeditorial.ar\/blog\/autores\/eugenia-coiro\/\">Eugenia Coiro<\/a>, 2016.<br \/>\nISBN: 978-987-3719-26-4<br \/>\n80\u00a0p.<\/p>\n<p>Latir, ingerir, respirar digerir, respirar, so\u00f1ar, dormir, respirar y quiz\u00e1 excretar el amor que ha llegado a su t\u00e9rmino, pero que la corporalidad se resiste a expulsar. Peor a\u00fan, que el olvido no quiere procesar, dentro del m\u00e1s complejo de todos los \u00f3rganos: la memoria y sus inexpugnables fortalezas. Es una m\u00e1quina que se ha<br \/>\ndesconfigurado y no encuentra el programa que la haga reiniciarse.<br \/>\nEugenia Coiro nos inquieta y revuelve en las olas de sus poemas: se me est\u00e1 volviendo costumbre extra\u00f1ar lo que no ocurri\u00f3. Entonces el recuerdo, \u00bfser\u00eda una creaci\u00f3n de la necesidad de amar algo que nunca, se tuvo? Lo desvanecido en esta historia no ser\u00eda la experiencia vivida, sino ese amor que parec\u00eda real y las vivencias que le habr\u00eda gustado tener.<\/p>\n<p style=\"text-align: right;\"><strong>Ricardo Czikk<\/strong><\/p>\n<p>Hilv\u00e1n de la memoria, arrullado eco de lo femenino Fragmentos del fin es la m\u00fasica caracol que rumia la poderosa energ\u00eda del amor, desasosegado, eterno, fugaz, impenetrable. M\u00fasica que encandila, arrebata, en la que ansiosos reconoceremos el comp\u00e1s. Un envejecimiento de la piel que delata el fin en mi mente.<br \/>\nCada p\u00e1gina nos ilusiona con que siempre habr\u00e1 risa, tambi\u00e9n llanto porque la vida es contradicci\u00f3n. La \u00f3rbita del cuerpo celeste principia a arrancar de nuevo, como el amor despechado. Entonces sabemos definitivamente que los fragmentos-vida, de tanto a\u00f1orar, jam\u00e1s terminan.<\/p>\n<p style=\"text-align: right;\"><strong>Cristina Eseiza<\/strong><\/p>\n<p>&nbsp;<\/p>\n<p>&nbsp;<\/p>\n<p>&nbsp;<\/p>\n<p><span style=\"text-decoration: underline;\"><strong>Contenido sobre\u00a0Fragmentos del fin<\/strong><\/span><\/p>\n<ul class = \"posts-by-tag-list\"><li class=\"posts-by-tag-item Eugenia Coiro Fragmentos del fin\" id=\"posts-by-tag-item-7595\"><a class = \"posts-by-tag-item-title\" href=\"https:\/\/viajeraeditorial.ar\/blog\/2019\/02\/dos-formas-eugenia-coiro\/\">Dos formas * Eugenia Coiro<\/a><\/li><li class=\"posts-by-tag-item Eugenia Coiro Fragmentos del fin\" id=\"posts-by-tag-item-7110\"><a class = \"posts-by-tag-item-title\" href=\"https:\/\/viajeraeditorial.ar\/blog\/2018\/06\/fragmentos-del-fin-resenado-en-cuentos-criollos\/\">Fragmentos del fin rese\u00f1ado en Cuentos Criollos<\/a><\/li><li class=\"posts-by-tag-item Eugenia Coiro Fragmentos del fin\" id=\"posts-by-tag-item-6778\"><a class = \"posts-by-tag-item-title\" href=\"https:\/\/viajeraeditorial.ar\/blog\/2018\/02\/fragmentos-del-fin-resenado-en-leedor\/\">Fragmentos del fin rese\u00f1ado en Leedor<\/a><\/li><li class=\"posts-by-tag-item Eugenia Coiro Fragmentos del fin\" id=\"posts-by-tag-item-6743\"><a class = \"posts-by-tag-item-title\" href=\"https:\/\/viajeraeditorial.ar\/blog\/2018\/01\/llena-o-vacia-eugenia-coiro\/\">\u00bfLlena o vac\u00eda? * Eugenia Coiro<\/a><\/li><li class=\"posts-by-tag-item Desmonte Fragmentos del fin La Playa orillas de la luz Seresa Sol en Leo\" id=\"posts-by-tag-item-6681\"><a class = \"posts-by-tag-item-title\" href=\"https:\/\/viajeraeditorial.ar\/blog\/2017\/12\/combos-navidenos-libros-para-regalar-estas-fiestas\/\">Combos navide\u00f1os * libros para regalar estas fiestas<\/a><\/li><li class=\"posts-by-tag-item Eugenia Coiro Fragmentos del fin\" id=\"posts-by-tag-item-6542\"><a class = \"posts-by-tag-item-title\" href=\"https:\/\/viajeraeditorial.ar\/blog\/2017\/10\/eramos-como-conejitos-eugenia-coiro\/\">\u00c9ramos como conejitos * Eugenia Coiro<\/a><\/li><li class=\"posts-by-tag-item Eugenia Coiro Fragmentos del fin Intemperie Karina Macci\u00f3 Lorena Suez\" id=\"posts-by-tag-item-6393\"><a class = \"posts-by-tag-item-title\" href=\"https:\/\/viajeraeditorial.ar\/blog\/2017\/08\/karina-maccio-sobre-intemperie-y-fragmentos-del-fin\/\">Karina Macci\u00f3 sobre Intemperie y Fragmentos del fin<\/a><\/li><li class=\"posts-by-tag-item Eugenia Coiro Fragmentos del fin\" id=\"posts-by-tag-item-6400\"><a class = \"posts-by-tag-item-title\" href=\"https:\/\/viajeraeditorial.ar\/blog\/2017\/08\/fragmentos-del-fin-resenado-por-patricia-diaz-bialet-para-am750\/\">Fragmentos del fin rese\u00f1ado por Patricia Diaz Bialet para AM750<\/a><\/li><li class=\"posts-by-tag-item Eugenia Coiro Fragmentos del fin Karina Macci\u00f3\" id=\"posts-by-tag-item-6379\"><a class = \"posts-by-tag-item-title\" href=\"https:\/\/viajeraeditorial.ar\/blog\/2017\/07\/karina-maccio-sobre-fragmentos-del-fin\/\">Karina Macci\u00f3 sobre Fragmentos del fin<\/a><\/li><li class=\"posts-by-tag-item Eugenia Coiro Fragmentos del fin\" id=\"posts-by-tag-item-6180\"><a class = \"posts-by-tag-item-title\" href=\"https:\/\/viajeraeditorial.ar\/blog\/2017\/07\/fragmentos-del-fin-resena-por-valentina-vidal\/\">Fragmentos del fin * Rese\u00f1a por Valentina Vidal<\/a><\/li><li class=\"posts-by-tag-item Fragmentos del fin Mauricio Dreiling\" id=\"posts-by-tag-item-6214\"><a class = \"posts-by-tag-item-title\" href=\"https:\/\/viajeraeditorial.ar\/blog\/2017\/04\/mauricio-dreiling-me-olvido-intervencion-de-textos-de-fragmentos-del-fin\/\">Mauricio Dreiling: Me olvido * Intervenci\u00f3n de textos de Fragmentos del Fin<\/a><\/li><li class=\"posts-by-tag-item Eugenia Coiro Festival Federal de Poes\u00eda Fragmentos del fin\" id=\"posts-by-tag-item-6092\"><a class = \"posts-by-tag-item-title\" href=\"https:\/\/viajeraeditorial.ar\/blog\/2017\/02\/eugenia-coiro-en-el-festival-federal-de-poesia\/\">Eugenia Coiro en el Festival Federal de Poes\u00eda<\/a><\/li><li class=\"posts-by-tag-item Cristina Eseiza Eugenia Coiro Fragmentos del fin\" id=\"posts-by-tag-item-6036\"><a class = \"posts-by-tag-item-title\" href=\"https:\/\/viajeraeditorial.ar\/blog\/2017\/02\/cristina-eseiza-sobre-fragmentos-del-fin-de-eugenia-coiro\/\">Cristina Eseiza sobre Fragmentos del fin de Eugenia Coiro<\/a><\/li><li class=\"posts-by-tag-item Eugenia Coiro Fragmentos del fin Jos\u00e9 Lupia\" id=\"posts-by-tag-item-5985\"><a class = \"posts-by-tag-item-title\" href=\"https:\/\/viajeraeditorial.ar\/blog\/2017\/01\/palabras-desde-el-fin-jose-lupia-escribe-sobre-fragmentos-del-fin-de-eugenia-coiro\/\">Palabras desde el fin * Jos\u00e9 Lupia escribe sobre Fragmentos del fin de Eugenia Coiro<\/a><\/li><li class=\"posts-by-tag-item Eugenia Coiro Fragmentos del fin Sof\u00eda Ciravegna\" id=\"posts-by-tag-item-5971\"><a class = \"posts-by-tag-item-title\" href=\"https:\/\/viajeraeditorial.ar\/blog\/2017\/01\/potencial-sofia-ciravegna\/\">\u00bfpotencial? * Sof\u00eda Ciravegna<\/a><\/li><li class=\"posts-by-tag-item Eugenia Coiro Fragmentos del fin\" id=\"posts-by-tag-item-5792\"><a class = \"posts-by-tag-item-title\" href=\"https:\/\/viajeraeditorial.ar\/blog\/2016\/12\/todos-estamos-solos-eugenia-coiro\/\">Todos estamos solos * Eugenia Coiro<\/a><\/li><li class=\"posts-by-tag-item Eugenia Coiro Fragmentos del fin Mauricio Dreiling Sof\u00eda Ciravegna\" id=\"posts-by-tag-item-5928\"><a class = \"posts-by-tag-item-title\" href=\"https:\/\/viajeraeditorial.ar\/blog\/2016\/11\/fragmentos-del-fin-eugenia-coiro-casa-del-bicentenario-612\/\">Fragmentos del fin \/ Eugenia Coiro * Casa del Bicentenario * 6\/12<\/a><\/li><li class=\"posts-by-tag-item Eugenia Coiro Fragmentos del fin\" id=\"posts-by-tag-item-5785\"><a class = \"posts-by-tag-item-title\" href=\"https:\/\/viajeraeditorial.ar\/blog\/2016\/11\/hay-un-mundo-eugenia-coiro\/\">Hay un mundo * Eugenia Coiro<\/a><\/li><li class=\"posts-by-tag-item Eugenia Coiro Fragmentos del fin\" id=\"posts-by-tag-item-5796\"><a class = \"posts-by-tag-item-title\" href=\"https:\/\/viajeraeditorial.ar\/blog\/2016\/10\/y-si-ya-olvidaste-eugenia-coiro\/\">\u00bfY si ya olvidaste? * Eugenia Coiro<\/a><\/li><li class=\"posts-by-tag-item Eugenia Coiro Fragmentos del fin\" id=\"posts-by-tag-item-5789\"><a class = \"posts-by-tag-item-title\" href=\"https:\/\/viajeraeditorial.ar\/blog\/2016\/10\/todo-se-tine-eugenia-coiro\/\">Todo se ti\u00f1e * Eugenia Coiro<\/a><\/li><\/ul>\n","protected":false},"excerpt":{"rendered":"<p>Eugenia Coiro, 2016. ISBN: 978-987-3719-26-4 80\u00a0p. Latir, ingerir, respirar digerir, respirar, so\u00f1ar, dormir, respirar y quiz\u00e1 excretar el amor que ha llegado a su t\u00e9rmino, pero que la corporalidad se resiste a expulsar. Peor a\u00fan, que el olvido no quiere procesar, dentro del m\u00e1s complejo de todos los \u00f3rganos: la memoria y sus inexpugnables fortalezas. [&hellip;]<\/p>\n","protected":false},"author":4,"featured_media":0,"parent":32,"menu_order":8,"comment_status":"closed","ping_status":"open","template":"","meta":[],"_links":{"self":[{"href":"https:\/\/viajeraeditorial.ar\/blog\/wp-json\/wp\/v2\/pages\/6011"}],"collection":[{"href":"https:\/\/viajeraeditorial.ar\/blog\/wp-json\/wp\/v2\/pages"}],"about":[{"href":"https:\/\/viajeraeditorial.ar\/blog\/wp-json\/wp\/v2\/types\/page"}],"author":[{"embeddable":true,"href":"https:\/\/viajeraeditorial.ar\/blog\/wp-json\/wp\/v2\/users\/4"}],"replies":[{"embeddable":true,"href":"https:\/\/viajeraeditorial.ar\/blog\/wp-json\/wp\/v2\/comments?post=6011"}],"version-history":[{"count":1,"href":"https:\/\/viajeraeditorial.ar\/blog\/wp-json\/wp\/v2\/pages\/6011\/revisions"}],"predecessor-version":[{"id":6012,"href":"https:\/\/viajeraeditorial.ar\/blog\/wp-json\/wp\/v2\/pages\/6011\/revisions\/6012"}],"up":[{"embeddable":true,"href":"https:\/\/viajeraeditorial.ar\/blog\/wp-json\/wp\/v2\/pages\/32"}],"wp:attachment":[{"href":"https:\/\/viajeraeditorial.ar\/blog\/wp-json\/wp\/v2\/media?parent=6011"}],"curies":[{"name":"wp","href":"https:\/\/api.w.org\/{rel}","templated":true}]}}