{"id":6021,"date":"2017-01-25T21:45:55","date_gmt":"2017-01-26T00:45:55","guid":{"rendered":"http:\/\/www.viajeraeditorial.com.ar\/?page_id=6021"},"modified":"2017-01-25T21:46:22","modified_gmt":"2017-01-26T00:46:22","slug":"orillas-de-la-luz","status":"publish","type":"page","link":"https:\/\/viajeraeditorial.ar\/blog\/descubrir\/orillas-de-la-luz\/","title":{"rendered":"orillas de la luz"},"content":{"rendered":"<p class=\"plano\"><a href=\"http:\/\/www.viajeraeditorial.ar\/blog\/autores\/carlos-flores\/\"><img loading=\"lazy\" class=\"wp-image-6022 alignleft\" src=\"http:\/\/www.viajeraeditorial.ar\/blog\/wp-content\/uploads\/2017\/01\/sin-titulo.jpg\" alt=\"Sin t\u00edtulo\" width=\"327\" height=\"514\" \/>Carlos Flores<\/a>, 2016<br \/>\nISBN: 978-987-3719-17-2<br \/>\n72 p.<\/p>\n<p style=\"text-align: justify;\">orillas de la luz tiene la virtud de sorprender en cada poema con un tono y una forma nueva. Desde la nostalgia, la melancol\u00eda, la alegr\u00eda o la exaltaci\u00f3n, este libro de Carlos Flores me lleva de paseo por sitios que poco a poco se me vuelven familiares. Son paisajes diversos en los que el agua es marco omnipresente y protagonista: \u201cEl agua horada la costa \/ puedo al fin \/ verte nadando \/ vestida de escamas doradas \/ de hojas\u201d. Son orillas hechas de tierra, agua, \u00e1rboles y l\u00e1grimas de un paisaje real, visible, asequible. Recorren caminos, cuerpos. Tienen nombre, espacio, voz y origen: Corrientes. Agua, movimiento, plural. Una geograf\u00eda topogr\u00e1fica y humana en particular. El autor escribe desde su provincia, desde su pueblo, y cuando nombra el libro, con estas orillas de la luz, regresa al<br \/>\nlugar del que no se ha ido nunca. Un lugar que le dar\u00e1 un escenario, y tambi\u00e9n un ritmo que lo har\u00e1 \u00fanico.<\/p>\n<p style=\"text-align: right;\"><strong>Eugenia Coiro<\/strong><\/p>\n<p style=\"text-align: justify;\">No conozco Corrientes, he pasado, pero no conozco. Y sin embargo \u201ccorrientes\u201d, esa palabra-nombre propio de un lugar que puedo imaginar y sentir a partir de estas orillas de la luz. Lo natural es algo que este libro intenta (d)escribir, mostrando lo imposible de esa tarea. Una vez m\u00e1s, la poes\u00eda va hacia aquello que nos desaf\u00eda, aquello que sucede pero que no se entiende: \u201camanece en Corrientes \/ tal vez fue un sue\u00f1o \/ pero la l\u00e1grima cae \/ cae \/ no entiende la sed lejana \/ que hace morir al mar\u201d. Alejandra Pizarnik, Oliverio Girondo y Marosa Di Giorgio, tres poetas y tres est\u00e9ticas que Carlos Flores convoca para dibujar sus letras que titilan de luz, que buscan la m\u00fasica del r\u00edo correntoso o calmo, el erotismo profundo de los cuerpos que son todos (humanos, vegetales, animales, minerales) unidos y confundidos en el paisaje: \u201cla fruta es parte de tu cuerpo \/ me dec\u00edas: hay un pu\u00f1ado de estrellas \/ hirviendo dentro de la piedra\u201d. Hay un pu\u00f1ado de poemas resplandeciendo dentro de este libro. Abrilo.<\/p>\n<p style=\"text-align: right;\"><strong>Karina Macci\u00f3<\/strong><\/p>\n<p>&nbsp;<\/p>\n<p class=\"plano\"><span style=\"text-decoration: underline;\"><strong>Contenido sobre\u00a0orillas de la luz<\/strong><\/span><\/p>\n<p class=\"plano\"><ul class = \"posts-by-tag-list\"><li class=\"posts-by-tag-item Carlos Flores orillas de la luz\" id=\"posts-by-tag-item-7578\"><a class = \"posts-by-tag-item-title\" href=\"https:\/\/viajeraeditorial.ar\/blog\/2019\/01\/imaginaria-noche-carlos-flores-2\/\">Imaginaria noche * Carlos Flores<\/a><\/li><li class=\"posts-by-tag-item Carlos Flores orillas de la luz\" id=\"posts-by-tag-item-7192\"><a class = \"posts-by-tag-item-title\" href=\"https:\/\/viajeraeditorial.ar\/blog\/2018\/08\/amo-tus-manos-carlos-flores\/\">amo tus manos * Carlos Flores<\/a><\/li><li class=\"posts-by-tag-item Carlos Flores orillas de la luz\" id=\"posts-by-tag-item-6774\"><a class = \"posts-by-tag-item-title\" href=\"https:\/\/viajeraeditorial.ar\/blog\/2018\/02\/6774\/\">Si pudiera caminar contra el viento * Carlos Flores<\/a><\/li><li class=\"posts-by-tag-item Desmonte Fragmentos del fin La Playa orillas de la luz Seresa Sol en Leo\" id=\"posts-by-tag-item-6681\"><a class = \"posts-by-tag-item-title\" href=\"https:\/\/viajeraeditorial.ar\/blog\/2017\/12\/combos-navidenos-libros-para-regalar-estas-fiestas\/\">Combos navide\u00f1os * libros para regalar estas fiestas<\/a><\/li><li class=\"posts-by-tag-item Carlos Flores orillas de la luz\" id=\"posts-by-tag-item-6043\"><a class = \"posts-by-tag-item-title\" href=\"https:\/\/viajeraeditorial.ar\/blog\/2017\/01\/que-hay-de-mi-carlos-flores\/\">qu\u00e9 hay de m\u00ed * Carlos Flores<\/a><\/li><\/ul><\/p>\n","protected":false},"excerpt":{"rendered":"<p>Carlos Flores, 2016 ISBN: 978-987-3719-17-2 72 p. orillas de la luz tiene la virtud de sorprender en cada poema con un tono y una forma nueva. Desde la nostalgia, la melancol\u00eda, la alegr\u00eda o la exaltaci\u00f3n, este libro de Carlos Flores me lleva de paseo por sitios que poco a poco se me vuelven familiares. [&hellip;]<\/p>\n","protected":false},"author":4,"featured_media":0,"parent":30,"menu_order":9,"comment_status":"closed","ping_status":"closed","template":"","meta":[],"_links":{"self":[{"href":"https:\/\/viajeraeditorial.ar\/blog\/wp-json\/wp\/v2\/pages\/6021"}],"collection":[{"href":"https:\/\/viajeraeditorial.ar\/blog\/wp-json\/wp\/v2\/pages"}],"about":[{"href":"https:\/\/viajeraeditorial.ar\/blog\/wp-json\/wp\/v2\/types\/page"}],"author":[{"embeddable":true,"href":"https:\/\/viajeraeditorial.ar\/blog\/wp-json\/wp\/v2\/users\/4"}],"replies":[{"embeddable":true,"href":"https:\/\/viajeraeditorial.ar\/blog\/wp-json\/wp\/v2\/comments?post=6021"}],"version-history":[{"count":2,"href":"https:\/\/viajeraeditorial.ar\/blog\/wp-json\/wp\/v2\/pages\/6021\/revisions"}],"predecessor-version":[{"id":6024,"href":"https:\/\/viajeraeditorial.ar\/blog\/wp-json\/wp\/v2\/pages\/6021\/revisions\/6024"}],"up":[{"embeddable":true,"href":"https:\/\/viajeraeditorial.ar\/blog\/wp-json\/wp\/v2\/pages\/30"}],"wp:attachment":[{"href":"https:\/\/viajeraeditorial.ar\/blog\/wp-json\/wp\/v2\/media?parent=6021"}],"curies":[{"name":"wp","href":"https:\/\/api.w.org\/{rel}","templated":true}]}}