{"id":6085,"date":"2017-02-09T20:03:31","date_gmt":"2017-02-09T23:03:31","guid":{"rendered":"http:\/\/www.viajeraeditorial.com.ar\/?page_id=6085"},"modified":"2020-11-02T21:07:47","modified_gmt":"2020-11-03T00:07:47","slug":"carlos-flores","status":"publish","type":"page","link":"https:\/\/viajeraeditorial.ar\/blog\/catalogo\/carlos-flores\/","title":{"rendered":"Carlos Flores"},"content":{"rendered":"<p style=\"text-align: justify;\">Vive desde siempre en la ciudad de Corrientes, naci\u00f3 en 1967. Particip\u00f3 del Taller Literario Koey\u00fa, realiz\u00f3 lecturas en eventos locales, le\u00ed en la Feria Provincial del L<img loading=\"lazy\" class=\"wp-image-6086 alignright\" src=\"http:\/\/www.viajeraeditorial.ar\/blog\/wp-content\/uploads\/2017\/02\/dscn3263-632x843.jpg\" alt=\"DSCN3263\" width=\"246\" height=\"328\" srcset=\"https:\/\/viajeraeditorial.ar\/blog\/wp-content\/uploads\/2017\/02\/dscn3263-632x843.jpg 632w, https:\/\/viajeraeditorial.ar\/blog\/wp-content\/uploads\/2017\/02\/dscn3263-1020x1360.jpg 1020w, https:\/\/viajeraeditorial.ar\/blog\/wp-content\/uploads\/2017\/02\/dscn3263-257x343.jpg 257w, https:\/\/viajeraeditorial.ar\/blog\/wp-content\/uploads\/2017\/02\/dscn3263-350x467.jpg 350w\" sizes=\"(max-width: 246px) 100vw, 246px\" \/>ibro 2014 y 2015. Particip\u00f3 en Feria\u00a0Internacional del Libro de Buenos Aires 2015 invitado a lecturas y publicaciones por Siempre de Viaje literatura en progreso.<br \/>\nPoes\u00edas y cuentos suyos fueron antologados, Palabras entre el centeno, Bajo la luz de la poes\u00eda y La vida es verso (Centro de Estudios Po\u00e9ticos, Espa\u00f1a, 2012 y 2013 y 2014), Letras sin nombre, Cazuela y Viaj\u00e1 conmigo (Dunken 2013 y 2014).<br \/>\nAdem\u00e1s recibi\u00f3 los premios: \u00a0Premio CCU-UNNE Letras 2014 Menciones en poes\u00eda, II Concurso Literario \u201cPocha Semper\u201d 2013 Menci\u00f3n en cuento, III Concurso Literario \u201cPocha Semper\u201d 2014, Primer Premio en poes\u00eda y Tercer Premio en cuento.<\/p>\n<p><strong><span style=\"text-decoration: underline;\">En Viajera<\/span><\/strong><\/p>\n<p style=\"padding-left: 30px;\">\u00a0<img loading=\"lazy\" class=\"wp-image-6022 alignnone\" src=\"http:\/\/www.viajeraeditorial.ar\/blog\/wp-content\/uploads\/2017\/01\/sin-titulo-e1485391706489.jpg\" alt=\"Sin t\u00edtulo\" width=\"13\" height=\"20\" \/><a href=\"http:\/\/www.viajeraeditorial.ar\/blog\/descubrir\/orillas-de-la-luz\/\">orillas de la luz<\/a> (<a href=\"http:\/\/www.viajeraeditorial.ar\/blog\/descubrir\/\">Descubrir<\/a>, 2016)<\/p>\n<p><strong><span style=\"text-decoration: underline;\">Contenido sobre\u00a0Carlos<\/span><\/strong><\/p>\n<ul class = \"posts-by-tag-list\"><li class=\"posts-by-tag-item Carlos Flores orillas de la luz\" id=\"posts-by-tag-item-7578\"><a class = \"posts-by-tag-item-title\" href=\"https:\/\/viajeraeditorial.ar\/blog\/2019\/01\/imaginaria-noche-carlos-flores-2\/\">Imaginaria noche * Carlos Flores<\/a><\/li><li class=\"posts-by-tag-item Carlos Flores orillas de la luz\" id=\"posts-by-tag-item-7192\"><a class = \"posts-by-tag-item-title\" href=\"https:\/\/viajeraeditorial.ar\/blog\/2018\/08\/amo-tus-manos-carlos-flores\/\">amo tus manos * Carlos Flores<\/a><\/li><li class=\"posts-by-tag-item Carlos Flores orillas de la luz\" id=\"posts-by-tag-item-6774\"><a class = \"posts-by-tag-item-title\" href=\"https:\/\/viajeraeditorial.ar\/blog\/2018\/02\/6774\/\">Si pudiera caminar contra el viento * Carlos Flores<\/a><\/li><li class=\"posts-by-tag-item Carlos Flores\" id=\"posts-by-tag-item-6563\"><a class = \"posts-by-tag-item-title\" href=\"https:\/\/viajeraeditorial.ar\/blog\/2017\/10\/otro-comentario-carlos-flores\/\">Otro comentario * Carlos Flores<\/a><\/li><li class=\"posts-by-tag-item Carlos Flores orillas de la luz\" id=\"posts-by-tag-item-6043\"><a class = \"posts-by-tag-item-title\" href=\"https:\/\/viajeraeditorial.ar\/blog\/2017\/01\/que-hay-de-mi-carlos-flores\/\">qu\u00e9 hay de m\u00ed * Carlos Flores<\/a><\/li><li class=\"posts-by-tag-item Carlos Flores Portada\" id=\"posts-by-tag-item-5276\"><a class = \"posts-by-tag-item-title\" href=\"https:\/\/viajeraeditorial.ar\/blog\/2016\/10\/imaginaria-noche-carlos-flores\/\">Imaginaria noche * Carlos Flores<\/a><\/li><li class=\"posts-by-tag-item Carlos Flores Portada\" id=\"posts-by-tag-item-5284\"><a class = \"posts-by-tag-item-title\" href=\"https:\/\/viajeraeditorial.ar\/blog\/2016\/05\/mas-alla-de-las-formas-carlos-flores\/\">m\u00e1s all\u00e1 de las formas * Carlos Flores<\/a><\/li><li class=\"posts-by-tag-item Carlos Flores Portada\" id=\"posts-by-tag-item-5375\"><a class = \"posts-by-tag-item-title\" href=\"https:\/\/viajeraeditorial.ar\/blog\/2016\/04\/carlos-flores-en-el-ii-festival-de-poesia-correntino-digo-los-nombres\/\">Carlos Flores en el II Festival de poes\u00eda correntino Digo los nombres<\/a><\/li><li class=\"posts-by-tag-item Carlos Flores Portada\" id=\"posts-by-tag-item-5281\"><a class = \"posts-by-tag-item-title\" href=\"https:\/\/viajeraeditorial.ar\/blog\/2016\/03\/no-te-vi-carlos-flores\/\">No te vi * Carlos Flores<\/a><\/li><li class=\"posts-by-tag-item Carlos Flores Portada\" id=\"posts-by-tag-item-5273\"><a class = \"posts-by-tag-item-title\" href=\"https:\/\/viajeraeditorial.ar\/blog\/2016\/01\/la-primera-vez-carlos-flores\/\">La primera vez * Carlos Flores<\/a><\/li><\/ul>\n","protected":false},"excerpt":{"rendered":"<p>Vive desde siempre en la ciudad de Corrientes, naci\u00f3 en 1967. Particip\u00f3 del Taller Literario Koey\u00fa, realiz\u00f3 lecturas en eventos locales, le\u00ed en la Feria Provincial del Libro 2014 y 2015. Particip\u00f3 en Feria\u00a0Internacional del Libro de Buenos Aires 2015 invitado a lecturas y publicaciones por Siempre de Viaje literatura en progreso. Poes\u00edas y cuentos [&hellip;]<\/p>\n","protected":false},"author":4,"featured_media":0,"parent":8710,"menu_order":0,"comment_status":"closed","ping_status":"open","template":"","meta":[],"_links":{"self":[{"href":"https:\/\/viajeraeditorial.ar\/blog\/wp-json\/wp\/v2\/pages\/6085"}],"collection":[{"href":"https:\/\/viajeraeditorial.ar\/blog\/wp-json\/wp\/v2\/pages"}],"about":[{"href":"https:\/\/viajeraeditorial.ar\/blog\/wp-json\/wp\/v2\/types\/page"}],"author":[{"embeddable":true,"href":"https:\/\/viajeraeditorial.ar\/blog\/wp-json\/wp\/v2\/users\/4"}],"replies":[{"embeddable":true,"href":"https:\/\/viajeraeditorial.ar\/blog\/wp-json\/wp\/v2\/comments?post=6085"}],"version-history":[{"count":2,"href":"https:\/\/viajeraeditorial.ar\/blog\/wp-json\/wp\/v2\/pages\/6085\/revisions"}],"predecessor-version":[{"id":6089,"href":"https:\/\/viajeraeditorial.ar\/blog\/wp-json\/wp\/v2\/pages\/6085\/revisions\/6089"}],"up":[{"embeddable":true,"href":"https:\/\/viajeraeditorial.ar\/blog\/wp-json\/wp\/v2\/pages\/8710"}],"wp:attachment":[{"href":"https:\/\/viajeraeditorial.ar\/blog\/wp-json\/wp\/v2\/media?parent=6085"}],"curies":[{"name":"wp","href":"https:\/\/api.w.org\/{rel}","templated":true}]}}