{"id":6235,"date":"2017-04-30T14:58:13","date_gmt":"2017-04-30T17:58:13","guid":{"rendered":"http:\/\/www.viajeraeditorial.com.ar\/?page_id=6235"},"modified":"2017-07-18T08:07:18","modified_gmt":"2017-07-18T11:07:18","slug":"paternidad-se-estrena","status":"publish","type":"page","link":"https:\/\/viajeraeditorial.ar\/blog\/descubrir\/paternidad-se-estrena\/","title":{"rendered":"Paternidad se estrena"},"content":{"rendered":"<p><a href=\"http:\/\/www.viajeraeditorial.ar\/blog\/autores\/javier-pizarro\/ \"><img loading=\"lazy\" class=\"alignleft wp-image-6236\" src=\"http:\/\/www.viajeraeditorial.ar\/blog\/wp-content\/uploads\/2017\/04\/paternidad.jpg\" alt=\"paternidad\" width=\"382\" height=\"545\" srcset=\"https:\/\/viajeraeditorial.ar\/blog\/wp-content\/uploads\/2017\/04\/paternidad.jpg 592w, https:\/\/viajeraeditorial.ar\/blog\/wp-content\/uploads\/2017\/04\/paternidad-257x366.jpg 257w, https:\/\/viajeraeditorial.ar\/blog\/wp-content\/uploads\/2017\/04\/paternidad-350x499.jpg 350w\" sizes=\"(max-width: 382px) 100vw, 382px\" \/><\/a><a href=\"http:\/\/www.viajeraeditorial.ar\/blog\/autores\/javier-pizarro\/\">Javier Pizarro<\/a>, 2017.<br \/>\nISBN: 978-987-3719-29-5<br \/>\n160 p.<\/p>\n<p>&nbsp;<\/p>\n<p style=\"text-align: justify;\"><em>Paternidad se estrena<\/em> es una celebraci\u00f3n de la paternidad sin caer en lugares comunes, un libro escrito desde las entra\u00f1as y con el coraz\u00f3n, que tiene la fuerza del testimonio, mostrando con humor y fina iron\u00eda los claroscuros a los que se entregan los hombres cuando deciden tener un hijo. A partir de situaciones reales, a veces sacrificadas, otras tremendamente gratificantes, Javier Pizarro busca y logra una empat\u00eda con el lector, quien probablemente se sienta retratado, comprendido y hasta obtenga alg\u00fan buen consejo para lidiar con estos \u201ccachorros de humanos\u201d que llegaron para revolucionar nuestra vida. El momento de cambiar un pa\u00f1al por primera vez, de elegir la ropa, de capear un capricho; la cuesti\u00f3n de los mocos o del consumismo de los chicos, sus respuestas incisivas o ingenuas son algunos de los temas y de las desopilantes escenas que el autor va narrando, que nos llevan de a saltos a revisar nuestros recuerdos m\u00e1s personales. O a prepararnos para lo que est\u00e1 por venir.<br \/>\n<em>Paternidad se estrena<\/em> es un libro inteligente que se lee con una sonrisa en los labios.<\/p>\n<p style=\"text-align: right;\"><strong>Luciana Mantero<\/strong><\/p>\n<p>&nbsp;<\/p>\n<p>&nbsp;<\/p>\n<p><span style=\"text-decoration: underline;\"><strong>Contenido sobre\u00a0<em>Paternidad se estrena<\/em><\/strong><\/span><\/p>\n<ul class = \"posts-by-tag-list\"><li class=\"posts-by-tag-item Javier Pizarro Paternidad se estrena\" id=\"posts-by-tag-item-8009\"><a class = \"posts-by-tag-item-title\" href=\"https:\/\/viajeraeditorial.ar\/blog\/2019\/09\/el-que-con-ninos-juega-pierde-javier-pizarro\/\">El que con ni\u00f1os juega, pierde * Javier Pizarro<\/a><\/li><li class=\"posts-by-tag-item Javier Pizarro Paternidad se estrena\" id=\"posts-by-tag-item-7695\"><a class = \"posts-by-tag-item-title\" href=\"https:\/\/viajeraeditorial.ar\/blog\/2019\/03\/paternidad-se-estrena-nota-del-autor-javier-pizarro\/\">Paternidad se estrena: nota del autor * Javier Pizarro<\/a><\/li><li class=\"posts-by-tag-item Javier Pizarro Paternidad se estrena\" id=\"posts-by-tag-item-7242\"><a class = \"posts-by-tag-item-title\" href=\"https:\/\/viajeraeditorial.ar\/blog\/2018\/09\/paternidad-se-estrena-resena-en-leedor\/\">Paternidad se estrena * rese\u00f1a en Leedor<\/a><\/li><li class=\"posts-by-tag-item Javier Pizarro Paternidad se estrena\" id=\"posts-by-tag-item-7121\"><a class = \"posts-by-tag-item-title\" href=\"https:\/\/viajeraeditorial.ar\/blog\/2018\/06\/paternidad-se-estrena-en-revista-n\/\">Paternidad se estrena en Revista \u00d1<\/a><\/li><li class=\"posts-by-tag-item Javier Pizarro Paternidad se estrena\" id=\"posts-by-tag-item-7102\"><a class = \"posts-by-tag-item-title\" href=\"https:\/\/viajeraeditorial.ar\/blog\/2018\/05\/paternidad-se-estrena-presentacion-en-san-luis\/\">Paternidad se estrena * Presentaci\u00f3n en San Luis<\/a><\/li><li class=\"posts-by-tag-item Javier Pizarro Paternidad se estrena\" id=\"posts-by-tag-item-6755\"><a class = \"posts-by-tag-item-title\" href=\"https:\/\/viajeraeditorial.ar\/blog\/2018\/01\/el-dolor-se-hace-presente-si-no-ves-que-tenes-en-frente-javier-pizarro\/\">El dolor se hace presente, si no ves qu\u00e9 ten\u00e9s en frente  * Javier Pizarro<\/a><\/li><li class=\"posts-by-tag-item Javier Pizarro Paternidad se estrena\" id=\"posts-by-tag-item-6225\"><a class = \"posts-by-tag-item-title\" href=\"https:\/\/viajeraeditorial.ar\/blog\/2017\/04\/entrevista-a-javier-pizarro-en-am1010\/\">Entrevista a Javier Pizarro en AM1010<\/a><\/li><li class=\"posts-by-tag-item Javier Pizarro Paternidad se estrena\" id=\"posts-by-tag-item-6222\"><a class = \"posts-by-tag-item-title\" href=\"https:\/\/viajeraeditorial.ar\/blog\/2017\/04\/hoy-paternidad-se-estrena-de-javier-pizarro\/\">Hoy: Paternidad se estrena de Javier Pizarro<\/a><\/li><li class=\"posts-by-tag-item Javier Pizarro Paternidad se estrena\" id=\"posts-by-tag-item-6218\"><a class = \"posts-by-tag-item-title\" href=\"https:\/\/viajeraeditorial.ar\/blog\/2017\/04\/metodo-cientifico-contra-la-constipacion-de-un-bebe-javier-pizarro\/\">M\u00e9todo cient\u00edfico contra la constipaci\u00f3n de un beb\u00e9 * Javier Pizarro<\/a><\/li><li class=\"posts-by-tag-item Javier Pizarro Paternidad se estrena\" id=\"posts-by-tag-item-6208\"><a class = \"posts-by-tag-item-title\" href=\"https:\/\/viajeraeditorial.ar\/blog\/2017\/04\/como-ensenarle-a-un-infante-a-sonarse-la-nariz-javier-pizarro\/\">\u00bfC\u00f3mo ense\u00f1arle a un infante a sonarse la nariz? * Javier Pizarro<\/a><\/li><li class=\"posts-by-tag-item Javier Pizarro Paternidad se estrena\" id=\"posts-by-tag-item-6197\"><a class = \"posts-by-tag-item-title\" href=\"https:\/\/viajeraeditorial.ar\/blog\/2017\/04\/paternidad-se-estrena-presentacion-274\/\">Paternidad se estrena * Presentaci\u00f3n * 27\/4<\/a><\/li><\/ul>\n","protected":false},"excerpt":{"rendered":"<p>Javier Pizarro, 2017. ISBN: 978-987-3719-29-5 160 p. &nbsp; Paternidad se estrena es una celebraci\u00f3n de la paternidad sin caer en lugares comunes, un libro escrito desde las entra\u00f1as y con el coraz\u00f3n, que tiene la fuerza del testimonio, mostrando con humor y fina iron\u00eda los claroscuros a los que se entregan los hombres cuando deciden [&hellip;]<\/p>\n","protected":false},"author":4,"featured_media":0,"parent":30,"menu_order":22,"comment_status":"closed","ping_status":"closed","template":"","meta":[],"_links":{"self":[{"href":"https:\/\/viajeraeditorial.ar\/blog\/wp-json\/wp\/v2\/pages\/6235"}],"collection":[{"href":"https:\/\/viajeraeditorial.ar\/blog\/wp-json\/wp\/v2\/pages"}],"about":[{"href":"https:\/\/viajeraeditorial.ar\/blog\/wp-json\/wp\/v2\/types\/page"}],"author":[{"embeddable":true,"href":"https:\/\/viajeraeditorial.ar\/blog\/wp-json\/wp\/v2\/users\/4"}],"replies":[{"embeddable":true,"href":"https:\/\/viajeraeditorial.ar\/blog\/wp-json\/wp\/v2\/comments?post=6235"}],"version-history":[{"count":3,"href":"https:\/\/viajeraeditorial.ar\/blog\/wp-json\/wp\/v2\/pages\/6235\/revisions"}],"predecessor-version":[{"id":6375,"href":"https:\/\/viajeraeditorial.ar\/blog\/wp-json\/wp\/v2\/pages\/6235\/revisions\/6375"}],"up":[{"embeddable":true,"href":"https:\/\/viajeraeditorial.ar\/blog\/wp-json\/wp\/v2\/pages\/30"}],"wp:attachment":[{"href":"https:\/\/viajeraeditorial.ar\/blog\/wp-json\/wp\/v2\/media?parent=6235"}],"curies":[{"name":"wp","href":"https:\/\/api.w.org\/{rel}","templated":true}]}}