{"id":6241,"date":"2017-04-30T15:16:03","date_gmt":"2017-04-30T18:16:03","guid":{"rendered":"http:\/\/www.viajeraeditorial.com.ar\/?page_id=6241"},"modified":"2020-11-02T21:08:49","modified_gmt":"2020-11-03T00:08:49","slug":"javier-pizarro","status":"publish","type":"page","link":"https:\/\/viajeraeditorial.ar\/blog\/catalogo\/javier-pizarro\/","title":{"rendered":"Javier Pizarro"},"content":{"rendered":"<p style=\"text-align: justify;\"><img loading=\"lazy\" class=\"wp-image-6371 alignright\" src=\"http:\/\/www.viajeraeditorial.ar\/blog\/wp-content\/uploads\/2017\/04\/pizarroespiral-632x720.jpg\" alt=\"\" width=\"308\" height=\"351\" srcset=\"https:\/\/viajeraeditorial.ar\/blog\/wp-content\/uploads\/2017\/04\/pizarroespiral-632x720.jpg 632w, https:\/\/viajeraeditorial.ar\/blog\/wp-content\/uploads\/2017\/04\/pizarroespiral-768x874.jpg 768w, https:\/\/viajeraeditorial.ar\/blog\/wp-content\/uploads\/2017\/04\/pizarroespiral-1020x1161.jpg 1020w, https:\/\/viajeraeditorial.ar\/blog\/wp-content\/uploads\/2017\/04\/pizarroespiral-257x293.jpg 257w, https:\/\/viajeraeditorial.ar\/blog\/wp-content\/uploads\/2017\/04\/pizarroespiral-350x398.jpg 350w, https:\/\/viajeraeditorial.ar\/blog\/wp-content\/uploads\/2017\/04\/pizarroespiral.jpg 1177w\" sizes=\"(max-width: 308px) 100vw, 308px\" \/>Naci\u00f3 el 11 de marzo de 1973, en la ciudad chilena de Puente Alto. En 1975 emigr\u00f3 junto a sus padres y se radicaron en Argentina. Creci\u00f3 en distintos barrios de la zona oeste del conurbano bonaerense.<br \/>\nSus primeras producciones literarias tuvieron caracter\u00edsticas de gestas ed\u00edpicas y se abrieron lugar en su mundo a la temprana edad de seis a\u00f1os, cuando comenz\u00f3 a escribirle cartas a su madre.<br \/>\nCon el correr del tiempo, sigui\u00f3 perfeccionando el modelo de cartas, aunque luego las receptoras fueron algunas de sus compa\u00f1eras de primaria, quienes probablemente nunca conocieron al autor de las mismas, ya que Javier no firm\u00f3 carta alguna y opt\u00f3 por entregarlas a escondidas, dej\u00e1ndolas en bolsos, pupitres o por debajo de las puertas donde resid\u00edan las elegidas. Todo ese material est\u00e1 perdido.<br \/>\nCon la llegada de la adolescencia, el impulso por escribir cartas fue tomando colores po\u00e9ticos. A diferencia de su infancia, en esta nueva etapa ninguna de sus producciones lleg\u00f3 a manos de sus destinatarias.<br \/>\nExiste una vertiente hist\u00f3rica que reconoce el hecho de que estos ensayos po\u00e9ticos fueron mostrados a una profesora de literatura en tercer a\u00f1o de secundaria. La docente quiso encauzar toda esta expresi\u00f3n y fuerza literaria que ve\u00eda refulgir en el adolescente y sin dudarlo, le recomend\u00f3 que siguiera orientando su vocaci\u00f3n hacia las matem\u00e1ticas.<br \/>\nM\u00e1s tarde, mientras avanzaba en sus estudios de ingenier\u00eda, form\u00f3 con dos amigos de la adolescencia un grupo teatral, en el que cada uno agregaba una cuota extra personal por sobre la actuaci\u00f3n. Enfocados en llevar al escenario piezas preferentemente infantiles, Javier era el responsable de escribir los textos que m\u00e1s tarde representar\u00edan.<br \/>\nA esta tr\u00edada de habilidosos y multifac\u00e9ticos actores se uni\u00f3 como cuarto elemento el hermano de Javier, quien se encargaba de realizar el soporte t\u00e9cnico.<br \/>\nEl grupo se disolvi\u00f3, aunque no est\u00e1n claras las razones. No se sabe a ciencia cierta si fue porque las representaciones eran malas, porque las obras estaban mal escritas o porque su hermano ya no los soportaba. Las ligas de justicia literaria de la zona oeste se encargaron de hacer desaparecer todo el material producido en esta \u00e9poca de su vida.<br \/>\nPese al silencio en su discurso que supo guardar durante muchos a\u00f1os, su expresi\u00f3n volvi\u00f3 a tener fuerza de manera compulsiva luego del nacimiento de sus hijos. Primeramente en un blog y luego en facebook, fue volcando relatos sobre momentos vivenciados con sus v\u00e1stagos. Como punto distintivo se puede decir que en esta nueva etapa se muestra ignorante e irreverente con las reglas, las formas y los buenos usos que son parte de una escritura sana y coherente. Concentr\u00f3 todo este material para volcarlo su primer libro, Paternidad se estrena.<br \/>\nSe dice que el trabajo de cultivarlo en cuestiones literarias ha sido colosal.<br \/>\nMuchos reniegan sobre el resultado del mismo.<\/p>\n<p><strong><span style=\"text-decoration: underline;\">En Viajera<\/span><\/strong><\/p>\n<p style=\"padding-left: 30px;\"><img loading=\"lazy\" class=\"wp-image-6377 alignnone\" src=\"http:\/\/www.viajeraeditorial.ar\/blog\/wp-content\/uploads\/2017\/04\/paternidad-1.jpg\" alt=\"\" width=\"13\" height=\"20\" srcset=\"https:\/\/viajeraeditorial.ar\/blog\/wp-content\/uploads\/2017\/04\/paternidad-1.jpg 592w, https:\/\/viajeraeditorial.ar\/blog\/wp-content\/uploads\/2017\/04\/paternidad-1-100x150.jpg 100w, https:\/\/viajeraeditorial.ar\/blog\/wp-content\/uploads\/2017\/04\/paternidad-1-257x366.jpg 257w, https:\/\/viajeraeditorial.ar\/blog\/wp-content\/uploads\/2017\/04\/paternidad-1-350x499.jpg 350w\" sizes=\"(max-width: 13px) 100vw, 13px\" \/><a href=\"http:\/\/www.viajeraeditorial.ar\/blog\/descubrir\/paternidad-se-estrena\/\">Paternidad se estrena<\/a> (<a href=\"http:\/\/www.viajeraeditorial.ar\/blog\/descubrir\/\">Descubrir<\/a>, 2017)<\/p>\n<p><strong><span style=\"text-decoration: underline;\">Contenido sobre Javier<\/span><\/strong><\/p>\n<ul class = \"posts-by-tag-list\"><li class=\"posts-by-tag-item Javier Pizarro\" id=\"posts-by-tag-item-8155\"><a class = \"posts-by-tag-item-title\" href=\"https:\/\/viajeraeditorial.ar\/blog\/2021\/03\/quiero-correr-como-las-nubes-javier-pizarro\/\">quiero correr como las nubes * Javier Pizarro<\/a><\/li><li class=\"posts-by-tag-item Javier Pizarro\" id=\"posts-by-tag-item-8139\"><a class = \"posts-by-tag-item-title\" href=\"https:\/\/viajeraeditorial.ar\/blog\/2020\/09\/miedo-javier-pizarro\/\">Miedo * Javier Pizarro<\/a><\/li><li class=\"posts-by-tag-item Javier Pizarro\" id=\"posts-by-tag-item-8151\"><a class = \"posts-by-tag-item-title\" href=\"https:\/\/viajeraeditorial.ar\/blog\/2020\/05\/la-sombra-no-sana-javier-pizarro\/\">la sombra no sana * Javier Pizarro<\/a><\/li><li class=\"posts-by-tag-item Javier Pizarro\" id=\"posts-by-tag-item-8158\"><a class = \"posts-by-tag-item-title\" href=\"https:\/\/viajeraeditorial.ar\/blog\/2020\/03\/ahora-llueve-javier-pizarro\/\">Ahora llueve * Javier Pizarro<\/a><\/li><li class=\"posts-by-tag-item Javier Pizarro\" id=\"posts-by-tag-item-8160\"><a class = \"posts-by-tag-item-title\" href=\"https:\/\/viajeraeditorial.ar\/blog\/2020\/02\/dame-una-excusa-javier-pizarro\/\">Dame una excusa * Javier Pizarro<\/a><\/li><li class=\"posts-by-tag-item Javier Pizarro Un a\u00f1o de sensaciones\" id=\"posts-by-tag-item-8233\"><a class = \"posts-by-tag-item-title\" href=\"https:\/\/viajeraeditorial.ar\/blog\/2020\/01\/javier-pizarro-en-un-ano-de-sensaciones\/\">Javier Pizarro en Un a\u00f1o de sensaciones<\/a><\/li><li class=\"posts-by-tag-item Javier Pizarro\" id=\"posts-by-tag-item-8148\"><a class = \"posts-by-tag-item-title\" href=\"https:\/\/viajeraeditorial.ar\/blog\/2019\/11\/no-soy-sangre-javier-pizarro\/\">No soy sangre * Javier Pizarro<\/a><\/li><li class=\"posts-by-tag-item Javier Pizarro Paternidad se estrena\" id=\"posts-by-tag-item-8009\"><a class = \"posts-by-tag-item-title\" href=\"https:\/\/viajeraeditorial.ar\/blog\/2019\/09\/el-que-con-ninos-juega-pierde-javier-pizarro\/\">El que con ni\u00f1os juega, pierde * Javier Pizarro<\/a><\/li><li class=\"posts-by-tag-item Javier Pizarro Paternidad se estrena\" id=\"posts-by-tag-item-7695\"><a class = \"posts-by-tag-item-title\" href=\"https:\/\/viajeraeditorial.ar\/blog\/2019\/03\/paternidad-se-estrena-nota-del-autor-javier-pizarro\/\">Paternidad se estrena: nota del autor * Javier Pizarro<\/a><\/li><li class=\"posts-by-tag-item Alicia Saliva Javier Pizarro Me deja dicha\" id=\"posts-by-tag-item-7464\"><a class = \"posts-by-tag-item-title\" href=\"https:\/\/viajeraeditorial.ar\/blog\/2018\/12\/sobre-me-deja-dicha-por-javier-pizarro\/\">Sobre Me deja dicha * por Javier Pizarro<\/a><\/li><li class=\"posts-by-tag-item Javier Pizarro Paternidad se estrena\" id=\"posts-by-tag-item-7242\"><a class = \"posts-by-tag-item-title\" href=\"https:\/\/viajeraeditorial.ar\/blog\/2018\/09\/paternidad-se-estrena-resena-en-leedor\/\">Paternidad se estrena * rese\u00f1a en Leedor<\/a><\/li><li class=\"posts-by-tag-item Javier Pizarro\" id=\"posts-by-tag-item-6858\"><a class = \"posts-by-tag-item-title\" href=\"https:\/\/viajeraeditorial.ar\/blog\/2018\/06\/extrano-javier-pizarro\/\">Extra\u00f1o * Javier Pizarro<\/a><\/li><li class=\"posts-by-tag-item Javier Pizarro Paternidad se estrena\" id=\"posts-by-tag-item-7121\"><a class = \"posts-by-tag-item-title\" href=\"https:\/\/viajeraeditorial.ar\/blog\/2018\/06\/paternidad-se-estrena-en-revista-n\/\">Paternidad se estrena en Revista \u00d1<\/a><\/li><li class=\"posts-by-tag-item Javier Pizarro Paternidad se estrena\" id=\"posts-by-tag-item-7102\"><a class = \"posts-by-tag-item-title\" href=\"https:\/\/viajeraeditorial.ar\/blog\/2018\/05\/paternidad-se-estrena-presentacion-en-san-luis\/\">Paternidad se estrena * Presentaci\u00f3n en San Luis<\/a><\/li><li class=\"posts-by-tag-item Andrea Larrieu Eugenia Coiro Franco Vignatti Javier Pizarro Karina Macci\u00f3 Marcela Manuel\" id=\"posts-by-tag-item-6929\"><a class = \"posts-by-tag-item-title\" href=\"https:\/\/viajeraeditorial.ar\/blog\/2018\/04\/viajera-en-leer-literatura-en-el-rio-2018\/\">Viajera en LEER - Literatura en el r\u00edo 2018<\/a><\/li><li class=\"posts-by-tag-item Javier Pizarro\" id=\"posts-by-tag-item-6855\"><a class = \"posts-by-tag-item-title\" href=\"https:\/\/viajeraeditorial.ar\/blog\/2018\/03\/escribo-mas-javier-pizarro\/\">Escribo m\u00e1s * Javier Pizarro<\/a><\/li><li class=\"posts-by-tag-item Javier Pizarro Paternidad se estrena\" id=\"posts-by-tag-item-6755\"><a class = \"posts-by-tag-item-title\" href=\"https:\/\/viajeraeditorial.ar\/blog\/2018\/01\/el-dolor-se-hace-presente-si-no-ves-que-tenes-en-frente-javier-pizarro\/\">El dolor se hace presente, si no ves qu\u00e9 ten\u00e9s en frente  * Javier Pizarro<\/a><\/li><li class=\"posts-by-tag-item Axel Levin Cristina Eseiza Gloria Candioti Javier Pizarro Lorena Suez\" id=\"posts-by-tag-item-6650\"><a class = \"posts-by-tag-item-title\" href=\"https:\/\/viajeraeditorial.ar\/blog\/2017\/12\/escucha-viajeros-en-la-luna-enlozada\/\">Escuch\u00e1 viajeros en la Luna Enlozada<\/a><\/li><li class=\"posts-by-tag-item Axel Levin Cristina Eseiza Gloria Candioti Javier Pizarro Lorena Suez\" id=\"posts-by-tag-item-6641\"><a class = \"posts-by-tag-item-title\" href=\"https:\/\/viajeraeditorial.ar\/blog\/2017\/11\/eseiza-candioti-pizarro-levin-y-suez-en-luna-enlozada-2311\/\">Eseiza, Candioti, Pizarro, Levin y Suez en Luna Enlozada * 23\/11<\/a><\/li><li class=\"posts-by-tag-item CAOS Javier Pizarro\" id=\"posts-by-tag-item-6572\"><a class = \"posts-by-tag-item-title\" href=\"https:\/\/viajeraeditorial.ar\/blog\/2017\/10\/caos-javier-pizarro\/\">[CAOS] * Javier Pizarro<\/a><\/li><li class=\"posts-by-tag-item Javier Pizarro Minuto Fant\u00e1stico\" id=\"posts-by-tag-item-6451\"><a class = \"posts-by-tag-item-title\" href=\"https:\/\/viajeraeditorial.ar\/blog\/2017\/08\/javier-pizarro-minuto-fantastico\/\">Javier Pizarro * Minuto Fant\u00e1stico<\/a><\/li><li class=\"posts-by-tag-item Javier Pizarro Paternidad se estrena\" id=\"posts-by-tag-item-6225\"><a class = \"posts-by-tag-item-title\" href=\"https:\/\/viajeraeditorial.ar\/blog\/2017\/04\/entrevista-a-javier-pizarro-en-am1010\/\">Entrevista a Javier Pizarro en AM1010<\/a><\/li><li class=\"posts-by-tag-item Javier Pizarro Paternidad se estrena\" id=\"posts-by-tag-item-6222\"><a class = \"posts-by-tag-item-title\" href=\"https:\/\/viajeraeditorial.ar\/blog\/2017\/04\/hoy-paternidad-se-estrena-de-javier-pizarro\/\">Hoy: Paternidad se estrena de Javier Pizarro<\/a><\/li><li class=\"posts-by-tag-item Javier Pizarro Paternidad se estrena\" id=\"posts-by-tag-item-6218\"><a class = \"posts-by-tag-item-title\" href=\"https:\/\/viajeraeditorial.ar\/blog\/2017\/04\/metodo-cientifico-contra-la-constipacion-de-un-bebe-javier-pizarro\/\">M\u00e9todo cient\u00edfico contra la constipaci\u00f3n de un beb\u00e9 * Javier Pizarro<\/a><\/li><li class=\"posts-by-tag-item Javier Pizarro Paternidad se estrena\" id=\"posts-by-tag-item-6208\"><a class = \"posts-by-tag-item-title\" href=\"https:\/\/viajeraeditorial.ar\/blog\/2017\/04\/como-ensenarle-a-un-infante-a-sonarse-la-nariz-javier-pizarro\/\">\u00bfC\u00f3mo ense\u00f1arle a un infante a sonarse la nariz? * Javier Pizarro<\/a><\/li><li class=\"posts-by-tag-item Javier Pizarro Paternidad se estrena\" id=\"posts-by-tag-item-6197\"><a class = \"posts-by-tag-item-title\" href=\"https:\/\/viajeraeditorial.ar\/blog\/2017\/04\/paternidad-se-estrena-presentacion-274\/\">Paternidad se estrena * Presentaci\u00f3n * 27\/4<\/a><\/li><li class=\"posts-by-tag-item Javier Pizarro\" id=\"posts-by-tag-item-5554\"><a class = \"posts-by-tag-item-title\" href=\"https:\/\/viajeraeditorial.ar\/blog\/2016\/10\/forjar-javier-pizarro\/\">Forjar * Javier Pizarro<\/a><\/li><li class=\"posts-by-tag-item Javier Pizarro\" id=\"posts-by-tag-item-5550\"><a class = \"posts-by-tag-item-title\" href=\"https:\/\/viajeraeditorial.ar\/blog\/2016\/08\/chau-vesicula-javier-pizarro\/\">Chau ves\u00edcula * Javier Pizarro<\/a><\/li><li class=\"posts-by-tag-item Javier Pizarro\" id=\"posts-by-tag-item-5558\"><a class = \"posts-by-tag-item-title\" href=\"https:\/\/viajeraeditorial.ar\/blog\/2016\/07\/un-mosquito-javier-pizarro\/\">un mosquito * Javier Pizarro<\/a><\/li><li class=\"posts-by-tag-item Javier Pizarro Portada\" id=\"posts-by-tag-item-5392\"><a class = \"posts-by-tag-item-title\" href=\"https:\/\/viajeraeditorial.ar\/blog\/2016\/06\/homo-reflexus-javier-pizarro\/\">Homo-reflexus * Javier pizarro<\/a><\/li><li class=\"posts-by-tag-item Javier Pizarro Portada\" id=\"posts-by-tag-item-5395\"><a class = \"posts-by-tag-item-title\" href=\"https:\/\/viajeraeditorial.ar\/blog\/2016\/05\/la-sexualidad-de-lucia-javier-pizarro\/\">La sexualidad de Luc\u00eda * Javier Pizarro<\/a><\/li><li class=\"posts-by-tag-item Javier Pizarro Portada\" id=\"posts-by-tag-item-5398\"><a class = \"posts-by-tag-item-title\" href=\"https:\/\/viajeraeditorial.ar\/blog\/2016\/05\/plastilina-javier-pizarro\/\">Plastilina * Javier Pizarro<\/a><\/li><\/ul>\n","protected":false},"excerpt":{"rendered":"<p>Naci\u00f3 el 11 de marzo de 1973, en la ciudad chilena de Puente Alto. En 1975 emigr\u00f3 junto a sus padres y se radicaron en Argentina. Creci\u00f3 en distintos barrios de la zona oeste del conurbano bonaerense. Sus primeras producciones literarias tuvieron caracter\u00edsticas de gestas ed\u00edpicas y se abrieron lugar en su mundo a la [&hellip;]<\/p>\n","protected":false},"author":4,"featured_media":0,"parent":8710,"menu_order":0,"comment_status":"closed","ping_status":"open","template":"","meta":[],"_links":{"self":[{"href":"https:\/\/viajeraeditorial.ar\/blog\/wp-json\/wp\/v2\/pages\/6241"}],"collection":[{"href":"https:\/\/viajeraeditorial.ar\/blog\/wp-json\/wp\/v2\/pages"}],"about":[{"href":"https:\/\/viajeraeditorial.ar\/blog\/wp-json\/wp\/v2\/types\/page"}],"author":[{"embeddable":true,"href":"https:\/\/viajeraeditorial.ar\/blog\/wp-json\/wp\/v2\/users\/4"}],"replies":[{"embeddable":true,"href":"https:\/\/viajeraeditorial.ar\/blog\/wp-json\/wp\/v2\/comments?post=6241"}],"version-history":[{"count":4,"href":"https:\/\/viajeraeditorial.ar\/blog\/wp-json\/wp\/v2\/pages\/6241\/revisions"}],"predecessor-version":[{"id":6378,"href":"https:\/\/viajeraeditorial.ar\/blog\/wp-json\/wp\/v2\/pages\/6241\/revisions\/6378"}],"up":[{"embeddable":true,"href":"https:\/\/viajeraeditorial.ar\/blog\/wp-json\/wp\/v2\/pages\/8710"}],"wp:attachment":[{"href":"https:\/\/viajeraeditorial.ar\/blog\/wp-json\/wp\/v2\/media?parent=6241"}],"curies":[{"name":"wp","href":"https:\/\/api.w.org\/{rel}","templated":true}]}}