{"id":6384,"date":"2017-07-20T08:30:07","date_gmt":"2017-07-20T11:30:07","guid":{"rendered":"http:\/\/www.viajeraeditorial.com.ar\/?page_id=6384"},"modified":"2017-07-20T08:30:07","modified_gmt":"2017-07-20T11:30:07","slug":"la-fauna-de-un-topacio","status":"publish","type":"page","link":"https:\/\/viajeraeditorial.ar\/blog\/explorar\/la-fauna-de-un-topacio\/","title":{"rendered":"La fauna de un topacio"},"content":{"rendered":"<p><a href=\"http:\/\/www.viajeraeditorial.ar\/blog\/wp-content\/uploads\/2015\/05\/aguaotapa.jpg\"><img loading=\"lazy\" class=\"wp-image-6382 alignleft\" src=\"http:\/\/www.viajeraeditorial.ar\/blog\/wp-content\/uploads\/2015\/03\/fauna-e1500462672459.jpg\" alt=\"\" width=\"353\" height=\"533\" \/><\/a><a href=\"http:\/\/www.viajeraeditorial.ar\/blog\/autores\/nestor-cheb-terrab\/\">N\u00e9stor Cheb Terrab<\/a>, 2017.<br \/>\nISBN: 978-987-3719-28-8<br \/>\n128 p.<\/p>\n<p>&nbsp;<\/p>\n<p>La precisi\u00f3n en la poes\u00eda es un arte dif\u00edcil de lograr, \u00abLo importante en el lenguaje es la precisi\u00f3n\u00bb afirmaba certeramente Paul Celan. Cada palabra tiene su peso, y cada nombre su destino. El espacio hace su parte, la lucha ante el abismo de no decir nada y caer. Es un riesgo que siempre se corre en la poes\u00eda: el vac\u00edo, el silencio, el rigor. En <em>La fauna de un topacio<\/em> la precisi\u00f3n es justamente el eje central de todo el libro. Cada verso viaja como un r\u00edo controlado, se adentra a los interiores del esp\u00edritu, y va dejando en su constante movimiento la graf\u00eda inusitada de un vuelo inesperado. El poeta viaja, las palabras viajan, y cierran un c\u00edrculo en cada morada. El poeta dice maravillado: \u00abel glaciar es un p\u00e1jaro\u00bb y recombina palabras de otros cielos aparentes, arenas rojas, l\u00edneas de nazca, urubamba, el r\u00edo de la dicha, otro imperio, gotas que viajan. Lo breve, lo preciso, lacrado aqu\u00ed en esta planicie no funciona como la imposibilidad de abarcarlo todo, sino m\u00e1s bien \u00a0como un rigor verbal que porta sentido a lo que nombra. Aqu\u00ed la fauna es un zool\u00f3gico verbal, geolog\u00eda de lo exacto, h\u00e1bitat de lo cotidiano, sol de oro. As\u00ed, plenamente este libro lo confirma.<\/p>\n<p style=\"text-align: right;\">Miguel \u00c1ngel Zapata<\/p>\n<p><span style=\"text-decoration: underline;\"><strong>Contenido sobre\u00a0La fauna de un topacio<\/strong><\/span><\/p>\n<ul class = \"posts-by-tag-list\"><li class=\"posts-by-tag-item La fauna de un topacio N\u00e9stor Cheb Terrab\" id=\"posts-by-tag-item-8266\"><a class = \"posts-by-tag-item-title\" href=\"https:\/\/viajeraeditorial.ar\/blog\/2020\/01\/dice-que-sus-ojos-nestor-cheb-terrab\/\">dice que sus ojos * N\u00e9stor Cheb Terrab<\/a><\/li><li class=\"posts-by-tag-item La fauna de un topacio N\u00e9stor Cheb Terrab\" id=\"posts-by-tag-item-7894\"><a class = \"posts-by-tag-item-title\" href=\"https:\/\/viajeraeditorial.ar\/blog\/2019\/06\/el-viento-nestor-cheb-terrab\/\">el viento * N\u00e9stor Cheb Terrab<\/a><\/li><li class=\"posts-by-tag-item La fauna de un topacio N\u00e9stor Cheb Terrab\" id=\"posts-by-tag-item-7729\"><a class = \"posts-by-tag-item-title\" href=\"https:\/\/viajeraeditorial.ar\/blog\/2019\/03\/nestor-cheb-terrab-en-el-festival-internacional-de-poesia-de-mar-del-plata\/\">N\u00e9stor Cheb Terrab en el Festival Internacional de Poes\u00eda de Mar del Plata<\/a><\/li><li class=\"posts-by-tag-item La fauna de un topacio N\u00e9stor Cheb Terrab\" id=\"posts-by-tag-item-7592\"><a class = \"posts-by-tag-item-title\" href=\"https:\/\/viajeraeditorial.ar\/blog\/2019\/02\/me-acerco-al-reves-nestor-cheb-terrab\/\">me acerco al rev\u00e9s * N\u00e9stor Cheb Terrab<\/a><\/li><li class=\"posts-by-tag-item La fauna de un topacio N\u00e9stor Cheb Terrab\" id=\"posts-by-tag-item-7543\"><a class = \"posts-by-tag-item-title\" href=\"https:\/\/viajeraeditorial.ar\/blog\/2019\/01\/destellos-de-simultaneidad-nestor-cheb-terrab\/\">destellos de simultaneidad * N\u00e9stor Cheb Terrab<\/a><\/li><li class=\"posts-by-tag-item La fauna de un topacio N\u00e9stor Cheb Terrab\" id=\"posts-by-tag-item-7360\"><a class = \"posts-by-tag-item-title\" href=\"https:\/\/viajeraeditorial.ar\/blog\/2018\/10\/atrapado-nestor-cheb-terrab\/\">atrapado * N\u00e9stor Cheb Terrab<\/a><\/li><li class=\"posts-by-tag-item La fauna de un topacio N\u00e9stor Cheb Terrab\" id=\"posts-by-tag-item-7327\"><a class = \"posts-by-tag-item-title\" href=\"https:\/\/viajeraeditorial.ar\/blog\/2018\/09\/hay-cometas-exoticos-nestor-cheb-terrab\/\">hay cometas ex\u00f3ticos * N\u00e9stor Cheb Terrab<\/a><\/li><li class=\"posts-by-tag-item La fauna de un topacio N\u00e9stor Cheb Terrab\" id=\"posts-by-tag-item-6893\"><a class = \"posts-by-tag-item-title\" href=\"https:\/\/viajeraeditorial.ar\/blog\/2018\/03\/pinto-resena-a-cheb-terrab-en-solo-tempestad\/\">Pinto rese\u00f1a a Cheb Terrab en Solo Tempestad<\/a><\/li><li class=\"posts-by-tag-item La fauna de un topacio N\u00e9stor Cheb Terrab\" id=\"posts-by-tag-item-6769\"><a class = \"posts-by-tag-item-title\" href=\"https:\/\/viajeraeditorial.ar\/blog\/2018\/02\/nestor-cheb-terrab-por-celeste-gagliano-para-la-opinion\/\">N\u00e9stor Cheb Terrab por Celeste Galiano para La Opini\u00f3n<\/a><\/li><li class=\"posts-by-tag-item La fauna de un topacio N\u00e9stor Cheb Terrab\" id=\"posts-by-tag-item-6747\"><a class = \"posts-by-tag-item-title\" href=\"https:\/\/viajeraeditorial.ar\/blog\/2018\/01\/6747\/\">el ruido de la lluvia * N\u00e9stor Cheb Terrab<\/a><\/li><li class=\"posts-by-tag-item La fauna de un topacio N\u00e9stor Cheb Terrab Radio Sonomama\" id=\"posts-by-tag-item-6471\"><a class = \"posts-by-tag-item-title\" href=\"https:\/\/viajeraeditorial.ar\/blog\/2017\/09\/nestor-cheb-terrab-en-el-programa-poetica-viva\/\">N\u00e9stor Cheb Terrab en el programa Po\u00e9tica Viva<\/a><\/li><li class=\"posts-by-tag-item La fauna de un topacio N\u00e9stor Cheb Terrab\" id=\"posts-by-tag-item-6302\"><a class = \"posts-by-tag-item-title\" href=\"https:\/\/viajeraeditorial.ar\/blog\/2017\/07\/presentacion-de-la-fauna-de-un-topacio-0407\/\">Presentaci\u00f3n de la Fauna de un topacio * 04\/07<\/a><\/li><li class=\"posts-by-tag-item La fauna de un topacio N\u00e9stor Cheb Terrab\" id=\"posts-by-tag-item-6067\"><a class = \"posts-by-tag-item-title\" href=\"https:\/\/viajeraeditorial.ar\/blog\/2017\/07\/no-aguar-nestor-cheb-terrab\/\">no aguar * N\u00e9stor Cheb Terrab<\/a><\/li><li class=\"posts-by-tag-item La fauna de un topacio N\u00e9stor Cheb Terrab\" id=\"posts-by-tag-item-6057\"><a class = \"posts-by-tag-item-title\" href=\"https:\/\/viajeraeditorial.ar\/blog\/2017\/04\/adelanto-de-la-fauna-de-un-topacio\/\">Adelanto de La fauna de un topacio<\/a><\/li><li class=\"posts-by-tag-item La fauna de un topacio N\u00e9stor Cheb Terrab\" id=\"posts-by-tag-item-6063\"><a class = \"posts-by-tag-item-title\" href=\"https:\/\/viajeraeditorial.ar\/blog\/2017\/04\/detras-de-tu-pie-nestor-cheb-terrab\/\">detr\u00e1s de tu pie * N\u00e9stor Cheb Terrab<\/a><\/li><li class=\"posts-by-tag-item La fauna de un topacio N\u00e9stor Cheb Terrab\" id=\"posts-by-tag-item-6060\"><a class = \"posts-by-tag-item-title\" href=\"https:\/\/viajeraeditorial.ar\/blog\/2017\/03\/me-acecha-la-muerte-nestor-che-terrab\/\">me acecha la muerte * N\u00e9stor Che Terrab<\/a><\/li><li class=\"posts-by-tag-item La fauna de un topacio N\u00e9stor Cheb Terrab\" id=\"posts-by-tag-item-6054\"><a class = \"posts-by-tag-item-title\" href=\"https:\/\/viajeraeditorial.ar\/blog\/2017\/02\/me-deslizo-nestor-cheb-terrab\/\">me deslizo * N\u00e9stor Cheb Terrab<\/a><\/li><li class=\"posts-by-tag-item La fauna de un topacio N\u00e9stor Cheb Terrab\" id=\"posts-by-tag-item-5846\"><a class = \"posts-by-tag-item-title\" href=\"https:\/\/viajeraeditorial.ar\/blog\/2016\/11\/en-torno-de-respirar-nestor-cheb-terrab\/\">en torno de respirar * N\u00e9stor Cheb Terrab<\/a><\/li><li class=\"posts-by-tag-item La fauna de un topacio N\u00e9stor Cheb Terrab\" id=\"posts-by-tag-item-5849\"><a class = \"posts-by-tag-item-title\" href=\"https:\/\/viajeraeditorial.ar\/blog\/2016\/10\/me-acecha-la-muerte-nestor-cheb-terrab\/\">me acecha la muerte * N\u00e9stor Cheb Terrab<\/a><\/li><\/ul>\n","protected":false},"excerpt":{"rendered":"<p>N\u00e9stor Cheb Terrab, 2017. ISBN: 978-987-3719-28-8 128 p. &nbsp; La precisi\u00f3n en la poes\u00eda es un arte dif\u00edcil de lograr, \u00abLo importante en el lenguaje es la precisi\u00f3n\u00bb afirmaba certeramente Paul Celan. Cada palabra tiene su peso, y cada nombre su destino. El espacio hace su parte, la lucha ante el abismo de no decir [&hellip;]<\/p>\n","protected":false},"author":4,"featured_media":0,"parent":32,"menu_order":8,"comment_status":"closed","ping_status":"open","template":"","meta":[],"_links":{"self":[{"href":"https:\/\/viajeraeditorial.ar\/blog\/wp-json\/wp\/v2\/pages\/6384"}],"collection":[{"href":"https:\/\/viajeraeditorial.ar\/blog\/wp-json\/wp\/v2\/pages"}],"about":[{"href":"https:\/\/viajeraeditorial.ar\/blog\/wp-json\/wp\/v2\/types\/page"}],"author":[{"embeddable":true,"href":"https:\/\/viajeraeditorial.ar\/blog\/wp-json\/wp\/v2\/users\/4"}],"replies":[{"embeddable":true,"href":"https:\/\/viajeraeditorial.ar\/blog\/wp-json\/wp\/v2\/comments?post=6384"}],"version-history":[{"count":2,"href":"https:\/\/viajeraeditorial.ar\/blog\/wp-json\/wp\/v2\/pages\/6384\/revisions"}],"predecessor-version":[{"id":6386,"href":"https:\/\/viajeraeditorial.ar\/blog\/wp-json\/wp\/v2\/pages\/6384\/revisions\/6386"}],"up":[{"embeddable":true,"href":"https:\/\/viajeraeditorial.ar\/blog\/wp-json\/wp\/v2\/pages\/32"}],"wp:attachment":[{"href":"https:\/\/viajeraeditorial.ar\/blog\/wp-json\/wp\/v2\/media?parent=6384"}],"curies":[{"name":"wp","href":"https:\/\/api.w.org\/{rel}","templated":true}]}}