{"id":6786,"date":"2018-02-13T19:23:26","date_gmt":"2018-02-13T22:23:26","guid":{"rendered":"http:\/\/www.viajeraeditorial.com.ar\/?page_id=6786"},"modified":"2020-11-02T21:02:39","modified_gmt":"2020-11-03T00:02:39","slug":"marcela-manuel","status":"publish","type":"page","link":"https:\/\/viajeraeditorial.ar\/blog\/catalogo\/marcela-manuel\/","title":{"rendered":"Marcela Manuel"},"content":{"rendered":"<p>&nbsp;<\/p>\n<p style=\"text-align: left;\"><img loading=\"lazy\" class=\"wp-image-6787 alignright\" src=\"http:\/\/www.viajeraeditorial.ar\/blog\/wp-content\/uploads\/2018\/02\/fb-img-1517345134193-1-632x629.jpg\" alt=\"\" width=\"274\" height=\"272\" srcset=\"https:\/\/viajeraeditorial.ar\/blog\/wp-content\/uploads\/2018\/02\/fb-img-1517345134193-1-632x629.jpg 632w, https:\/\/viajeraeditorial.ar\/blog\/wp-content\/uploads\/2018\/02\/fb-img-1517345134193-1-768x764.jpg 768w, https:\/\/viajeraeditorial.ar\/blog\/wp-content\/uploads\/2018\/02\/fb-img-1517345134193-1-1020x1015.jpg 1020w, https:\/\/viajeraeditorial.ar\/blog\/wp-content\/uploads\/2018\/02\/fb-img-1517345134193-1-257x256.jpg 257w, https:\/\/viajeraeditorial.ar\/blog\/wp-content\/uploads\/2018\/02\/fb-img-1517345134193-1-350x348.jpg 350w, https:\/\/viajeraeditorial.ar\/blog\/wp-content\/uploads\/2018\/02\/fb-img-1517345134193-1.jpg 1084w\" sizes=\"(max-width: 274px) 100vw, 274px\" \/>Naci\u00f3 en Mar del Plata, curs\u00f3 estudios de Medicina en La Plata, y desde hace tiempo vive en Buenos Aires. Licenciada en Psicolog\u00eda por la Universidad de Buenos Aires, es Directora de la Escuela de Formaci\u00f3n Sindical de UPCN. Otrora jugadora de hockey, le gusta remar y cruz\u00f3 varias veces el R\u00edo de la Plata como tripulante del Nativo del Sur II.<br \/>\nEs productora de Viajera Editorial y tallerista en Siempre de Viaje.<br \/>\nParticip\u00f3, entre otros, en el 25\u00b0 Festival Internacional de Poes\u00eda de Medell\u00edn, Colombia; 33\u00b0 March\u00e9 de la Po\u00e9sie, Par\u00eds, Francia; Festival Internacional de Poes\u00eda de Rosario en sus ediciones 23 y 24;<br \/>\nPo\u00e9tica \u2013Festival Federal de Poes\u00eda\u2013, IX Festival Latinoamericano de Poes\u00eda del Centro, MICA \u2013Mercado de Industrias Culturales\u2013, estos \u00faltimos realizados en Buenos Aires.<br \/>\nFue invitada a la presentaci\u00f3n de poetas contempor\u00e1neas en la Universidad de Calabria y la Universidad de B\u00e9rgamo, Italia, 2016; y al 8vo Festival Internacional de Poes\u00eda de Chep\u00e9n Chep\u00e9n, Per\u00fa, 2017.<\/p>\n<p>&nbsp;<\/p>\n<p><strong><span style=\"text-decoration: underline;\">En Viajera<\/span><\/strong><\/p>\n<p style=\"padding-left: 30px;\"><img loading=\"lazy\" class=\"wp-image-6788 alignnone\" src=\"http:\/\/www.viajeraeditorial.ar\/blog\/wp-content\/uploads\/2018\/02\/miamortapita.jpg\" alt=\"\" width=\"17\" height=\"26\" \/>\u00a0<a href=\"http:\/\/viajeraeditorial.ar\/blog\/descubrir\/miamoresunmundo\/\">Mi Amor es un Mundo<\/a><br \/>\n<a href=\"http:\/\/www.viajeraeditorial.ar\/blog\/wp-content\/uploads\/2016\/08\/sol.jpg\" rel=\"attachment wp-att-5608\"><br \/>\n<\/a><\/p>\n<p><strong><span style=\"text-decoration: underline;\">Contenido sobre Marcela<\/span><\/strong><\/p>\n<ul class = \"posts-by-tag-list\"><li class=\"posts-by-tag-item Alicia Saliva Anibal Ilguisonis Axel Levin Cristina Eseiza Eduardo G\u00e1lvez Eugenia Coiro Festival de Poes\u00eda de Rosario Ignacio Uranga Jan De Jager Jos\u00e9 Lupia Karina Macci\u00f3 Marcela Manuel Nicol\u00e1s Alonso Sof\u00eda\" id=\"posts-by-tag-item-8738\"><a class = \"posts-by-tag-item-title\" href=\"https:\/\/viajeraeditorial.ar\/blog\/2020\/11\/estamos-en-el-fipr\/\">Estamos en el FIPR<\/a><\/li><li class=\"posts-by-tag-item Marcela Manuel\" id=\"posts-by-tag-item-8133\"><a class = \"posts-by-tag-item-title\" href=\"https:\/\/viajeraeditorial.ar\/blog\/2020\/02\/lago-di-como-marcela-manuel\/\">Lago di Como * Marcela Manuel<\/a><\/li><li class=\"posts-by-tag-item Marcela Manuel Un a\u00f1o de sensaciones\" id=\"posts-by-tag-item-8250\"><a class = \"posts-by-tag-item-title\" href=\"https:\/\/viajeraeditorial.ar\/blog\/2020\/01\/miles-y-miles-de-millones-de-anos-marcela-manuel\/\">Miles y miles de millones de a\u00f1os * Marcela Manuel<\/a><\/li><li class=\"posts-by-tag-item Marcela Manuel\" id=\"posts-by-tag-item-8141\"><a class = \"posts-by-tag-item-title\" href=\"https:\/\/viajeraeditorial.ar\/blog\/2019\/11\/marcela-manuel-en-7x7\/\">Marcela Manuel en 7x7<\/a><\/li><li class=\"posts-by-tag-item Marcela Manuel Mi amor es un mundo\" id=\"posts-by-tag-item-8129\"><a class = \"posts-by-tag-item-title\" href=\"https:\/\/viajeraeditorial.ar\/blog\/2019\/11\/un-laberinto-interminable-marcela-manuel\/\">Un laberinto interminable * Marcela Manuel<\/a><\/li><li class=\"posts-by-tag-item Marcela Manuel\" id=\"posts-by-tag-item-8042\"><a class = \"posts-by-tag-item-title\" href=\"https:\/\/viajeraeditorial.ar\/blog\/2019\/09\/marcela-manuel-en-hiperpoesia-269\/\">Marcela Manuel en Hiperpoes\u00eda * 26\/9<\/a><\/li><li class=\"posts-by-tag-item Julia Wong Marcela Manuel Mi amor es un mundo\" id=\"posts-by-tag-item-8020\"><a class = \"posts-by-tag-item-title\" href=\"https:\/\/viajeraeditorial.ar\/blog\/2019\/09\/ejercicios-para-reescribir-el-amor-en-el-mundo-julia-wong\/\">Ejercicios para reescribir el amor en el mundo * Julia Wong<\/a><\/li><li class=\"posts-by-tag-item Marcela Manuel\" id=\"posts-by-tag-item-7943\"><a class = \"posts-by-tag-item-title\" href=\"https:\/\/viajeraeditorial.ar\/blog\/2019\/07\/marcela-manuel-lee-en-poesia-en-la-biblioteca-317\/\">Marcela Manuel lee en Poes\u00eda en la Biblioteca * 31\/7<\/a><\/li><li class=\"posts-by-tag-item Marcela Manuel\" id=\"posts-by-tag-item-7906\"><a class = \"posts-by-tag-item-title\" href=\"https:\/\/viajeraeditorial.ar\/blog\/2019\/06\/marcela-manuel-en-gym-y-jam\/\">Marcela Manuel en Gym y Jam<\/a><\/li><li class=\"posts-by-tag-item Karina Macci\u00f3 Marcela Manuel\" id=\"posts-by-tag-item-7897\"><a class = \"posts-by-tag-item-title\" href=\"https:\/\/viajeraeditorial.ar\/blog\/2019\/06\/este-miercoles-poesia-verde-en-pista-urbana\/\">Este mi\u00e9rcoles poes\u00eda verde en Pista Urbana<\/a><\/li><li class=\"posts-by-tag-item Karina Macci\u00f3 Marcela Manuel\" id=\"posts-by-tag-item-7841\"><a class = \"posts-by-tag-item-title\" href=\"https:\/\/viajeraeditorial.ar\/blog\/2019\/06\/marcela-manuel-y-karina-maccio-en-el-simposio-internacional-literaturas-y-conurbanos\/\">Marcela Manuel y Karina Macci\u00f3 en el Simposio Internacional Literaturas y Conurbanos<\/a><\/li><li class=\"posts-by-tag-item Marcela Manuel\" id=\"posts-by-tag-item-7832\"><a class = \"posts-by-tag-item-title\" href=\"https:\/\/viajeraeditorial.ar\/blog\/2019\/05\/hoy-marcela-manuel-en-el-cierre-de-va-poesia\/\">Hoy! Marcela Manuel en el cierre de Va Poes\u00eda<\/a><\/li><li class=\"posts-by-tag-item Marcela Manuel\" id=\"posts-by-tag-item-7824\"><a class = \"posts-by-tag-item-title\" href=\"https:\/\/viajeraeditorial.ar\/blog\/2019\/05\/programa-del-festival-va-poesia-con-marcela-manuel-como-poeta-invitada\/\">Programa del festival Va Poes\u00eda * con Marcela Manuel como poeta invitada<\/a><\/li><li class=\"posts-by-tag-item Festival Va Poes\u00eda Marcela Manuel\" id=\"posts-by-tag-item-7812\"><a class = \"posts-by-tag-item-title\" href=\"https:\/\/viajeraeditorial.ar\/blog\/2019\/05\/marcela-manuel-invitada-al-festival-va-poesia\/\">Marcela Manuel invitada al Festival Va Poes\u00eda<\/a><\/li><li class=\"posts-by-tag-item Marcela Manuel\" id=\"posts-by-tag-item-7749\"><a class = \"posts-by-tag-item-title\" href=\"https:\/\/viajeraeditorial.ar\/blog\/2019\/04\/encuentro-verde-poetas-y-pintoras-por-el-derecho-al-aborto-legal-214\/\">Encuentro Verde Poetas y Pintoras por el Derecho Al Aborto Legal * 21\/4<\/a><\/li><li class=\"posts-by-tag-item Marcela Manuel Mi amor es un mundo\" id=\"posts-by-tag-item-7713\"><a class = \"posts-by-tag-item-title\" href=\"https:\/\/viajeraeditorial.ar\/blog\/2019\/03\/el-subito-ataque-de-lo-sublime-marcela-manuel\/\">El s\u00fabito ataque de lo sublime * Marcela Manuel<\/a><\/li><li class=\"posts-by-tag-item Marcela Manuel Mi amor es un mundo\" id=\"posts-by-tag-item-7565\"><a class = \"posts-by-tag-item-title\" href=\"https:\/\/viajeraeditorial.ar\/blog\/2019\/01\/ocurre-cada-tanto-marcela-manuel\/\">Ocurre cada tanto * Marcela Manuel<\/a><\/li><li class=\"posts-by-tag-item Marcela Manuel Mi amor es un mundo\" id=\"posts-by-tag-item-7357\"><a class = \"posts-by-tag-item-title\" href=\"https:\/\/viajeraeditorial.ar\/blog\/2018\/10\/yo-marcela-manuel\/\">Yo * Marcela Manuel<\/a><\/li><li class=\"posts-by-tag-item An\u00edbal Ilguisonis Eugenia Coiro Festival de Poes\u00eda de Rosario Karina Macci\u00f3 Marcela Manuel\" id=\"posts-by-tag-item-7316\"><a class = \"posts-by-tag-item-title\" href=\"https:\/\/viajeraeditorial.ar\/blog\/2018\/09\/viajera-en-rosario\/\">Viajera en Rosario<\/a><\/li><li class=\"posts-by-tag-item Delfina Uriburu Marcela Manuel Mi amor es un mundo\" id=\"posts-by-tag-item-7174\"><a class = \"posts-by-tag-item-title\" href=\"https:\/\/viajeraeditorial.ar\/blog\/2018\/08\/mi-amor-es-un-mundo-por-delfina-uriburu\/\">Mi Amor es un Mundo por Delfina Uriburu<\/a><\/li><li class=\"posts-by-tag-item Marcela Manuel Mi amor es un mundo\" id=\"posts-by-tag-item-7164\"><a class = \"posts-by-tag-item-title\" href=\"https:\/\/viajeraeditorial.ar\/blog\/2018\/07\/leticia-manauta-sobre-mi-amor-es-un-mundo\/\">Leticia Manauta sobre Mi Amor es un Mundo<\/a><\/li><li class=\"posts-by-tag-item Eugenia Coiro Feria Internacional del Libro de Buenos Aires Karina Macci\u00f3 Marcela Manuel Mi amor es un mundo\" id=\"posts-by-tag-item-7126\"><a class = \"posts-by-tag-item-title\" href=\"https:\/\/viajeraeditorial.ar\/blog\/2018\/06\/intervencion-de-textos-de-mi-amor-es-un-mundo-filba\/\">intervenci\u00f3n de textos de Mi Amor es un Mundo \/ FILBA<\/a><\/li><li class=\"posts-by-tag-item Feria Internacional del Libro de Buenos Aires Marcela Manuel Mi amor es un mundo\" id=\"posts-by-tag-item-7003\"><a class = \"posts-by-tag-item-title\" href=\"https:\/\/viajeraeditorial.ar\/blog\/2018\/05\/marcela-manuel-feria-internacional-del-libro-de-buenos-aires\/\">Marcela Manuel * Feria Internacional del Libro de Buenos Aires<\/a><\/li><li class=\"posts-by-tag-item Andrea Larrieu Eugenia Coiro Franco Vignatti Javier Pizarro Karina Macci\u00f3 Marcela Manuel\" id=\"posts-by-tag-item-6929\"><a class = \"posts-by-tag-item-title\" href=\"https:\/\/viajeraeditorial.ar\/blog\/2018\/04\/viajera-en-leer-literatura-en-el-rio-2018\/\">Viajera en LEER - Literatura en el r\u00edo 2018<\/a><\/li><li class=\"posts-by-tag-item Marcela Manuel Mi amor es un mundo\" id=\"posts-by-tag-item-6911\"><a class = \"posts-by-tag-item-title\" href=\"https:\/\/viajeraeditorial.ar\/blog\/2018\/04\/mi-amor-es-un-mundo-resenado-para-cuentos-criollos\/\">Mi amor es un Mundo rese\u00f1ado para Cuentos Criollos<\/a><\/li><li class=\"posts-by-tag-item Marcela Manuel Mardelfip\" id=\"posts-by-tag-item-6887\"><a class = \"posts-by-tag-item-title\" href=\"https:\/\/viajeraeditorial.ar\/blog\/2018\/03\/un-rojo-laminado-marcela-manuel\/\">Un rojo laminado * Marcela Manuel<\/a><\/li><li class=\"posts-by-tag-item Marcela Manuel Mardelfip Mi amor es un mundo\" id=\"posts-by-tag-item-6880\"><a class = \"posts-by-tag-item-title\" href=\"https:\/\/viajeraeditorial.ar\/blog\/2018\/03\/mi-amor-es-un-mundo-presentacion-en-mar-del-plata\/\">Mi Amor es un Mundo * presentaci\u00f3n en Mar del Plata<\/a><\/li><li class=\"posts-by-tag-item Carolina Urbano Marcela Manuel Mi amor es un mundo\" id=\"posts-by-tag-item-6829\"><a class = \"posts-by-tag-item-title\" href=\"https:\/\/viajeraeditorial.ar\/blog\/2018\/03\/mi-amor-es-un-mundo-recomendado-en-la-vaca-mariposa\/\">Mi Amor es un Mundo recomendado en La Vaca Mariposa<\/a><\/li><li class=\"posts-by-tag-item Karina Macci\u00f3 Marcela Manuel Mi amor es un mundo\" id=\"posts-by-tag-item-6794\"><a class = \"posts-by-tag-item-title\" href=\"https:\/\/viajeraeditorial.ar\/blog\/2018\/02\/esa-peculiar-distorsion-del-tiempo-amor-y-poesia\/\">Esa peculiar distorsi\u00f3n del tiempo: amor y poes\u00eda<\/a><\/li><li class=\"posts-by-tag-item Marcela Manuel Mi amor es un mundo\" id=\"posts-by-tag-item-6634\"><a class = \"posts-by-tag-item-title\" href=\"https:\/\/viajeraeditorial.ar\/blog\/2017\/12\/la-manana-marcela-manuel\/\">la ma\u00f1ana * Marcela Manuel<\/a><\/li><li class=\"posts-by-tag-item Karina Macci\u00f3 Marcela Manuel Radio\" id=\"posts-by-tag-item-6665\"><a class = \"posts-by-tag-item-title\" href=\"https:\/\/viajeraeditorial.ar\/blog\/2017\/11\/macciomanuel-en-la-radio-3011\/\">\u00a1\u00a1\u00a1Macci\u00f3\/Manuel en la Radio!!! 30\/11<\/a><\/li><li class=\"posts-by-tag-item Marcela Manuel Mi amor es un mundo\" id=\"posts-by-tag-item-6637\"><a class = \"posts-by-tag-item-title\" href=\"https:\/\/viajeraeditorial.ar\/blog\/2017\/11\/las-gotas-la-rutina-marcela-manuel\/\">las gotas la rutina * Marcela Manuel<\/a><\/li><li class=\"posts-by-tag-item Marcela Manuel Mi amor es un mundo\" id=\"posts-by-tag-item-6620\"><a class = \"posts-by-tag-item-title\" href=\"https:\/\/viajeraeditorial.ar\/blog\/2017\/11\/lo-miro-marcela-manuel\/\">Lo miro * Marcela Manuel<\/a><\/li><li class=\"posts-by-tag-item Marcela Manuel Mi amor es un mundo\" id=\"posts-by-tag-item-6617\"><a class = \"posts-by-tag-item-title\" href=\"https:\/\/viajeraeditorial.ar\/blog\/2017\/11\/presentacion-de-mi-amor-es-un-mundo-de-marcela-manuel-412\/\">Presentaci\u00f3n de Mi Amor es un Mundo de Marcela Manuel 4\/12<\/a><\/li><li class=\"posts-by-tag-item Karina Macci\u00f3 Marcela Manuel\" id=\"posts-by-tag-item-6612\"><a class = \"posts-by-tag-item-title\" href=\"https:\/\/viajeraeditorial.ar\/blog\/2017\/11\/viajera-en-la-serendipia-411\/\">Viajera en La Serendipia * 4\/11<\/a><\/li><li class=\"posts-by-tag-item lo \u00fanico que se puede decir es un ritmo Marcela Manuel\" id=\"posts-by-tag-item-6609\"><a class = \"posts-by-tag-item-title\" href=\"https:\/\/viajeraeditorial.ar\/blog\/2017\/11\/marcela-manuel-en-lo-unico-que-se-puede-decir-es-un-ritmo-611\/\">Marcela Manuel en Lo \u00fanico que se puede decir es un ritmo * 6\/11<\/a><\/li><li class=\"posts-by-tag-item Marcela Manuel Mi amor es un mundo\" id=\"posts-by-tag-item-6515\"><a class = \"posts-by-tag-item-title\" href=\"https:\/\/viajeraeditorial.ar\/blog\/2017\/09\/ya-todo-se-mezcla-marcela-manuel\/\">Ya todo se mezcla * Marcela Manuel<\/a><\/li><li class=\"posts-by-tag-item Marcela Manuel Minuto Fant\u00e1stico\" id=\"posts-by-tag-item-6454\"><a class = \"posts-by-tag-item-title\" href=\"https:\/\/viajeraeditorial.ar\/blog\/2017\/09\/marcela-manuel-minuto-fantastico\/\">Marcela Manuel * Minuto Fant\u00e1stico<\/a><\/li><li class=\"posts-by-tag-item Marcela Manuel Mi amor es un mundo\" id=\"posts-by-tag-item-6420\"><a class = \"posts-by-tag-item-title\" href=\"https:\/\/viajeraeditorial.ar\/blog\/2017\/08\/atravesame-marcela-manuel\/\">Atravesame * Marcela Manuel<\/a><\/li><li class=\"posts-by-tag-item Marcela Manuel\" id=\"posts-by-tag-item-6409\"><a class = \"posts-by-tag-item-title\" href=\"https:\/\/viajeraeditorial.ar\/blog\/2017\/08\/marcela-manuel-en-por-quien-leen-los-poetas-118\/\">Marcela Manuel en Por qui\u00e9n leen los poetas * 11\/8<\/a><\/li><li class=\"posts-by-tag-item Julia Mariotti Karina Macci\u00f3 Marcela Manuel\" id=\"posts-by-tag-item-5485\"><a class = \"posts-by-tag-item-title\" href=\"https:\/\/viajeraeditorial.ar\/blog\/2016\/06\/viajera-lectura-en-calabria\/\">\u00a1Viajera: Lectura en Calabria!<\/a><\/li><li class=\"posts-by-tag-item Gabriela Aristegui Gabriela Oyola Karina Macci\u00f3 Marcela Manuel Pablo M\u00fcllner Portada\" id=\"posts-by-tag-item-5108\"><a class = \"posts-by-tag-item-title\" href=\"https:\/\/viajeraeditorial.ar\/blog\/2015\/11\/viajera-en-la-feria-del-libro-de-sierra-de-la-ventana-2\/\">Viajera en la Feria del Libro de Sierra de la Ventana<\/a><\/li><li class=\"posts-by-tag-item Eugenia Coiro Festival Federal de Poes\u00eda Gabriela Aristegui Gabriela Pedrotti Karina Macci\u00f3 Marcela Manuel Portada Virginia Janza\" id=\"posts-by-tag-item-5044\"><a class = \"posts-by-tag-item-title\" href=\"https:\/\/viajeraeditorial.ar\/blog\/2015\/10\/festival-federal-de-poesia-1110\/\">Festival Federal de Poes\u00eda 11\/10<\/a><\/li><li class=\"posts-by-tag-item Colombia Gabriela Aristegui Karina Macci\u00f3 lecturas Marcela Manuel Medell\u00edn Portada Viajera Viajes XXV Festival Internacional de Poes\u00eda de Medell\u00edn\" id=\"posts-by-tag-item-4851\"><a class = \"posts-by-tag-item-title\" href=\"https:\/\/viajeraeditorial.ar\/blog\/2015\/09\/lecturas-en-medellin\/\">Lecturas viajeras en el Festival de Medell\u00edn<\/a><\/li><li class=\"posts-by-tag-item Festival de Poes\u00eda de Medell\u00edn Gabriela Aristegui Karina Macci\u00f3 Marcela Manuel Mar\u00eda del Carmen Sarquis Portada\" id=\"posts-by-tag-item-4669\"><a class = \"posts-by-tag-item-title\" href=\"https:\/\/viajeraeditorial.ar\/blog\/2015\/07\/4669\/\">Viajera en el Festival de Poes\u00eda de Medell\u00edn<\/a><\/li><li class=\"posts-by-tag-item Axel Levin Belara Mich\u00e1n Diego Recalde Eugenia Coiro Feria del Libro Gabriela Aristegui Gabriela Pedrotti Karina Macci\u00f3 Lola Ullmann Lorena Garc\u00eda Marcela Manuel Mar\u00eda del Carmen Sarquis Mar\u00eda Victoria Verzura Mauricio Dreiling Minuto4 Nicol\u00e1s Di Candia Pablo M\u00fcllner Paula Maff\u00eda Portada Sof\u00eda Ciravegna Viajera Viajera Visita Virginia Janza\" id=\"posts-by-tag-item-814\"><a class = \"posts-by-tag-item-title\" href=\"https:\/\/viajeraeditorial.ar\/blog\/2015\/05\/viajera-en-la-feria-del-libro\/\">Viajera en la Feria del Libro<\/a><\/li><li class=\"posts-by-tag-item Apariciones P\u00fablicas Caballos Cecilia Maugeri Diego Vadell Funes &amp; La Maga Leandro Pena Marcela Manuel Natalia Gonz\u00e1lez\" id=\"posts-by-tag-item-1070\"><a class = \"posts-by-tag-item-title\" href=\"https:\/\/viajeraeditorial.ar\/blog\/2013\/11\/imagenes-de-la-presentacion-de-caballos-de-cecilia-maugeri\/\">Im\u00e1genes de la presentaci\u00f3n de \"Caballos\", de Cecilia Maugeri<\/a><\/li><\/ul>\n","protected":false},"excerpt":{"rendered":"<p>&nbsp; Naci\u00f3 en Mar del Plata, curs\u00f3 estudios de Medicina en La Plata, y desde hace tiempo vive en Buenos Aires. Licenciada en Psicolog\u00eda por la Universidad de Buenos Aires, es Directora de la Escuela de Formaci\u00f3n Sindical de UPCN. Otrora jugadora de hockey, le gusta remar y cruz\u00f3 varias veces el R\u00edo de la [&hellip;]<\/p>\n","protected":false},"author":4,"featured_media":0,"parent":8710,"menu_order":0,"comment_status":"closed","ping_status":"open","template":"","meta":[],"_links":{"self":[{"href":"https:\/\/viajeraeditorial.ar\/blog\/wp-json\/wp\/v2\/pages\/6786"}],"collection":[{"href":"https:\/\/viajeraeditorial.ar\/blog\/wp-json\/wp\/v2\/pages"}],"about":[{"href":"https:\/\/viajeraeditorial.ar\/blog\/wp-json\/wp\/v2\/types\/page"}],"author":[{"embeddable":true,"href":"https:\/\/viajeraeditorial.ar\/blog\/wp-json\/wp\/v2\/users\/4"}],"replies":[{"embeddable":true,"href":"https:\/\/viajeraeditorial.ar\/blog\/wp-json\/wp\/v2\/comments?post=6786"}],"version-history":[{"count":1,"href":"https:\/\/viajeraeditorial.ar\/blog\/wp-json\/wp\/v2\/pages\/6786\/revisions"}],"predecessor-version":[{"id":6789,"href":"https:\/\/viajeraeditorial.ar\/blog\/wp-json\/wp\/v2\/pages\/6786\/revisions\/6789"}],"up":[{"embeddable":true,"href":"https:\/\/viajeraeditorial.ar\/blog\/wp-json\/wp\/v2\/pages\/8710"}],"wp:attachment":[{"href":"https:\/\/viajeraeditorial.ar\/blog\/wp-json\/wp\/v2\/media?parent=6786"}],"curies":[{"name":"wp","href":"https:\/\/api.w.org\/{rel}","templated":true}]}}