{"id":6791,"date":"2018-02-13T19:47:32","date_gmt":"2018-02-13T22:47:32","guid":{"rendered":"http:\/\/www.viajeraeditorial.com.ar\/?page_id=6791"},"modified":"2018-03-28T08:04:37","modified_gmt":"2018-03-28T11:04:37","slug":"miamoresunmundo","status":"publish","type":"page","link":"https:\/\/viajeraeditorial.ar\/blog\/descubrir\/miamoresunmundo\/","title":{"rendered":"Mi Amor es un Mundo"},"content":{"rendered":"<p class=\"plano\"><img loading=\"lazy\" class=\"wp-image-6899 alignleft\" src=\"http:\/\/www.viajeraeditorial.ar\/blog\/wp-content\/uploads\/2018\/02\/miamortapita-3.jpg\" alt=\"\" width=\"301\" height=\"469\" srcset=\"https:\/\/viajeraeditorial.ar\/blog\/wp-content\/uploads\/2018\/02\/miamortapita-3.jpg 488w, https:\/\/viajeraeditorial.ar\/blog\/wp-content\/uploads\/2018\/02\/miamortapita-3-248x387.jpg 248w, https:\/\/viajeraeditorial.ar\/blog\/wp-content\/uploads\/2018\/02\/miamortapita-3-336x525.jpg 336w\" sizes=\"(max-width: 301px) 100vw, 301px\" \/><a href=\"http:\/\/www.viajeraeditorial.ar\/blog\/autores\/marcela-manuel\/\">Marcela Manuel<\/a>, 2017<br \/>\nISBN: 978-987-3719-30-1<br \/>\n158 p.<\/p>\n<p style=\"text-align: justify;\">Cuerpos que soportan el paso de las horas, as\u00ed andan en el mundo ordinario, as\u00ed se siente el mundo sin amor. Cuerpos que intentan aislarse por protecci\u00f3n, anulando sus sentidos, cerrados. Cuerpos zombis, se mueven por inercia. En el extremo opuesto, el cuerpo enamorado. Hecho de agua y estrellas, espuma y viento, hecho de exclamaciones a\u00e9reas, noches sin fin, madrugadas coloridas. El cuerpo enamorado es mar abierto, tempestuoso o calmo, pero siempre abierto, ondulante, incansable. El amor hace que el cuerpo devenga paisaje, fluye y se funde, paisaje-cuerpo-pasaje que halla el \u00e9xtasis en la fusi\u00f3n y se vuelve animal, pradera, olas.<br \/>\n\u00c9ste es el viaje tramado por la poeta que navega. M\u00e1s all\u00e1 de lo real y lo on\u00edrico: el poema, ese mundo de palabras preciosas que es capaz de crear, como una capa m\u00e1gica, el amor como sentir inexplicable, como espacio-hueco-refugio extraordinario, pleno de tiempo expandido, er\u00f3tico, que la escritura de Marcela Manuel sabe decir. Pura poes\u00eda.<\/p>\n<p style=\"padding-left: 60px; text-align: right;\"><strong>Karina Macci\u00f3<\/strong><\/p>\n<p style=\"text-align: justify;\"><em>Mi Amor es un Mundo<\/em> es ese mar lugar de encuentro para el amor, el verdadero refugio, la guarida donde se est\u00e1 a salvo de cualquier duda.<br \/>\n<em>Llevame a la playa, \/ dijiste \/ y en el brillo vaporoso de tus ojos \/ mi pecho se llen\u00f3 de sal<\/em>. Nada mejor que dejarse llevar a esa playa de sonidos, donde el latido del coraz\u00f3n puede conectar con el vaiv\u00e9n primigenio del mar.<\/p>\n<p style=\"padding-left: 30px; text-align: right;\"><strong>Eugenia Coiro<\/strong><\/p>\n<p>&nbsp;<\/p>\n<p class=\"plano\" style=\"padding-left: 330px;\"><span style=\"text-decoration: underline;\"><strong>Contenido sobre Mi Amor es un Mundo<\/strong><\/span><\/p>\n<p class=\"plano\" style=\"padding-left: 330px;\"><ul class = \"posts-by-tag-list\"><li class=\"posts-by-tag-item Marcela Manuel Mi amor es un mundo\" id=\"posts-by-tag-item-8129\"><a class = \"posts-by-tag-item-title\" href=\"https:\/\/viajeraeditorial.ar\/blog\/2019\/11\/un-laberinto-interminable-marcela-manuel\/\">Un laberinto interminable * Marcela Manuel<\/a><\/li><li class=\"posts-by-tag-item Julia Wong Marcela Manuel Mi amor es un mundo\" id=\"posts-by-tag-item-8020\"><a class = \"posts-by-tag-item-title\" href=\"https:\/\/viajeraeditorial.ar\/blog\/2019\/09\/ejercicios-para-reescribir-el-amor-en-el-mundo-julia-wong\/\">Ejercicios para reescribir el amor en el mundo * Julia Wong<\/a><\/li><li class=\"posts-by-tag-item Marcela Manuel Mi amor es un mundo\" id=\"posts-by-tag-item-7713\"><a class = \"posts-by-tag-item-title\" href=\"https:\/\/viajeraeditorial.ar\/blog\/2019\/03\/el-subito-ataque-de-lo-sublime-marcela-manuel\/\">El s\u00fabito ataque de lo sublime * Marcela Manuel<\/a><\/li><li class=\"posts-by-tag-item Marcela Manuel Mi amor es un mundo\" id=\"posts-by-tag-item-7565\"><a class = \"posts-by-tag-item-title\" href=\"https:\/\/viajeraeditorial.ar\/blog\/2019\/01\/ocurre-cada-tanto-marcela-manuel\/\">Ocurre cada tanto * Marcela Manuel<\/a><\/li><li class=\"posts-by-tag-item Marcela Manuel Mi amor es un mundo\" id=\"posts-by-tag-item-7357\"><a class = \"posts-by-tag-item-title\" href=\"https:\/\/viajeraeditorial.ar\/blog\/2018\/10\/yo-marcela-manuel\/\">Yo * Marcela Manuel<\/a><\/li><li class=\"posts-by-tag-item Delfina Uriburu Marcela Manuel Mi amor es un mundo\" id=\"posts-by-tag-item-7174\"><a class = \"posts-by-tag-item-title\" href=\"https:\/\/viajeraeditorial.ar\/blog\/2018\/08\/mi-amor-es-un-mundo-por-delfina-uriburu\/\">Mi Amor es un Mundo por Delfina Uriburu<\/a><\/li><li class=\"posts-by-tag-item Marcela Manuel Mi amor es un mundo\" id=\"posts-by-tag-item-7164\"><a class = \"posts-by-tag-item-title\" href=\"https:\/\/viajeraeditorial.ar\/blog\/2018\/07\/leticia-manauta-sobre-mi-amor-es-un-mundo\/\">Leticia Manauta sobre Mi Amor es un Mundo<\/a><\/li><li class=\"posts-by-tag-item Eugenia Coiro Feria Internacional del Libro de Buenos Aires Karina Macci\u00f3 Marcela Manuel Mi amor es un mundo\" id=\"posts-by-tag-item-7126\"><a class = \"posts-by-tag-item-title\" href=\"https:\/\/viajeraeditorial.ar\/blog\/2018\/06\/intervencion-de-textos-de-mi-amor-es-un-mundo-filba\/\">intervenci\u00f3n de textos de Mi Amor es un Mundo \/ FILBA<\/a><\/li><li class=\"posts-by-tag-item Feria Internacional del Libro de Buenos Aires Marcela Manuel Mi amor es un mundo\" id=\"posts-by-tag-item-7003\"><a class = \"posts-by-tag-item-title\" href=\"https:\/\/viajeraeditorial.ar\/blog\/2018\/05\/marcela-manuel-feria-internacional-del-libro-de-buenos-aires\/\">Marcela Manuel * Feria Internacional del Libro de Buenos Aires<\/a><\/li><li class=\"posts-by-tag-item Marcela Manuel Mi amor es un mundo\" id=\"posts-by-tag-item-6911\"><a class = \"posts-by-tag-item-title\" href=\"https:\/\/viajeraeditorial.ar\/blog\/2018\/04\/mi-amor-es-un-mundo-resenado-para-cuentos-criollos\/\">Mi amor es un Mundo rese\u00f1ado para Cuentos Criollos<\/a><\/li><li class=\"posts-by-tag-item Marcela Manuel Mardelfip Mi amor es un mundo\" id=\"posts-by-tag-item-6880\"><a class = \"posts-by-tag-item-title\" href=\"https:\/\/viajeraeditorial.ar\/blog\/2018\/03\/mi-amor-es-un-mundo-presentacion-en-mar-del-plata\/\">Mi Amor es un Mundo * presentaci\u00f3n en Mar del Plata<\/a><\/li><li class=\"posts-by-tag-item Carolina Urbano Marcela Manuel Mi amor es un mundo\" id=\"posts-by-tag-item-6829\"><a class = \"posts-by-tag-item-title\" href=\"https:\/\/viajeraeditorial.ar\/blog\/2018\/03\/mi-amor-es-un-mundo-recomendado-en-la-vaca-mariposa\/\">Mi Amor es un Mundo recomendado en La Vaca Mariposa<\/a><\/li><li class=\"posts-by-tag-item Karina Macci\u00f3 Marcela Manuel Mi amor es un mundo\" id=\"posts-by-tag-item-6794\"><a class = \"posts-by-tag-item-title\" href=\"https:\/\/viajeraeditorial.ar\/blog\/2018\/02\/esa-peculiar-distorsion-del-tiempo-amor-y-poesia\/\">Esa peculiar distorsi\u00f3n del tiempo: amor y poes\u00eda<\/a><\/li><li class=\"posts-by-tag-item Marcela Manuel Mi amor es un mundo\" id=\"posts-by-tag-item-6634\"><a class = \"posts-by-tag-item-title\" href=\"https:\/\/viajeraeditorial.ar\/blog\/2017\/12\/la-manana-marcela-manuel\/\">la ma\u00f1ana * Marcela Manuel<\/a><\/li><li class=\"posts-by-tag-item Franco Vignati Mi amor es un mundo\" id=\"posts-by-tag-item-6671\"><a class = \"posts-by-tag-item-title\" href=\"https:\/\/viajeraeditorial.ar\/blog\/2017\/12\/franco-vignati-en-mi-amor-es-un-mundo\/\">Franco Vignati en Mi Amor es un Mundo<\/a><\/li><li class=\"posts-by-tag-item Mi amor es un mundo Sof\u00eda Brunetto\" id=\"posts-by-tag-item-6662\"><a class = \"posts-by-tag-item-title\" href=\"https:\/\/viajeraeditorial.ar\/blog\/2017\/11\/sofia-brunetto-en-mi-amor-es-un-mundo-412\/\">Sof\u00eda Brunetto en Mi Amor es un Mundo * 4\/12<\/a><\/li><li class=\"posts-by-tag-item Lorena Di Scala Mi amor es un mundo\" id=\"posts-by-tag-item-6657\"><a class = \"posts-by-tag-item-title\" href=\"https:\/\/viajeraeditorial.ar\/blog\/2017\/11\/lorena-karina-di-scala-en-mi-amor-es-un-mundo\/\">Lorena Di Scala en Mi Amor es un Mundo<\/a><\/li><li class=\"posts-by-tag-item Mi amor es un mundo Sabri Rayo Canci\u00f3n\" id=\"posts-by-tag-item-6631\"><a class = \"posts-by-tag-item-title\" href=\"https:\/\/viajeraeditorial.ar\/blog\/2017\/11\/sabri-rayo-cancion-en-mi-amor-es-un-mundo-412\/\">Sabri Rayo Canci\u00f3n en Mi Amor es un Mundo * 4\/12<\/a><\/li><li class=\"posts-by-tag-item Mi amor es un mundo\" id=\"posts-by-tag-item-6646\"><a class = \"posts-by-tag-item-title\" href=\"https:\/\/viajeraeditorial.ar\/blog\/2017\/11\/victor-simon-en-la-presentacion-de-mi-amor-es-un-mundo\/\">V\u00edctor Sim\u00f3n en la presentaci\u00f3n de Mi Amor es un Mundo<\/a><\/li><li class=\"posts-by-tag-item Marcela Manuel Mi amor es un mundo\" id=\"posts-by-tag-item-6637\"><a class = \"posts-by-tag-item-title\" href=\"https:\/\/viajeraeditorial.ar\/blog\/2017\/11\/las-gotas-la-rutina-marcela-manuel\/\">las gotas la rutina * Marcela Manuel<\/a><\/li><li class=\"posts-by-tag-item Mi amor es un mundo\" id=\"posts-by-tag-item-6623\"><a class = \"posts-by-tag-item-title\" href=\"https:\/\/viajeraeditorial.ar\/blog\/2017\/11\/jimena-angeletti-en-mi-amor-es-un-mundo-presentacion-del-libro-de-marcela-manuel\/\">Jimena Angeletti en Mi Amor es un Mundo * Presentaci\u00f3n del libro de Marcela Manuel<\/a><\/li><li class=\"posts-by-tag-item Marinero Miel Mi amor es un mundo\" id=\"posts-by-tag-item-6628\"><a class = \"posts-by-tag-item-title\" href=\"https:\/\/viajeraeditorial.ar\/blog\/2017\/11\/marinero-miel-en-mi-amor-es-un-mundo-412\/\">Marinero Miel en Mi Amor es un Mundo * 4\/12<\/a><\/li><li class=\"posts-by-tag-item Marcela Manuel Mi amor es un mundo\" id=\"posts-by-tag-item-6620\"><a class = \"posts-by-tag-item-title\" href=\"https:\/\/viajeraeditorial.ar\/blog\/2017\/11\/lo-miro-marcela-manuel\/\">Lo miro * Marcela Manuel<\/a><\/li><li class=\"posts-by-tag-item Marcela Manuel Mi amor es un mundo\" id=\"posts-by-tag-item-6617\"><a class = \"posts-by-tag-item-title\" href=\"https:\/\/viajeraeditorial.ar\/blog\/2017\/11\/presentacion-de-mi-amor-es-un-mundo-de-marcela-manuel-412\/\">Presentaci\u00f3n de Mi Amor es un Mundo de Marcela Manuel 4\/12<\/a><\/li><li class=\"posts-by-tag-item Marcela Manuel Mi amor es un mundo\" id=\"posts-by-tag-item-6515\"><a class = \"posts-by-tag-item-title\" href=\"https:\/\/viajeraeditorial.ar\/blog\/2017\/09\/ya-todo-se-mezcla-marcela-manuel\/\">Ya todo se mezcla * Marcela Manuel<\/a><\/li><li class=\"posts-by-tag-item Marcela Manuel Mi amor es un mundo\" id=\"posts-by-tag-item-6420\"><a class = \"posts-by-tag-item-title\" href=\"https:\/\/viajeraeditorial.ar\/blog\/2017\/08\/atravesame-marcela-manuel\/\">Atravesame * Marcela Manuel<\/a><\/li><\/ul><\/p>\n","protected":false},"excerpt":{"rendered":"<p>Marcela Manuel, 2017 ISBN: 978-987-3719-30-1 158 p. Cuerpos que soportan el paso de las horas, as\u00ed andan en el mundo ordinario, as\u00ed se siente el mundo sin amor. Cuerpos que intentan aislarse por protecci\u00f3n, anulando sus sentidos, cerrados. Cuerpos zombis, se mueven por inercia. En el extremo opuesto, el cuerpo enamorado. Hecho de agua y [&hellip;]<\/p>\n","protected":false},"author":4,"featured_media":0,"parent":30,"menu_order":9,"comment_status":"closed","ping_status":"closed","template":"","meta":[],"_links":{"self":[{"href":"https:\/\/viajeraeditorial.ar\/blog\/wp-json\/wp\/v2\/pages\/6791"}],"collection":[{"href":"https:\/\/viajeraeditorial.ar\/blog\/wp-json\/wp\/v2\/pages"}],"about":[{"href":"https:\/\/viajeraeditorial.ar\/blog\/wp-json\/wp\/v2\/types\/page"}],"author":[{"embeddable":true,"href":"https:\/\/viajeraeditorial.ar\/blog\/wp-json\/wp\/v2\/users\/4"}],"replies":[{"embeddable":true,"href":"https:\/\/viajeraeditorial.ar\/blog\/wp-json\/wp\/v2\/comments?post=6791"}],"version-history":[{"count":4,"href":"https:\/\/viajeraeditorial.ar\/blog\/wp-json\/wp\/v2\/pages\/6791\/revisions"}],"predecessor-version":[{"id":6900,"href":"https:\/\/viajeraeditorial.ar\/blog\/wp-json\/wp\/v2\/pages\/6791\/revisions\/6900"}],"up":[{"embeddable":true,"href":"https:\/\/viajeraeditorial.ar\/blog\/wp-json\/wp\/v2\/pages\/30"}],"wp:attachment":[{"href":"https:\/\/viajeraeditorial.ar\/blog\/wp-json\/wp\/v2\/media?parent=6791"}],"curies":[{"name":"wp","href":"https:\/\/api.w.org\/{rel}","templated":true}]}}