{"id":693,"date":"2015-05-07T20:53:52","date_gmt":"2015-05-07T23:53:52","guid":{"rendered":"http:\/\/www.viajeraeditorial.com.ar\/?page_id=693"},"modified":"2015-06-14T23:58:40","modified_gmt":"2015-06-15T02:58:40","slug":"palabras-que-nos-nombran-2","status":"publish","type":"page","link":"https:\/\/viajeraeditorial.ar\/blog\/descubrir\/palabras-que-nos-nombran-2\/","title":{"rendered":"palabras que nos nombran"},"content":{"rendered":"<p><a href=\"http:\/\/www.viajeraeditorial.ar\/blog\/wp-content\/uploads\/2015\/05\/palabrasquenostapa.jpg\"><img loading=\"lazy\" class=\"alignleft  wp-image-694\" src=\"http:\/\/www.viajeraeditorial.ar\/blog\/wp-content\/uploads\/2015\/05\/palabrasquenostapa.jpg\" alt=\"palabras que nos nombran\" width=\"379\" height=\"564\" \/><\/a><a href=\"http:\/\/www.viajeraeditorial.ar\/blog\/autores\/axel-levin\/\">Axel Levin<\/a>, 2014.<br \/>\nISBN: 978-987-3719-03-5<br \/>\n93 p.<\/p>\n<p>\u00bfQu\u00e9 se puede hacer con las palabras? \u00bfJugar con ellas, odiarlas, tomarlas seriamente, sopesar su sentido, extraer la melod\u00eda de su voz? \u00bfQu\u00e9 hacer cuando los signos no alcanzan? \u00bfSer un explorador de sapos, un abrazador de palabras, un suicida, un poeta? Axel Levin indaga los l\u00edmites de lo que puede ser nombrado. M\u00e1s profundamente, plantea una b\u00fasqueda imposible, \u00bfc\u00f3mo explicar aquello que la palabra dice con algo tan limitado como el lenguaje? \u00abToda palabra busca su ausencia\u00bb. Es como mirar al espejo y querer vernos por los ojos del otro, la verdad buscada en el reflejo. Ser escritor es la aventura imposible: encontrar en las grietas del lenguaje un lugar para entrar en \u00e9l como el agua en la piedra. Como lo hace Axel Levin en estos\u00a0poemas.<\/p>\n<p style=\"text-align: right;\">Nicol\u00e1s Pazos<\/p>\n<p>Este libro me enfrenta a un espejo que se halla detr\u00e1s de las im\u00e1genes del mundo. En ese reflejo soy part\u00edculas et\u00e9reas liberadas en el universo. Me siento parte en una galaxia de sentidos del lenguaje, la luna me acuna tibiamente y luego me libera en viaje abierto. Cada poema es un recorrido por la intimidad, una b\u00fasqueda de reconstruir una emoci\u00f3n o un pensamiento. Salto como en una particular rayuela de palabra en palabra. Los puntos de llegada son desembocaduras de cuestiones serias, fuera del juego. Las palabras me cautivan, \u00abEncarceladO \u00a1\u00bfYo!? Por palabras\u00bb. Sentirse un t\u00edtere movido por finos hilos que podemos cortar, pero no queremos. Es el camino ondulante de la poes\u00eda que nos muestra Axel Levin.<\/p>\n<p style=\"text-align: right;\">Eugenia Coiro<\/p>\n<p><span style=\"text-decoration: underline;\"><strong>Contenido sobre <em>palabras que nos nombran<\/em><\/strong><\/span><\/p>\n<ul class = \"posts-by-tag-list\"><li class=\"posts-by-tag-item Axel Levin Cat\u00e1logo en vivo Jos\u00e9 Lupia palabras que nos nombran\" id=\"posts-by-tag-item-6314\"><a class = \"posts-by-tag-item-title\" href=\"https:\/\/viajeraeditorial.ar\/blog\/2017\/07\/jose-lupia-sobre-palabras-que-nos-nombran\/\">Jos\u00e9 Lupia sobre Palabras que nos nombran<\/a><\/li><li class=\"posts-by-tag-item Axel Levin palabras que nos nombran Viajera\" id=\"posts-by-tag-item-2234\"><a class = \"posts-by-tag-item-title\" href=\"https:\/\/viajeraeditorial.ar\/blog\/2015\/02\/axel-levin-abro-la-puerta\/\">Axel Levin * Abro la puerta<\/a><\/li><li class=\"posts-by-tag-item Axel Levin Eugenia Coiro palabras que nos nombran Viajera\" id=\"posts-by-tag-item-2240\"><a class = \"posts-by-tag-item-title\" href=\"https:\/\/viajeraeditorial.ar\/blog\/2015\/01\/eugenia-coiro-sobre-palabras-que-nos-nombran-de-axel-levin\/\">Eugenia Coiro sobre \"Palabras que nos nombran\" de Axel Levin<\/a><\/li><li class=\"posts-by-tag-item Axel Levin palabras que nos nombran Viajera\" id=\"posts-by-tag-item-2243\"><a class = \"posts-by-tag-item-title\" href=\"https:\/\/viajeraeditorial.ar\/blog\/2015\/01\/enredo-axel-levin\/\">Enredo - Axel Levin<\/a><\/li><li class=\"posts-by-tag-item Axel Levin Nicol\u00e1s Pazos palabras que nos nombran Viajera\" id=\"posts-by-tag-item-2246\"><a class = \"posts-by-tag-item-title\" href=\"https:\/\/viajeraeditorial.ar\/blog\/2014\/12\/nicolas-pazos-sobre-palabras-que-nos-nombran-de-axel-levin\/\">Nicol\u00e1s Pazos sobre \"Palabras que nos nombran\" de Axel Levin<\/a><\/li><li class=\"posts-by-tag-item Axel Levin palabras que nos nombran\" id=\"posts-by-tag-item-2253\"><a class = \"posts-by-tag-item-title\" href=\"https:\/\/viajeraeditorial.ar\/blog\/2014\/11\/cajon-del-azul-axel-levin\/\">Caj\u00f3n del Azul - Axel Levin<\/a><\/li><li class=\"posts-by-tag-item Axel Levin palabras que nos nombran Ting Ting Mei\" id=\"posts-by-tag-item-2144\"><a class = \"posts-by-tag-item-title\" href=\"https:\/\/viajeraeditorial.ar\/blog\/2014\/10\/ting-ting-mei-elije-un-texto-de-palabras-que-nos-nombran\/\">Ting Ting Mei elije un texto de Palabras que nos nombran<\/a><\/li><li class=\"posts-by-tag-item Axel Levin palabras que nos nombran Viajera\" id=\"posts-by-tag-item-314\"><a class = \"posts-by-tag-item-title\" href=\"https:\/\/viajeraeditorial.ar\/blog\/2014\/10\/ansia-axel-levin\/\">Ansia - Axel Levin<\/a><\/li><li class=\"posts-by-tag-item Axel Levin palabras que nos nombran Viajera\" id=\"posts-by-tag-item-318\"><a class = \"posts-by-tag-item-title\" href=\"https:\/\/viajeraeditorial.ar\/blog\/2014\/10\/axel-levin-entreparentesis\/\">Axel Levin - entrepar\u00e9ntesis<\/a><\/li><li class=\"posts-by-tag-item Axel Levin palabras que nos nombran Viajera\" id=\"posts-by-tag-item-326\"><a class = \"posts-by-tag-item-title\" href=\"https:\/\/viajeraeditorial.ar\/blog\/2014\/10\/invierno-axel-levin\/\">invierno - Axel Levin<\/a><\/li><li class=\"posts-by-tag-item Axel Levin musicalpoes\u00eda! palabras que nos nombran Viajera\" id=\"posts-by-tag-item-2165\"><a class = \"posts-by-tag-item-title\" href=\"https:\/\/viajeraeditorial.ar\/blog\/2014\/08\/axel-levin-poeta-en-musicalpoesia\/\">Axel Levin \/ poeta en musicalpoes\u00eda!<\/a><\/li><li class=\"posts-by-tag-item Axel Levin palabras que nos nombran\" id=\"posts-by-tag-item-2090\"><a class = \"posts-by-tag-item-title\" href=\"https:\/\/viajeraeditorial.ar\/blog\/2014\/04\/piel-que-vive-axel-levin-anticipo-de-palabras-que-nos-nombran\/\">Piel que vive - Axel Levin - Anticipo de Palabras que nos nombran<\/a><\/li><li class=\"posts-by-tag-item Axel Levin palabras que nos nombran\" id=\"posts-by-tag-item-2103\"><a class = \"posts-by-tag-item-title\" href=\"https:\/\/viajeraeditorial.ar\/blog\/2014\/03\/mascaras-de-aire-axel-levin\/\">M\u00e1scaras de aire - Axel Levin<\/a><\/li><li class=\"posts-by-tag-item Axel Levin palabras que nos nombran\" id=\"posts-by-tag-item-2113\"><a class = \"posts-by-tag-item-title\" href=\"https:\/\/viajeraeditorial.ar\/blog\/2014\/03\/anticipo-del-libro-palabras-que-nos-nombran-de-axel-levin\/\">Anticipo del libro Palabras que nos nombran de Axel Levin<\/a><\/li><li class=\"posts-by-tag-item Axel Levin palabras que nos nombran\" id=\"posts-by-tag-item-2123\"><a class = \"posts-by-tag-item-title\" href=\"https:\/\/viajeraeditorial.ar\/blog\/2014\/02\/artistas-axel-levin-anticipo-de-palabras-que-nos-nombran\/\">(\u00bf)Artistas(?) - Axel Levin - Anticipo de \"Palabras que nos nombran\"<\/a><\/li><\/ul>\n","protected":false},"excerpt":{"rendered":"<p>Axel Levin, 2014. ISBN: 978-987-3719-03-5 93 p. \u00bfQu\u00e9 se puede hacer con las palabras? \u00bfJugar con ellas, odiarlas, tomarlas seriamente, sopesar su sentido, extraer la melod\u00eda de su voz? \u00bfQu\u00e9 hacer cuando los signos no alcanzan? \u00bfSer un explorador de sapos, un abrazador de palabras, un suicida, un poeta? Axel Levin indaga los l\u00edmites de [&hellip;]<\/p>\n","protected":false},"author":3,"featured_media":0,"parent":30,"menu_order":21,"comment_status":"closed","ping_status":"closed","template":"","meta":[],"_links":{"self":[{"href":"https:\/\/viajeraeditorial.ar\/blog\/wp-json\/wp\/v2\/pages\/693"}],"collection":[{"href":"https:\/\/viajeraeditorial.ar\/blog\/wp-json\/wp\/v2\/pages"}],"about":[{"href":"https:\/\/viajeraeditorial.ar\/blog\/wp-json\/wp\/v2\/types\/page"}],"author":[{"embeddable":true,"href":"https:\/\/viajeraeditorial.ar\/blog\/wp-json\/wp\/v2\/users\/3"}],"replies":[{"embeddable":true,"href":"https:\/\/viajeraeditorial.ar\/blog\/wp-json\/wp\/v2\/comments?post=693"}],"version-history":[{"count":2,"href":"https:\/\/viajeraeditorial.ar\/blog\/wp-json\/wp\/v2\/pages\/693\/revisions"}],"predecessor-version":[{"id":2332,"href":"https:\/\/viajeraeditorial.ar\/blog\/wp-json\/wp\/v2\/pages\/693\/revisions\/2332"}],"up":[{"embeddable":true,"href":"https:\/\/viajeraeditorial.ar\/blog\/wp-json\/wp\/v2\/pages\/30"}],"wp:attachment":[{"href":"https:\/\/viajeraeditorial.ar\/blog\/wp-json\/wp\/v2\/media?parent=693"}],"curies":[{"name":"wp","href":"https:\/\/api.w.org\/{rel}","templated":true}]}}