{"id":696,"date":"2015-05-07T20:58:35","date_gmt":"2015-05-07T23:58:35","guid":{"rendered":"http:\/\/www.viajeraeditorial.com.ar\/?page_id=696"},"modified":"2015-06-14T23:58:44","modified_gmt":"2015-06-15T02:58:44","slug":"corasangre-2","status":"publish","type":"page","link":"https:\/\/viajeraeditorial.ar\/blog\/descubrir\/corasangre-2\/","title":{"rendered":"corasangre"},"content":{"rendered":"<p><a href=\"http:\/\/www.viajeraeditorial.ar\/blog\/wp-content\/uploads\/2015\/05\/corasangretapa.jpg\"><img loading=\"lazy\" class=\"alignleft  wp-image-697\" src=\"http:\/\/www.viajeraeditorial.ar\/blog\/wp-content\/uploads\/2015\/05\/corasangretapa.jpg\" alt=\"corasangre\" width=\"385\" height=\"606\" \/><\/a><a href=\"http:\/\/www.viajeraeditorial.ar\/blog\/autores\/nicolas-pazos\/\">Nicol\u00e1s Pazos<\/a>, 2014.<br \/>\nISBN: 978-987-3719-01-1<br \/>\n81 p.<\/p>\n<p><em>corasangre<\/em> est\u00e1 atravesado por una\u00a0enfermedad \u00fanica, una pasi\u00f3n que lo invade y diluye su ser; agota su conciencia en el cuerpo, volvi\u00e9ndose piel pura; esconde el pensamiento, la opini\u00f3n y la pregunta en el presente vivo, bloqueando todo lo dem\u00e1s. Como un cuenco de barro en m\u00fasica, el autor desgrana voces que son palabras, que son viento, y el amor le ruge y lo desborda, fant\u00e1stico real:\u00a0<em>pero d\u00f3nde cabe la magia si todo se explica\/ \u00abdejate caer\u00bb me digo\/ que te dejes caer<\/em>.<\/p>\n<p style=\"text-align: right;\">Axel Levin<\/p>\n<p>Como un tonto trapecista sabio que pende, oscila, se hamaca entre el poeta y su voz, danzando en el aire sobre la grieta de la realidad,\u00a0<em>corasangre<\/em> me lleva y yo me dejo hamacar bien alto y fuerte. El viento despeja la cara, acaricia. Nada puede lastimarme en este fluir de los poemas.\u00a0<em>corasangre<\/em> enamora y me convence de que con el amor alcanza. Atravieso las tres partes del libro desde lo caliente y agitado hasta la reflexi\u00f3n del yo po\u00e9tico y la poes\u00eda. Todo el recorrido es por dentro, del amor, del coraz\u00f3n, del pensamiento.<\/p>\n<p style=\"text-align: right;\">Eugenia Coiro<\/p>\n<p><span style=\"text-decoration: underline;\"><strong>Contenido sobre <em>corasangre<\/em><\/strong><\/span><\/p>\n<ul class = \"posts-by-tag-list\"><li class=\"posts-by-tag-item Axel Levin Cecilia Maugeri corasangre Karina Macci\u00f3 Nicol\u00e1s Pazos\" id=\"posts-by-tag-item-2255\"><a class = \"posts-by-tag-item-title\" href=\"https:\/\/viajeraeditorial.ar\/blog\/2014\/11\/imagenes-de-la-presentacion-de-corasangre\/\">Im\u00e1genes de la presentaci\u00f3n de corasangre<\/a><\/li><li class=\"posts-by-tag-item corasangre Nicol\u00e1s Pazos Viajera\" id=\"posts-by-tag-item-237\"><a class = \"posts-by-tag-item-title\" href=\"https:\/\/viajeraeditorial.ar\/blog\/2014\/11\/el-cielo-cae-en-el-mar-nicolas-pazos\/\">el cielo cae en el mar - Nicol\u00e1s Pazos<\/a><\/li><li class=\"posts-by-tag-item corasangre Nicol\u00e1s Pazos Viajera\" id=\"posts-by-tag-item-2256\"><a class = \"posts-by-tag-item-title\" href=\"https:\/\/viajeraeditorial.ar\/blog\/2014\/11\/para-desangrarse-nicolas-pazos\/\">para desangrarse - Nicol\u00e1s Pazos<\/a><\/li><li class=\"posts-by-tag-item Axel Levin Cecilia Maugeri corasangre Eugenia Coiro Karina Macci\u00f3 Nicol\u00e1s Pazos Ting Ting Mei Viajera\" id=\"posts-by-tag-item-2257\"><a class = \"posts-by-tag-item-title\" href=\"https:\/\/viajeraeditorial.ar\/blog\/2014\/11\/presentacion-de-corasangre-de-nicolas-pazos\/\">Presentaci\u00f3n de corasangre, de Nicol\u00e1s Pazos<\/a><\/li><li class=\"posts-by-tag-item corasangre Nicol\u00e1s Pazos Viajera\" id=\"posts-by-tag-item-2258\"><a class = \"posts-by-tag-item-title\" href=\"https:\/\/viajeraeditorial.ar\/blog\/2014\/11\/el-alma-nicolas-pazos\/\">el alma - Nicol\u00e1s Pazos<\/a><\/li><li class=\"posts-by-tag-item corasangre Nicol\u00e1s Pazos Viajera\" id=\"posts-by-tag-item-2259\"><a class = \"posts-by-tag-item-title\" href=\"https:\/\/viajeraeditorial.ar\/blog\/2014\/11\/como-el-que-plagia-nicolas-pazos\/\">como el que plagia - Nicol\u00e1s Pazos<\/a><\/li><li class=\"posts-by-tag-item corasangre Nicol\u00e1s Pazos Viajera\" id=\"posts-by-tag-item-2264\"><a class = \"posts-by-tag-item-title\" href=\"https:\/\/viajeraeditorial.ar\/blog\/2014\/11\/para-desangrarse-nicolas-pazos-corasangre\/\">para desangrarse - Nicol\u00e1s Pazos - corasangre<\/a><\/li><li class=\"posts-by-tag-item corasangre Nicol\u00e1s Pazos Viajera\" id=\"posts-by-tag-item-2091\"><a class = \"posts-by-tag-item-title\" href=\"https:\/\/viajeraeditorial.ar\/blog\/2014\/04\/la-linea-de-la-vida-nicolas-pazos-anticipo-de-corasangre\/\">La l\u00ednea de la vida - Nicol\u00e1s Pazos - Anticipo de Corasangre<\/a><\/li><li class=\"posts-by-tag-item corasangre Nicol\u00e1s Pazos Viajera\" id=\"posts-by-tag-item-751\"><a class = \"posts-by-tag-item-title\" href=\"https:\/\/viajeraeditorial.ar\/blog\/2014\/03\/its-all-over-now-baby-blue-incluido-en-corasangre-nicolas-pazos\/\">\"It\u00b4s all over now, baby blue\" inclu\u00eddo en Corasangre - Nicol\u00e1s Pazos<\/a><\/li><li class=\"posts-by-tag-item corasangre Nicol\u00e1s Pazos Viajera\" id=\"posts-by-tag-item-2128\"><a class = \"posts-by-tag-item-title\" href=\"https:\/\/viajeraeditorial.ar\/blog\/2014\/02\/maradentro-anticipo-de-corasangre-de-nicolas-pazos\/\">\"Maradentro\", anticipo de Corasangre de Nicol\u00e1s Pazos<\/a><\/li><\/ul>\n","protected":false},"excerpt":{"rendered":"<p>Nicol\u00e1s Pazos, 2014. ISBN: 978-987-3719-01-1 81 p. corasangre est\u00e1 atravesado por una\u00a0enfermedad \u00fanica, una pasi\u00f3n que lo invade y diluye su ser; agota su conciencia en el cuerpo, volvi\u00e9ndose piel pura; esconde el pensamiento, la opini\u00f3n y la pregunta en el presente vivo, bloqueando todo lo dem\u00e1s. Como un cuenco de barro en m\u00fasica, el [&hellip;]<\/p>\n","protected":false},"author":3,"featured_media":0,"parent":30,"menu_order":22,"comment_status":"closed","ping_status":"closed","template":"","meta":[],"_links":{"self":[{"href":"https:\/\/viajeraeditorial.ar\/blog\/wp-json\/wp\/v2\/pages\/696"}],"collection":[{"href":"https:\/\/viajeraeditorial.ar\/blog\/wp-json\/wp\/v2\/pages"}],"about":[{"href":"https:\/\/viajeraeditorial.ar\/blog\/wp-json\/wp\/v2\/types\/page"}],"author":[{"embeddable":true,"href":"https:\/\/viajeraeditorial.ar\/blog\/wp-json\/wp\/v2\/users\/3"}],"replies":[{"embeddable":true,"href":"https:\/\/viajeraeditorial.ar\/blog\/wp-json\/wp\/v2\/comments?post=696"}],"version-history":[{"count":2,"href":"https:\/\/viajeraeditorial.ar\/blog\/wp-json\/wp\/v2\/pages\/696\/revisions"}],"predecessor-version":[{"id":2333,"href":"https:\/\/viajeraeditorial.ar\/blog\/wp-json\/wp\/v2\/pages\/696\/revisions\/2333"}],"up":[{"embeddable":true,"href":"https:\/\/viajeraeditorial.ar\/blog\/wp-json\/wp\/v2\/pages\/30"}],"wp:attachment":[{"href":"https:\/\/viajeraeditorial.ar\/blog\/wp-json\/wp\/v2\/media?parent=696"}],"curies":[{"name":"wp","href":"https:\/\/api.w.org\/{rel}","templated":true}]}}