{"id":702,"date":"2015-05-07T21:06:36","date_gmt":"2015-05-08T00:06:36","guid":{"rendered":"http:\/\/www.viajeraeditorial.com.ar\/?page_id=702"},"modified":"2015-06-14T23:59:40","modified_gmt":"2015-06-15T02:59:40","slug":"peligrosa-horizontal-2","status":"publish","type":"page","link":"https:\/\/viajeraeditorial.ar\/blog\/descubrir\/peligrosa-horizontal-2\/","title":{"rendered":"Peligrosa Horizontal"},"content":{"rendered":"<p><a href=\"http:\/\/www.viajeraeditorial.ar\/blog\/wp-content\/uploads\/2015\/05\/peligrosatapa.jpg\"><img loading=\"lazy\" class=\"alignleft  wp-image-703\" src=\"http:\/\/www.viajeraeditorial.ar\/blog\/wp-content\/uploads\/2015\/05\/peligrosatapa.jpg\" alt=\"Peligrosa Horizontal\" width=\"374\" height=\"555\" \/><\/a><a href=\"http:\/\/www.viajeraeditorial.ar\/blog\/autores\/lorena-garcia\/\">Lorena Garc\u00eda<\/a>, 2014.<br \/>\nISBN: 978-987-3714-04-2<br \/>\n100 p.<\/p>\n<p>La poes\u00eda de Lorena Garc\u00eda narra el dolor y la locura, producto de un at\u00e1vico cataclismo e invoca un antiguo amor, que torna el presente un puro \u201ccuerpo desarmado, desamado\u201d. En la estela de la poes\u00eda maldita del fin del siglo XIX y del eros experimentado por grandes poetas rioplatenses como Delmira Agustini, Alejandra Pizarnik y Marosa di Giorgio, la escritura de Lorena Garc\u00eda hace de lo fr\u00e1gil y lo inestable una forma de estar en el mundo. La experiencia de los d\u00edas se configura en un imaginario que contiene l\u00e1tigos y espacios \u201cimpensables\u201d, l\u00e1pidas y tatuajes sangrientos, mu\u00f1ecas rotas y enormes tumores. Estos poemas se esfuerzan por hacer surgir un \u201cgrito\u201d ahogado que, finalmente, se enuncia, sin precauci\u00f3n ni cautela. Una subjetividad escindida (\u201csomos dos desde chiquita\/ ella y YO\u201d) recoge en la superficie del cuerpo los restos de un naufragio, pero tambi\u00e9n los \u201chilitos dorados\u201d de un discurso que, a pesar de todo, proporciona ox\u00edgeno y otorga una nueva oportunidad. Lorena Garc\u00eda transita los caminos de la vigilia y el sue\u00f1o (\u201cmi otro yo duerme\u201d) en busca de nombrar algo primitivo, inasible y tremendo, que su piel y su voz quebrada escriben invisiblemente, casi sin cesar.<\/p>\n<p style=\"text-align: right;\">Carlos Battilana<\/p>\n<p><span style=\"text-decoration: underline;\"><strong>Contenido sobre Peligrosa Horizontal<\/strong><\/span><\/p>\n<ul class = \"posts-by-tag-list\"><li class=\"posts-by-tag-item Lorena Garc\u00eda Peligrosa Horizontal Sumergible Festival de Poes\u00eda Contempor\u00e1nea\" id=\"posts-by-tag-item-5809\"><a class = \"posts-by-tag-item-title\" href=\"https:\/\/viajeraeditorial.ar\/blog\/2016\/10\/lorena-garcia-en-el-v-festival-de-poesia-contemporanea-sumergible\/\">Lorena Garc\u00eda en el V Festival de poes\u00eda contempor\u00e1nea * Sumergible<\/a><\/li><li class=\"posts-by-tag-item Lorena Garc\u00eda Peligrosa Horizontal Viajera\" id=\"posts-by-tag-item-2237\"><a class = \"posts-by-tag-item-title\" href=\"https:\/\/viajeraeditorial.ar\/blog\/2015\/01\/abril-duele-en-los-huesos-lorena-garcia\/\">abril duele en los huesos - Lorena Garc\u00eda<\/a><\/li><li class=\"posts-by-tag-item Bengala Hotel Eugenia Coiro Gabriela Tavolara Karina Macci\u00f3 La Cajita de Pandora La P\u00e9rdida o La Perdida L\u00e9ame Lorena Garc\u00eda Minuto Fuego Nicol\u00e1s Di Candia Peligrosa Horizontal Strip-Dancer Viajera Virginia Janza\" id=\"posts-by-tag-item-2248\"><a class = \"posts-by-tag-item-title\" href=\"https:\/\/viajeraeditorial.ar\/blog\/2014\/12\/cronicas-viajeras-por-carolina-calvo\/\">Cr\u00f3nicas viajeras, por Carolina Calvo<\/a><\/li><li class=\"posts-by-tag-item Lorena Garc\u00eda Peligrosa Horizontal Viajera\" id=\"posts-by-tag-item-166\"><a class = \"posts-by-tag-item-title\" href=\"https:\/\/viajeraeditorial.ar\/blog\/2014\/12\/dos-dias-muerta-lorena-garcia\/\">Dos d\u00edas muerta - Lorena Garc\u00eda<\/a><\/li><li class=\"posts-by-tag-item Gabriela Tavolara Lorena Garc\u00eda Peligrosa Horizontal\" id=\"posts-by-tag-item-181\"><a class = \"posts-by-tag-item-title\" href=\"https:\/\/viajeraeditorial.ar\/blog\/2014\/12\/strip-dancer-peligrosa-horizontal-212\/\">Strip Dancer * Peligrosa horizontal \/\/ 2\/12<\/a><\/li><li class=\"posts-by-tag-item Lorena Garc\u00eda Peligrosa Horizontal Viajera\" id=\"posts-by-tag-item-186\"><a class = \"posts-by-tag-item-title\" href=\"https:\/\/viajeraeditorial.ar\/blog\/2014\/12\/perderte-lorena-garcia\/\">perderte - Lorena Garc\u00eda<\/a><\/li><li class=\"posts-by-tag-item Lorena Garc\u00eda Peligrosa Horizontal Viajera\" id=\"posts-by-tag-item-194\"><a class = \"posts-by-tag-item-title\" href=\"https:\/\/viajeraeditorial.ar\/blog\/2014\/11\/pedacitos-de-cristal-donde-estaban-lorena-garcia\/\">pedacitos de cristal, \u00bfd\u00f3nde estaban? - Lorena Garc\u00eda<\/a><\/li><li class=\"posts-by-tag-item Lorena Garc\u00eda Peligrosa Horizontal Viajera\" id=\"posts-by-tag-item-199\"><a class = \"posts-by-tag-item-title\" href=\"https:\/\/viajeraeditorial.ar\/blog\/2014\/11\/cuerpo-desarmado-lorena-garcia\/\">Cuerpo desarmado - Lorena Garc\u00eda<\/a><\/li><li class=\"posts-by-tag-item Gabriela Tavolara Lorena Garc\u00eda Peligrosa Horizontal Strip-Dancer Viajera\" id=\"posts-by-tag-item-201\"><a class = \"posts-by-tag-item-title\" href=\"https:\/\/viajeraeditorial.ar\/blog\/2014\/11\/212-peligrosa-horizontal-strip-dancer\/\">2\/12 Peligrosa horizontal \/\/ Strip-Dancer<\/a><\/li><\/ul>\n","protected":false},"excerpt":{"rendered":"<p>Lorena Garc\u00eda, 2014. ISBN: 978-987-3714-04-2 100 p. La poes\u00eda de Lorena Garc\u00eda narra el dolor y la locura, producto de un at\u00e1vico cataclismo e invoca un antiguo amor, que torna el presente un puro \u201ccuerpo desarmado, desamado\u201d. En la estela de la poes\u00eda maldita del fin del siglo XIX y del eros experimentado por grandes [&hellip;]<\/p>\n","protected":false},"author":3,"featured_media":0,"parent":30,"menu_order":24,"comment_status":"closed","ping_status":"closed","template":"","meta":[],"_links":{"self":[{"href":"https:\/\/viajeraeditorial.ar\/blog\/wp-json\/wp\/v2\/pages\/702"}],"collection":[{"href":"https:\/\/viajeraeditorial.ar\/blog\/wp-json\/wp\/v2\/pages"}],"about":[{"href":"https:\/\/viajeraeditorial.ar\/blog\/wp-json\/wp\/v2\/types\/page"}],"author":[{"embeddable":true,"href":"https:\/\/viajeraeditorial.ar\/blog\/wp-json\/wp\/v2\/users\/3"}],"replies":[{"embeddable":true,"href":"https:\/\/viajeraeditorial.ar\/blog\/wp-json\/wp\/v2\/comments?post=702"}],"version-history":[{"count":2,"href":"https:\/\/viajeraeditorial.ar\/blog\/wp-json\/wp\/v2\/pages\/702\/revisions"}],"predecessor-version":[{"id":2335,"href":"https:\/\/viajeraeditorial.ar\/blog\/wp-json\/wp\/v2\/pages\/702\/revisions\/2335"}],"up":[{"embeddable":true,"href":"https:\/\/viajeraeditorial.ar\/blog\/wp-json\/wp\/v2\/pages\/30"}],"wp:attachment":[{"href":"https:\/\/viajeraeditorial.ar\/blog\/wp-json\/wp\/v2\/media?parent=702"}],"curies":[{"name":"wp","href":"https:\/\/api.w.org\/{rel}","templated":true}]}}