{"id":7195,"date":"2018-08-09T08:45:00","date_gmt":"2018-08-09T11:45:00","guid":{"rendered":"http:\/\/www.viajeraeditorial.com.ar\/?page_id=7195"},"modified":"2018-09-06T20:48:51","modified_gmt":"2018-09-06T23:48:51","slug":"montgomery-de-lana-roja","status":"publish","type":"page","link":"https:\/\/viajeraeditorial.ar\/blog\/explorar\/montgomery-de-lana-roja\/","title":{"rendered":"Montgomery de lana roja"},"content":{"rendered":"<p>&nbsp;<\/p>\n<p class=\"plano\"><a href=\"http:\/\/www.viajeraeditorial.ar\/blog\/autores\/cristina-eseiza\/\">Cristina Eseiza<\/a><a href=\"http:\/\/www.viajeraeditorial.ar\/blog\/autores\/cristina-eseiza\/\"><img loading=\"lazy\" class=\"wp-image-7196 alignleft\" src=\"http:\/\/www.viajeraeditorial.ar\/blog\/wp-content\/uploads\/2018\/08\/montgomery-t-01-632x941.jpg\" alt=\"\" width=\"355\" height=\"529\" \/><\/a>, 2018<br \/>\nISBN: 978-987-3719-12-7<br \/>\n128 p.<\/p>\n<p class=\"plano\">Si estos cuentos de Cristina Eseiza fueran sesenta y cuatro, como los que constituyen el tablero de ajedrez, yo dir\u00eda que fui visitando todos los escaques con id\u00e9ntico gusto; aunque son solo trece mi afirmaci\u00f3n no pierde validez: conducido por las eficaces palabras del texto, visit\u00e9 y recorr\u00ed todos y cada uno de ellos, y encontr\u00e9, muy a menudo, la exteriorizaci\u00f3n metaf\u00f3rica de aquello que -por comodidad o por falta de t\u00e9rmino m\u00e1s exacto- solemos llamar vida interior.<\/p>\n<p class=\"plano\">Esta vida se manifiesta -y no es paradoja- justamente por la riqueza de los detalles exteriores que, como se sabe desde el principio de los siglos, constituyen la esencia y la raz\u00f3n de ser de la narrativa.<\/p>\n<p class=\"plano\" style=\"text-align: right;\"><strong>Fernando Sorrentino<\/strong><\/p>\n<p>Este volumen de cuentos de Cristina Eseiza se desliza en la lectura como si escuch\u00e1ramos una playlist especialmente compilada: para bailar en el carnaval o en los casamientos; brasile\u00f1a para la playa, colorida, pero cae la noche y sobreviene la saudade; canciones de los a\u00f1os setenta para recordar momentos espec\u00edficos de nuestra historia, llenos de expectativa y emoci\u00f3n; alg\u00fan exotismo morisco para so\u00f1ar y sobre todo, muchas cuerdas que van r\u00e1pidas, tempestuosas, apasionadas, y pueden transformarse, de pronto, en melancol\u00eda o a\u00f1oranza. Un libro para leer como si su m\u00fasica nos llevara a distintas \u00e9pocas y escenarios, viviendo cada cuento como propio.<\/p>\n<p style=\"text-align: right;\"><strong>Karina Macci\u00f3<\/strong><\/p>\n<p class=\"plano\" style=\"text-align: right;\">\n<p class=\"plano\" style=\"text-align: left;\"><span style=\"text-decoration: underline;\"><strong>Contenido sobre Montgomery de lana roja<\/strong><\/span><\/p>\n<p class=\"plano\" style=\"text-align: left;\" align=\"right\"><ul class = \"posts-by-tag-list\"><li class=\"posts-by-tag-item Cristina Eseiza Montgomery de lana roja\" id=\"posts-by-tag-item-8275\"><a class = \"posts-by-tag-item-title\" href=\"https:\/\/viajeraeditorial.ar\/blog\/2020\/04\/los-mocosos-de-liniers-frag-cristina-eseiza\/\">Los mocosos de Liniers (frag.) * Cristina Eseiza<\/a><\/li><li class=\"posts-by-tag-item Cristina Eseiza Montgomery de lana roja\" id=\"posts-by-tag-item-8272\"><a class = \"posts-by-tag-item-title\" href=\"https:\/\/viajeraeditorial.ar\/blog\/2020\/03\/vestido-de-novia-frag-cristina-eseiza\/\">Vestido de novia (frag.) * Cristina Eseiza<\/a><\/li><li class=\"posts-by-tag-item Cristina Eseiza Montgomery de lana roja\" id=\"posts-by-tag-item-8269\"><a class = \"posts-by-tag-item-title\" href=\"https:\/\/viajeraeditorial.ar\/blog\/2020\/01\/el-episodio-de-las-arcas-de-arena-cristina-eseiza\/\">El episodio de las arcas de arena * Cristina Eseiza<\/a><\/li><li class=\"posts-by-tag-item Cristina Eseiza Montgomery de lana roja\" id=\"posts-by-tag-item-7452\"><a class = \"posts-by-tag-item-title\" href=\"https:\/\/viajeraeditorial.ar\/blog\/2018\/11\/rezuman-kol-cristina-eseiza\/\">Rezuman k\u00f6l * Cristina Eseiza<\/a><\/li><li class=\"posts-by-tag-item Montgomery de lana roja\" id=\"posts-by-tag-item-7259\"><a class = \"posts-by-tag-item-title\" href=\"https:\/\/viajeraeditorial.ar\/blog\/2018\/09\/rodrigo-troilo-en-montgomery-de-lana-roja-79\/\">Rodrigo Troilo en Montgomery de lana roja * 7\/9<\/a><\/li><li class=\"posts-by-tag-item Cristina Eseiza Montgomery de lana roja\" id=\"posts-by-tag-item-7256\"><a class = \"posts-by-tag-item-title\" href=\"https:\/\/viajeraeditorial.ar\/blog\/2018\/09\/geronte-geografia-fragmento-cristina-eseiza\/\">Geronte geograf\u00eda (fragmento) *Cristina Eseiza<\/a><\/li><li class=\"posts-by-tag-item Cristina Eseiza Montgomery de lana roja\" id=\"posts-by-tag-item-7251\"><a class = \"posts-by-tag-item-title\" href=\"https:\/\/viajeraeditorial.ar\/blog\/2018\/08\/montgomery-de-lana-roja-cristina-eseiza-2\/\">Montgomery de lana roja * Cristina Eseiza<\/a><\/li><li class=\"posts-by-tag-item Cristina Eseiza Montgomery de lana roja\" id=\"posts-by-tag-item-7232\"><a class = \"posts-by-tag-item-title\" href=\"https:\/\/viajeraeditorial.ar\/blog\/2018\/08\/yo-fluia-cristina-eseiza\/\">yo, flu\u00eda * Cristina Eseiza<\/a><\/li><li class=\"posts-by-tag-item Cristina Eseiza Montgomery de lana roja\" id=\"posts-by-tag-item-7154\"><a class = \"posts-by-tag-item-title\" href=\"https:\/\/viajeraeditorial.ar\/blog\/2018\/06\/infidelidad-cristina-eseiza\/\">Infidelidad * Cristina Eseiza<\/a><\/li><li class=\"posts-by-tag-item Cristina Eseiza Feria Internacional del Libro de Buenos Aires Montgomery de lana roja\" id=\"posts-by-tag-item-6995\"><a class = \"posts-by-tag-item-title\" href=\"https:\/\/viajeraeditorial.ar\/blog\/2018\/05\/casamientos-cristina-eseiza-en-la-feria-del-libro-135\/\">Casamientos * Cristina Eseiza en la Feria del Libro 13\/5<\/a><\/li><\/ul><\/p>\n","protected":false},"excerpt":{"rendered":"<p>&nbsp; Cristina Eseiza, 2018 ISBN: 978-987-3719-12-7 128 p. Si estos cuentos de Cristina Eseiza fueran sesenta y cuatro, como los que constituyen el tablero de ajedrez, yo dir\u00eda que fui visitando todos los escaques con id\u00e9ntico gusto; aunque son solo trece mi afirmaci\u00f3n no pierde validez: conducido por las eficaces palabras del texto, visit\u00e9 y [&hellip;]<\/p>\n","protected":false},"author":4,"featured_media":0,"parent":32,"menu_order":0,"comment_status":"closed","ping_status":"open","template":"","meta":[],"_links":{"self":[{"href":"https:\/\/viajeraeditorial.ar\/blog\/wp-json\/wp\/v2\/pages\/7195"}],"collection":[{"href":"https:\/\/viajeraeditorial.ar\/blog\/wp-json\/wp\/v2\/pages"}],"about":[{"href":"https:\/\/viajeraeditorial.ar\/blog\/wp-json\/wp\/v2\/types\/page"}],"author":[{"embeddable":true,"href":"https:\/\/viajeraeditorial.ar\/blog\/wp-json\/wp\/v2\/users\/4"}],"replies":[{"embeddable":true,"href":"https:\/\/viajeraeditorial.ar\/blog\/wp-json\/wp\/v2\/comments?post=7195"}],"version-history":[{"count":3,"href":"https:\/\/viajeraeditorial.ar\/blog\/wp-json\/wp\/v2\/pages\/7195\/revisions"}],"predecessor-version":[{"id":7265,"href":"https:\/\/viajeraeditorial.ar\/blog\/wp-json\/wp\/v2\/pages\/7195\/revisions\/7265"}],"up":[{"embeddable":true,"href":"https:\/\/viajeraeditorial.ar\/blog\/wp-json\/wp\/v2\/pages\/32"}],"wp:attachment":[{"href":"https:\/\/viajeraeditorial.ar\/blog\/wp-json\/wp\/v2\/media?parent=7195"}],"curies":[{"name":"wp","href":"https:\/\/api.w.org\/{rel}","templated":true}]}}