{"id":7201,"date":"2018-08-12T10:50:06","date_gmt":"2018-08-12T13:50:06","guid":{"rendered":"http:\/\/www.viajeraeditorial.com.ar\/?page_id=7201"},"modified":"2020-11-02T21:08:18","modified_gmt":"2020-11-03T00:08:18","slug":"alicia-saliva","status":"publish","type":"page","link":"https:\/\/viajeraeditorial.ar\/blog\/catalogo\/alicia-saliva\/","title":{"rendered":"Alicia Saliva"},"content":{"rendered":"<p>&nbsp;<\/p>\n<p><img loading=\"lazy\" class=\"wp-image-7202 alignright\" src=\"http:\/\/www.viajeraeditorial.ar\/blog\/wp-content\/uploads\/2018\/08\/23319062-10215336817910707-9103820539799756364-n.jpg\" alt=\"\" width=\"351\" height=\"435\" srcset=\"https:\/\/viajeraeditorial.ar\/blog\/wp-content\/uploads\/2018\/08\/23319062-10215336817910707-9103820539799756364-n.jpg 481w, https:\/\/viajeraeditorial.ar\/blog\/wp-content\/uploads\/2018\/08\/23319062-10215336817910707-9103820539799756364-n-257x320.jpg 257w, https:\/\/viajeraeditorial.ar\/blog\/wp-content\/uploads\/2018\/08\/23319062-10215336817910707-9103820539799756364-n-350x435.jpg 350w\" sizes=\"(max-width: 351px) 100vw, 351px\" \/><\/p>\n<p>Alicia Saliva (Buenos Aires, 1969) es autora, hasta la fecha, de tres libros de poes\u00eda: <em>Las veredas del agua<\/em>, con acuarelas y dibujos de Cecilia de la Fuente (El Escriba, 2012),<em> Variaciones sobre el silencio<\/em>, con fotograf\u00edas de Cecilia de la Fuente (Botella al mar, 2014) y\u00a0 <em>Me deja dicha<\/em>\u00a0 (Viajera Editorial, 2018).<br \/>\nRealiza distintas actividades relacionadas con la poes\u00eda, desde docencia, investigaci\u00f3n y difusi\u00f3n a trav\u00e9s de centros culturales, hasta lecturas p\u00fablicas y otras acciones po\u00e9ticas comunitarias.<br \/>\nHa participado de diversas agrupaciones y propuestas literarias, como P\u00e1jaros locos y Siempre de viaje-Literatura en progreso.<br \/>\nProfesora superior (UCA) y Doctora en Letras (Universidad Complutense de Madrid), se desempe\u00f1a en el nivel universitario, en las \u00e1reas de literatura comparada y est\u00e9tica, con calas en la escritura acad\u00e9mica y creativa. Escribe, publica y participa de reuniones acad\u00e9micas sobre estas tem\u00e1ticas.<\/p>\n<p><strong><span style=\"text-decoration: underline;\">En Viajera<\/span><\/strong><\/p>\n<p style=\"padding-left: 30px;\"><img loading=\"lazy\" class=\"wp-image-7212 alignnone\" src=\"http:\/\/www.viajeraeditorial.ar\/blog\/wp-content\/uploads\/2018\/08\/medejadicha-1.jpg\" alt=\"\" width=\"15\" height=\"23\" \/>\u00a0<a href=\"http:\/\/www.viajeraeditorial.ar\/blog\/explorar\/me-deja-dicha\/\">Me deja dicha<\/a><\/p>\n<p><strong><span style=\"text-decoration: underline;\">Fuera de Viajera<\/span><\/strong><\/p>\n<p><em>Las veredas del agua<\/em> (El Escriba, 2012)<\/p>\n<p><em>Variaciones sobre el silencio<\/em> (Botella al mar, 2014)<\/p>\n<p><strong><span style=\"text-decoration: underline;\">Contenido sobre Alicia<\/span><\/strong><\/p>\n<ul class = \"posts-by-tag-list\"><li class=\"posts-by-tag-item Alicia Saliva Anibal Ilguisonis Axel Levin Cristina Eseiza Eduardo G\u00e1lvez Eugenia Coiro Festival de Poes\u00eda de Rosario Ignacio Uranga Jan De Jager Jos\u00e9 Lupia Karina Macci\u00f3 Marcela Manuel Nicol\u00e1s Alonso Sof\u00eda\" id=\"posts-by-tag-item-8738\"><a class = \"posts-by-tag-item-title\" href=\"https:\/\/viajeraeditorial.ar\/blog\/2020\/11\/estamos-en-el-fipr\/\">Estamos en el FIPR<\/a><\/li><li class=\"posts-by-tag-item Alicia Saliva Karina Macci\u00f3\" id=\"posts-by-tag-item-8604\"><a class = \"posts-by-tag-item-title\" href=\"https:\/\/viajeraeditorial.ar\/blog\/2020\/10\/bardo-y-tango\/\">Bardo y Tango<\/a><\/li><li class=\"posts-by-tag-item Alicia Saliva Me deja dicha\" id=\"posts-by-tag-item-7829\"><a class = \"posts-by-tag-item-title\" href=\"https:\/\/viajeraeditorial.ar\/blog\/2019\/05\/pablo-luque-pinilla-resena-me-deja-dicha-en-el-cuaderno-digital\/\">Pablo Luque Pinilla rese\u00f1a Me deja dicha en Cuaderno Digital<\/a><\/li><li class=\"posts-by-tag-item Alicia Saliva Me deja dicha\" id=\"posts-by-tag-item-7652\"><a class = \"posts-by-tag-item-title\" href=\"https:\/\/viajeraeditorial.ar\/blog\/2019\/03\/te-entreleo-alicia-saliva\/\">te entreleo * Alicia Saliva<\/a><\/li><li class=\"posts-by-tag-item Alicia Saliva Me deja dicha\" id=\"posts-by-tag-item-7649\"><a class = \"posts-by-tag-item-title\" href=\"https:\/\/viajeraeditorial.ar\/blog\/2019\/02\/pequena-y-plena-cruz-fragmento-alicia-saliva\/\">Peque\u00f1a y plena cruz  (fragmento) * Alicia Saliva<\/a><\/li><li class=\"posts-by-tag-item Alicia Saliva Me deja dicha\" id=\"posts-by-tag-item-7581\"><a class = \"posts-by-tag-item-title\" href=\"https:\/\/viajeraeditorial.ar\/blog\/2019\/01\/presentacion-de-me-deja-dicha-en-madrid\/\">Presentaci\u00f3n de Me deja dicha en Madrid!<\/a><\/li><li class=\"posts-by-tag-item Alicia Saliva Me deja dicha\" id=\"posts-by-tag-item-7572\"><a class = \"posts-by-tag-item-title\" href=\"https:\/\/viajeraeditorial.ar\/blog\/2019\/01\/queria-aclararte-alicia-saliva\/\">Quer\u00eda aclararte * Alicia Saliva<\/a><\/li><li class=\"posts-by-tag-item Alicia Saliva Javier Pizarro Me deja dicha\" id=\"posts-by-tag-item-7464\"><a class = \"posts-by-tag-item-title\" href=\"https:\/\/viajeraeditorial.ar\/blog\/2018\/12\/sobre-me-deja-dicha-por-javier-pizarro\/\">Sobre Me deja dicha * por Javier Pizarro<\/a><\/li><li class=\"posts-by-tag-item Alicia Saliva Me deja dicha\" id=\"posts-by-tag-item-7455\"><a class = \"posts-by-tag-item-title\" href=\"https:\/\/viajeraeditorial.ar\/blog\/2018\/11\/presentacion-de-me-deja-dicha-2911\/\">Presentaci\u00f3n de Me deja dicha * 29\/11<\/a><\/li><li class=\"posts-by-tag-item Alicia Saliva Marim\u00e9 Arancet Ruda Me deja dicha\" id=\"posts-by-tag-item-7312\"><a class = \"posts-by-tag-item-title\" href=\"https:\/\/viajeraeditorial.ar\/blog\/2018\/09\/la-dicha-de-haber-dicho-ayer-marime-arancet-ruda\/\">La dicha de haber dicho ayer * Marim\u00e9 Arancet Ruda<\/a><\/li><li class=\"posts-by-tag-item Alicia Saliva Me deja dicha\" id=\"posts-by-tag-item-7278\"><a class = \"posts-by-tag-item-title\" href=\"https:\/\/viajeraeditorial.ar\/blog\/2018\/09\/con-tu-aire-apasionado-alicia-saliva\/\">con tu aire apasionado * Alicia Saliva<\/a><\/li><li class=\"posts-by-tag-item Alicia Saliva Me deja dicha\" id=\"posts-by-tag-item-7269\"><a class = \"posts-by-tag-item-title\" href=\"https:\/\/viajeraeditorial.ar\/blog\/2018\/09\/me-deja-dicha-de-alicia-saliva-presentacion-179\/\">Me deja dicha de Alicia Saliva * Presentaci\u00f3n: 17\/9<\/a><\/li><li class=\"posts-by-tag-item Alicia Saliva Feria Internacional del Libro de Buenos Aires\" id=\"posts-by-tag-item-7016\"><a class = \"posts-by-tag-item-title\" href=\"https:\/\/viajeraeditorial.ar\/blog\/2018\/05\/alicia-saliva-en-la-feria-del-libro-adelantos-de-viajera-135\/\">Alicia Saliva en la Feria del libro * adelantos de Viajera! 13\/5<\/a><\/li><li class=\"posts-by-tag-item Alicia Saliva lo \u00fanico que se puede decir es un ritmo\" id=\"posts-by-tag-item-6818\"><a class = \"posts-by-tag-item-title\" href=\"https:\/\/viajeraeditorial.ar\/blog\/2018\/02\/el-ritmo-alicia-saliva\/\">El ritmo * Alicia Saliva<\/a><\/li><li class=\"posts-by-tag-item Alicia Saliva\" id=\"posts-by-tag-item-6752\"><a class = \"posts-by-tag-item-title\" href=\"https:\/\/viajeraeditorial.ar\/blog\/2018\/02\/alicia-saliva-y-daniel-grad-sobre-el-taller-de-apoa-en-el-moyano\/\">Alicia Saliva y Daniel Grad sobre el taller de APOA en el Moyano<\/a><\/li><li class=\"posts-by-tag-item Alicia Saliva APOA\" id=\"posts-by-tag-item-6740\"><a class = \"posts-by-tag-item-title\" href=\"https:\/\/viajeraeditorial.ar\/blog\/2018\/01\/alicia-saliva-en-el-taller-de-poesia-de-apoa-en-el-moyano\/\">Alicia Saliva en el taller de poes\u00eda de APOA en el Moyano<\/a><\/li><li class=\"posts-by-tag-item Alicia Saliva lo \u00fanico que puede decirse es un ritmo\" id=\"posts-by-tag-item-6588\"><a class = \"posts-by-tag-item-title\" href=\"https:\/\/viajeraeditorial.ar\/blog\/2017\/10\/alicia-saliva-en-lo-unico-que-puede-decirse-es-un-ritmo-611\/\">Alicia Saliva en Lo \u00fanico que puede decirse es un ritmo * 6\/11<\/a><\/li><li class=\"posts-by-tag-item Alejandra Correa Alicia Genovese Alicia Saliva Carolina Urbano Julia Wong Karina Macci\u00f3 lo \u00fanico que se puede decir es un ritmo M\u00f3nica Rosenblum\" id=\"posts-by-tag-item-6580\"><a class = \"posts-by-tag-item-title\" href=\"https:\/\/viajeraeditorial.ar\/blog\/2017\/10\/lo-unico-que-se-puede-decir-es-un-ritmo-611\/\">lo \u00fanico que se puede decir es un ritmo * 6\/11<\/a><\/li><li class=\"posts-by-tag-item Alicia Saliva Andrea Larrieu Eugenia Coiro Mar\u00eda Victoria Verzura Ricardo Czikk\" id=\"posts-by-tag-item-6551\"><a class = \"posts-by-tag-item-title\" href=\"https:\/\/viajeraeditorial.ar\/blog\/2017\/10\/escucha-a-czikk-larrieu-verzura-saliva-y-coiro-en-ladesterrada-com\/\">Escuch\u00e1 a Czikk, Larrieu, Verzura, Saliva y Coiro en ladesterrada.com<\/a><\/li><li class=\"posts-by-tag-item Alicia Saliva Andrea Larrieu Eugenia Coiro Mar\u00eda Victoria Verzura Radio Ricardo Czikk\" id=\"posts-by-tag-item-6538\"><a class = \"posts-by-tag-item-title\" href=\"https:\/\/viajeraeditorial.ar\/blog\/2017\/10\/verzuraczikksalivalarrieucoiro-en-la-radio-1210\/\">Verzura*Czikk*Saliva*Larrieu*Coiro en la radio 12\/10<\/a><\/li><\/ul>\n","protected":false},"excerpt":{"rendered":"<p>&nbsp; Alicia Saliva (Buenos Aires, 1969) es autora, hasta la fecha, de tres libros de poes\u00eda: Las veredas del agua, con acuarelas y dibujos de Cecilia de la Fuente (El Escriba, 2012), Variaciones sobre el silencio, con fotograf\u00edas de Cecilia de la Fuente (Botella al mar, 2014) y\u00a0 Me deja dicha\u00a0 (Viajera Editorial, 2018). Realiza [&hellip;]<\/p>\n","protected":false},"author":4,"featured_media":0,"parent":8710,"menu_order":0,"comment_status":"closed","ping_status":"open","template":"","meta":[],"_links":{"self":[{"href":"https:\/\/viajeraeditorial.ar\/blog\/wp-json\/wp\/v2\/pages\/7201"}],"collection":[{"href":"https:\/\/viajeraeditorial.ar\/blog\/wp-json\/wp\/v2\/pages"}],"about":[{"href":"https:\/\/viajeraeditorial.ar\/blog\/wp-json\/wp\/v2\/types\/page"}],"author":[{"embeddable":true,"href":"https:\/\/viajeraeditorial.ar\/blog\/wp-json\/wp\/v2\/users\/4"}],"replies":[{"embeddable":true,"href":"https:\/\/viajeraeditorial.ar\/blog\/wp-json\/wp\/v2\/comments?post=7201"}],"version-history":[{"count":2,"href":"https:\/\/viajeraeditorial.ar\/blog\/wp-json\/wp\/v2\/pages\/7201\/revisions"}],"predecessor-version":[{"id":7213,"href":"https:\/\/viajeraeditorial.ar\/blog\/wp-json\/wp\/v2\/pages\/7201\/revisions\/7213"}],"up":[{"embeddable":true,"href":"https:\/\/viajeraeditorial.ar\/blog\/wp-json\/wp\/v2\/pages\/8710"}],"wp:attachment":[{"href":"https:\/\/viajeraeditorial.ar\/blog\/wp-json\/wp\/v2\/media?parent=7201"}],"curies":[{"name":"wp","href":"https:\/\/api.w.org\/{rel}","templated":true}]}}