{"id":7395,"date":"2018-11-15T20:12:09","date_gmt":"2018-11-15T23:12:09","guid":{"rendered":"http:\/\/www.viajeraeditorial.com.ar\/?page_id=7395"},"modified":"2020-11-02T21:07:17","modified_gmt":"2020-11-03T00:07:17","slug":"sofia-ciravegna","status":"publish","type":"page","link":"https:\/\/viajeraeditorial.ar\/blog\/catalogo\/sofia-ciravegna\/","title":{"rendered":"Sof\u00eda Ciravegna"},"content":{"rendered":"<p style=\"text-align: justify;\">Naci\u00f3 en abril del 90, un domingo 29 de \u00f1oquis a las 8:37 de la ma\u00f1ana en Buenos<img loading=\"lazy\" class=\"wp-image-7403 alignright\" src=\"http:\/\/www.viajeraeditorial.ar\/blog\/wp-content\/uploads\/2018\/11\/image2-2-632x421.jpeg\" alt=\"\" width=\"393\" height=\"262\" srcset=\"https:\/\/viajeraeditorial.ar\/blog\/wp-content\/uploads\/2018\/11\/image2-2-632x421.jpeg 632w, https:\/\/viajeraeditorial.ar\/blog\/wp-content\/uploads\/2018\/11\/image2-2-420x280.jpeg 420w, https:\/\/viajeraeditorial.ar\/blog\/wp-content\/uploads\/2018\/11\/image2-2-768x512.jpeg 768w, https:\/\/viajeraeditorial.ar\/blog\/wp-content\/uploads\/2018\/11\/image2-2-1020x680.jpeg 1020w, https:\/\/viajeraeditorial.ar\/blog\/wp-content\/uploads\/2018\/11\/image2-2-257x171.jpeg 257w, https:\/\/viajeraeditorial.ar\/blog\/wp-content\/uploads\/2018\/11\/image2-2-350x233.jpeg 350w, https:\/\/viajeraeditorial.ar\/blog\/wp-content\/uploads\/2018\/11\/image2-2.jpeg 2048w\" sizes=\"(max-width: 393px) 100vw, 393px\" \/>\u00a0Aires, Argentina. En esa misma fecha, se celebra el d\u00eda internacional de la danza, el nacimiento de Alejandra Pizarnik y el d\u00eda del animal, acontecimientos hermosos que elije para identificarse.<br \/>\nLo que m\u00e1s le gusta en la vida: bailar, viajar, escribir, cantar, ver pel\u00edculas, escuchar m\u00fasica, el teatro y la fotograf\u00eda. Taurina, ascendente en tauro, luna en c\u00e1ncer, Caballo en el zodiaco chino, colecciona cuadernos y ama las camisas.<br \/>\nNueva York es su ciudad en el mundo. A los cinco a\u00f1os ya era fan\u00e1tica de Michael Jackson y a los trece de Los Piojos. Tiene dos arm\u00f3nicas y una guitarra. Mantiene viva la ilusi\u00f3n de alg\u00fan d\u00eda tocar un instrumento. El ba\u00f1o, su lugar preferido de la casa. Podr\u00eda comer helado de lim\u00f3n hasta morir. No puede vivir una semana sin fideos ni coca. Es una necesidad estar descalza y al menos una vez por a\u00f1o, regresar al mar. La poes\u00eda siempre estuvo en su vida. Cuando era chica, escuchaba junto a su abuelo los vinilos de Garc\u00eda Lorca recitando. Al principio era un poco aburrido, pero con el paso del tiempo se fue transformando en gusto. Su conexi\u00f3n m\u00e1s fuerte lleg\u00f3 en el colegio. A los 16, los viajes en bondi, Spinetta, el amor y la partida de su abuelo la llevaron a comprar su primer cuaderno.<br \/>\nDespu\u00e9s de un a\u00f1o de poemas, decidi\u00f3 googlear, y as\u00ed apareci\u00f3 Karina con Siempre de Viaje. 10 a\u00f1os y 84 ciudades despu\u00e9s, con idas y venidas, un trabajo de parto intenso y fuertes olas del sudeste, nace Sumergida.<\/p>\n<p><strong><span style=\"text-decoration: underline;\">En Viajera<\/span><\/strong><\/p>\n<p style=\"padding-left: 30px;\">\u00a0<img loading=\"lazy\" class=\"wp-image-7429  alignnone\" src=\"http:\/\/www.viajeraeditorial.ar\/blog\/wp-content\/uploads\/2018\/11\/sumergidatapa.jpg\" alt=\"\" width=\"12\" height=\"20\" \/><a href=\"http:\/\/www.viajeraeditorial.ar\/blog\/descubrir\/sumergida\/\">Sumergida<\/a> (<a href=\"http:\/\/www.viajeraeditorial.ar\/blog\/descubrir\/\">Descubrir<\/a>, 2018)<\/p>\n<p><strong><span style=\"text-decoration: underline;\">Contenido sobre Sof\u00eda<\/span><\/strong><\/p>\n<ul class = \"posts-by-tag-list\"><li class=\"posts-by-tag-item Sof\u00eda Ciravegna Sumergida\" id=\"posts-by-tag-item-7987\"><a class = \"posts-by-tag-item-title\" href=\"https:\/\/viajeraeditorial.ar\/blog\/2019\/10\/sumergida-sofia-ciravegna\/\">Sumergida - Sof\u00eda Ciravegna<\/a><\/li><li class=\"posts-by-tag-item Sof\u00eda Ciravegna Sumergida\" id=\"posts-by-tag-item-7984\"><a class = \"posts-by-tag-item-title\" href=\"https:\/\/viajeraeditorial.ar\/blog\/2019\/09\/sireno-podrido-sofia-ciravegna\/\">Sireno podrido - Sof\u00eda Ciravegna<\/a><\/li><li class=\"posts-by-tag-item Sof\u00eda Ciravegna Sumergida\" id=\"posts-by-tag-item-7616\"><a class = \"posts-by-tag-item-title\" href=\"https:\/\/viajeraeditorial.ar\/blog\/2019\/02\/despues-del-fuego-sofia-ciravegna-2\/\">despu\u00e9s del fuego * Sof\u00eda Ciravegna<\/a><\/li><li class=\"posts-by-tag-item Nicol\u00e1s Alonso Sof\u00eda Ciravegna Sumergida\" id=\"posts-by-tag-item-7552\"><a class = \"posts-by-tag-item-title\" href=\"https:\/\/viajeraeditorial.ar\/blog\/2019\/01\/sumergida-resena-en-solo-tempestad\/\">Sumergida * Rese\u00f1a en Solo tempestad<\/a><\/li><li class=\"posts-by-tag-item Karina Macci\u00f3 Sof\u00eda Ciravegna Sumergida\" id=\"posts-by-tag-item-7380\"><a class = \"posts-by-tag-item-title\" href=\"https:\/\/viajeraeditorial.ar\/blog\/2018\/11\/que-hay-en-el-fondo-del-mar-karina-maccio\/\">\u00bfQu\u00e9 hay en el fondo del mar? * Karina Macci\u00f3<\/a><\/li><li class=\"posts-by-tag-item Sof\u00eda Ciravegna Sumergida\" id=\"posts-by-tag-item-6861\"><a class = \"posts-by-tag-item-title\" href=\"https:\/\/viajeraeditorial.ar\/blog\/2018\/07\/corre-sofia-ciravegna\/\">corre * Sof\u00eda Ciravegna<\/a><\/li><li class=\"posts-by-tag-item Sof\u00eda Ciravegna Sumergida\" id=\"posts-by-tag-item-6874\"><a class = \"posts-by-tag-item-title\" href=\"https:\/\/viajeraeditorial.ar\/blog\/2018\/06\/y-vos-sireno-sofia-ciravegna\/\">y vos sireno? * Sof\u00eda Ciravegna<\/a><\/li><li class=\"posts-by-tag-item Sof\u00eda Ciravegna Sumergida\" id=\"posts-by-tag-item-6871\"><a class = \"posts-by-tag-item-title\" href=\"https:\/\/viajeraeditorial.ar\/blog\/2018\/05\/escucho-gritos-sofia-ciravegna\/\">escucho gritos * Sof\u00eda Ciravegna<\/a><\/li><li class=\"posts-by-tag-item Sof\u00eda Ciravegna Sumergida\" id=\"posts-by-tag-item-6877\"><a class = \"posts-by-tag-item-title\" href=\"https:\/\/viajeraeditorial.ar\/blog\/2018\/04\/el-sireno-tiene-sed-sofia-ciravegna\/\">el Sireno tiene sed * Sof\u00eda Ciravegna<\/a><\/li><li class=\"posts-by-tag-item Sof\u00eda Ciravegna Sumergida\" id=\"posts-by-tag-item-6864\"><a class = \"posts-by-tag-item-title\" href=\"https:\/\/viajeraeditorial.ar\/blog\/2018\/03\/6864\/\">una melod\u00eda susurra * Sof\u00eda Ciravegna<\/a><\/li><li class=\"posts-by-tag-item Eugenia Coiro Fragmentos del fin Sof\u00eda Ciravegna\" id=\"posts-by-tag-item-5971\"><a class = \"posts-by-tag-item-title\" href=\"https:\/\/viajeraeditorial.ar\/blog\/2017\/01\/potencial-sofia-ciravegna\/\">\u00bfpotencial? * Sof\u00eda Ciravegna<\/a><\/li><li class=\"posts-by-tag-item Eugenia Coiro Fragmentos del fin Mauricio Dreiling Sof\u00eda Ciravegna\" id=\"posts-by-tag-item-5928\"><a class = \"posts-by-tag-item-title\" href=\"https:\/\/viajeraeditorial.ar\/blog\/2016\/11\/fragmentos-del-fin-eugenia-coiro-casa-del-bicentenario-612\/\">Fragmentos del fin \/ Eugenia Coiro * Casa del Bicentenario * 6\/12<\/a><\/li><li class=\"posts-by-tag-item Axel Levin Sof\u00eda Ciravegna\" id=\"posts-by-tag-item-5041\"><a class = \"posts-by-tag-item-title\" href=\"https:\/\/viajeraeditorial.ar\/blog\/2015\/10\/festival-de-poesia-joven-de-buenos-aires\/\">Festival de Poes\u00eda Joven de Buenos Aires<\/a><\/li><li class=\"posts-by-tag-item Portada Sof\u00eda Ciravegna\" id=\"posts-by-tag-item-4665\"><a class = \"posts-by-tag-item-title\" href=\"https:\/\/viajeraeditorial.ar\/blog\/2015\/07\/viajera-de-otono-sofia-ciravegna-2\/\">Viajera de Oto\u00f1o * Sofia Ciravegna<\/a><\/li><li class=\"posts-by-tag-item Sof\u00eda Ciravegna Viajera Viajera Visita\" id=\"posts-by-tag-item-6\"><a class = \"posts-by-tag-item-title\" href=\"https:\/\/viajeraeditorial.ar\/blog\/2015\/06\/viajera-de-otono-sofia-ciravegna\/\">Viajera de oto\u00f1o * Sof\u00eda Ciravegna<\/a><\/li><li class=\"posts-by-tag-item Daniel C\u00e1seres Gabriela Oyola Gabriela Pedrotti H\u00e9ctor Urrusputu Juan Alberto Crasci Julia Magistratti Lorena Suez Nicol\u00e1s Pazos Sof\u00eda Ciravegna Viajera Viajera Visita\" id=\"posts-by-tag-item-23\"><a class = \"posts-by-tag-item-title\" href=\"https:\/\/viajeraeditorial.ar\/blog\/2015\/05\/viajera-de-otono-46-espiche\/\">Viajera de Oto\u00f1o * 4\/6-Espiche<\/a><\/li><li class=\"posts-by-tag-item Axel Levin Belara Mich\u00e1n Diego Recalde Eugenia Coiro Feria del Libro Gabriela Aristegui Gabriela Pedrotti Karina Macci\u00f3 Lola Ullmann Lorena Garc\u00eda Marcela Manuel Mar\u00eda del Carmen Sarquis Mar\u00eda Victoria Verzura Mauricio Dreiling Minuto4 Nicol\u00e1s Di Candia Pablo M\u00fcllner Paula Maff\u00eda Portada Sof\u00eda Ciravegna Viajera Viajera Visita Virginia Janza\" id=\"posts-by-tag-item-814\"><a class = \"posts-by-tag-item-title\" href=\"https:\/\/viajeraeditorial.ar\/blog\/2015\/05\/viajera-en-la-feria-del-libro\/\">Viajera en la Feria del Libro<\/a><\/li><\/ul>\n","protected":false},"excerpt":{"rendered":"<p>Naci\u00f3 en abril del 90, un domingo 29 de \u00f1oquis a las 8:37 de la ma\u00f1ana en Buenos\u00a0Aires, Argentina. En esa misma fecha, se celebra el d\u00eda internacional de la danza, el nacimiento de Alejandra Pizarnik y el d\u00eda del animal, acontecimientos hermosos que elije para identificarse. Lo que m\u00e1s le gusta en la vida: [&hellip;]<\/p>\n","protected":false},"author":4,"featured_media":0,"parent":8710,"menu_order":0,"comment_status":"closed","ping_status":"open","template":"","meta":[],"_links":{"self":[{"href":"https:\/\/viajeraeditorial.ar\/blog\/wp-json\/wp\/v2\/pages\/7395"}],"collection":[{"href":"https:\/\/viajeraeditorial.ar\/blog\/wp-json\/wp\/v2\/pages"}],"about":[{"href":"https:\/\/viajeraeditorial.ar\/blog\/wp-json\/wp\/v2\/types\/page"}],"author":[{"embeddable":true,"href":"https:\/\/viajeraeditorial.ar\/blog\/wp-json\/wp\/v2\/users\/4"}],"replies":[{"embeddable":true,"href":"https:\/\/viajeraeditorial.ar\/blog\/wp-json\/wp\/v2\/comments?post=7395"}],"version-history":[{"count":4,"href":"https:\/\/viajeraeditorial.ar\/blog\/wp-json\/wp\/v2\/pages\/7395\/revisions"}],"predecessor-version":[{"id":7432,"href":"https:\/\/viajeraeditorial.ar\/blog\/wp-json\/wp\/v2\/pages\/7395\/revisions\/7432"}],"up":[{"embeddable":true,"href":"https:\/\/viajeraeditorial.ar\/blog\/wp-json\/wp\/v2\/pages\/8710"}],"wp:attachment":[{"href":"https:\/\/viajeraeditorial.ar\/blog\/wp-json\/wp\/v2\/media?parent=7395"}],"curies":[{"name":"wp","href":"https:\/\/api.w.org\/{rel}","templated":true}]}}