{"id":7398,"date":"2018-11-15T20:10:18","date_gmt":"2018-11-15T23:10:18","guid":{"rendered":"http:\/\/www.viajeraeditorial.com.ar\/?page_id=7398"},"modified":"2018-11-15T20:17:04","modified_gmt":"2018-11-15T23:17:04","slug":"sumergida","status":"publish","type":"page","link":"https:\/\/viajeraeditorial.ar\/blog\/descubrir\/sumergida\/","title":{"rendered":"Sumergida"},"content":{"rendered":"<p><span class=\"plano\"><a href=\"http:\/\/www.viajeraeditorial.ar\/blog\/autores\/daniel-caseres\/\" rel=\"attachment wp-att-5620\"><img loading=\"lazy\" class=\"wp-image-7429 alignleft\" src=\"http:\/\/www.viajeraeditorial.ar\/blog\/wp-content\/uploads\/2018\/11\/sumergidatapa.jpg\" alt=\"\" width=\"264\" height=\"409\" \/><\/a><a href=\"http:\/\/www.viajeraeditorial.ar\/blog\/autores\/sofia-ciravegna\/\">Sof\u00eda Ciravegna<\/a>, 2018<br \/>\nISBN: 978-987-3719-31-8<br \/>\n114 p.<br \/>\n<\/span><\/p>\n<p class=\"western\">Leer el primer poema y sentir el impacto de lo que fue. No hay sorpresa. Sucede la ca\u00edda, el tropiezo o desamor, quiz\u00e1s el tropiezo del desamor. Un silencio ensordecedor nos anuncia la zambullida. Una letra simple, sencilla y no menos potente nos advierte que asistiremos a un renacimiento, que se buscar\u00e1<br \/>\nrevivir o al menos encontrar un espacio tibio que permita la risa. Hubo un cambio y nosotros, como lectores, entraremos en esa intimidad. Intuimos que quien escribe est\u00e1 en otro lugar, se ha sumergido, pero tambi\u00e9n sabemos que ha resucitado. Es ah\u00ed donde nos dejaremos atrapar por esos torbellinos: \u00bfa qui\u00e9n no le seduce el maravilloso canto de un sireno?<\/p>\n<p class=\"plano\" align=\"right\">Gabriela Aristegui<\/p>\n<p class=\"plano\" style=\"text-align: left;\" align=\"right\">Sumergida es un libro que hace reset, apaga y vuelve a prender, reinicia con las nuevas actualizaciones, se transforma (que es otra manera de decir que aprende o reescribe su c\u00f3digo). Propone que te hundas en un mar po\u00e9tico y salgas con \u00edmpetus renovados, con palabras vivificadas para enfrentar otra vez algunas de las grandes preguntas: qu\u00e9 es el yo (qui\u00e9n soy), qu\u00e9 es el amor (por qu\u00e9 amo a quien no me corresponde o a qui\u00e9n me da\u00f1a), cu\u00e1ndo termina de doler la p\u00e9rdida y el desenga\u00f1o (\u00bftermina de doler?), c\u00f3mo nos volvemos algo distinto (c\u00f3mo seguimos sin que las cicatrices condicionen por entero nuestro andar).<br \/>\nReset, entonces, es una operaci\u00f3n po\u00e9tica en este libro, cuyos textos avanzan a lo transparente y oscuro de las sensaciones, a los sentimientos y las ideas preconcebidas. Lo m\u00e1s duro o seguro se vuelve l\u00edquido, reset, se deshace, vemos c\u00f3mo se diluye en el agua, c\u00f3mo se pierde mezcl\u00e1ndose, c\u00f3mo, poco a poco, la sangre y la tinta lo vuelven a formar. Re-set: que las palabras sean m\u00e1s acuarela, m\u00e1s murmullo, m\u00e1s respiraci\u00f3n.<\/p>\n<p class=\"plano\" style=\"text-align: right;\" align=\"right\">Karina Macci\u00f3<\/p>\n<p class=\"plano\" style=\"text-align: left;\" align=\"right\">\n<p class=\"plano\" style=\"text-align: left;\" align=\"right\">\n<p class=\"plano\" style=\"text-align: left;\" align=\"right\"><span style=\"text-decoration: underline;\"><strong>Contenido sobre Sumergida<\/strong><\/span><\/p>\n<p class=\"plano\" style=\"text-align: left;\" align=\"right\"><ul class = \"posts-by-tag-list\"><li class=\"posts-by-tag-item Sof\u00eda Ciravegna Sumergida\" id=\"posts-by-tag-item-7987\"><a class = \"posts-by-tag-item-title\" href=\"https:\/\/viajeraeditorial.ar\/blog\/2019\/10\/sumergida-sofia-ciravegna\/\">Sumergida - Sof\u00eda Ciravegna<\/a><\/li><li class=\"posts-by-tag-item Sof\u00eda Ciravegna Sumergida\" id=\"posts-by-tag-item-7984\"><a class = \"posts-by-tag-item-title\" href=\"https:\/\/viajeraeditorial.ar\/blog\/2019\/09\/sireno-podrido-sofia-ciravegna\/\">Sireno podrido - Sof\u00eda Ciravegna<\/a><\/li><li class=\"posts-by-tag-item Sof\u00eda Ciravegna Sumergida\" id=\"posts-by-tag-item-7616\"><a class = \"posts-by-tag-item-title\" href=\"https:\/\/viajeraeditorial.ar\/blog\/2019\/02\/despues-del-fuego-sofia-ciravegna-2\/\">despu\u00e9s del fuego * Sof\u00eda Ciravegna<\/a><\/li><li class=\"posts-by-tag-item Nicol\u00e1s Alonso Sof\u00eda Ciravegna Sumergida\" id=\"posts-by-tag-item-7552\"><a class = \"posts-by-tag-item-title\" href=\"https:\/\/viajeraeditorial.ar\/blog\/2019\/01\/sumergida-resena-en-solo-tempestad\/\">Sumergida * Rese\u00f1a en Solo tempestad<\/a><\/li><li class=\"posts-by-tag-item Karina Macci\u00f3 Sof\u00eda Ciravegna Sumergida\" id=\"posts-by-tag-item-7380\"><a class = \"posts-by-tag-item-title\" href=\"https:\/\/viajeraeditorial.ar\/blog\/2018\/11\/que-hay-en-el-fondo-del-mar-karina-maccio\/\">\u00bfQu\u00e9 hay en el fondo del mar? * Karina Macci\u00f3<\/a><\/li><li class=\"posts-by-tag-item Sumergida\" id=\"posts-by-tag-item-7367\"><a class = \"posts-by-tag-item-title\" href=\"https:\/\/viajeraeditorial.ar\/blog\/2018\/10\/danza-en-sumergida-por-ines-silvestre\/\">Danza en Sumergida por In\u00e9s Silvestre<\/a><\/li><li class=\"posts-by-tag-item Gonzalo Zarba Sumergida\" id=\"posts-by-tag-item-7377\"><a class = \"posts-by-tag-item-title\" href=\"https:\/\/viajeraeditorial.ar\/blog\/2018\/10\/gonzalo-zarba-ilustrador-de-sumergida\/\">Gonzalo Zarba, ilustrador de Sumergida<\/a><\/li><li class=\"posts-by-tag-item Sumergida\" id=\"posts-by-tag-item-7370\"><a class = \"posts-by-tag-item-title\" href=\"https:\/\/viajeraeditorial.ar\/blog\/2018\/10\/lucila-madeo-performance-en-sumergida\/\">Lucila Madeo * Performance en Sumergida<\/a><\/li><li class=\"posts-by-tag-item Sumergida\" id=\"posts-by-tag-item-7373\"><a class = \"posts-by-tag-item-title\" href=\"https:\/\/viajeraeditorial.ar\/blog\/2018\/10\/la-musica-de-milagros-almeida-sumergida\/\">La m\u00fasica de Milagros Almeida * Sumergida<\/a><\/li><li class=\"posts-by-tag-item Sumergida\" id=\"posts-by-tag-item-7363\"><a class = \"posts-by-tag-item-title\" href=\"https:\/\/viajeraeditorial.ar\/blog\/2018\/10\/nicolas-della-valentina-video-en-la-presentacion-de-sumergida\/\">Nicol\u00e1s Della Valentina: Video en la presentaci\u00f3n de Sumergida<\/a><\/li><li class=\"posts-by-tag-item Sof\u00eda Ciravegna Sumergida\" id=\"posts-by-tag-item-6861\"><a class = \"posts-by-tag-item-title\" href=\"https:\/\/viajeraeditorial.ar\/blog\/2018\/07\/corre-sofia-ciravegna\/\">corre * Sof\u00eda Ciravegna<\/a><\/li><li class=\"posts-by-tag-item Sof\u00eda Ciravegna Sumergida\" id=\"posts-by-tag-item-6874\"><a class = \"posts-by-tag-item-title\" href=\"https:\/\/viajeraeditorial.ar\/blog\/2018\/06\/y-vos-sireno-sofia-ciravegna\/\">y vos sireno? * Sof\u00eda Ciravegna<\/a><\/li><li class=\"posts-by-tag-item Sof\u00eda Ciravegna Sumergida\" id=\"posts-by-tag-item-6871\"><a class = \"posts-by-tag-item-title\" href=\"https:\/\/viajeraeditorial.ar\/blog\/2018\/05\/escucho-gritos-sofia-ciravegna\/\">escucho gritos * Sof\u00eda Ciravegna<\/a><\/li><li class=\"posts-by-tag-item Sof\u00eda Ciravegna Sumergida\" id=\"posts-by-tag-item-6877\"><a class = \"posts-by-tag-item-title\" href=\"https:\/\/viajeraeditorial.ar\/blog\/2018\/04\/el-sireno-tiene-sed-sofia-ciravegna\/\">el Sireno tiene sed * Sof\u00eda Ciravegna<\/a><\/li><li class=\"posts-by-tag-item Sof\u00eda Ciravegna Sumergida\" id=\"posts-by-tag-item-6864\"><a class = \"posts-by-tag-item-title\" href=\"https:\/\/viajeraeditorial.ar\/blog\/2018\/03\/6864\/\">una melod\u00eda susurra * Sof\u00eda Ciravegna<\/a><\/li><\/ul><\/p>\n","protected":false},"excerpt":{"rendered":"<p>Sof\u00eda Ciravegna, 2018 ISBN: 978-987-3719-31-8 114 p. Leer el primer poema y sentir el impacto de lo que fue. No hay sorpresa. Sucede la ca\u00edda, el tropiezo o desamor, quiz\u00e1s el tropiezo del desamor. Un silencio ensordecedor nos anuncia la zambullida. Una letra simple, sencilla y no menos potente nos advierte que asistiremos a un [&hellip;]<\/p>\n","protected":false},"author":4,"featured_media":0,"parent":30,"menu_order":19,"comment_status":"closed","ping_status":"open","template":"","meta":[],"_links":{"self":[{"href":"https:\/\/viajeraeditorial.ar\/blog\/wp-json\/wp\/v2\/pages\/7398"}],"collection":[{"href":"https:\/\/viajeraeditorial.ar\/blog\/wp-json\/wp\/v2\/pages"}],"about":[{"href":"https:\/\/viajeraeditorial.ar\/blog\/wp-json\/wp\/v2\/types\/page"}],"author":[{"embeddable":true,"href":"https:\/\/viajeraeditorial.ar\/blog\/wp-json\/wp\/v2\/users\/4"}],"replies":[{"embeddable":true,"href":"https:\/\/viajeraeditorial.ar\/blog\/wp-json\/wp\/v2\/comments?post=7398"}],"version-history":[{"count":3,"href":"https:\/\/viajeraeditorial.ar\/blog\/wp-json\/wp\/v2\/pages\/7398\/revisions"}],"predecessor-version":[{"id":7435,"href":"https:\/\/viajeraeditorial.ar\/blog\/wp-json\/wp\/v2\/pages\/7398\/revisions\/7435"}],"up":[{"embeddable":true,"href":"https:\/\/viajeraeditorial.ar\/blog\/wp-json\/wp\/v2\/pages\/30"}],"wp:attachment":[{"href":"https:\/\/viajeraeditorial.ar\/blog\/wp-json\/wp\/v2\/media?parent=7398"}],"curies":[{"name":"wp","href":"https:\/\/api.w.org\/{rel}","templated":true}]}}