{"id":7438,"date":"2018-11-15T20:45:43","date_gmt":"2018-11-15T23:45:43","guid":{"rendered":"http:\/\/www.viajeraeditorial.com.ar\/?page_id=7438"},"modified":"2020-06-06T18:19:39","modified_gmt":"2020-06-06T21:19:39","slug":"urbe-enardecida","status":"publish","type":"page","link":"https:\/\/viajeraeditorial.ar\/blog\/explorar\/urbe-enardecida\/","title":{"rendered":"Urbe enardecida Ubre enardecida"},"content":{"rendered":"<p class=\"plano\"><a href=\"http:\/\/www.viajeraeditorial.ar\/blog\/autores\/julia-wong\/\"><img loading=\"lazy\" class=\"wp-image-8448 alignleft\" src=\"https:\/\/www.viajeraeditorial.ar\/blog\/wp-content\/uploads\/2018\/11\/urbe.jpg\" alt=\"\" width=\"356\" height=\"484\" \/>Julia Wong Kcomt<\/a>, 2020<br \/>\nISBN: 978-987-3719-40-0<br \/>\n72 p.<\/p>\n<p class=\"plano\">La poes\u00eda de Julia Wong tiene el v\u00e9rtigo de volar. Se posa ac\u00e1 y all\u00e1, no se queda quieta. De un rinc\u00f3n a otro, de un pa\u00eds a otro, de una lengua a otra, de una cultura a otra. R\u00e1pida y vertiginosa, la escritura destella, explota, viaja, se transforma. Hay una mirada peque\u00f1a que se mantiene, esa ni\u00f1a que se transforma no deja de ser ni\u00f1a. Podr\u00e1 volar como p\u00e1jaro o en avi\u00f3n, cruzar oc\u00e9anos en barco o ser pez, andar a caballo o volverse potra, pero siempre es ni\u00f1a y mujer, hija y madre, poeta y viajera. En un instante, puede convertirse en lo que desea; no sentir m\u00e1s que p\u00e9rdida al siguiente. Ser algo, no ser, discrepar, divergir. Entre la tragedia shakespeariana y la reflexividad, multiplicidad, de Pessoa, la voz de Wong no cesa de bifurcarse, encontrando en esos giros una mezcla de ardor y tristeza nost\u00e1lgica, una saudade musical muy particular. Tanto movimiento y cambio no impide que se mantenga un cuerpo, \u00fanico lugar al que se vuelve o en el que se habita, no por elecci\u00f3n, sino por gen\u00e9tica.<\/p>\n<p class=\"plano\" style=\"text-align: right;\"><strong>Karina Macci\u00f3<\/strong><\/p>\n<p class=\"plano\" style=\"text-align: left;\" align=\"right\"><span style=\"text-decoration: underline;\"><strong>Contenido sobre Urbe enardecida Ubre enardecida<\/strong><\/span><\/p>\n<p class=\"plano\" style=\"text-align: left;\" align=\"right\"><ul class = \"posts-by-tag-list\"><li class=\"posts-by-tag-item Julia Wong Urbe enardecida Ubre enardecida\" id=\"posts-by-tag-item-8361\"><a class = \"posts-by-tag-item-title\" href=\"https:\/\/viajeraeditorial.ar\/blog\/2020\/07\/confianza-julia-wong-k\/\">Confianza * Julia Wong K.<\/a><\/li><li class=\"posts-by-tag-item Avalancha de poes\u00eda Julia Wong Urbe enardecida Ubre enardecida\" id=\"posts-by-tag-item-8493\"><a class = \"posts-by-tag-item-title\" href=\"https:\/\/viajeraeditorial.ar\/blog\/2020\/06\/julia-wong-k-en-avalancha-de-poesia-domingo-57\/\">Julia Wong K. en Avalancha de poes\u00eda! Domingo 5\/7<\/a><\/li><li class=\"posts-by-tag-item Julia Wong Urbe enardecida Ubre enardecida\" id=\"posts-by-tag-item-8364\"><a class = \"posts-by-tag-item-title\" href=\"https:\/\/viajeraeditorial.ar\/blog\/2020\/05\/dos-madres-julia-wong-k\/\">Dos madres * Julia Wong K.<\/a><\/li><li class=\"posts-by-tag-item Julia Wong Urbe enardecida Ubre enardecida\" id=\"posts-by-tag-item-8368\"><a class = \"posts-by-tag-item-title\" href=\"https:\/\/viajeraeditorial.ar\/blog\/2020\/03\/la-herejia-negra-julia-wong-k\/\">La herej\u00eda negra * Julia Wong K.<\/a><\/li><\/ul><\/p>\n","protected":false},"excerpt":{"rendered":"<p>Julia Wong Kcomt, 2020 ISBN: 978-987-3719-40-0 72 p. La poes\u00eda de Julia Wong tiene el v\u00e9rtigo de volar. Se posa ac\u00e1 y all\u00e1, no se queda quieta. De un rinc\u00f3n a otro, de un pa\u00eds a otro, de una lengua a otra, de una cultura a otra. R\u00e1pida y vertiginosa, la escritura destella, explota, viaja, [&hellip;]<\/p>\n","protected":false},"author":4,"featured_media":0,"parent":32,"menu_order":3,"comment_status":"closed","ping_status":"open","template":"","meta":[],"_links":{"self":[{"href":"https:\/\/viajeraeditorial.ar\/blog\/wp-json\/wp\/v2\/pages\/7438"}],"collection":[{"href":"https:\/\/viajeraeditorial.ar\/blog\/wp-json\/wp\/v2\/pages"}],"about":[{"href":"https:\/\/viajeraeditorial.ar\/blog\/wp-json\/wp\/v2\/types\/page"}],"author":[{"embeddable":true,"href":"https:\/\/viajeraeditorial.ar\/blog\/wp-json\/wp\/v2\/users\/4"}],"replies":[{"embeddable":true,"href":"https:\/\/viajeraeditorial.ar\/blog\/wp-json\/wp\/v2\/comments?post=7438"}],"version-history":[{"count":7,"href":"https:\/\/viajeraeditorial.ar\/blog\/wp-json\/wp\/v2\/pages\/7438\/revisions"}],"predecessor-version":[{"id":8454,"href":"https:\/\/viajeraeditorial.ar\/blog\/wp-json\/wp\/v2\/pages\/7438\/revisions\/8454"}],"up":[{"embeddable":true,"href":"https:\/\/viajeraeditorial.ar\/blog\/wp-json\/wp\/v2\/pages\/32"}],"wp:attachment":[{"href":"https:\/\/viajeraeditorial.ar\/blog\/wp-json\/wp\/v2\/media?parent=7438"}],"curies":[{"name":"wp","href":"https:\/\/api.w.org\/{rel}","templated":true}]}}