{"id":7756,"date":"2019-04-18T11:41:49","date_gmt":"2019-04-18T14:41:49","guid":{"rendered":"http:\/\/www.viajeraeditorial.com.ar\/?page_id=7756"},"modified":"2019-04-18T11:41:49","modified_gmt":"2019-04-18T14:41:49","slug":"relampagos-vol-3","status":"publish","type":"page","link":"https:\/\/viajeraeditorial.ar\/blog\/explorar\/relampagos-vol-3\/","title":{"rendered":"Rel\u00e1mpagos, vol. 3"},"content":{"rendered":"<p><a href=\"http:\/\/www.viajeraeditorial.ar\/blog\/autores\/jan-de-jager\/\"><img loading=\"lazy\" class=\"wp-image-7758 alignleft\" src=\"http:\/\/www.viajeraeditorial.ar\/blog\/wp-content\/uploads\/2019\/04\/relampagos3tapa.jpg\" alt=\"\" width=\"296\" height=\"438\" srcset=\"https:\/\/viajeraeditorial.ar\/blog\/wp-content\/uploads\/2019\/04\/relampagos3tapa.jpg 563w, https:\/\/viajeraeditorial.ar\/blog\/wp-content\/uploads\/2019\/04\/relampagos3tapa-257x380.jpg 257w, https:\/\/viajeraeditorial.ar\/blog\/wp-content\/uploads\/2019\/04\/relampagos3tapa-350x518.jpg 350w\" sizes=\"(max-width: 296px) 100vw, 296px\" \/>Jan De Jager<\/a>, 2019.<br \/>\nISBN: 978-987-3719-34-9<br \/>\n304 p.<\/p>\n<p style=\"text-align: justify;\">\n<p>Usted tiene entre sus manos un libro que ser\u00e1 de colecci\u00f3n. Jan De Jager compila textos propios y ajenos con la audacia del maestro inteligente que nos hace volver a mirar aquello que ya vimos y descubrir siempre algo nuevo. La genialidad est\u00e1 en construir capa sobre capa una arquitectura literaria interactiva que revela en una misma historia lo simple y lo complejo. La belleza est\u00e1 en hacerlo de forma po\u00e9tica, dejando caer sobre cada texto un halo de suave calidez.<\/p>\n<p>Cada rel\u00e1mpago de este volumen 3 ilumina fugazmente un pedazo de la historia de la humanidad. Con cada uno abre un arcoiris de posibles lecturas y relecturas. Desde la primera palabra pronunciada o el origen de la poes\u00eda en la \u00e9poca de las cavernas, los egipcios, los romanos, los imperios, el oriente, el descubrimiento de Am\u00e9rica, las riquezas, el dinero, la explotaci\u00f3n y la muerte, los derechos de las mujeres, las pateras, los refugiados; como si fuera un arca infinita de la historia de la filosof\u00eda, de la filosof\u00eda de la historia, en este libro parece haber una muestra de absolutamente todo.<\/p>\n<p>Y si usted, lector, buscando algo no lo llegara a hallar aqu\u00ed, sepa que lo encontrar\u00e1 en alguno de los otros cinco vol\u00famenes de estos centelleantes <em>Rel\u00e1mpagos<\/em>.<\/p>\n<p style=\"text-align: right;\"><strong>Eugenia Coiro<\/strong><\/p>\n<p><strong><span style=\"text-decoration: underline;\">Contenido sobre Rel\u00e1mpagos<\/span><\/strong><\/p>\n<ul class = \"posts-by-tag-list\"><li class=\"posts-by-tag-item Rel\u00e1mpagos\" id=\"posts-by-tag-item-7975\"><a class = \"posts-by-tag-item-title\" href=\"https:\/\/viajeraeditorial.ar\/blog\/2019\/10\/with-usura-jan-de-jager\/\">With usura - Jan De Jager<\/a><\/li><li class=\"posts-by-tag-item Jan De Jager Rel\u00e1mpagos\" id=\"posts-by-tag-item-7978\"><a class = \"posts-by-tag-item-title\" href=\"https:\/\/viajeraeditorial.ar\/blog\/2019\/09\/opiniones-encontradas-jan-de-jager\/\">Opiniones encontradas - Jan De Jager<\/a><\/li><li class=\"posts-by-tag-item Jan De Jager Rel\u00e1mpagos\" id=\"posts-by-tag-item-7972\"><a class = \"posts-by-tag-item-title\" href=\"https:\/\/viajeraeditorial.ar\/blog\/2019\/08\/meditaba-cortes-jan-de-jager\/\">Meditaba Cort\u00e9s - Jan De Jager<\/a><\/li><li class=\"posts-by-tag-item Jan De Jager Karina Macci\u00f3 Rel\u00e1mpagos\" id=\"posts-by-tag-item-7775\"><a class = \"posts-by-tag-item-title\" href=\"https:\/\/viajeraeditorial.ar\/blog\/2019\/05\/entrevista-de-jan-de-jager-para-nau-poesia\/\">Entrevista de Jan de Jager para Nau Poes\u00eda<\/a><\/li><li class=\"posts-by-tag-item Jan De Jager Rel\u00e1mpagos\" id=\"posts-by-tag-item-7770\"><a class = \"posts-by-tag-item-title\" href=\"https:\/\/viajeraeditorial.ar\/blog\/2019\/04\/un-misterio-jan-de-jager\/\">[un misterio] * Jan de Jager<\/a><\/li><li class=\"posts-by-tag-item Jan De Jager Rel\u00e1mpagos\" id=\"posts-by-tag-item-7767\"><a class = \"posts-by-tag-item-title\" href=\"https:\/\/viajeraeditorial.ar\/blog\/2019\/04\/relampagos-vol-3-en-la-feria-del-libro-35\/\">Rel\u00e1mpagos vol.3 en la Feria del Libro * 3\/5<\/a><\/li><li class=\"posts-by-tag-item Jan De Jager Rel\u00e1mpagos Rel\u00e1mpagos Vol. 3\" id=\"posts-by-tag-item-7752\"><a class = \"posts-by-tag-item-title\" href=\"https:\/\/viajeraeditorial.ar\/blog\/2019\/04\/de-como-carlos-i-de-espana-llega-a-ser-carlos-v-del-sacro-imperio-romano-germanico-jan-de-jager\/\">De C\u00f3mo Carlos I de Espa\u00f1a Llega A Ser Carlos V del Sacro Imperio Romano Germ\u00e1nico * Jan De Jager<\/a><\/li><li class=\"posts-by-tag-item Jan De Jager Rel\u00e1mpagos\" id=\"posts-by-tag-item-7443\"><a class = \"posts-by-tag-item-title\" href=\"https:\/\/viajeraeditorial.ar\/blog\/2018\/11\/inmaculada-concepcion-jan-de-jager\/\">\u00bfInmaculada concepci\u00f3n? * Jan De Jager<\/a><\/li><li class=\"posts-by-tag-item Jan De Jager Rel\u00e1mpagos\" id=\"posts-by-tag-item-7340\"><a class = \"posts-by-tag-item-title\" href=\"https:\/\/viajeraeditorial.ar\/blog\/2018\/10\/transmutaciones-jan-de-jager\/\">Transmutaciones * Jan De Jager<\/a><\/li><li class=\"posts-by-tag-item Jan De Jager Rel\u00e1mpagos\" id=\"posts-by-tag-item-6809\"><a class = \"posts-by-tag-item-title\" href=\"https:\/\/viajeraeditorial.ar\/blog\/2018\/04\/todo-un-exito-jan-de-jager\/\">Todo un \u00e9xito * Jan De Jager<\/a><\/li><li class=\"posts-by-tag-item Jan De Jager Rel\u00e1mpagos\" id=\"posts-by-tag-item-6812\"><a class = \"posts-by-tag-item-title\" href=\"https:\/\/viajeraeditorial.ar\/blog\/2018\/02\/amor-de-morondanga-jan-de-jager\/\">Amor de morondanga * Jan De Jager<\/a><\/li><li class=\"posts-by-tag-item Jan De Jager Rel\u00e1mpagos\" id=\"posts-by-tag-item-6806\"><a class = \"posts-by-tag-item-title\" href=\"https:\/\/viajeraeditorial.ar\/blog\/2018\/02\/marketing-ano-cero-jan-de-jager\/\">Marketing a\u00f1o cero * Jan De Jager<\/a><\/li><li class=\"posts-by-tag-item Jan De Jager Rel\u00e1mpagos\" id=\"posts-by-tag-item-5891\"><a class = \"posts-by-tag-item-title\" href=\"https:\/\/viajeraeditorial.ar\/blog\/2016\/11\/relampagos-en-amsterdam-1112\/\">Rel\u00e1mpagos en Amsterdam * 11\/12<\/a><\/li><li class=\"posts-by-tag-item Jan De Jager Rel\u00e1mpagos\" id=\"posts-by-tag-item-4449\"><a class = \"posts-by-tag-item-title\" href=\"https:\/\/viajeraeditorial.ar\/blog\/2015\/06\/ruben-sacchi-resena-relampagos\/\">Ruben Sacchi rese\u00f1a Rel\u00e1mpagos<\/a><\/li><li class=\"posts-by-tag-item Gervasio Monchietti Jan De Jager Rel\u00e1mpagos Viajera\" id=\"posts-by-tag-item-2242\"><a class = \"posts-by-tag-item-title\" href=\"https:\/\/viajeraeditorial.ar\/blog\/2015\/01\/gervasio-monchietti-resena-relampagos-de-jan-de-jager\/\">Gervasio Monchietti rese\u00f1a \"Rel\u00e1mpagos\", de Jan de Jager<\/a><\/li><li class=\"posts-by-tag-item Jan De Jager Rel\u00e1mpagos\" id=\"posts-by-tag-item-2140\"><a class = \"posts-by-tag-item-title\" href=\"https:\/\/viajeraeditorial.ar\/blog\/2014\/11\/nicolas-di-candia-presentando-relampagos-de-jan-de-jager\/\">Nicol\u00e1s Di Candia presentando Rel\u00e1mpagos de Jan De Jager<\/a><\/li><li class=\"posts-by-tag-item Jan De Jager Rel\u00e1mpagos Viajera\" id=\"posts-by-tag-item-2148\"><a class = \"posts-by-tag-item-title\" href=\"https:\/\/viajeraeditorial.ar\/blog\/2014\/10\/jan-de-jager-presenta-relampagos-iii\/\">Jan de Jager presenta Rel\u00e1mpagos (III)<\/a><\/li><li class=\"posts-by-tag-item Jan De Jager Rel\u00e1mpagos\" id=\"posts-by-tag-item-330\"><a class = \"posts-by-tag-item-title\" href=\"https:\/\/viajeraeditorial.ar\/blog\/2014\/10\/jan-de-jager-presenta-relampagos-ii\/\">Jan de Jager presenta Rel\u00e1mpagos (II)<\/a><\/li><li class=\"posts-by-tag-item Jan De Jager Rel\u00e1mpagos Viajera\" id=\"posts-by-tag-item-346\"><a class = \"posts-by-tag-item-title\" href=\"https:\/\/viajeraeditorial.ar\/blog\/2014\/09\/jan-de-jager-presenta-relampagos-1\/\">Jan de Jager presenta Rel\u00e1mpagos (1)<\/a><\/li><li class=\"posts-by-tag-item Jan De Jager Karina Macci\u00f3 Rel\u00e1mpagos Ricardo Iberluc\u00eda\" id=\"posts-by-tag-item-2153\"><a class = \"posts-by-tag-item-title\" href=\"https:\/\/viajeraeditorial.ar\/blog\/2014\/09\/karina-maccio-y-ricardo-ibarlucia-sobre-relampagos-de-jan-de-jager\/\">Karina Macci\u00f3 y Ricardo Ibarluc\u00eda sobre Rel\u00e1mpagos de Jan de Jager<\/a><\/li><li class=\"posts-by-tag-item Apariciones P\u00fablicas Jan De Jager Rel\u00e1mpagos Viajera\" id=\"posts-by-tag-item-2157\"><a class = \"posts-by-tag-item-title\" href=\"https:\/\/viajeraeditorial.ar\/blog\/2014\/09\/silvia-calero-sobre-relampagos-de-jan-de-jager\/\">Silvia Calero sobre Rel\u00e1mpagos de Jan de Jager<\/a><\/li><li class=\"posts-by-tag-item Apariciones P\u00fablicas Jan De Jager Rel\u00e1mpagos Viajera\" id=\"posts-by-tag-item-2167\"><a class = \"posts-by-tag-item-title\" href=\"https:\/\/viajeraeditorial.ar\/blog\/2014\/08\/charla-de-jan-de-jager-en-el-club-de-traductores\/\">Charla de Jan De Jager en el Club de Traductores<\/a><\/li><li class=\"posts-by-tag-item Jan De Jager Rel\u00e1mpagos Viajera\" id=\"posts-by-tag-item-2171\"><a class = \"posts-by-tag-item-title\" href=\"https:\/\/viajeraeditorial.ar\/blog\/2014\/08\/la-gente-es-muy-rara-jan-de-jager\/\">La gente es muy rara - Jan De Jager<\/a><\/li><li class=\"posts-by-tag-item Jan De Jager musicalpoes\u00eda! Rel\u00e1mpagos\" id=\"posts-by-tag-item-2173\"><a class = \"posts-by-tag-item-title\" href=\"https:\/\/viajeraeditorial.ar\/blog\/2014\/08\/jan-de-jager-en-musicalpoesia\/\">Jan de Jager en musicalpoes\u00eda!<\/a><\/li><li class=\"posts-by-tag-item Jan De Jager Rel\u00e1mpagos Viajera\" id=\"posts-by-tag-item-2179\"><a class = \"posts-by-tag-item-title\" href=\"https:\/\/viajeraeditorial.ar\/blog\/2014\/08\/enter-jan-de-jager\/\">Enter - Jan De Jager<\/a><\/li><li class=\"posts-by-tag-item Jan De Jager Rel\u00e1mpagos Viajera\" id=\"posts-by-tag-item-2190\"><a class = \"posts-by-tag-item-title\" href=\"https:\/\/viajeraeditorial.ar\/blog\/2014\/07\/an-inspector-calls-jan-de-jager\/\">An inspector calls - Jan De Jager<\/a><\/li><li class=\"posts-by-tag-item Jan De Jager Rel\u00e1mpagos Viajera\" id=\"posts-by-tag-item-2196\"><a class = \"posts-by-tag-item-title\" href=\"https:\/\/viajeraeditorial.ar\/blog\/2014\/07\/paisaje-nevado-jan-de-jager\/\">Paisaje nevado - Jan De Jager<\/a><\/li><li class=\"posts-by-tag-item Jan De Jager Rel\u00e1mpagos Viajera\" id=\"posts-by-tag-item-2208\"><a class = \"posts-by-tag-item-title\" href=\"https:\/\/viajeraeditorial.ar\/blog\/2014\/06\/cuestion-de-limites-jan-de-jager\/\">Cuesti\u00f3n de l\u00edmites - Jan De Jager<\/a><\/li><li class=\"posts-by-tag-item Jan De Jager Rel\u00e1mpagos Viajera\" id=\"posts-by-tag-item-2053\"><a class = \"posts-by-tag-item-title\" href=\"https:\/\/viajeraeditorial.ar\/blog\/2014\/06\/kafka-meets-ionesco-jan-de-jager\/\">Kafka meets Ionesco - Jan De Jager<\/a><\/li><li class=\"posts-by-tag-item Jan De Jager Rel\u00e1mpagos\" id=\"posts-by-tag-item-2066\"><a class = \"posts-by-tag-item-title\" href=\"https:\/\/viajeraeditorial.ar\/blog\/2014\/05\/la-marip-osa-jan-de-jager\/\">La Marip Osa - Jan De Jager<\/a><\/li><\/ul>\n","protected":false},"excerpt":{"rendered":"<p>Jan De Jager, 2019. ISBN: 978-987-3719-34-9 304 p. Usted tiene entre sus manos un libro que ser\u00e1 de colecci\u00f3n. Jan De Jager compila textos propios y ajenos con la audacia del maestro inteligente que nos hace volver a mirar aquello que ya vimos y descubrir siempre algo nuevo. La genialidad est\u00e1 en construir capa sobre [&hellip;]<\/p>\n","protected":false},"author":4,"featured_media":0,"parent":32,"menu_order":7,"comment_status":"closed","ping_status":"open","template":"","meta":[],"_links":{"self":[{"href":"https:\/\/viajeraeditorial.ar\/blog\/wp-json\/wp\/v2\/pages\/7756"}],"collection":[{"href":"https:\/\/viajeraeditorial.ar\/blog\/wp-json\/wp\/v2\/pages"}],"about":[{"href":"https:\/\/viajeraeditorial.ar\/blog\/wp-json\/wp\/v2\/types\/page"}],"author":[{"embeddable":true,"href":"https:\/\/viajeraeditorial.ar\/blog\/wp-json\/wp\/v2\/users\/4"}],"replies":[{"embeddable":true,"href":"https:\/\/viajeraeditorial.ar\/blog\/wp-json\/wp\/v2\/comments?post=7756"}],"version-history":[{"count":1,"href":"https:\/\/viajeraeditorial.ar\/blog\/wp-json\/wp\/v2\/pages\/7756\/revisions"}],"predecessor-version":[{"id":7760,"href":"https:\/\/viajeraeditorial.ar\/blog\/wp-json\/wp\/v2\/pages\/7756\/revisions\/7760"}],"up":[{"embeddable":true,"href":"https:\/\/viajeraeditorial.ar\/blog\/wp-json\/wp\/v2\/pages\/32"}],"wp:attachment":[{"href":"https:\/\/viajeraeditorial.ar\/blog\/wp-json\/wp\/v2\/media?parent=7756"}],"curies":[{"name":"wp","href":"https:\/\/api.w.org\/{rel}","templated":true}]}}