{"id":7784,"date":"2019-05-09T22:55:11","date_gmt":"2019-05-10T01:55:11","guid":{"rendered":"http:\/\/www.viajeraeditorial.com.ar\/?page_id=7784"},"modified":"2019-05-09T22:55:45","modified_gmt":"2019-05-10T01:55:45","slug":"el-tiempo-de-la-flor","status":"publish","type":"page","link":"https:\/\/viajeraeditorial.ar\/blog\/explorar\/el-tiempo-de-la-flor\/","title":{"rendered":"El tiempo de la flor"},"content":{"rendered":"<p><a href=\"http:\/\/www.viajeraeditorial.ar\/blog\/wp-content\/uploads\/2015\/05\/aguaotapa.jpg\"><img loading=\"lazy\" class=\"wp-image-7785 alignleft\" src=\"http:\/\/www.viajeraeditorial.ar\/blog\/wp-content\/uploads\/2019\/05\/el-tiempo-de-la-flor.jpg\" alt=\"\" width=\"336\" height=\"524\" \/><\/a><a href=\"http:\/\/www.viajeraeditorial.ar\/blog\/autores\/anibal-ilguisonis\/\">An\u00edbal Ilguisonis<\/a>, 2019.<br \/>\nISBN: 978-987-3719-37-0<br \/>\n104 p.<\/p>\n<p>&nbsp;<\/p>\n<p>Lo que se encuentra aqu\u00ed es la arquitectura cuidadosamente hilada por un poeta que encontr\u00f3 su voz, no la \u00faltima ni la \u00abpara siempre\u00bb, sino la voz que corresponde a cada poema. Ritmo, repeticiones, di\u00e1logos, fragmentos de conversaciones&#8230; y la ideolog\u00eda pura y l\u00edmpida que lo sostiene, todo confluye para que <em>El tiempo de la flor<\/em> sea un libro no solo feliz sino tambi\u00e9n perfecto. Celebro haberlo le\u00eddo. Celebro que el\/la lector\/a tenga en sus manos un libro feliz, hermoso y magn\u00edficamente escrito.<\/p>\n<p style=\"text-align: right;\">Mercedes Roff\u00e9<\/p>\n<p><span style=\"text-decoration: underline;\"><strong>Contenido sobre El tiempo de la flor<\/strong><\/span><\/p>\n<ul class = \"posts-by-tag-list\"><li class=\"posts-by-tag-item An\u00edbal Ilguisonis El tiempo de la flor\" id=\"posts-by-tag-item-7882\"><a class = \"posts-by-tag-item-title\" href=\"https:\/\/viajeraeditorial.ar\/blog\/2019\/07\/nunca-se-desanda-el-camino-anibal-ilguisonis\/\">Nunca se desanda el camino * An\u00edbal Ilguisonis<\/a><\/li><li class=\"posts-by-tag-item An\u00edbal Ilguisonis El tiempo de la flor\" id=\"posts-by-tag-item-7879\"><a class = \"posts-by-tag-item-title\" href=\"https:\/\/viajeraeditorial.ar\/blog\/2019\/06\/atardece-en-pumalin-anibal-ilguisonis\/\">atardece en pumal\u00edn * An\u00edbal Ilguisonis<\/a><\/li><li class=\"posts-by-tag-item An\u00edbal Ilguisonis El tiempo de la flor\" id=\"posts-by-tag-item-7633\"><a class = \"posts-by-tag-item-title\" href=\"https:\/\/viajeraeditorial.ar\/blog\/2019\/05\/el-ritmo-es-el-tiempo-del-habla-anibal-ilguisonis\/\">el ritmo es el tiempo del habla * An\u00edbal Ilguisonis<\/a><\/li><li class=\"posts-by-tag-item An\u00edbal Ilguisonis El tiempo de la flor\" id=\"posts-by-tag-item-7626\"><a class = \"posts-by-tag-item-title\" href=\"https:\/\/viajeraeditorial.ar\/blog\/2019\/04\/regrese-anibal-ilguisonis\/\">Regres\u00e9 * An\u00edbal Ilguisonis<\/a><\/li><li class=\"posts-by-tag-item An\u00edbal Ilguisonis El tiempo de la flor\" id=\"posts-by-tag-item-7639\"><a class = \"posts-by-tag-item-title\" href=\"https:\/\/viajeraeditorial.ar\/blog\/2019\/03\/ella-va-sin-prisa-anibal-ilguisonis\/\">Ella va sin prisa * An\u00edbal Ilguisonis<\/a><\/li><li class=\"posts-by-tag-item An\u00edbal Ilguisonis El tiempo de la flor\" id=\"posts-by-tag-item-7636\"><a class = \"posts-by-tag-item-title\" href=\"https:\/\/viajeraeditorial.ar\/blog\/2019\/02\/el-blanco-anibal-ilguisonis\/\">el blanco * An\u00edbal Ilguisonis<\/a><\/li><\/ul>\n","protected":false},"excerpt":{"rendered":"<p>An\u00edbal Ilguisonis, 2019. ISBN: 978-987-3719-37-0 104 p. &nbsp; Lo que se encuentra aqu\u00ed es la arquitectura cuidadosamente hilada por un poeta que encontr\u00f3 su voz, no la \u00faltima ni la \u00abpara siempre\u00bb, sino la voz que corresponde a cada poema. Ritmo, repeticiones, di\u00e1logos, fragmentos de conversaciones&#8230; y la ideolog\u00eda pura y l\u00edmpida que lo sostiene, [&hellip;]<\/p>\n","protected":false},"author":4,"featured_media":0,"parent":32,"menu_order":8,"comment_status":"closed","ping_status":"open","template":"","meta":[],"_links":{"self":[{"href":"https:\/\/viajeraeditorial.ar\/blog\/wp-json\/wp\/v2\/pages\/7784"}],"collection":[{"href":"https:\/\/viajeraeditorial.ar\/blog\/wp-json\/wp\/v2\/pages"}],"about":[{"href":"https:\/\/viajeraeditorial.ar\/blog\/wp-json\/wp\/v2\/types\/page"}],"author":[{"embeddable":true,"href":"https:\/\/viajeraeditorial.ar\/blog\/wp-json\/wp\/v2\/users\/4"}],"replies":[{"embeddable":true,"href":"https:\/\/viajeraeditorial.ar\/blog\/wp-json\/wp\/v2\/comments?post=7784"}],"version-history":[{"count":2,"href":"https:\/\/viajeraeditorial.ar\/blog\/wp-json\/wp\/v2\/pages\/7784\/revisions"}],"predecessor-version":[{"id":7787,"href":"https:\/\/viajeraeditorial.ar\/blog\/wp-json\/wp\/v2\/pages\/7784\/revisions\/7787"}],"up":[{"embeddable":true,"href":"https:\/\/viajeraeditorial.ar\/blog\/wp-json\/wp\/v2\/pages\/32"}],"wp:attachment":[{"href":"https:\/\/viajeraeditorial.ar\/blog\/wp-json\/wp\/v2\/media?parent=7784"}],"curies":[{"name":"wp","href":"https:\/\/api.w.org\/{rel}","templated":true}]}}