{"id":7796,"date":"2019-05-11T20:48:08","date_gmt":"2019-05-11T23:48:08","guid":{"rendered":"http:\/\/www.viajeraeditorial.com.ar\/?page_id=7796"},"modified":"2019-06-24T07:58:44","modified_gmt":"2019-06-24T10:58:44","slug":"suspendido","status":"publish","type":"page","link":"https:\/\/viajeraeditorial.ar\/blog\/descubrir\/suspendido\/","title":{"rendered":"Suspendido"},"content":{"rendered":"<p class=\"plano\"><img loading=\"lazy\" class=\"wp-image-7797 alignleft\" src=\"http:\/\/www.viajeraeditorial.ar\/blog\/wp-content\/uploads\/2019\/05\/suspendido.jpg\" alt=\"\" width=\"337\" height=\"488\" \/><a href=\"http:\/\/www.viajeraeditorial.ar\/blog\/autores\/nicolas-alonso\/\">Nicol\u00e1s Alonso<\/a>, 2019<br \/>\nISBN: 978-987-3719-38-7<br \/>\n96 p.<\/p>\n<p style=\"text-align: justify;\">Hay una roca dentro de un ni\u00f1o. O de su recuerdo. O de su historia. Hay un cuerpo, un barco herrumbroso y solitario a punto de encallar. Es necesario soltarlo todo, quemar el peso del pasado como si fuera una rama de laurel que libera su perfume, sentir el estallido de las esquirlas suspendidas, o\u00edr el crepitar del sol. Es necesario disolver la roca. Pero ella es una bandera clavada en las entra\u00f1as, sostiene los pulmones, el abdomen. \u00bfC\u00f3mo disolver la roca sin desaparecer?<\/p>\n<p style=\"text-align: justify;\">Entonces, el reconocimiento. El ni\u00f1o pinta una semilla. Y de la semilla brota un cotiled\u00f3n, la primera hoja, la fr\u00e1gil potencia que el viento precipita, que todo lo disuelve. Como en Zaratustra, Suspendido es un viaje de transformaci\u00f3n de la palabra, del esp\u00edritu convertido en ni\u00f1o que corre entre las copas de los \u00e1rboles: <em>como quien comienza \/ como quien se va \/ caminando liviano \/ sobre las hojas del oto\u00f1o.<\/em><\/p>\n<p style=\"text-align: justify;\">En <em>Suspendido<\/em>, Nicol\u00e1s Alonso cincela cada palabra para encontrar en el verso un ritmo propio, una voz singular. Un viaje inici\u00e1tico a las entra\u00f1as de la poes\u00eda.<\/p>\n<p style=\"padding-left: 60px; text-align: right;\"><strong>An\u00edbal Ilguisonis<\/strong><\/p>\n<p style=\"text-align: justify;\"><strong>\u00a0<\/strong><\/p>\n<p class=\"plano\" style=\"padding-left: 330px;\"><span style=\"text-decoration: underline;\"><strong>Contenido sobre Suspendido<\/strong><\/span><\/p>\n<p class=\"plano\" style=\"padding-left: 330px;\"><ul class = \"posts-by-tag-list\"><li class=\"posts-by-tag-item Nicol\u00e1s Alonso suspendido\" id=\"posts-by-tag-item-8030\"><a class = \"posts-by-tag-item-title\" href=\"https:\/\/viajeraeditorial.ar\/blog\/2020\/02\/hay-que-evitar-todo-tipo-de-pensamiento-nicolas-alonso\/\">hay que evitar todo tipo de pensamiento * Nicol\u00e1s Alonso<\/a><\/li><li class=\"posts-by-tag-item Nicol\u00e1s Alonso suspendido\" id=\"posts-by-tag-item-8036\"><a class = \"posts-by-tag-item-title\" href=\"https:\/\/viajeraeditorial.ar\/blog\/2020\/01\/y-arrojen-todo-al-rio-nicolas-alonso\/\">y arrojen todo al r\u00edo * Nicol\u00e1s Alonso<\/a><\/li><li class=\"posts-by-tag-item Nicol\u00e1s Alonso suspendido\" id=\"posts-by-tag-item-8033\"><a class = \"posts-by-tag-item-title\" href=\"https:\/\/viajeraeditorial.ar\/blog\/2019\/10\/quiero-plantarme-una-bandera-en-las-entranas-nicolas-alonso\/\">quiero plantarme una bandera en las entra\u00f1as * Nicol\u00e1s Alonso<\/a><\/li><li class=\"posts-by-tag-item Nicol\u00e1s Alonso suspendido\" id=\"posts-by-tag-item-8039\"><a class = \"posts-by-tag-item-title\" href=\"https:\/\/viajeraeditorial.ar\/blog\/2019\/10\/me-disolvi-nicolas-alonso\/\">me disolv\u00ed * Nicol\u00e1s Alonso<\/a><\/li><li class=\"posts-by-tag-item Nicol\u00e1s Alonso suspendido\" id=\"posts-by-tag-item-7885\"><a class = \"posts-by-tag-item-title\" href=\"https:\/\/viajeraeditorial.ar\/blog\/2019\/06\/quiero-ser-un-humedal-nicolas-alonso\/\">quiero ser un humedal * Nicol\u00e1s Alonso<\/a><\/li><li class=\"posts-by-tag-item Nicol\u00e1s Alonso suspendido\" id=\"posts-by-tag-item-7655\"><a class = \"posts-by-tag-item-title\" href=\"https:\/\/viajeraeditorial.ar\/blog\/2019\/04\/he-venido-a-decirte-adios-nicolas-alonso\/\">he venido a decirte adi\u00f3s * Nicol\u00e1s Alonso<\/a><\/li><li class=\"posts-by-tag-item Nicol\u00e1s Alonso suspendido\" id=\"posts-by-tag-item-7658\"><a class = \"posts-by-tag-item-title\" href=\"https:\/\/viajeraeditorial.ar\/blog\/2019\/02\/alguien-escribio-colores-nicolas-alonso\/\">alguien escribi\u00f3 colores * Nicol\u00e1s Alonso<\/a><\/li><li class=\"posts-by-tag-item Nicol\u00e1s Alonso suspendido\" id=\"posts-by-tag-item-6990\"><a class = \"posts-by-tag-item-title\" href=\"https:\/\/viajeraeditorial.ar\/blog\/2018\/06\/si-todo-pudiese-no-ser-mas-que-sombra-nicolas-alonso\/\">si todo pudiese no ser m\u00e1s que sombra * Nicol\u00e1s Alonso<\/a><\/li><\/ul><\/p>\n","protected":false},"excerpt":{"rendered":"<p>Nicol\u00e1s Alonso, 2019 ISBN: 978-987-3719-38-7 96 p. Hay una roca dentro de un ni\u00f1o. O de su recuerdo. O de su historia. Hay un cuerpo, un barco herrumbroso y solitario a punto de encallar. Es necesario soltarlo todo, quemar el peso del pasado como si fuera una rama de laurel que libera su perfume, sentir [&hellip;]<\/p>\n","protected":false},"author":4,"featured_media":0,"parent":30,"menu_order":9,"comment_status":"closed","ping_status":"closed","template":"","meta":[],"_links":{"self":[{"href":"https:\/\/viajeraeditorial.ar\/blog\/wp-json\/wp\/v2\/pages\/7796"}],"collection":[{"href":"https:\/\/viajeraeditorial.ar\/blog\/wp-json\/wp\/v2\/pages"}],"about":[{"href":"https:\/\/viajeraeditorial.ar\/blog\/wp-json\/wp\/v2\/types\/page"}],"author":[{"embeddable":true,"href":"https:\/\/viajeraeditorial.ar\/blog\/wp-json\/wp\/v2\/users\/4"}],"replies":[{"embeddable":true,"href":"https:\/\/viajeraeditorial.ar\/blog\/wp-json\/wp\/v2\/comments?post=7796"}],"version-history":[{"count":2,"href":"https:\/\/viajeraeditorial.ar\/blog\/wp-json\/wp\/v2\/pages\/7796\/revisions"}],"predecessor-version":[{"id":7904,"href":"https:\/\/viajeraeditorial.ar\/blog\/wp-json\/wp\/v2\/pages\/7796\/revisions\/7904"}],"up":[{"embeddable":true,"href":"https:\/\/viajeraeditorial.ar\/blog\/wp-json\/wp\/v2\/pages\/30"}],"wp:attachment":[{"href":"https:\/\/viajeraeditorial.ar\/blog\/wp-json\/wp\/v2\/media?parent=7796"}],"curies":[{"name":"wp","href":"https:\/\/api.w.org\/{rel}","templated":true}]}}