{"id":7857,"date":"2019-06-11T07:18:44","date_gmt":"2019-06-11T10:18:44","guid":{"rendered":"http:\/\/www.viajeraeditorial.com.ar\/?page_id=7857"},"modified":"2020-11-02T21:07:47","modified_gmt":"2020-11-03T00:07:47","slug":"eduardo-galvez","status":"publish","type":"page","link":"https:\/\/viajeraeditorial.ar\/blog\/catalogo\/eduardo-galvez\/","title":{"rendered":"Eduardo G\u00e1lvez"},"content":{"rendered":"<p style=\"text-align: justify;\"><img loading=\"lazy\" class=\"wp-image-7858 alignright\" src=\"http:\/\/www.viajeraeditorial.ar\/blog\/wp-content\/uploads\/2019\/06\/10615558-10204674900290008-366660231672851047-n-632x673.jpg\" alt=\"\" width=\"349\" height=\"372\" srcset=\"https:\/\/viajeraeditorial.ar\/blog\/wp-content\/uploads\/2019\/06\/10615558-10204674900290008-366660231672851047-n-632x673.jpg 632w, https:\/\/viajeraeditorial.ar\/blog\/wp-content\/uploads\/2019\/06\/10615558-10204674900290008-366660231672851047-n-768x817.jpg 768w, https:\/\/viajeraeditorial.ar\/blog\/wp-content\/uploads\/2019\/06\/10615558-10204674900290008-366660231672851047-n-257x274.jpg 257w, https:\/\/viajeraeditorial.ar\/blog\/wp-content\/uploads\/2019\/06\/10615558-10204674900290008-366660231672851047-n-350x373.jpg 350w, https:\/\/viajeraeditorial.ar\/blog\/wp-content\/uploads\/2019\/06\/10615558-10204674900290008-366660231672851047-n.jpg 902w\" sizes=\"(max-width: 349px) 100vw, 349px\" \/><\/p>\n<p style=\"text-align: justify;\">Naci\u00f3 en abril de 1972, en Quilmes, Argentina. Su primer regalo, el d\u00eda de su alumbramiento, fue un libro sobre las estrellas. Es Licenciado en Sociolog\u00eda por la Universidad de Buenos Aires, Doctor en Historia y Civilizaciones por la \u00c9cole des Hautes \u00c9tudes en Sciences Sociales y profesor universitario. No se lleva del todo bien con este mundo; aunque, por el contrario, se encuentra muy a gusto en el planeta. Le gusta acudir a la poes\u00eda en busca de un medio para aligerar aquella tensi\u00f3n mundoplaneta.<\/p>\n<p style=\"text-align: justify;\"><strong><span style=\"text-decoration: underline;\">En Viajera<\/span><\/strong><\/p>\n<p style=\"padding-left: 30px;\">\u00a0<img loading=\"lazy\" class=\"wp-image-7862 size-full alignnone\" src=\"http:\/\/www.viajeraeditorial.ar\/blog\/wp-content\/uploads\/2019\/06\/hipotesis-1-e1560249585392.jpg\" alt=\"\" width=\"13\" height=\"20\" \/><a href=\"http:\/\/www.viajeraeditorial.ar\/blog\/descubrir\/hipotesis-gaia\/\">Hip\u00f3tesis Gaia<\/a> (<a href=\"http:\/\/www.viajeraeditorial.ar\/blog\/descubrir\/\">Descubrir<\/a>, 2019)<\/p>\n<p><strong><span style=\"text-decoration: underline;\">Contenido sobre Eduardo<\/span><\/strong><\/p>\n<ul class = \"posts-by-tag-list\"><li class=\"posts-by-tag-item Alicia Saliva Anibal Ilguisonis Axel Levin Cristina Eseiza Eduardo G\u00e1lvez Eugenia Coiro Festival de Poes\u00eda de Rosario Ignacio Uranga Jan De Jager Jos\u00e9 Lupia Karina Macci\u00f3 Marcela Manuel Nicol\u00e1s Alonso Sof\u00eda\" id=\"posts-by-tag-item-8738\"><a class = \"posts-by-tag-item-title\" href=\"https:\/\/viajeraeditorial.ar\/blog\/2020\/11\/estamos-en-el-fipr\/\">Estamos en el FIPR<\/a><\/li><li class=\"posts-by-tag-item Eduardo G\u00e1lvez\" id=\"posts-by-tag-item-8183\"><a class = \"posts-by-tag-item-title\" href=\"https:\/\/viajeraeditorial.ar\/blog\/2020\/08\/mercurio-toma-menos-tiempo-eduardo-galvez\/\">Mercurio toma menos tiempo * Eduardo G\u00e1lvez<\/a><\/li><li class=\"posts-by-tag-item Eduardo G\u00e1lvez Hip\u00f3tesis Gaia\" id=\"posts-by-tag-item-7997\"><a class = \"posts-by-tag-item-title\" href=\"https:\/\/viajeraeditorial.ar\/blog\/2020\/04\/todos-los-ninos-eduardo-galvez\/\">Todos los ni\u00f1os * Eduardo G\u00e1lvez<\/a><\/li><li class=\"posts-by-tag-item Eduardo G\u00e1lvez\" id=\"posts-by-tag-item-8185\"><a class = \"posts-by-tag-item-title\" href=\"https:\/\/viajeraeditorial.ar\/blog\/2020\/03\/una-en-un-millon-eduardo-galvez\/\">Una en un mill\u00f3n * Eduardo G\u00e1lvez<\/a><\/li><li class=\"posts-by-tag-item Eduardo G\u00e1lvez\" id=\"posts-by-tag-item-8181\"><a class = \"posts-by-tag-item-title\" href=\"https:\/\/viajeraeditorial.ar\/blog\/2020\/02\/nereida-nayade-talasa-eduardo-galvez\/\">Nereida, N\u00e1yade, Talasa * Eduardo G\u00e1lvez<\/a><\/li><li class=\"posts-by-tag-item Eduardo G\u00e1lvez\" id=\"posts-by-tag-item-8179\"><a class = \"posts-by-tag-item-title\" href=\"https:\/\/viajeraeditorial.ar\/blog\/2019\/12\/desde-este-parque-eduardo-galvez\/\">Desde este parque * Eduardo G\u00e1lvez<\/a><\/li><li class=\"posts-by-tag-item Eduardo G\u00e1lvez Hip\u00f3tesis Gaia\" id=\"posts-by-tag-item-8003\"><a class = \"posts-by-tag-item-title\" href=\"https:\/\/viajeraeditorial.ar\/blog\/2019\/12\/un-dia-en-la-tierra-eduardo-galvez\/\">Un d\u00eda en la tierra * Eduardo G\u00e1lvez<\/a><\/li><li class=\"posts-by-tag-item Eduardo G\u00e1lvez Hip\u00f3tesis Gaia\" id=\"posts-by-tag-item-8000\"><a class = \"posts-by-tag-item-title\" href=\"https:\/\/viajeraeditorial.ar\/blog\/2019\/10\/llegados-a-este-punto-eduardo-galvez\/\">Llegados a este punto * Eduardo G\u00e1lvez<\/a><\/li><li class=\"posts-by-tag-item Eduardo G\u00e1lvez Hip\u00f3tesis Gaia\" id=\"posts-by-tag-item-8006\"><a class = \"posts-by-tag-item-title\" href=\"https:\/\/viajeraeditorial.ar\/blog\/2019\/10\/piedras-preciosas-eduardo-galvez\/\">Piedras preciosas * Eduardo G\u00e1lvez<\/a><\/li><li class=\"posts-by-tag-item Eduardo G\u00e1lvez Hip\u00f3tesis Gaia\" id=\"posts-by-tag-item-7994\"><a class = \"posts-by-tag-item-title\" href=\"https:\/\/viajeraeditorial.ar\/blog\/2019\/09\/buenos-aires-eduardo-galvez\/\">Buenos Aires * Eduardo G\u00e1lvez<\/a><\/li><li class=\"posts-by-tag-item An\u00edbal Ilguisonis Axel Levin Eduardo G\u00e1lvez Nicol\u00e1s Alonso\" id=\"posts-by-tag-item-7915\"><a class = \"posts-by-tag-item-title\" href=\"https:\/\/viajeraeditorial.ar\/blog\/2019\/07\/el-paisaje-interior-147-ilguisonis-galvez-alonso\/\">El paisaje interior * 14\/7 Ilguisonis, G\u00e1lvez, Alonso<\/a><\/li><li class=\"posts-by-tag-item Eduardo G\u00e1lvez Hip\u00f3tesis Gaia\" id=\"posts-by-tag-item-7890\"><a class = \"posts-by-tag-item-title\" href=\"https:\/\/viajeraeditorial.ar\/blog\/2019\/06\/m-od-o-eduardo-galvez\/\">M.O.D.O. * Eduardo G\u00e1lvez<\/a><\/li><li class=\"posts-by-tag-item Eduardo G\u00e1lvez Hip\u00f3tesis Gaia\" id=\"posts-by-tag-item-7667\"><a class = \"posts-by-tag-item-title\" href=\"https:\/\/viajeraeditorial.ar\/blog\/2019\/05\/camino-por-estas-sierras-eduardo-galvez\/\">Camino por estas sierras * Eduardo G\u00e1lvez<\/a><\/li><li class=\"posts-by-tag-item Eduardo G\u00e1lvez Hip\u00f3tesis Gaia\" id=\"posts-by-tag-item-7670\"><a class = \"posts-by-tag-item-title\" href=\"https:\/\/viajeraeditorial.ar\/blog\/2019\/04\/hoy-aca-eduardo-galvez\/\">Hoy ac\u00e1 * Eduardo G\u00e1lvez<\/a><\/li><li class=\"posts-by-tag-item Eduardo G\u00e1lvez Hip\u00f3tesis Gaia\" id=\"posts-by-tag-item-7664\"><a class = \"posts-by-tag-item-title\" href=\"https:\/\/viajeraeditorial.ar\/blog\/2019\/03\/a-oscuras-eduardo-galvez\/\">a oscuras * Eduardo G\u00e1lvez<\/a><\/li><li class=\"posts-by-tag-item Eduardo G\u00e1lvez Hip\u00f3tesis Gaia\" id=\"posts-by-tag-item-7661\"><a class = \"posts-by-tag-item-title\" href=\"https:\/\/viajeraeditorial.ar\/blog\/2019\/02\/y-si-el-amor-no-fuera-lo-que-es-eduardo-galvez\/\">\u00bfY si el amor no fuera lo que es? * Eduardo G\u00e1lvez<\/a><\/li><li class=\"posts-by-tag-item Eduardo G\u00e1lvez\" id=\"posts-by-tag-item-6918\"><a class = \"posts-by-tag-item-title\" href=\"https:\/\/viajeraeditorial.ar\/blog\/2018\/07\/vos-eduardo-galvez\/\">vos * Eduardo G\u00e1lvez<\/a><\/li><li class=\"posts-by-tag-item Eduardo G\u00e1lvez\" id=\"posts-by-tag-item-6924\"><a class = \"posts-by-tag-item-title\" href=\"https:\/\/viajeraeditorial.ar\/blog\/2018\/07\/foto-de-chinito-y-gigante-eduardo-galvez\/\">Foto de chinito y gigante * Eduardo G\u00e1lvez<\/a><\/li><li class=\"posts-by-tag-item Eduardo G\u00e1lvez\" id=\"posts-by-tag-item-6926\"><a class = \"posts-by-tag-item-title\" href=\"https:\/\/viajeraeditorial.ar\/blog\/2018\/06\/resulta-maravilloso-eduardo-galvez\/\">Resulta maravilloso * Eduardo G\u00e1lvez<\/a><\/li><li class=\"posts-by-tag-item Eduardo G\u00e1lvez Feria Internacional del Libro de Buenos Aires Hip\u00f3tesis Gaia\" id=\"posts-by-tag-item-7000\"><a class = \"posts-by-tag-item-title\" href=\"https:\/\/viajeraeditorial.ar\/blog\/2018\/05\/eduardo-galvez-en-la-feria-internacional-del-libro-de-buenos-aires-135\/\">Eduardo G\u00e1lvez en la Feria Internacional del Libro de Buenos Aires 13\/5<\/a><\/li><li class=\"posts-by-tag-item Eduardo G\u00e1lvez\" id=\"posts-by-tag-item-6921\"><a class = \"posts-by-tag-item-title\" href=\"https:\/\/viajeraeditorial.ar\/blog\/2018\/04\/hoy-eduardo-galvez\/\">hoy * Eduardo G\u00e1lvez<\/a><\/li><\/ul>\n","protected":false},"excerpt":{"rendered":"<p>Naci\u00f3 en abril de 1972, en Quilmes, Argentina. Su primer regalo, el d\u00eda de su alumbramiento, fue un libro sobre las estrellas. Es Licenciado en Sociolog\u00eda por la Universidad de Buenos Aires, Doctor en Historia y Civilizaciones por la \u00c9cole des Hautes \u00c9tudes en Sciences Sociales y profesor universitario. No se lleva del todo bien [&hellip;]<\/p>\n","protected":false},"author":4,"featured_media":0,"parent":8710,"menu_order":0,"comment_status":"closed","ping_status":"open","template":"","meta":[],"_links":{"self":[{"href":"https:\/\/viajeraeditorial.ar\/blog\/wp-json\/wp\/v2\/pages\/7857"}],"collection":[{"href":"https:\/\/viajeraeditorial.ar\/blog\/wp-json\/wp\/v2\/pages"}],"about":[{"href":"https:\/\/viajeraeditorial.ar\/blog\/wp-json\/wp\/v2\/types\/page"}],"author":[{"embeddable":true,"href":"https:\/\/viajeraeditorial.ar\/blog\/wp-json\/wp\/v2\/users\/4"}],"replies":[{"embeddable":true,"href":"https:\/\/viajeraeditorial.ar\/blog\/wp-json\/wp\/v2\/comments?post=7857"}],"version-history":[{"count":3,"href":"https:\/\/viajeraeditorial.ar\/blog\/wp-json\/wp\/v2\/pages\/7857\/revisions"}],"predecessor-version":[{"id":7872,"href":"https:\/\/viajeraeditorial.ar\/blog\/wp-json\/wp\/v2\/pages\/7857\/revisions\/7872"}],"up":[{"embeddable":true,"href":"https:\/\/viajeraeditorial.ar\/blog\/wp-json\/wp\/v2\/pages\/8710"}],"wp:attachment":[{"href":"https:\/\/viajeraeditorial.ar\/blog\/wp-json\/wp\/v2\/media?parent=7857"}],"curies":[{"name":"wp","href":"https:\/\/api.w.org\/{rel}","templated":true}]}}