{"id":7860,"date":"2019-06-11T07:30:45","date_gmt":"2019-06-11T10:30:45","guid":{"rendered":"http:\/\/www.viajeraeditorial.com.ar\/?page_id=7860"},"modified":"2019-06-11T07:45:26","modified_gmt":"2019-06-11T10:45:26","slug":"hipotesis-gaia","status":"publish","type":"page","link":"https:\/\/viajeraeditorial.ar\/blog\/descubrir\/hipotesis-gaia\/","title":{"rendered":"Hip\u00f3tesis Gaia"},"content":{"rendered":"<p class=\"plano\"><a href=\"http:\/\/www.viajeraeditorial.ar\/blog\/autores\/eduardo-g\u00e1lvez\/\"><img loading=\"lazy\" class=\"wp-image-7862 alignleft\" src=\"http:\/\/www.viajeraeditorial.ar\/blog\/wp-content\/uploads\/2019\/06\/hipotesis-1.jpg\" alt=\"\" width=\"346\" height=\"519\" \/><\/a><a href=\"http:\/\/www.viajeraeditorial.ar\/blog\/autores\/eduardo-galvez\/\">Eduardo G\u00e1lvez<\/a>, 2019<br \/>\nISBN: 978-987-3719-36-3<br \/>\n102 p.<\/p>\n<p style=\"text-align: justify;\">Todo vuelve a su origen en la poes\u00eda de Eduardo G\u00e1lvez. Como si se pudiera capturar el momento inmediatamente posterior al Big Bang. Un universo de palabras y cosas ca\u00f3tico, pero que, lentamente va estableciendo una din\u00e1mica de conciliaci\u00f3n, de concatenaci\u00f3n, de cohesi\u00f3n. <em>Hip\u00f3tesis Gaia<\/em> pone las palabras en un microscopio, pone de relieve la propia fuerza de atracci\u00f3n entre ellas. Se acercan, se repelen, se contaminan. La b\u00fasqueda apunta a des-cubrir la potencia que impone su danza.<\/p>\n<p style=\"text-align: right;\"><strong>Nicol\u00e1s Alonso<\/strong><\/p>\n<p style=\"text-align: justify;\"><em>Hip\u00f3tesis Gaia<\/em> es un libro para jugar a mirar de otra forma. Cambiemos de perspectiva, dejemos el planeta y volvamos. Probemos mil puntos de vista, perdamos la cuenta. Dej\u00e9monos alumbrar por la luz de las estrellas que ya no existen. Destellan im\u00e1genes: la infancia remota est\u00e1 ac\u00e1, nuestra propia gestaci\u00f3n es hoy, igual que la primavera, el oto\u00f1o y la llegada a la luna. Hoy es la lluvia, el atardecer enjoyado y la siesta del ni\u00f1o. Hoy vamos \u00abhacia la sencillez \/ el resplandor \/ la certidumbre \/ de tu piel\u00bb.<\/p>\n<p style=\"text-align: justify;\">Vamos a la poes\u00eda porque es necesaria para la vida en este mundo.<\/p>\n<p style=\"text-align: right;\"><strong>Karina Macci\u00f3<\/strong><\/p>\n<p>&nbsp;<\/p>\n<p class=\"plano\"><span style=\"text-decoration: underline;\"><strong>Contenido sobre Hip\u00f3tesis Gaia<\/strong><\/span><\/p>\n<p class=\"plano\"><ul class = \"posts-by-tag-list\"><li class=\"posts-by-tag-item Eduardo G\u00e1lvez Hip\u00f3tesis Gaia\" id=\"posts-by-tag-item-7997\"><a class = \"posts-by-tag-item-title\" href=\"https:\/\/viajeraeditorial.ar\/blog\/2020\/04\/todos-los-ninos-eduardo-galvez\/\">Todos los ni\u00f1os * Eduardo G\u00e1lvez<\/a><\/li><li class=\"posts-by-tag-item Eduardo G\u00e1lvez Hip\u00f3tesis Gaia\" id=\"posts-by-tag-item-8003\"><a class = \"posts-by-tag-item-title\" href=\"https:\/\/viajeraeditorial.ar\/blog\/2019\/12\/un-dia-en-la-tierra-eduardo-galvez\/\">Un d\u00eda en la tierra * Eduardo G\u00e1lvez<\/a><\/li><li class=\"posts-by-tag-item Eduardo G\u00e1lvez Hip\u00f3tesis Gaia\" id=\"posts-by-tag-item-8000\"><a class = \"posts-by-tag-item-title\" href=\"https:\/\/viajeraeditorial.ar\/blog\/2019\/10\/llegados-a-este-punto-eduardo-galvez\/\">Llegados a este punto * Eduardo G\u00e1lvez<\/a><\/li><li class=\"posts-by-tag-item Eduardo G\u00e1lvez Hip\u00f3tesis Gaia\" id=\"posts-by-tag-item-8006\"><a class = \"posts-by-tag-item-title\" href=\"https:\/\/viajeraeditorial.ar\/blog\/2019\/10\/piedras-preciosas-eduardo-galvez\/\">Piedras preciosas * Eduardo G\u00e1lvez<\/a><\/li><li class=\"posts-by-tag-item Eduardo G\u00e1lvez Hip\u00f3tesis Gaia\" id=\"posts-by-tag-item-7994\"><a class = \"posts-by-tag-item-title\" href=\"https:\/\/viajeraeditorial.ar\/blog\/2019\/09\/buenos-aires-eduardo-galvez\/\">Buenos Aires * Eduardo G\u00e1lvez<\/a><\/li><li class=\"posts-by-tag-item Eduardo G\u00e1lvez Hip\u00f3tesis Gaia\" id=\"posts-by-tag-item-7890\"><a class = \"posts-by-tag-item-title\" href=\"https:\/\/viajeraeditorial.ar\/blog\/2019\/06\/m-od-o-eduardo-galvez\/\">M.O.D.O. * Eduardo G\u00e1lvez<\/a><\/li><li class=\"posts-by-tag-item Eduardo G\u00e1lvez Hip\u00f3tesis Gaia\" id=\"posts-by-tag-item-7667\"><a class = \"posts-by-tag-item-title\" href=\"https:\/\/viajeraeditorial.ar\/blog\/2019\/05\/camino-por-estas-sierras-eduardo-galvez\/\">Camino por estas sierras * Eduardo G\u00e1lvez<\/a><\/li><li class=\"posts-by-tag-item Eduardo G\u00e1lvez Hip\u00f3tesis Gaia\" id=\"posts-by-tag-item-7670\"><a class = \"posts-by-tag-item-title\" href=\"https:\/\/viajeraeditorial.ar\/blog\/2019\/04\/hoy-aca-eduardo-galvez\/\">Hoy ac\u00e1 * Eduardo G\u00e1lvez<\/a><\/li><li class=\"posts-by-tag-item Eduardo G\u00e1lvez Hip\u00f3tesis Gaia\" id=\"posts-by-tag-item-7664\"><a class = \"posts-by-tag-item-title\" href=\"https:\/\/viajeraeditorial.ar\/blog\/2019\/03\/a-oscuras-eduardo-galvez\/\">a oscuras * Eduardo G\u00e1lvez<\/a><\/li><li class=\"posts-by-tag-item Eduardo G\u00e1lvez Hip\u00f3tesis Gaia\" id=\"posts-by-tag-item-7661\"><a class = \"posts-by-tag-item-title\" href=\"https:\/\/viajeraeditorial.ar\/blog\/2019\/02\/y-si-el-amor-no-fuera-lo-que-es-eduardo-galvez\/\">\u00bfY si el amor no fuera lo que es? * Eduardo G\u00e1lvez<\/a><\/li><li class=\"posts-by-tag-item Eduardo G\u00e1lvez Feria Internacional del Libro de Buenos Aires Hip\u00f3tesis Gaia\" id=\"posts-by-tag-item-7000\"><a class = \"posts-by-tag-item-title\" href=\"https:\/\/viajeraeditorial.ar\/blog\/2018\/05\/eduardo-galvez-en-la-feria-internacional-del-libro-de-buenos-aires-135\/\">Eduardo G\u00e1lvez en la Feria Internacional del Libro de Buenos Aires 13\/5<\/a><\/li><\/ul><\/p>\n","protected":false},"excerpt":{"rendered":"<p>Eduardo G\u00e1lvez, 2019 ISBN: 978-987-3719-36-3 102 p. Todo vuelve a su origen en la poes\u00eda de Eduardo G\u00e1lvez. Como si se pudiera capturar el momento inmediatamente posterior al Big Bang. Un universo de palabras y cosas ca\u00f3tico, pero que, lentamente va estableciendo una din\u00e1mica de conciliaci\u00f3n, de concatenaci\u00f3n, de cohesi\u00f3n. Hip\u00f3tesis Gaia pone las palabras [&hellip;]<\/p>\n","protected":false},"author":4,"featured_media":0,"parent":30,"menu_order":9,"comment_status":"closed","ping_status":"closed","template":"","meta":[],"_links":{"self":[{"href":"https:\/\/viajeraeditorial.ar\/blog\/wp-json\/wp\/v2\/pages\/7860"}],"collection":[{"href":"https:\/\/viajeraeditorial.ar\/blog\/wp-json\/wp\/v2\/pages"}],"about":[{"href":"https:\/\/viajeraeditorial.ar\/blog\/wp-json\/wp\/v2\/types\/page"}],"author":[{"embeddable":true,"href":"https:\/\/viajeraeditorial.ar\/blog\/wp-json\/wp\/v2\/users\/4"}],"replies":[{"embeddable":true,"href":"https:\/\/viajeraeditorial.ar\/blog\/wp-json\/wp\/v2\/comments?post=7860"}],"version-history":[{"count":2,"href":"https:\/\/viajeraeditorial.ar\/blog\/wp-json\/wp\/v2\/pages\/7860\/revisions"}],"predecessor-version":[{"id":7870,"href":"https:\/\/viajeraeditorial.ar\/blog\/wp-json\/wp\/v2\/pages\/7860\/revisions\/7870"}],"up":[{"embeddable":true,"href":"https:\/\/viajeraeditorial.ar\/blog\/wp-json\/wp\/v2\/pages\/30"}],"wp:attachment":[{"href":"https:\/\/viajeraeditorial.ar\/blog\/wp-json\/wp\/v2\/media?parent=7860"}],"curies":[{"name":"wp","href":"https:\/\/api.w.org\/{rel}","templated":true}]}}