{"id":8435,"date":"2020-06-06T16:50:49","date_gmt":"2020-06-06T19:50:49","guid":{"rendered":"https:\/\/www.viajeraeditorial.com.ar\/blog\/?page_id=8435"},"modified":"2020-11-02T21:08:49","modified_gmt":"2020-11-03T00:08:49","slug":"jose-lupia","status":"publish","type":"page","link":"https:\/\/viajeraeditorial.ar\/blog\/catalogo\/jose-lupia\/","title":{"rendered":"Jos\u00e9 Lupia"},"content":{"rendered":"<p style=\"text-align: justify;\"><img loading=\"lazy\" class=\"wp-image-7858 alignright\" src=\"http:\/\/www.viajeraeditorial.ar\/blog\/wp-content\/uploads\/2019\/06\/10615558-10204674900290008-366660231672851047-n-632x673.jpg\" alt=\"\" width=\"349\" height=\"372\" srcset=\"https:\/\/viajeraeditorial.ar\/blog\/wp-content\/uploads\/2019\/06\/10615558-10204674900290008-366660231672851047-n-632x673.jpg 632w, https:\/\/viajeraeditorial.ar\/blog\/wp-content\/uploads\/2019\/06\/10615558-10204674900290008-366660231672851047-n-768x817.jpg 768w, https:\/\/viajeraeditorial.ar\/blog\/wp-content\/uploads\/2019\/06\/10615558-10204674900290008-366660231672851047-n-257x274.jpg 257w, https:\/\/viajeraeditorial.ar\/blog\/wp-content\/uploads\/2019\/06\/10615558-10204674900290008-366660231672851047-n-350x373.jpg 350w, https:\/\/viajeraeditorial.ar\/blog\/wp-content\/uploads\/2019\/06\/10615558-10204674900290008-366660231672851047-n.jpg 902w\" sizes=\"(max-width: 349px) 100vw, 349px\" \/><\/p>\n<p style=\"text-align: justify;\">\n<p>Naci\u00f3 en Buenos Aires en 1975. Es profesor de Letras.<img loading=\"lazy\" class=\"size-full wp-image-8437 alignright\" src=\"https:\/\/www.viajeraeditorial.ar\/blog\/wp-content\/uploads\/2020\/06\/photo-2020-05-29-11-45-39.jpg\" alt=\"\" width=\"275\" height=\"183\" \/><\/p>\n<p>Dicta clases de Lengua y Literatura en colegios secundarios y es profesor de Gram\u00e1tica I y del Seminario Problem\u00e1ticas interdisciplinarias en el an\u00e1lisis del discurso literario en el profesorado del Instituto Sagrado Coraz\u00f3n de Almagro.<\/p>\n<p>Adem\u00e1s de su actividad docente, desarroll\u00f3 un camino literario desordenado pero continuo, en el que colabor\u00f3 con sus textos en diversas antolog\u00edas.<\/p>\n<p>En el a\u00f1o 2012 recibi\u00f3 una menci\u00f3n especial en el concurso Relatos del primer amor, organizado por Subtevive. En 2016, su relato Ruidos recibi\u00f3 una menci\u00f3n en el Certamen 30\u00ba aniversario<\/p>\n<p>de la publicaci\u00f3n de \u201cIt\u201d organizado por la revista Cruz Diablo.<\/p>\n<p>Desde el a\u00f1o 2013 asiste a los talleres de Siempre de Viaje- Literatura en Progreso y participa en distintos encuentros art\u00edsticos. Esta experiencia marca, en cierto modo, el comienzo de este libro.<\/p>\n<p>Suele pensarse a la literatura como una actividad individual. Se lee en soledad, se escribe en soledad. Nada m\u00e1s colectivo que la literatura que nos permite encontrarnos de mil maneras.<\/p>\n<p style=\"text-align: justify;\"><strong><span style=\"text-decoration: underline;\">En Viajera<\/span><\/strong><\/p>\n<p style=\"padding-left: 30px;\">\u00a0<img loading=\"lazy\" class=\"wp-image-7862 size-full alignnone\" src=\"http:\/\/www.viajeraeditorial.ar\/blog\/wp-content\/uploads\/2019\/06\/hipotesis-1-e1560249585392.jpg\" alt=\"\" width=\"13\" height=\"20\" \/><a href=\"http:\/\/www.viajeraeditorial.ar\/blog\/descubrir\/el-mundo-despiadado-de-las-nubes\/\">El mundo despiadado de las nubes<\/a> (<a href=\"http:\/\/www.viajeraeditorial.ar\/blog\/descubrir\/\">Descubrir<\/a>, 2020)<\/p>\n<p><strong><span style=\"text-decoration: underline;\">Contenido sobre\u00a0Jos\u00e9<\/span><\/strong><\/p>\n<ul class = \"posts-by-tag-list\"><li class=\"posts-by-tag-item Alicia Saliva Anibal Ilguisonis Axel Levin Cristina Eseiza Eduardo G\u00e1lvez Eugenia Coiro Festival de Poes\u00eda de Rosario Ignacio Uranga Jan De Jager Jos\u00e9 Lupia Karina Macci\u00f3 Marcela Manuel Nicol\u00e1s Alonso Sof\u00eda\" id=\"posts-by-tag-item-8738\"><a class = \"posts-by-tag-item-title\" href=\"https:\/\/viajeraeditorial.ar\/blog\/2020\/11\/estamos-en-el-fipr\/\">Estamos en el FIPR<\/a><\/li><li class=\"posts-by-tag-item Avalancha de poes\u00eda El mundo despiadado de las nubes Jos\u00e9 Lupia\" id=\"posts-by-tag-item-8489\"><a class = \"posts-by-tag-item-title\" href=\"https:\/\/viajeraeditorial.ar\/blog\/2020\/06\/avalancha-de-poesia-jose-lupia-286\/\">Avalancha de poes\u00eda: Jos\u00e9 Lupia 28\/6<\/a><\/li><li class=\"posts-by-tag-item Alejandra Bosch Axel Levin Jos\u00e9 Lupia Julia Wong Karina Macci\u00f3 Magal\u00ed Levin\" id=\"posts-by-tag-item-8429\"><a class = \"posts-by-tag-item-title\" href=\"https:\/\/viajeraeditorial.ar\/blog\/2020\/05\/avalancha-de-poesia-renovamos-la-pagina\/\">Avalancha de poes\u00eda \/ \u00a1Renovamos la p\u00e1gina!<\/a><\/li><li class=\"posts-by-tag-item El mundo despiadado de las nubes Jos\u00e9 Lupia\" id=\"posts-by-tag-item-8395\"><a class = \"posts-by-tag-item-title\" href=\"https:\/\/viajeraeditorial.ar\/blog\/2020\/04\/manifiesto-jose-lupia\/\">Manifiesto * Jos\u00e9 Lupia<\/a><\/li><li class=\"posts-by-tag-item Jos\u00e9 Lupia Un a\u00f1o de sensaciones\" id=\"posts-by-tag-item-8212\"><a class = \"posts-by-tag-item-title\" href=\"https:\/\/viajeraeditorial.ar\/blog\/2019\/12\/jose-lupia-en-un-ano-de-sensaciones\/\">Jos\u00e9 Lupia en Un a\u00f1o de sensaciones<\/a><\/li><li class=\"posts-by-tag-item Jos\u00e9 Lupia Minuto Deseo\" id=\"posts-by-tag-item-6689\"><a class = \"posts-by-tag-item-title\" href=\"https:\/\/viajeraeditorial.ar\/blog\/2017\/12\/jose-lupia-en-minuto-deseo-2012-en-casa-colombo\/\">Jos\u00e9 Lupia en Minuto Deseo * 20\/12 en Casa Colombo<\/a><\/li><li class=\"posts-by-tag-item Axel Levin Cat\u00e1logo en vivo Jos\u00e9 Lupia palabras que nos nombran\" id=\"posts-by-tag-item-6314\"><a class = \"posts-by-tag-item-title\" href=\"https:\/\/viajeraeditorial.ar\/blog\/2017\/07\/jose-lupia-sobre-palabras-que-nos-nombran\/\">Jos\u00e9 Lupia sobre Palabras que nos nombran<\/a><\/li><li class=\"posts-by-tag-item Eugenia Coiro Fragmentos del fin Jos\u00e9 Lupia\" id=\"posts-by-tag-item-5985\"><a class = \"posts-by-tag-item-title\" href=\"https:\/\/viajeraeditorial.ar\/blog\/2017\/01\/palabras-desde-el-fin-jose-lupia-escribe-sobre-fragmentos-del-fin-de-eugenia-coiro\/\">Palabras desde el fin * Jos\u00e9 Lupia escribe sobre Fragmentos del fin de Eugenia Coiro<\/a><\/li><li class=\"posts-by-tag-item Alicia \u00c1lvarez Axel Levin Carolina Lesta Dami\u00e1n Boggino Daniel C\u00e1seres Diamar Pretelt Marrugo Eduardo Adrogu\u00e9 Eduardo Bunitow El Benny Elizabeth Vita Esther Ferrari Eugenia Coiro Gabriela Aristegui Gabriela Oyola Jos\u00e9 Lupia Juan Castro Walker Karina Macci\u00f3 Laura Amori Lorena Suez Macarena Cifuentes Mar\u00eda Victoria Verzura Mauricio Dreiling Minuto Sue\u00f1o N\u00e9stor Cheb Terrab Portada Virginia Janza\" id=\"posts-by-tag-item-870\"><a class = \"posts-by-tag-item-title\" href=\"https:\/\/viajeraeditorial.ar\/blog\/2015\/05\/minuto-sueno\/\">Minuto Sue\u00f1o<\/a><\/li><\/ul>\n","protected":false},"excerpt":{"rendered":"<p>Naci\u00f3 en Buenos Aires en 1975. Es profesor de Letras. Dicta clases de Lengua y Literatura en colegios secundarios y es profesor de Gram\u00e1tica I y del Seminario Problem\u00e1ticas interdisciplinarias en el an\u00e1lisis del discurso literario en el profesorado del Instituto Sagrado Coraz\u00f3n de Almagro. Adem\u00e1s de su actividad docente, desarroll\u00f3 un camino literario desordenado [&hellip;]<\/p>\n","protected":false},"author":4,"featured_media":0,"parent":8710,"menu_order":0,"comment_status":"closed","ping_status":"open","template":"","meta":[],"_links":{"self":[{"href":"https:\/\/viajeraeditorial.ar\/blog\/wp-json\/wp\/v2\/pages\/8435"}],"collection":[{"href":"https:\/\/viajeraeditorial.ar\/blog\/wp-json\/wp\/v2\/pages"}],"about":[{"href":"https:\/\/viajeraeditorial.ar\/blog\/wp-json\/wp\/v2\/types\/page"}],"author":[{"embeddable":true,"href":"https:\/\/viajeraeditorial.ar\/blog\/wp-json\/wp\/v2\/users\/4"}],"replies":[{"embeddable":true,"href":"https:\/\/viajeraeditorial.ar\/blog\/wp-json\/wp\/v2\/comments?post=8435"}],"version-history":[{"count":3,"href":"https:\/\/viajeraeditorial.ar\/blog\/wp-json\/wp\/v2\/pages\/8435\/revisions"}],"predecessor-version":[{"id":8443,"href":"https:\/\/viajeraeditorial.ar\/blog\/wp-json\/wp\/v2\/pages\/8435\/revisions\/8443"}],"up":[{"embeddable":true,"href":"https:\/\/viajeraeditorial.ar\/blog\/wp-json\/wp\/v2\/pages\/8710"}],"wp:attachment":[{"href":"https:\/\/viajeraeditorial.ar\/blog\/wp-json\/wp\/v2\/media?parent=8435"}],"curies":[{"name":"wp","href":"https:\/\/api.w.org\/{rel}","templated":true}]}}