{"id":8439,"date":"2020-06-06T17:09:23","date_gmt":"2020-06-06T20:09:23","guid":{"rendered":"https:\/\/www.viajeraeditorial.com.ar\/blog\/?page_id=8439"},"modified":"2020-06-06T17:09:23","modified_gmt":"2020-06-06T20:09:23","slug":"el-mundo-despiadado-de-las-nubes","status":"publish","type":"page","link":"https:\/\/viajeraeditorial.ar\/blog\/descubrir\/el-mundo-despiadado-de-las-nubes\/","title":{"rendered":"El mundo despiadado de las nubes"},"content":{"rendered":"<p class=\"plano\">\n<p class=\"plano\"><img loading=\"lazy\" class=\"wp-image-8440 alignleft\" src=\"https:\/\/www.viajeraeditorial.ar\/blog\/wp-content\/uploads\/2020\/06\/despiadado.jpg\" alt=\"\" width=\"298\" height=\"470\" \/><\/p>\n<p class=\"plano\">\n<p class=\"plano\"><a href=\"http:\/\/www.viajeraeditorial.ar\/blog\/autores\/jose-lupia\/\">Jos\u00e9 Lupia<\/a>, 2020<br \/>\nISBN: 978-987-3719-39-4<br \/>\n80 p.<\/p>\n<p style=\"text-align: justify;\">Las nubes siempre me llevan primero a un cielo perfecto, infantil, en el que lo celeste se hace m\u00e1s brillante en el contraste con un blanco n\u00edveo aterciopelado y suave. Pero si sigo pensando en nube, aparecen otros sentidos como el andar en una nube, flotando, a veces para bien, distraido, enamorado, ajeno a cualquier problema; o por el contrario, para mal, simplemente olvidando lo que tendr\u00eda que importar, con la vista en bruma sin claridad para discernir. Me dejo llevar un poco m\u00e1s y surge otro tipo de nubes, porque tambi\u00e9n hay nubes negras, nubes de tormenta, nubes que anuncian un cambio que puede ser devastador, incluso tr\u00e1gico. Nubes de huracanes, tornados, nubes de ceniza y de las que hacen llover fuego, hielo o sapos. Son muchas las formas que pueden adoptar las nubes, y eso puede ser tambi\u00e9n un juego que nos lleva al cielo con la mirada, ver lo intangible hecho algodonosas figuras nos hace volar la imaginaci\u00f3n, descubrir lo que parec\u00eda imposible al fin realizado. Tambi\u00e9n algunos libros nos alientan a encontrar lo improbable hecho realidad, a develar el enigma detr\u00e1s de la naturaleza aparente de las cosas.<\/p>\n<p style=\"text-align: right;\"><strong>Eugenia Coiro<\/strong><\/p>\n<p style=\"text-align: left;\">Jos\u00e9 Lupia ha construido un libro con una arquitectura fant\u00e1stica. A primera vista nos llama y entramos caminando con una seguridad \u201crealista\u201d. Pero al adentrarnos, la voz que seguimos se metamorfosea. De pronto, esa estructura que parec\u00eda segura, se hace nubosa, ef\u00edmera, tan sutil que parece elevarse. La voz<br \/>\nadquiere paulatinamente cuerpo y el personaje es el escritor, es el mundo-libro, es el lector. Porque no existe escritura sin lectura. \u201c\u00bfQu\u00e9 pasa con las melod\u00edas que un viento entona en medio del desierto?\u201d. No hay cuerpo sin otro. El desierto se instala para que aparezca lo que antes no se ve\u00eda. En la l\u00ednea del horizonte, irrumpe un destello, una tenue figura, un sonido lejano se acerca. No hay nada para que todo empiece. Cualquier \u201cmundo\u201d, otra forma de decir \u201clibro\u201d, necesita ser habitado, le\u00eddo. Escribir es leer.<\/p>\n<p style=\"text-align: right;\"><strong><br \/>\nKarina Macci\u00f3<\/strong><\/p>\n<p>&nbsp;<\/p>\n<p class=\"plano\"><span style=\"text-decoration: underline;\"><strong>Contenido sobre El mundo despiadado de las nubes<\/strong><\/span><\/p>\n<p class=\"plano\"><ul class = \"posts-by-tag-list\"><li class=\"posts-by-tag-item Avalancha de poes\u00eda El mundo despiadado de las nubes Jos\u00e9 Lupia\" id=\"posts-by-tag-item-8489\"><a class = \"posts-by-tag-item-title\" href=\"https:\/\/viajeraeditorial.ar\/blog\/2020\/06\/avalancha-de-poesia-jose-lupia-286\/\">Avalancha de poes\u00eda: Jos\u00e9 Lupia 28\/6<\/a><\/li><li class=\"posts-by-tag-item El mundo despiadado de las nubes Jos\u00e9 Lupia\" id=\"posts-by-tag-item-8395\"><a class = \"posts-by-tag-item-title\" href=\"https:\/\/viajeraeditorial.ar\/blog\/2020\/04\/manifiesto-jose-lupia\/\">Manifiesto * Jos\u00e9 Lupia<\/a><\/li><\/ul><\/p>\n","protected":false},"excerpt":{"rendered":"<p>Jos\u00e9 Lupia, 2020 ISBN: 978-987-3719-39-4 80 p. Las nubes siempre me llevan primero a un cielo perfecto, infantil, en el que lo celeste se hace m\u00e1s brillante en el contraste con un blanco n\u00edveo aterciopelado y suave. Pero si sigo pensando en nube, aparecen otros sentidos como el andar en una nube, flotando, a veces [&hellip;]<\/p>\n","protected":false},"author":4,"featured_media":0,"parent":30,"menu_order":9,"comment_status":"closed","ping_status":"closed","template":"","meta":[],"_links":{"self":[{"href":"https:\/\/viajeraeditorial.ar\/blog\/wp-json\/wp\/v2\/pages\/8439"}],"collection":[{"href":"https:\/\/viajeraeditorial.ar\/blog\/wp-json\/wp\/v2\/pages"}],"about":[{"href":"https:\/\/viajeraeditorial.ar\/blog\/wp-json\/wp\/v2\/types\/page"}],"author":[{"embeddable":true,"href":"https:\/\/viajeraeditorial.ar\/blog\/wp-json\/wp\/v2\/users\/4"}],"replies":[{"embeddable":true,"href":"https:\/\/viajeraeditorial.ar\/blog\/wp-json\/wp\/v2\/comments?post=8439"}],"version-history":[{"count":1,"href":"https:\/\/viajeraeditorial.ar\/blog\/wp-json\/wp\/v2\/pages\/8439\/revisions"}],"predecessor-version":[{"id":8441,"href":"https:\/\/viajeraeditorial.ar\/blog\/wp-json\/wp\/v2\/pages\/8439\/revisions\/8441"}],"up":[{"embeddable":true,"href":"https:\/\/viajeraeditorial.ar\/blog\/wp-json\/wp\/v2\/pages\/30"}],"wp:attachment":[{"href":"https:\/\/viajeraeditorial.ar\/blog\/wp-json\/wp\/v2\/media?parent=8439"}],"curies":[{"name":"wp","href":"https:\/\/api.w.org\/{rel}","templated":true}]}}