{"id":8444,"date":"2020-06-06T17:55:32","date_gmt":"2020-06-06T20:55:32","guid":{"rendered":"https:\/\/www.viajeraeditorial.com.ar\/blog\/?page_id=8444"},"modified":"2020-11-02T21:08:49","modified_gmt":"2020-11-03T00:08:49","slug":"julia-wong","status":"publish","type":"page","link":"https:\/\/viajeraeditorial.ar\/blog\/catalogo\/julia-wong\/","title":{"rendered":"Julia Wong Kcomt"},"content":{"rendered":"<p><img loading=\"lazy\" class=\"wp-image-8445 alignleft\" src=\"https:\/\/www.viajeraeditorial.ar\/blog\/wp-content\/uploads\/2020\/06\/img-2125.jpg\" alt=\"\" width=\"450\" height=\"384\" \/><\/p>\n<p>Conocida como Julia Wong K., es una autora nacida en Chep\u00e9n, La Libertad, Per\u00fa, en 1965.<\/p>\n<p>Es hija de padre migrante chino y madre tus\u00e1n. Los tusanes son una comunidad muy significativa en Per\u00fa y otros pa\u00edses latinoamericanos, representan la di\u00e1spora china de habla hispana.<br \/>\nDesde muy peque\u00f1a tuvo contacto con la lusofon\u00eda por sus vistas constantes a Macau donde vivi\u00f3 su padre por veinticinco a\u00f1os. Estudi\u00f3 la secundaria en el colegio Nacional Zoila Hora de Robles, la primaria la pas\u00f3 en viarias escuelas donde predomin\u00f3 el cariz evang\u00e9lico-protestante.<br \/>\nEstudi\u00f3 varios a\u00f1os Derecho y Ciencias Pol\u00edticas en la Universidad de Lima, durante este per\u00edodo, viaj\u00f3 con una beca de la American Field Service (AFS) al sur de Alemania, exactamente a Oeschingen (cerca de la ciudad universitaria de Tubinga). Fue voluntaria por cinco a\u00f1os de dicha instituci\u00f3n.<br \/>\nCurs\u00f3 estudios de Literatura y Humanidades en la Pontificia Universidad Cat\u00f3lica del Per\u00fa. Su mayor preocupaci\u00f3n fue dar a conocer la literatura de la di\u00e1spora asi\u00e1tica, tanto china como japonesa, y adem\u00e1s resaltar la producci\u00f3n de autores del norte del pa\u00eds. Para ella una gran antorcha en cuanto escritura es Isaac Goldemberg Bay, escritor perteneciente a la di\u00e1spora jud\u00eda en el Per\u00fa, quien actualmente vive en Nueva York. Gan\u00f3 los juegos florales de la Universidad de Lima, con el conjunto de poemas, \u201cConfesiones de mi tierra caliente\u201d. En 1992 public\u00f3 su primer poemario, \u201cHistoria de una gorda\u201d financiado por un grupo independiente en una casa editorial de la Libertad. Su inter\u00e9s por la producci\u00f3n descentralizada e independiente de textos, los talleres y la producci\u00f3n en peque\u00f1a escala fueron siempre una preocupaci\u00f3n debido al dif\u00edcil acceso a las lecturas y la adquisici\u00f3n de libros, especialmente literatura en el Per\u00fa (a\u00fan m\u00e1s en provincia).<br \/>\nEstudi\u00f3 en la facultad de Roman\u00edstica en la Universidad de Stuttgart y luego se traslad\u00f3 a Tuebingen y Friburgo, donde pudo profundizar en su inter\u00e9s por la sinolog\u00eda, la filosof\u00eda y la teolog\u00eda. Llev\u00f3 varios cursos de religiones comparadas, especialmente respecto de las coordenadas que construyen lazos entre el budismo y el cristianismo. Estudi\u00f3 un semestre en la Universidad de Macau, asistiendo a varios cursos de literatura inglesa. Se mud\u00f3 a Macau con su padre y lo apoy\u00f3 en el proyecto organizativo de la Fundaci\u00f3n Wong Yeng Kuan, fundaci\u00f3n que se ha venido encargando de fomentar la lectura y la cultura a trav\u00e9s de bibliotecas p\u00fablicas.<br \/>\nEn 2004 se mud\u00f3 a Buenos Aires y tuvo una latente producci\u00f3n con editoriales independientes y peque\u00f1as. A partir de 2006, junto a un grupo de peruanos inquietos, coorganizaron el Per\u00fa BA, Festival de Artes y Expresiones Culturales Peruanas en la capital argentina. Desde el 2010 hasta el 2019, coorganiz\u00f3 el Festival de Poes\u00eda de Chep\u00e9n Chep\u00e9n.<\/p>\n<p align=\"JUSTIFY\">Sus textos han sido publicados en diferentes medios virtuales, revistas de poes\u00eda y medios especializados, como Revista La Otra, Las Cr\u00edticas, Vallejo and Co., Hues\u00eda. Fue invitada al Hay Festival de Arequipa en el 2016. Form\u00f3 parte de la comisi\u00f3n peruana invitada a Filbo 2014. Particip\u00f3 en<\/p>\n<p align=\"JUSTIFY\">diferentes ferias del libro en Lima y Trujillo en Per\u00fa, Colombia, Costa Rica, Argentina, Chile, M\u00e9xico y Portugal. Ha sido invitada por \u201cLa Tertulia\u201d, asociaci\u00f3n cultural en Colonia-Alemania en varias ocasiones y por la RIF (Radio France) para presentar su libro en el programa de Jordi Batalle.<\/p>\n<p align=\"JUSTIFY\">Ha sido curadora de dos exposiciones fotogr\u00e1ficas sobre la migraci\u00f3n China en Per\u00fa y M\u00e9xico. 2012 y 2017. Colabora con el proyecto Tusanaje y Chinaarte, plataformas y espacios para artistas sino-peruanos y sino-latinos.<\/p>\n<p><strong><span style=\"text-decoration: underline;\">En Viajera<\/span><\/strong><\/p>\n<p style=\"padding-left: 30px;\"><img loading=\"lazy\" class=\"wp-image-7212 alignnone\" src=\"http:\/\/www.viajeraeditorial.ar\/blog\/wp-content\/uploads\/2018\/08\/medejadicha-1.jpg\" alt=\"\" width=\"15\" height=\"23\" \/>\u00a0<a href=\"http:\/\/www.viajeraeditorial.ar\/blog\/explorar\/urbe-enardecida-ubre-enardecida\/\">Urbe enardecida Ubre enardecida<\/a><\/p>\n<p><strong><span style=\"text-decoration: underline;\">Fuera de Viajera<\/span><\/strong><\/p>\n<p><em>Historia de una gorda<\/em>. Editorial Libertad. Trujillo, Per\u00fa.<\/p>\n<p><em>Los \u00faltimos blues de Buddha<\/em>. Nuevas Editoras. Lima, Per\u00fa.<\/p>\n<p><em>Iguaz\u00fa<\/em>. Editorial Atril. Buenos Aires, Argentina.<\/p>\n<p><em>Ladr\u00f3n de codornices<\/em>. Editorial Patagonia. Argentina.<\/p>\n<p><em>Bi-rey-nato-<\/em>. El suri porfiado. Buenos Aires, Argentina.<\/p>\n<p><em>Un salm\u00f3n ciego<\/em>. Borrador Editores. Lima, Per\u00fa.<\/p>\n<p><em>Bocetos para un cuadro de Familia<\/em> (novela corta). Borrador Editores, Lima, Per\u00fa<\/p>\n<p><em>Margarita no quiere crecer<\/em> (cuentos). Borrador Editores, Lima, Per\u00fa.<\/p>\n<p><em>Lectura de manos en Lisboa<\/em>. Mel\u00f3n Editora. Buenos Aires, Argentina.<\/p>\n<p><em>Lectura de manos en Lisboa<\/em>. Edita Tu. Lima, Per\u00fa.<\/p>\n<p><em>Doble Felicidad<\/em>. Edita Tu. Lima, Per\u00fa.<\/p>\n<p><em>Un peque\u00f1o bordado sobre la verg\u00fcenza<\/em>. Matalamanga Editores. Lima, Per\u00fa.<\/p>\n<p><em>La desmineralizaci\u00f3n de los \u00e1rboles<\/em>. Paraca\u00eddas Editores, Lima,Per\u00fa.<\/p>\n<p><em>Los papeles rotos. Textos extra\u00f1os<\/em>. Editora El viaje. Guadalajara, M\u00e9xico.<\/p>\n<p><em>Un vaso de leche fr\u00eda para el rapsoda<\/em>. Celacanto. Lima, Per\u00fa.<\/p>\n<p><em>Mongolia<\/em> (novela). Animal de invierno. Lima, Per\u00fa.<\/p>\n<p><em>Tequilaprayers<\/em>. Paraca\u00eddas Editores, Lima, Per\u00fa.<\/p>\n<p><em>Pessoa por Wong<\/em>. Hannan Harawi. Lima, Per\u00fa.<\/p>\n<p><em>Aquello que perdimos en la arena<\/em>. Peisa. Lima, Per\u00fa.<\/p>\n<p>&nbsp;<\/p>\n<p><strong><span style=\"text-decoration: underline;\">Contenido sobre\u00a0Julia<\/span><\/strong><\/p>\n<ul class = \"posts-by-tag-list\"><li class=\"posts-by-tag-item Julia Wong Urbe enardecida Ubre enardecida\" id=\"posts-by-tag-item-8361\"><a class = \"posts-by-tag-item-title\" href=\"https:\/\/viajeraeditorial.ar\/blog\/2020\/07\/confianza-julia-wong-k\/\">Confianza * Julia Wong K.<\/a><\/li><li class=\"posts-by-tag-item Avalancha de poes\u00eda Julia Wong Urbe enardecida Ubre enardecida\" id=\"posts-by-tag-item-8493\"><a class = \"posts-by-tag-item-title\" href=\"https:\/\/viajeraeditorial.ar\/blog\/2020\/06\/julia-wong-k-en-avalancha-de-poesia-domingo-57\/\">Julia Wong K. en Avalancha de poes\u00eda! Domingo 5\/7<\/a><\/li><li class=\"posts-by-tag-item Alejandra Bosch Axel Levin Jos\u00e9 Lupia Julia Wong Karina Macci\u00f3 Magal\u00ed Levin\" id=\"posts-by-tag-item-8429\"><a class = \"posts-by-tag-item-title\" href=\"https:\/\/viajeraeditorial.ar\/blog\/2020\/05\/avalancha-de-poesia-renovamos-la-pagina\/\">Avalancha de poes\u00eda \/ \u00a1Renovamos la p\u00e1gina!<\/a><\/li><li class=\"posts-by-tag-item Julia Wong Urbe enardecida Ubre enardecida\" id=\"posts-by-tag-item-8364\"><a class = \"posts-by-tag-item-title\" href=\"https:\/\/viajeraeditorial.ar\/blog\/2020\/05\/dos-madres-julia-wong-k\/\">Dos madres * Julia Wong K.<\/a><\/li><li class=\"posts-by-tag-item Julia Wong Urbe enardecida Ubre enardecida\" id=\"posts-by-tag-item-8368\"><a class = \"posts-by-tag-item-title\" href=\"https:\/\/viajeraeditorial.ar\/blog\/2020\/03\/la-herejia-negra-julia-wong-k\/\">La herej\u00eda negra * Julia Wong K.<\/a><\/li><li class=\"posts-by-tag-item Julia Wong Marcela Manuel Mi amor es un mundo\" id=\"posts-by-tag-item-8020\"><a class = \"posts-by-tag-item-title\" href=\"https:\/\/viajeraeditorial.ar\/blog\/2019\/09\/ejercicios-para-reescribir-el-amor-en-el-mundo-julia-wong\/\">Ejercicios para reescribir el amor en el mundo * Julia Wong<\/a><\/li><li class=\"posts-by-tag-item Julia Wong Karina Macci\u00f3 Ocre\" id=\"posts-by-tag-item-7491\"><a class = \"posts-by-tag-item-title\" href=\"https:\/\/viajeraeditorial.ar\/blog\/2018\/12\/casi-como-el-sol-julia-wong\/\">Casi como el sol * Julia Wong<\/a><\/li><li class=\"posts-by-tag-item Julia Wong Todo lo que se puede decir es un ritmo\" id=\"posts-by-tag-item-7037\"><a class = \"posts-by-tag-item-title\" href=\"https:\/\/viajeraeditorial.ar\/blog\/2018\/06\/julia-wong-todo-lo-que-se-puede-decir-es-un-ritmo\/\">Julia Wong * Todo lo que se puede decir es un ritmo<\/a><\/li><li class=\"posts-by-tag-item Julia Wong lo \u00fanico que puede decirse es un ritmo\" id=\"posts-by-tag-item-6585\"><a class = \"posts-by-tag-item-title\" href=\"https:\/\/viajeraeditorial.ar\/blog\/2017\/10\/julia-wong-en-lo-unico-que-puede-decirse-es-un-ritmo-611\/\">Julia Wong en Lo \u00fanico que puede decirse es un ritmo * 6\/11<\/a><\/li><li class=\"posts-by-tag-item Alejandra Correa Alicia Genovese Alicia Saliva Carolina Urbano Julia Wong Karina Macci\u00f3 lo \u00fanico que se puede decir es un ritmo M\u00f3nica Rosenblum\" id=\"posts-by-tag-item-6580\"><a class = \"posts-by-tag-item-title\" href=\"https:\/\/viajeraeditorial.ar\/blog\/2017\/10\/lo-unico-que-se-puede-decir-es-un-ritmo-611\/\">lo \u00fanico que se puede decir es un ritmo * 6\/11<\/a><\/li><li class=\"posts-by-tag-item Julia Wong Portada\" id=\"posts-by-tag-item-5262\"><a class = \"posts-by-tag-item-title\" href=\"https:\/\/viajeraeditorial.ar\/blog\/2016\/01\/cuadratura-de-la-luna-julia-wong\/\">Cuadratura de la luna * Julia Wong<\/a><\/li><\/ul>\n","protected":false},"excerpt":{"rendered":"<p>Conocida como Julia Wong K., es una autora nacida en Chep\u00e9n, La Libertad, Per\u00fa, en 1965. Es hija de padre migrante chino y madre tus\u00e1n. Los tusanes son una comunidad muy significativa en Per\u00fa y otros pa\u00edses latinoamericanos, representan la di\u00e1spora china de habla hispana. Desde muy peque\u00f1a tuvo contacto con la lusofon\u00eda por sus [&hellip;]<\/p>\n","protected":false},"author":4,"featured_media":0,"parent":8710,"menu_order":0,"comment_status":"closed","ping_status":"open","template":"","meta":[],"_links":{"self":[{"href":"https:\/\/viajeraeditorial.ar\/blog\/wp-json\/wp\/v2\/pages\/8444"}],"collection":[{"href":"https:\/\/viajeraeditorial.ar\/blog\/wp-json\/wp\/v2\/pages"}],"about":[{"href":"https:\/\/viajeraeditorial.ar\/blog\/wp-json\/wp\/v2\/types\/page"}],"author":[{"embeddable":true,"href":"https:\/\/viajeraeditorial.ar\/blog\/wp-json\/wp\/v2\/users\/4"}],"replies":[{"embeddable":true,"href":"https:\/\/viajeraeditorial.ar\/blog\/wp-json\/wp\/v2\/comments?post=8444"}],"version-history":[{"count":2,"href":"https:\/\/viajeraeditorial.ar\/blog\/wp-json\/wp\/v2\/pages\/8444\/revisions"}],"predecessor-version":[{"id":8455,"href":"https:\/\/viajeraeditorial.ar\/blog\/wp-json\/wp\/v2\/pages\/8444\/revisions\/8455"}],"up":[{"embeddable":true,"href":"https:\/\/viajeraeditorial.ar\/blog\/wp-json\/wp\/v2\/pages\/8710"}],"wp:attachment":[{"href":"https:\/\/viajeraeditorial.ar\/blog\/wp-json\/wp\/v2\/media?parent=8444"}],"curies":[{"name":"wp","href":"https:\/\/api.w.org\/{rel}","templated":true}]}}