{"id":8457,"date":"2020-06-06T19:00:12","date_gmt":"2020-06-06T22:00:12","guid":{"rendered":"https:\/\/www.viajeraeditorial.com.ar\/blog\/?page_id=8457"},"modified":"2020-11-02T21:02:39","modified_gmt":"2020-11-03T00:02:39","slug":"magali-levin","status":"publish","type":"page","link":"https:\/\/viajeraeditorial.ar\/blog\/catalogo\/magali-levin\/","title":{"rendered":"Magal\u00ed Levin"},"content":{"rendered":"<p>&nbsp;<\/p>\n<p><img loading=\"lazy\" class=\"wp-image-8458 alignright\" src=\"https:\/\/www.viajeraeditorial.ar\/blog\/wp-content\/uploads\/2020\/06\/img-2111-632x625.jpg\" alt=\"\" width=\"305\" height=\"302\" srcset=\"https:\/\/viajeraeditorial.ar\/blog\/wp-content\/uploads\/2020\/06\/img-2111-632x625.jpg 632w, https:\/\/viajeraeditorial.ar\/blog\/wp-content\/uploads\/2020\/06\/img-2111.jpg 640w\" sizes=\"(max-width: 305px) 100vw, 305px\" \/>Naci\u00f3 en Buenos Aires en 1990. Durante su secundaria, en la Escuela Superior de Comercio Carlos Pellegrini, aprendi\u00f3 mucho m\u00e1s de arte y literatura que de contabilidad. Es T\u00e9cnica Nacional en Recreaci\u00f3n, y Licenciada y Profesora en Sociolog\u00eda por la UBA. Trabaja como docente en distintas instituciones de educaci\u00f3n formal y no formal, con ni\u00f1os, adolescentes y adultos.<\/p>\n<p>Particip\u00f3 en diversos ciclos literarios de la ciudad de Buenos Aires, y en las presentaciones, eventos y ferias editoriales de Siempre de Viaje y Viajera.<\/p>\n<p><span style=\"text-decoration: underline;\"><strong>En Viajera<\/strong><\/span><\/p>\n<p style=\"padding-left: 30px;\"><a href=\"http:\/\/www.viajeraeditorial.ar\/blog\/descubrir\/antes-de-dormir\/\">Antes de dormir<\/a> (<a href=\"http:\/\/www.viajeraeditorial.ar\/blog\/descubrir\/\">Descubrir<\/a>, 2014)<\/p>\n<p><strong><span style=\"text-decoration: underline;\">Contenido sobre\u00a0Magal\u00ed<\/span><\/strong><\/p>\n<ul class = \"posts-by-tag-list\"><li class=\"posts-by-tag-item Antes de dormir Magal\u00ed Levin\" id=\"posts-by-tag-item-8481\"><a class = \"posts-by-tag-item-title\" href=\"https:\/\/viajeraeditorial.ar\/blog\/2021\/06\/la-lluvia-derramada-magali-levin\/\">La lluvia derramada * Magal\u00ed Levin<\/a><\/li><li class=\"posts-by-tag-item Antes de dormir Magal\u00ed Levin Rese\u00f1a\" id=\"posts-by-tag-item-8778\"><a class = \"posts-by-tag-item-title\" href=\"https:\/\/viajeraeditorial.ar\/blog\/2021\/04\/antes-de-dormir-resena-por-adriana-santa-cruz\/\">Antes de dormir, rese\u00f1a por Adriana Santa Cruz<\/a><\/li><li class=\"posts-by-tag-item Antes de dormir Axel Levin Magal\u00ed Levin V\u00e9rtigo diminuto\" id=\"posts-by-tag-item-8731\"><a class = \"posts-by-tag-item-title\" href=\"https:\/\/viajeraeditorial.ar\/blog\/2020\/11\/vivo-de-poesia-con-maga-y-axel-levin\/\">Vivo de poes\u00eda con Maga y Axel Levin<\/a><\/li><li class=\"posts-by-tag-item Antes de dormir Magal\u00ed Levin\" id=\"posts-by-tag-item-8478\"><a class = \"posts-by-tag-item-title\" href=\"https:\/\/viajeraeditorial.ar\/blog\/2020\/06\/sentia-frio-en-la-cama-frio-en-los-pies-magali-levin\/\">Sent\u00eda fr\u00edo en la cama fr\u00edo en los pies * Magal\u00ed Levin<\/a><\/li><li class=\"posts-by-tag-item Antes de dormir Avalancha de poes\u00eda Magal\u00ed Levin\" id=\"posts-by-tag-item-8466\"><a class = \"posts-by-tag-item-title\" href=\"https:\/\/viajeraeditorial.ar\/blog\/2020\/06\/avalancha-de-poesia-magali-levin-14-6\/\">Avalancha de poes\u00eda: Magal\u00ed Levin \/ 14-6<\/a><\/li><li class=\"posts-by-tag-item Alejandra Bosch Axel Levin Jos\u00e9 Lupia Julia Wong Karina Macci\u00f3 Magal\u00ed Levin\" id=\"posts-by-tag-item-8429\"><a class = \"posts-by-tag-item-title\" href=\"https:\/\/viajeraeditorial.ar\/blog\/2020\/05\/avalancha-de-poesia-renovamos-la-pagina\/\">Avalancha de poes\u00eda \/ \u00a1Renovamos la p\u00e1gina!<\/a><\/li><\/ul>\n","protected":false},"excerpt":{"rendered":"<p>&nbsp; Naci\u00f3 en Buenos Aires en 1990. Durante su secundaria, en la Escuela Superior de Comercio Carlos Pellegrini, aprendi\u00f3 mucho m\u00e1s de arte y literatura que de contabilidad. Es T\u00e9cnica Nacional en Recreaci\u00f3n, y Licenciada y Profesora en Sociolog\u00eda por la UBA. Trabaja como docente en distintas instituciones de educaci\u00f3n formal y no formal, con [&hellip;]<\/p>\n","protected":false},"author":4,"featured_media":0,"parent":8710,"menu_order":0,"comment_status":"closed","ping_status":"open","template":"","meta":[],"_links":{"self":[{"href":"https:\/\/viajeraeditorial.ar\/blog\/wp-json\/wp\/v2\/pages\/8457"}],"collection":[{"href":"https:\/\/viajeraeditorial.ar\/blog\/wp-json\/wp\/v2\/pages"}],"about":[{"href":"https:\/\/viajeraeditorial.ar\/blog\/wp-json\/wp\/v2\/types\/page"}],"author":[{"embeddable":true,"href":"https:\/\/viajeraeditorial.ar\/blog\/wp-json\/wp\/v2\/users\/4"}],"replies":[{"embeddable":true,"href":"https:\/\/viajeraeditorial.ar\/blog\/wp-json\/wp\/v2\/comments?post=8457"}],"version-history":[{"count":2,"href":"https:\/\/viajeraeditorial.ar\/blog\/wp-json\/wp\/v2\/pages\/8457\/revisions"}],"predecessor-version":[{"id":8460,"href":"https:\/\/viajeraeditorial.ar\/blog\/wp-json\/wp\/v2\/pages\/8457\/revisions\/8460"}],"up":[{"embeddable":true,"href":"https:\/\/viajeraeditorial.ar\/blog\/wp-json\/wp\/v2\/pages\/8710"}],"wp:attachment":[{"href":"https:\/\/viajeraeditorial.ar\/blog\/wp-json\/wp\/v2\/media?parent=8457"}],"curies":[{"name":"wp","href":"https:\/\/api.w.org\/{rel}","templated":true}]}}