{"id":8463,"date":"2020-06-07T17:03:01","date_gmt":"2020-06-07T20:03:01","guid":{"rendered":"https:\/\/www.viajeraeditorial.com.ar\/blog\/?page_id=8463"},"modified":"2020-11-02T21:08:18","modified_gmt":"2020-11-03T00:08:18","slug":"alejandra-bosch","status":"publish","type":"page","link":"https:\/\/viajeraeditorial.ar\/blog\/catalogo\/alejandra-bosch\/","title":{"rendered":"Alejandra Bosch"},"content":{"rendered":"<p style=\"text-align: justify;\">\n<p><img loading=\"lazy\" class=\"wp-image-8464 alignleft\" src=\"https:\/\/www.viajeraeditorial.ar\/blog\/wp-content\/uploads\/2020\/06\/pipi-632x715.jpg\" alt=\"\" width=\"290\" height=\"328\" srcset=\"https:\/\/viajeraeditorial.ar\/blog\/wp-content\/uploads\/2020\/06\/pipi-632x715.jpg 632w, https:\/\/viajeraeditorial.ar\/blog\/wp-content\/uploads\/2020\/06\/pipi-768x869.jpg 768w, https:\/\/viajeraeditorial.ar\/blog\/wp-content\/uploads\/2020\/06\/pipi-1020x1154.jpg 1020w, https:\/\/viajeraeditorial.ar\/blog\/wp-content\/uploads\/2020\/06\/pipi.jpg 1793w\" sizes=\"(max-width: 290px) 100vw, 290px\" \/>Naci\u00f3 en Santa Fe, capital en 1967. Estudi\u00f3 Licenciatura en Letras en UNL y tambi\u00e9n Artes Visuales. Dirige el proyecto editorial artesanal e independiente Ediciones Arroyo desde 2016. Junto a C.Lehmann y J. Bosch organiza el Festival de Poes\u00eda<\/p>\n<p><strong><span style=\"text-decoration: underline;\">En Viajera<\/span><\/strong><\/p>\n<p style=\"padding-left: 30px;\">\u00a0<img loading=\"lazy\" class=\"wp-image-6022 alignnone\" src=\"http:\/\/www.viajeraeditorial.ar\/blog\/wp-content\/uploads\/2017\/01\/sin-titulo-e1485391706489.jpg\" alt=\"Sin t\u00edtulo\" width=\"13\" height=\"20\" \/><a href=\"http:\/\/www.viajeraeditorial.ar\/bolsillo\/dominios-gatos-y-alba\u00f1iles\/\">Dominios: gatos y alba\u00f1iles<\/a> (<a href=\"http:\/\/www.viajeraeditorial.ar\/bolsillo\/\">Bolsillo<\/a>, 2020)<\/p>\n<p style=\"padding-left: 30px;\">\n<p><strong><span style=\"text-decoration: underline;\">\u00a0Fuera de Viajera<\/span><\/strong><\/p>\n<p style=\"padding-left: 30px;\"><em>Ni\u00f1o pez<\/em> (Del Aire, 2015)<\/p>\n<p style=\"padding-left: 30px;\"><em>Malcriada de Acuario<\/em> (Objeto editorial, 2017)<\/p>\n<p style=\"padding-left: 30px;\"><em>Un avi\u00f3n, su piloto y un p\u00e1jaro<\/em> (Caleta Olivia, 2017)<\/p>\n<p><strong><span style=\"text-decoration: underline;\">Contenido sobre\u00a0Alejandra<\/span><\/strong><\/p>\n<ul class = \"posts-by-tag-list\"><li class=\"posts-by-tag-item Alejandra Bosch Avalancha de poes\u00eda Dominios: gatos y alba\u00f1iles\" id=\"posts-by-tag-item-8472\"><a class = \"posts-by-tag-item-title\" href=\"https:\/\/viajeraeditorial.ar\/blog\/2020\/06\/alejandra-bosch-en-avalancha-de-poesia\/\">Alejandra Bosch en Avalancha de poes\u00eda<\/a><\/li><li class=\"posts-by-tag-item Alejandra Bosch Axel Levin Jos\u00e9 Lupia Julia Wong Karina Macci\u00f3 Magal\u00ed Levin\" id=\"posts-by-tag-item-8429\"><a class = \"posts-by-tag-item-title\" href=\"https:\/\/viajeraeditorial.ar\/blog\/2020\/05\/avalancha-de-poesia-renovamos-la-pagina\/\">Avalancha de poes\u00eda \/ \u00a1Renovamos la p\u00e1gina!<\/a><\/li><\/ul>\n","protected":false},"excerpt":{"rendered":"<p>Naci\u00f3 en Santa Fe, capital en 1967. Estudi\u00f3 Licenciatura en Letras en UNL y tambi\u00e9n Artes Visuales. Dirige el proyecto editorial artesanal e independiente Ediciones Arroyo desde 2016. Junto a C.Lehmann y J. Bosch organiza el Festival de Poes\u00eda En Viajera \u00a0Dominios: gatos y alba\u00f1iles (Bolsillo, 2020) \u00a0Fuera de Viajera Ni\u00f1o pez (Del Aire, 2015) [&hellip;]<\/p>\n","protected":false},"author":4,"featured_media":0,"parent":8710,"menu_order":0,"comment_status":"closed","ping_status":"open","template":"","meta":[],"_links":{"self":[{"href":"https:\/\/viajeraeditorial.ar\/blog\/wp-json\/wp\/v2\/pages\/8463"}],"collection":[{"href":"https:\/\/viajeraeditorial.ar\/blog\/wp-json\/wp\/v2\/pages"}],"about":[{"href":"https:\/\/viajeraeditorial.ar\/blog\/wp-json\/wp\/v2\/types\/page"}],"author":[{"embeddable":true,"href":"https:\/\/viajeraeditorial.ar\/blog\/wp-json\/wp\/v2\/users\/4"}],"replies":[{"embeddable":true,"href":"https:\/\/viajeraeditorial.ar\/blog\/wp-json\/wp\/v2\/comments?post=8463"}],"version-history":[{"count":1,"href":"https:\/\/viajeraeditorial.ar\/blog\/wp-json\/wp\/v2\/pages\/8463\/revisions"}],"predecessor-version":[{"id":8465,"href":"https:\/\/viajeraeditorial.ar\/blog\/wp-json\/wp\/v2\/pages\/8463\/revisions\/8465"}],"up":[{"embeddable":true,"href":"https:\/\/viajeraeditorial.ar\/blog\/wp-json\/wp\/v2\/pages\/8710"}],"wp:attachment":[{"href":"https:\/\/viajeraeditorial.ar\/blog\/wp-json\/wp\/v2\/media?parent=8463"}],"curies":[{"name":"wp","href":"https:\/\/api.w.org\/{rel}","templated":true}]}}