{"id":85,"date":"2015-04-20T02:13:23","date_gmt":"2015-04-20T05:13:23","guid":{"rendered":"http:\/\/www.viajeraeditorial.com.ar\/?page_id=85"},"modified":"2020-11-02T21:07:47","modified_gmt":"2020-11-03T00:07:47","slug":"cecilia-maugeri","status":"publish","type":"page","link":"https:\/\/viajeraeditorial.ar\/blog\/catalogo\/cecilia-maugeri\/","title":{"rendered":"Cecilia Maugeri"},"content":{"rendered":"<p><a href=\"http:\/\/www.viajeraeditorial.ar\/blog\/wp-content\/uploads\/2015\/04\/ceciliamaugeri.jpg\"><img loading=\"lazy\" class=\"alignright size-full wp-image-246\" src=\"http:\/\/www.viajeraeditorial.ar\/blog\/wp-content\/uploads\/2015\/04\/ceciliamaugeri.jpg\" alt=\"Cecilia Maugeri\" width=\"350\" height=\"346\" \/><\/a>Cecilia Maugeri (Buenos Aires, 1984) es Profesora y Licenciada en Letras (UBA). Actualmente cursa la Maestr\u00eda en Escritura Creativa en la Universidad Nacional de Tres de Febrero. Se form\u00f3 como coordinadora de talleres literarios en Siempre de Viaje.\u00a0Public\u00f3 los libros de poes\u00eda\u00a0<em>malapalabra<\/em>\u00a0(Viajera, 2009),\u00a0<em>visitante\/the visitor<\/em>\u00a0(Viajera, 2011) y\u00a0<em>Caballos<\/em>\u00a0(Textos Intrusos, 2013).<\/p>\n<p>Estudi\u00f3 teatro en Timbre 4 con Claudio Tolcachir y form\u00f3 parte de la Compa\u00f1\u00eda Knuck. Combinando la escritura con la experiencia teatral, dirigi\u00f3 una lectura perform\u00e1tica de\u00a0<em>Mis Peores Poemas de Amor<\/em>\u00a0de Karina Macci\u00f3 (Eterna Cadencia y Cl\u00e1sica &amp; Moderna, 2013);\u00a0<em>Las perdidas<\/em>\u00a0(Espacio Huella, 2008; basada en textos de\u00a0<em>La P\u00e9rdida o La Perdida<\/em>\u00a0de Karina Macci\u00f3) y\u00a0<em>Todas cortan, poema para tres actrices<\/em>\u00a0(Plasma, 2005).<\/p>\n<p><span style=\"text-decoration: underline;\"><strong>En Viajera<\/strong><\/span><\/p>\n<p style=\"padding-left: 30px;\"><a href=\"http:\/\/www.viajeraeditorial.ar\/blog\/descubrir\/malapalabra\/\"><img loading=\"lazy\" class=\"alignnone size-full wp-image-4504\" src=\"http:\/\/www.viajeraeditorial.ar\/blog\/wp-content\/uploads\/2015\/03\/malapalabratapa_tn20.jpg\" alt=\"malapalabra\" width=\"13\" height=\"20\" \/><\/a>\u00a0<a href=\"http:\/\/www.viajeraeditorial.ar\/blog\/descubrir\/malapalabra\/\">malapalabra<\/a> (<a href=\"http:\/\/www.viajeraeditorial.ar\/blog\/descubrir\/\">Descubrir<\/a>, 2009)<br \/>\n<a href=\"http:\/\/www.viajeraeditorial.ar\/blog\/bifida\/visitantethe-visitor\/\"><img loading=\"lazy\" class=\"alignnone size-full wp-image-4505\" src=\"http:\/\/www.viajeraeditorial.ar\/blog\/wp-content\/uploads\/2015\/03\/visitante_tn20.jpg\" alt=\"visitante \/ the visitor\" width=\"13\" height=\"20\" \/><\/a>\u00a0<a href=\"http:\/\/www.viajeraeditorial.ar\/blog\/bifida\/visitantethe-visitor\/\">visitante \/ the visitor<\/a> (<a href=\"http:\/\/www.viajeraeditorial.ar\/blog\/bifida\/\">B\u00edfida<\/a>, 2011)<\/p>\n<p><span style=\"text-decoration: underline;\"><strong>Fuera de Viajera<\/strong><\/span><\/p>\n<p style=\"padding-left: 30px;\">Caballos (Textos Intrusos, 2013)<\/p>\n<p><strong><span style=\"text-decoration: underline;\">Contactar a Cecilia<\/span><\/strong><\/p>\n<p style=\"padding-left: 30px;\"><a href=\"http:\/\/www.ceciliamaugeri.com.ar\">Web<\/a><br \/>\n<a href=\"http:\/\/www.facebook.com\/ceciliamaugericomunicacionycreatividad\">Facebook<\/a><br \/>\n<a href=\"http:\/\/twitter.com\/CeciliaMaugeri\">Twitter<\/a><\/p>\n<p><span style=\"text-decoration: underline;\"><strong>Contenido sobre Cecilia<\/strong><\/span><\/p>\n<ul class = \"posts-by-tag-list\"><li class=\"posts-by-tag-item Axel Levin Cecilia Maugeri corasangre Karina Macci\u00f3 Nicol\u00e1s Pazos\" id=\"posts-by-tag-item-2255\"><a class = \"posts-by-tag-item-title\" href=\"https:\/\/viajeraeditorial.ar\/blog\/2014\/11\/imagenes-de-la-presentacion-de-corasangre\/\">Im\u00e1genes de la presentaci\u00f3n de corasangre<\/a><\/li><li class=\"posts-by-tag-item Axel Levin Cecilia Maugeri corasangre Eugenia Coiro Karina Macci\u00f3 Nicol\u00e1s Pazos Ting Ting Mei Viajera\" id=\"posts-by-tag-item-2257\"><a class = \"posts-by-tag-item-title\" href=\"https:\/\/viajeraeditorial.ar\/blog\/2014\/11\/presentacion-de-corasangre-de-nicolas-pazos\/\">Presentaci\u00f3n de corasangre, de Nicol\u00e1s Pazos<\/a><\/li><li class=\"posts-by-tag-item Cecilia Maugeri malapalabra Viajera\" id=\"posts-by-tag-item-2147\"><a class = \"posts-by-tag-item-title\" href=\"https:\/\/viajeraeditorial.ar\/blog\/2014\/10\/cecilia-maugeri-malapalabra-viajera-editorial-en-la-feria-del-libro-2014\/\">Cecilia Maugeri: malapalabra Viajera Editorial en la Feria del Libro 2014<\/a><\/li><li class=\"posts-by-tag-item Andrea Larrieu B\u00edfida Cecilia Maugeri Encontradas y Perdidas Eugenia Coiro Karina Macci\u00f3 Mis Peores Poemas de Amor\/My Worst Love Poems Nicol\u00e1s Di Candia Ricardo Czikk Viajera Virginia Janza\" id=\"posts-by-tag-item-2202\"><a class = \"posts-by-tag-item-title\" href=\"https:\/\/viajeraeditorial.ar\/blog\/2014\/06\/martes-246-presentacion-mis-peores-poemas-de-amor-y-encontradas-y-perdidas\/\">Martes 24\/6 Presentaci\u00f3n: Mis peores poemas de amor y Encontradas y Perdidas<\/a><\/li><li class=\"posts-by-tag-item Cecilia Maugeri Eugenia Coiro Gabriela Tavolara Karina Macci\u00f3 Lorena Garc\u00eda Mar\u00eda Florencia Gim\u00e9nez Mart\u00edn Jim\u00e9nez Guerra Mauricio Dreiling Ricardo Czikk Viajera Virginia Janza\" id=\"posts-by-tag-item-2080\"><a class = \"posts-by-tag-item-title\" href=\"https:\/\/viajeraeditorial.ar\/blog\/2014\/04\/viajera-en-la-feria-internacional-del-libro-de-buenos-aires\/\">Viajera en la Feria Internacional del Libro de Buenos Aires<\/a><\/li><li class=\"posts-by-tag-item Cecilia Maugeri malapalabra Viajera\" id=\"posts-by-tag-item-2105\"><a class = \"posts-by-tag-item-title\" href=\"https:\/\/viajeraeditorial.ar\/blog\/2014\/03\/irme-bien-lejos-cecilia-maugeri\/\">Irme bien lejos - Cecilia Maugeri<\/a><\/li><li class=\"posts-by-tag-item Cecilia Maugeri malapalabra Viajera\" id=\"posts-by-tag-item-2115\"><a class = \"posts-by-tag-item-title\" href=\"https:\/\/viajeraeditorial.ar\/blog\/2014\/03\/no-es-casualidad-cecilia-maugeri\/\">No es casualidad - Cecilia Maugeri<\/a><\/li><li class=\"posts-by-tag-item Agua o ni\u00f1o que corre Alain Lawo-Sukam Cecilia Maugeri Eugenia Coiro Fernando Ortiz Karina Macci\u00f3 Pasos que se alejan Viajera Virginia Janza\" id=\"posts-by-tag-item-2137\"><a class = \"posts-by-tag-item-title\" href=\"https:\/\/viajeraeditorial.ar\/blog\/2014\/02\/viajera-en-poesiaargentina-com\/\">Viajera en poesiaargentina.com<\/a><\/li><li class=\"posts-by-tag-item B\u00edfida Cecilia Maugeri Viajera B\u00edfida visitante\/the visitor\" id=\"posts-by-tag-item-970\"><a class = \"posts-by-tag-item-title\" href=\"https:\/\/viajeraeditorial.ar\/blog\/2013\/12\/breckenridge-cecilia-maugeri\/\">Breckenridge - Cecilia Maugeri<\/a><\/li><li class=\"posts-by-tag-item Apariciones P\u00fablicas Cecilia Maugeri Feria del Libro de Sierra de la Ventana Karina Macci\u00f3 Nicol\u00e1s Di Candia\" id=\"posts-by-tag-item-1049\"><a class = \"posts-by-tag-item-title\" href=\"https:\/\/viajeraeditorial.ar\/blog\/2013\/11\/mas-sobre-viajera-en-sierra-de-la-ventana\/\">M\u00e1s sobre Viajera en Sierra de la Ventana<\/a><\/li><li class=\"posts-by-tag-item Apariciones P\u00fablicas Cecilia Maugeri Karina Macci\u00f3 Nicol\u00e1s Di Candia Viajera\" id=\"posts-by-tag-item-1050\"><a class = \"posts-by-tag-item-title\" href=\"https:\/\/viajeraeditorial.ar\/blog\/2013\/11\/viajera-en-sierra-de-la-ventana-imagenes-de-la-iv-feria-del-libro\/\">Viajera en Sierra de la Ventana - Im\u00e1genes de la IV Feria del Libro<\/a><\/li><li class=\"posts-by-tag-item Apariciones P\u00fablicas Caballos Cecilia Maugeri Diego Vadell Funes &amp; La Maga Leandro Pena Marcela Manuel Natalia Gonz\u00e1lez\" id=\"posts-by-tag-item-1070\"><a class = \"posts-by-tag-item-title\" href=\"https:\/\/viajeraeditorial.ar\/blog\/2013\/11\/imagenes-de-la-presentacion-de-caballos-de-cecilia-maugeri\/\">Im\u00e1genes de la presentaci\u00f3n de \"Caballos\", de Cecilia Maugeri<\/a><\/li><li class=\"posts-by-tag-item Cecilia Maugeri\" id=\"posts-by-tag-item-1074\"><a class = \"posts-by-tag-item-title\" href=\"https:\/\/viajeraeditorial.ar\/blog\/2013\/11\/hoy-presentacion-de-caballos-de-cecilia-maugeri\/\">Hoy: Presentaci\u00f3n de \"Caballos\" de Cecilia Maugeri<\/a><\/li><li class=\"posts-by-tag-item Cecilia Maugeri\" id=\"posts-by-tag-item-1078\"><a class = \"posts-by-tag-item-title\" href=\"https:\/\/viajeraeditorial.ar\/blog\/2013\/11\/adelanto-de-caballos-de-cecilia-maugeri\/\">Adelanto de \"Caballos\" de Cecilia Maugeri<\/a><\/li><li class=\"posts-by-tag-item Apariciones P\u00fablicas Belara Mich\u00e1n Cecilia Maugeri Diego Recalde Eugenia Coiro Gabriel Kirchuk Karina Macci\u00f3 Mauricio Dreiling Nadina Tauhil Viajera Visita\" id=\"posts-by-tag-item-1125\"><a class = \"posts-by-tag-item-title\" href=\"https:\/\/viajeraeditorial.ar\/blog\/2013\/10\/tus-peores-poemas-de-amor-lunes-2110\/\">Tus peores poemas de amor - Lunes 21\/10<\/a><\/li><li class=\"posts-by-tag-item Cecilia Maugeri malapalabra\" id=\"posts-by-tag-item-1157\"><a class = \"posts-by-tag-item-title\" href=\"https:\/\/viajeraeditorial.ar\/blog\/2013\/10\/querido-poe-de-malapalabra\/\">\"Querido Poe\", de malapalabra.<\/a><\/li><li class=\"posts-by-tag-item Cecilia Maugeri malapalabra\" id=\"posts-by-tag-item-1190\"><a class = \"posts-by-tag-item-title\" href=\"https:\/\/viajeraeditorial.ar\/blog\/2013\/09\/sobre-malapalabra-de-cecilia-maugeri-escribe-adriana-mancini-parte-ii\/\">Sobre malapalabra de Cecilia Maugeri. Escribe: Adriana Mancini. Parte II<\/a><\/li><li class=\"posts-by-tag-item Cecilia Maugeri malapalabra\" id=\"posts-by-tag-item-1199\"><a class = \"posts-by-tag-item-title\" href=\"https:\/\/viajeraeditorial.ar\/blog\/2013\/09\/sobre-malapalabra-de-cecilia-maugeri-escribe-adriana-mancini-parte-i\/\">Sobre malapalabra de Cecilia Maugeri. Escribe: Adriana Mancini. Parte I<\/a><\/li><li class=\"posts-by-tag-item Cecilia Maugeri Silvina Marsimian Viajera\" id=\"posts-by-tag-item-1219\"><a class = \"posts-by-tag-item-title\" href=\"https:\/\/viajeraeditorial.ar\/blog\/2013\/09\/sobre-visitante-de-cecilia-maugeri-por-silvina-marsimian\/\">Sobre \"visitante\" de Cecilia Maugeri. Por Silvina Marsimian<\/a><\/li><li class=\"posts-by-tag-item Cecilia Maugeri Karina Macci\u00f3 malapalabra Viajera\" id=\"posts-by-tag-item-1295\"><a class = \"posts-by-tag-item-title\" href=\"https:\/\/viajeraeditorial.ar\/blog\/2013\/08\/sobre-malapalabra-de-cecilia-maugeri\/\">Sobre malapalabra de Cecilia Maugeri.<\/a><\/li><li class=\"posts-by-tag-item Amor Cecilia Maugeri Eugenia Coiro Karina Macci\u00f3\" id=\"posts-by-tag-item-1320\"><a class = \"posts-by-tag-item-title\" href=\"https:\/\/viajeraeditorial.ar\/blog\/2013\/07\/sigue-el-pip-proyecto-invierno-pasional-esta-vez-en-orsai\/\">Sigue el PiP: Proyecto Invierno Pasional, esta vez en Orsai!<\/a><\/li><li class=\"posts-by-tag-item Cecilia Maugeri Viajera visitante\/the visitor\" id=\"posts-by-tag-item-1330\"><a class = \"posts-by-tag-item-title\" href=\"https:\/\/viajeraeditorial.ar\/blog\/2013\/07\/cecilia-maugeri-doble-naranja\/\">Cecilia Maugeri: Doble Naranja<\/a><\/li><li class=\"posts-by-tag-item Cecilia Maugeri malapalabra Viajera\" id=\"posts-by-tag-item-1341\"><a class = \"posts-by-tag-item-title\" href=\"https:\/\/viajeraeditorial.ar\/blog\/2013\/07\/cecilia-maugeri-verde-azul\/\">Cecilia Maugeri: Verde Azul<\/a><\/li><li class=\"posts-by-tag-item Alain Lawo-Sukam Cecilia Maugeri Cosa Seria Diego Recalde Eugenia Coiro Karina Macci\u00f3 Viajera Virginia Janza\" id=\"posts-by-tag-item-1377\"><a class = \"posts-by-tag-item-title\" href=\"https:\/\/viajeraeditorial.ar\/blog\/2013\/06\/mis-peores-poemas-de-amor\/\">Mis peores poemas de amor<\/a><\/li><li class=\"posts-by-tag-item Alain Lawo-Sukam Apariciones P\u00fablicas Cecilia Maugeri Karina Macci\u00f3 Viajera\" id=\"posts-by-tag-item-1382\"><a class = \"posts-by-tag-item-title\" href=\"https:\/\/viajeraeditorial.ar\/blog\/2013\/06\/karina-maccio-cecilia-maugeri-y-alain-lawo-sukam-en-radio-la-colmena\/\">Karina Macci\u00f3, Cecilia Maugeri y Alain Lawo-Sukam en Radio La Colmena<\/a><\/li><li class=\"posts-by-tag-item Alain Lawo-Sukam Amalia Sato Cecilia Maugeri Daniel C\u00e1seres Karina Macci\u00f3 Roc\u00edo Mari\u00f1o Viajera Virginia Janza\" id=\"posts-by-tag-item-1385\"><a class = \"posts-by-tag-item-title\" href=\"https:\/\/viajeraeditorial.ar\/blog\/2013\/05\/sueno-con-africa-imagenes-de-la-presentacion\/\">Sue\u00f1o con \u00c1frica. Im\u00e1genes de la presentaci\u00f3n.<\/a><\/li><li class=\"posts-by-tag-item Alain Lawo-Sukam Amalia Sato Cecilia Maugeri Daniel C\u00e1seres Karina Macci\u00f3 Mauricio Dreiling Nicol\u00e1s Di Candia Roc\u00edo Mari\u00f1o Viajera Virginia Janza\" id=\"posts-by-tag-item-1392\"><a class = \"posts-by-tag-item-title\" href=\"https:\/\/viajeraeditorial.ar\/blog\/2013\/05\/presentacion-de-sueno-con-africa-de-alain-lawo-sukam\/\">Presentaci\u00f3n de Sue\u00f1o con \u00c1frica de Alain Lawo-Sukam<\/a><\/li><li class=\"posts-by-tag-item Apariciones P\u00fablicas Cecilia Maugeri Viajera\" id=\"posts-by-tag-item-1425\"><a class = \"posts-by-tag-item-title\" href=\"https:\/\/viajeraeditorial.ar\/blog\/2013\/05\/cecilia-maugeri-en-la-feria-del-libro\/\">Cecilia Maugeri en la Feria del Libro<\/a><\/li><li class=\"posts-by-tag-item Apariciones P\u00fablicas Cecilia Maugeri herpes Mana Viajera\" id=\"posts-by-tag-item-1431\"><a class = \"posts-by-tag-item-title\" href=\"https:\/\/viajeraeditorial.ar\/blog\/2013\/05\/maugeri-lee-a-mana-en-la-feria-del-libro\/\">Maugeri lee a Mana en la Feria del Libro<\/a><\/li><li class=\"posts-by-tag-item Apariciones P\u00fablicas Cecilia Maugeri Mundial de poes\u00eda Viajera\" id=\"posts-by-tag-item-1434\"><a class = \"posts-by-tag-item-title\" href=\"https:\/\/viajeraeditorial.ar\/blog\/2013\/04\/cecilia-maugeri-en-la-feria-internacional-del-libro-en-buenos-aires\/\">Cecilia Maugeri en la Feria Internacional del Libro en Buenos Aires<\/a><\/li><li class=\"posts-by-tag-item Alain Lawo-Sukam Apariciones P\u00fablicas B\u00edfida Cecilia Maugeri Karina Macci\u00f3 Nicol\u00e1s Di Candia\" id=\"posts-by-tag-item-1441\"><a class = \"posts-by-tag-item-title\" href=\"https:\/\/viajeraeditorial.ar\/blog\/2013\/04\/viajera-editorial-llega-a-texas-usa\/\">Viajera Editorial llega a Texas, USA!<\/a><\/li><li class=\"posts-by-tag-item Apariciones P\u00fablicas Cecilia Maugeri Karina Macci\u00f3\" id=\"posts-by-tag-item-1455\"><a class = \"posts-by-tag-item-title\" href=\"https:\/\/viajeraeditorial.ar\/blog\/2013\/03\/viajeras-en-leen-en-los-mudos\/\">Viajeras en leen en Los Mudos!<\/a><\/li><li class=\"posts-by-tag-item Apariciones P\u00fablicas Cecilia Maugeri\" id=\"posts-by-tag-item-1474\"><a class = \"posts-by-tag-item-title\" href=\"https:\/\/viajeraeditorial.ar\/blog\/2012\/12\/hoy-cecilia-maugeri-en-anticipo-2013\/\">Hoy Cecilia Maugeri en \"Anticipo 2013\"<\/a><\/li><li class=\"posts-by-tag-item bicicleteada po\u00e9tica Cecilia Maugeri Diego Recalde Eugenia Coiro Gabriel Kirchuk Karina Macci\u00f3 Nicol\u00e1s Di Candia Noche de las librer\u00edas Viajera Virginia Janza\" id=\"posts-by-tag-item-1497\"><a class = \"posts-by-tag-item-title\" href=\"https:\/\/viajeraeditorial.ar\/blog\/2012\/12\/bicicleteada-poetica\/\">Bicicleteada po\u00e9tica<\/a><\/li><li class=\"posts-by-tag-item An\u00edbal Ilguisonis Cecilia Maugeri Diego Recalde Edgardo Scott Eugenia Coiro Karina Macci\u00f3 Mart\u00edn Jim\u00e9nez Guerra N\u00e9stor Cheb Terrab Viajera Visita Virginia Janza\" id=\"posts-by-tag-item-1550\"><a class = \"posts-by-tag-item-title\" href=\"https:\/\/viajeraeditorial.ar\/blog\/2012\/11\/viajera-en-orsai\/\">Viajera en Orsai!<\/a><\/li><li class=\"posts-by-tag-item Cecilia Maugeri Orsai Viajera\" id=\"posts-by-tag-item-1565\"><a class = \"posts-by-tag-item-title\" href=\"https:\/\/viajeraeditorial.ar\/blog\/2012\/11\/cecilia-maugeri-en-orsai\/\">Cecilia Maugeri en Orsai<\/a><\/li><li class=\"posts-by-tag-item Cecilia Maugeri malapalabra Viajera Visita visitante\/the visitor\" id=\"posts-by-tag-item-1570\"><a class = \"posts-by-tag-item-title\" href=\"https:\/\/viajeraeditorial.ar\/blog\/2012\/11\/cecilia-maugeri-en-viajera-visita\/\">Cecilia Maugeri en Viajera Visita<\/a><\/li><li class=\"posts-by-tag-item An\u00edbal Ilguisonis Cecilia Maugeri Diego Recalde Edgardo Scott Eugenia Coiro Karina Macci\u00f3 Mart\u00edn Jim\u00e9nez Guerra N\u00e9stor Cheb Terrab Viajera Visita Virginia Janza\" id=\"posts-by-tag-item-1581\"><a class = \"posts-by-tag-item-title\" href=\"https:\/\/viajeraeditorial.ar\/blog\/2012\/11\/viajera-visita-orsai-bar\/\">Viajera Visita Orsai Bar<\/a><\/li><li class=\"posts-by-tag-item Cecilia Maugeri Karina Macci\u00f3 Lado G\u00e9minis Loreley El Jaber Paula Oyarz\u00e1bal Tamara Domenech Virginia Janza\" id=\"posts-by-tag-item-1604\"><a class = \"posts-by-tag-item-title\" href=\"https:\/\/viajeraeditorial.ar\/blog\/2012\/10\/presentacion-de-lado-geminis\/\">Presentaci\u00f3n de Lado G\u00e9minis<\/a><\/li><li class=\"posts-by-tag-item Cecilia Maugeri Karina Macci\u00f3 Lado G\u00e9minis Loreley El Jaber Paula Oyarz\u00e1bal Virginia Janza\" id=\"posts-by-tag-item-1608\"><a class = \"posts-by-tag-item-title\" href=\"https:\/\/viajeraeditorial.ar\/blog\/2012\/10\/instantaneas-de-lado-geminis\/\">Instant\u00e1neas de Lado G\u00e9minis<\/a><\/li><li class=\"posts-by-tag-item Apariciones P\u00fablicas Cecilia Maugeri Natalia Monsegur\" id=\"posts-by-tag-item-1638\"><a class = \"posts-by-tag-item-title\" href=\"https:\/\/viajeraeditorial.ar\/blog\/2012\/09\/cecilia-maugeri-y-natalia-monsegur-en-el-iv-festival-de-poesia-joven-argentina\/\">Cecilia Maugeri y Natalia Monsegur en el IV Festival de Poes\u00eda Joven Argentina<\/a><\/li><li class=\"posts-by-tag-item Apariciones P\u00fablicas Cecilia Maugeri visitante\/the visitor\" id=\"posts-by-tag-item-1666\"><a class = \"posts-by-tag-item-title\" href=\"https:\/\/viajeraeditorial.ar\/blog\/2012\/09\/cecilia-maugeri-en-palabras-errantes\/\">Cecilia Maugeri en Palabras Errantes<\/a><\/li><li class=\"posts-by-tag-item Cecilia Maugeri Fernanda Nicolini Gabriela Cabez\u00f3n C\u00e1mara Gael Policano Rossi Karina Macci\u00f3 Nicol\u00e1s Pazos Ricardo Czikk Sara Cohen Viajera Visita\" id=\"posts-by-tag-item-1710\"><a class = \"posts-by-tag-item-title\" href=\"https:\/\/viajeraeditorial.ar\/blog\/2012\/08\/mas-imagenes-de-viajera-en-eterna-cadencia\/\">M\u00e1s im\u00e1genes de Viajera en Eterna Cadencia<\/a><\/li><li class=\"posts-by-tag-item Cecilia Maugeri malapalabra Viajera Visita visitante\/the visitor\" id=\"posts-by-tag-item-1713\"><a class = \"posts-by-tag-item-title\" href=\"https:\/\/viajeraeditorial.ar\/blog\/2012\/08\/cecilia-maugeri-bonus-track-en-viajera-visita\/\">Cecilia Maugeri: bonus track en Viajera Visita<\/a><\/li><li class=\"posts-by-tag-item Cecilia Maugeri visitante\/the visitor\" id=\"posts-by-tag-item-1786\"><a class = \"posts-by-tag-item-title\" href=\"https:\/\/viajeraeditorial.ar\/blog\/2012\/06\/visitantethe-visitor-en-la-maquina-del-tiempo\/\">visitante\/the visitor en La Maquina del Tiempo<\/a><\/li><li class=\"posts-by-tag-item Cecilia Maugeri malapalabra\" id=\"posts-by-tag-item-1795\"><a class = \"posts-by-tag-item-title\" href=\"https:\/\/viajeraeditorial.ar\/blog\/2012\/05\/malapalabra-en-la-maquina-del-tiempo\/\">malapalabra en La M\u00e1quina del Tiempo<\/a><\/li><li class=\"posts-by-tag-item Belara Mich\u00e1n Bengala Hotel Cecilia Maugeri cuerpoadentro Diario de la Transformaci\u00f3n Eugenia Coiro Karina Macci\u00f3 Lado G\u00e9minis L\u00e9ame malapalabra Nadina Tauhil Nicol\u00e1s Di Candia ranamadre Virginia Janza\" id=\"posts-by-tag-item-1802\"><a class = \"posts-by-tag-item-title\" href=\"https:\/\/viajeraeditorial.ar\/blog\/2012\/05\/nuestro-paso-por-la-feria-del-libro\/\">Nuestro paso por la Feria del Libro<\/a><\/li><li class=\"posts-by-tag-item Cecilia Maugeri visitante\/the visitor\" id=\"posts-by-tag-item-1876\"><a class = \"posts-by-tag-item-title\" href=\"https:\/\/viajeraeditorial.ar\/blog\/2011\/11\/visitantethe-visitor-por-edgardo-scott-en-revista-siamesa\/\">visitante\/the visitor por Edgardo Scott en Revista Siamesa<\/a><\/li><li class=\"posts-by-tag-item Cecilia Maugeri visitante\/the visitor\" id=\"posts-by-tag-item-1882\"><a class = \"posts-by-tag-item-title\" href=\"https:\/\/viajeraeditorial.ar\/blog\/2011\/10\/visitantethe-visitor-en-revista-casquiavana\/\">visitante\/the visitor en Revista Casquiavana<\/a><\/li><li class=\"posts-by-tag-item An\u00edbal Ilguisonis Cecilia Maugeri clin caja Karina Macci\u00f3 La Cajita de Pandora La P\u00e9rdida o La Perdida malapalabra Virginia Janza\" id=\"posts-by-tag-item-1888\"><a class = \"posts-by-tag-item-title\" href=\"https:\/\/viajeraeditorial.ar\/blog\/2011\/10\/viajera-en-el-periodico-de-poesia-de-la-unam-mexico\/\">Viajera en el Peri\u00f3dico de Poes\u00eda de la UNAM (M\u00e9xico)<\/a><\/li><li class=\"posts-by-tag-item Cecilia Maugeri visitante\/the visitor\" id=\"posts-by-tag-item-1891\"><a class = \"posts-by-tag-item-title\" href=\"https:\/\/viajeraeditorial.ar\/blog\/2011\/09\/visitante-the-visitor-por-milagros-arla\/\">visitante\/ the visitor por Milagros Arla<\/a><\/li><li class=\"posts-by-tag-item Cecilia Maugeri Diario de la Transformaci\u00f3n Gabriel Kirchuk Karina Macci\u00f3 pecesp\u00e1jaros visitante\/the visitor\" id=\"posts-by-tag-item-1898\"><a class = \"posts-by-tag-item-title\" href=\"https:\/\/viajeraeditorial.ar\/blog\/2011\/06\/el-1ro-de-julio-viajera-lanza-nuevos-titulos\/\">El 1ro de julio Viajera lanza nuevos t\u00edtulos<\/a><\/li><li class=\"posts-by-tag-item Cecilia Maugeri Diario de la Transformaci\u00f3n Gabriel Kirchuk Karina Macci\u00f3 pecesp\u00e1jaros visitante\/the visitor\" id=\"posts-by-tag-item-1901\"><a class = \"posts-by-tag-item-title\" href=\"https:\/\/viajeraeditorial.ar\/blog\/2011\/05\/algo-de-lo-que-fue-viajera-visita-en-el-ccc\/\">Algo de lo que fue Viajera visita en el CCC<\/a><\/li><li class=\"posts-by-tag-item An\u00edbal Ilguisonis Carlos Battilana Casa de Viaje Cecilia Maugeri clin caja Estuche negro Karina Macci\u00f3 La Cajita de Pandora La P\u00e9rdida o La Perdida La Playa Lengua Espiral Loreley El Jaber malapalabra Mar\u00eda Victoria Verzura Natalia Monsegur Perla Ericl\u00e9e Quinteros Presente Continuo Ricardo Czikk Sentir \u00d3seo Virginia Janza visitante\/the visitor\" id=\"posts-by-tag-item-1941\"><a class = \"posts-by-tag-item-title\" href=\"https:\/\/viajeraeditorial.ar\/blog\/2010\/11\/este-martes-23-de-noviembre-leemos-en-la-casa\/\">Este martes 23 de noviembre leemos en la Casa!<\/a><\/li><li class=\"posts-by-tag-item An\u00edbal Ilguisonis Carlos Battilana Casa de Viaje Cecilia Maugeri clin caja Estuche negro herpes Karina Macci\u00f3 La Cajita de Pandora La P\u00e9rdida o La Perdida La Playa Lengua Espiral Loreley El Jaber malapalabra Mana Mar\u00eda Victoria Verzura Natalia Monsegur Perla Ericl\u00e9e Quinteros Presente Continuo Ricardo Czikk Sentir \u00d3seo Virginia Janza visitante\/the visitor\" id=\"posts-by-tag-item-1946\"><a class = \"posts-by-tag-item-title\" href=\"https:\/\/viajeraeditorial.ar\/blog\/2010\/11\/viajera-visita-la-casa-de-la-lectura-3\/\">Viajera visita la Casa de la Lectura<\/a><\/li><li class=\"posts-by-tag-item Cecilia Maugeri malapalabra Viceversa\" id=\"posts-by-tag-item-1998\"><a class = \"posts-by-tag-item-title\" href=\"https:\/\/viajeraeditorial.ar\/blog\/2010\/07\/maugeri-repetto-repetto-maugeri\/\">Maugeri-Repetto-Repetto-Maugeri<\/a><\/li><li class=\"posts-by-tag-item Cecilia Maugeri Jimena Repetto Loreley El Jaber Mana Ricardo Czikk Viceversa Virginia Janza\" id=\"posts-by-tag-item-2000\"><a class = \"posts-by-tag-item-title\" href=\"https:\/\/viajeraeditorial.ar\/blog\/2010\/07\/algo-de-lo-que-fue-el-primer-viajera-viceversa\/\">Algo de lo que fue el primer Viajera Viceversa:<\/a><\/li><li class=\"posts-by-tag-item An\u00edbal Ilguisonis Cecilia Maugeri clin caja Estuche negro herpes Karina Macci\u00f3 La Cajita de Pandora La P\u00e9rdida o La Perdida La Playa Lengua Espiral Loreley El Jaber malapalabra Mana Mar\u00eda Victoria Verzura Perla Ericl\u00e9e Quinteros Ricardo Czikk Sentir \u00d3seo Virginia Janza\" id=\"posts-by-tag-item-2012\"><a class = \"posts-by-tag-item-title\" href=\"https:\/\/viajeraeditorial.ar\/blog\/2010\/05\/viajera-en-el-festival-buen-dia\/\">Viajera en el festival Buen D\u00eda!<\/a><\/li><li class=\"posts-by-tag-item An\u00edbal Ilguisonis Cecilia Maugeri clin caja Estuche negro herpes Karina Macci\u00f3 La Cajita de Pandora La P\u00e9rdida o La Perdida La Playa Lengua Espiral Loreley El Jaber malapalabra Mana Mar\u00eda Victoria Verzura Perla Ericl\u00e9e Quinteros Ricardo Czikk Sentir \u00d3seo Viajera Visita Virginia Janza\" id=\"posts-by-tag-item-2026\"><a class = \"posts-by-tag-item-title\" href=\"https:\/\/viajeraeditorial.ar\/blog\/2010\/04\/2026\/\">Viajera Visita Garrick<\/a><\/li><li class=\"posts-by-tag-item An\u00edbal Ilguisonis Cecilia Maugeri clin caja Estuche negro Karina Macci\u00f3 La Cajita de Pandora La P\u00e9rdida o La Perdida malapalabra Ricardo Czikk Viajera Visita Virginia Janza\" id=\"posts-by-tag-item-2028\"><a class = \"posts-by-tag-item-title\" href=\"https:\/\/viajeraeditorial.ar\/blog\/2009\/11\/viajera-editorial-en-la-casa-de-la-lectura\/\">Viajera Editorial en la Casa de la Lectura<\/a><\/li><\/ul>\n","protected":false},"excerpt":{"rendered":"<p>Cecilia Maugeri (Buenos Aires, 1984) es Profesora y Licenciada en Letras (UBA). Actualmente cursa la Maestr\u00eda en Escritura Creativa en la Universidad Nacional de Tres de Febrero. Se form\u00f3 como coordinadora de talleres literarios en Siempre de Viaje.\u00a0Public\u00f3 los libros de poes\u00eda\u00a0malapalabra\u00a0(Viajera, 2009),\u00a0visitante\/the visitor\u00a0(Viajera, 2011) y\u00a0Caballos\u00a0(Textos Intrusos, 2013). Estudi\u00f3 teatro en Timbre 4 con Claudio [&hellip;]<\/p>\n","protected":false},"author":3,"featured_media":0,"parent":8710,"menu_order":0,"comment_status":"closed","ping_status":"open","template":"","meta":[],"_links":{"self":[{"href":"https:\/\/viajeraeditorial.ar\/blog\/wp-json\/wp\/v2\/pages\/85"}],"collection":[{"href":"https:\/\/viajeraeditorial.ar\/blog\/wp-json\/wp\/v2\/pages"}],"about":[{"href":"https:\/\/viajeraeditorial.ar\/blog\/wp-json\/wp\/v2\/types\/page"}],"author":[{"embeddable":true,"href":"https:\/\/viajeraeditorial.ar\/blog\/wp-json\/wp\/v2\/users\/3"}],"replies":[{"embeddable":true,"href":"https:\/\/viajeraeditorial.ar\/blog\/wp-json\/wp\/v2\/comments?post=85"}],"version-history":[{"count":8,"href":"https:\/\/viajeraeditorial.ar\/blog\/wp-json\/wp\/v2\/pages\/85\/revisions"}],"predecessor-version":[{"id":4554,"href":"https:\/\/viajeraeditorial.ar\/blog\/wp-json\/wp\/v2\/pages\/85\/revisions\/4554"}],"up":[{"embeddable":true,"href":"https:\/\/viajeraeditorial.ar\/blog\/wp-json\/wp\/v2\/pages\/8710"}],"wp:attachment":[{"href":"https:\/\/viajeraeditorial.ar\/blog\/wp-json\/wp\/v2\/media?parent=85"}],"curies":[{"name":"wp","href":"https:\/\/api.w.org\/{rel}","templated":true}]}}