{"id":87,"date":"2015-04-20T02:13:42","date_gmt":"2015-04-20T05:13:42","guid":{"rendered":"http:\/\/www.viajeraeditorial.com.ar\/?page_id=87"},"modified":"2020-11-02T21:07:17","modified_gmt":"2020-11-03T00:07:17","slug":"ricardo-czikk","status":"publish","type":"page","link":"https:\/\/viajeraeditorial.ar\/blog\/catalogo\/ricardo-czikk\/","title":{"rendered":"Ricardo Czikk"},"content":{"rendered":"<p><a href=\"http:\/\/www.viajeraeditorial.ar\/blog\/wp-content\/uploads\/2015\/04\/fotoricardoczikk.jpg\"><img loading=\"lazy\" class=\"alignright size-full wp-image-523\" src=\"http:\/\/www.viajeraeditorial.ar\/blog\/wp-content\/uploads\/2015\/04\/fotoricardoczikk.jpg\" alt=\"Ricardo Czikk\" width=\"300\" height=\"350\" \/><\/a>Naci\u00f3 en 1960. Su desarrollo literario posee dos etapas: la primera, en la cual s\u00f3lo le\u00eda, y la segunda, que tiene casi nueve a\u00f1os, en la que agreg\u00f3 la tarea de escribir. De la primera destaca a \u00abCoraz\u00f3n\u00bb de Edmundo de Amicis, que le\u00eda emocionado en la cama antes de ir a dormir; de la segunda, rescata las personas que lo leyeron con paciencia, entre otras Karina M. y Ricky Sv. y su primer libro de poemas, publicado por esta misma editorial (<em>Estuche negro<\/em>, 2009). Al mismo tiempo que le\u00eda y escrib\u00eda, Ricardo ha desarrollado una vida profesional en el mundo de las humanidades: psicolog\u00eda, educaci\u00f3n, recursos humanos y la docencia universitaria de posgrado.<\/p>\n<p>Se dice jud\u00edo y asegura, como lo hizo Sigmund Freud, que existen oscuras fuerzas irracionales en su interior pulsando para que as\u00ed se declare. Tiene tres hijos y est\u00e1 en pareja con Connie, otra de sus pacientes lectoras.<\/p>\n<p><span style=\"text-decoration: underline;\"><strong>En Viajera<\/strong><\/span><\/p>\n<p><a href=\"http:\/\/www.viajeraeditorial.ar\/blog\/descubrir\/estuche-negro\/\"><img loading=\"lazy\" class=\"alignnone size-full wp-image-4524\" src=\"http:\/\/www.viajeraeditorial.ar\/blog\/wp-content\/uploads\/2015\/03\/estuchetapa_tn20.jpg\" alt=\"Estuche Negro\" width=\"13\" height=\"20\" \/><\/a>\u00a0<a href=\"http:\/\/www.viajeraeditorial.ar\/blog\/descubrir\/estuche-negro\/\">Estuche Negro<\/a> (<a href=\"http:\/\/www.viajeraeditorial.ar\/blog\/descubrir\/\">Descubrir<\/a>, 2009)<\/p>\n<p><a href=\"http:\/\/www.viajeraeditorial.ar\/blog\/explorar\/desmonte-3\/\"><img loading=\"lazy\" class=\"wp-image-5648 alignnone\" src=\"http:\/\/www.viajeraeditorial.ar\/blog\/wp-content\/uploads\/2015\/03\/desmonte-tdifusion-632x958.jpg\" alt=\"Desmonte Tdifusion\" width=\"10\" height=\"15\" \/>Desmonte<\/a>\u00a0(<a href=\"http:\/\/www.viajeraeditorial.ar\/blog\/explorar\/\">Explorar<\/a>, 2016)<\/p>\n<p><a href=\"http:\/\/www.viajeraeditorial.ar\/blog\/explorar\/krav-maga\/\"><img loading=\"lazy\" class=\"wp-image-5715 alignnone\" src=\"http:\/\/www.viajeraeditorial.ar\/blog\/wp-content\/uploads\/2016\/08\/krav-t.jpg\" alt=\"krav T\" width=\"10\" height=\"16\" srcset=\"https:\/\/viajeraeditorial.ar\/blog\/wp-content\/uploads\/2016\/08\/krav-t.jpg 522w, https:\/\/viajeraeditorial.ar\/blog\/wp-content\/uploads\/2016\/08\/krav-t-100x150.jpg 100w, https:\/\/viajeraeditorial.ar\/blog\/wp-content\/uploads\/2016\/08\/krav-t-245x387.jpg 245w, https:\/\/viajeraeditorial.ar\/blog\/wp-content\/uploads\/2016\/08\/krav-t-333x525.jpg 333w\" sizes=\"(max-width: 10px) 100vw, 10px\" \/>\u00a0Krav Mag\u00e1<\/a>\u00a0\u00a0(<a href=\"http:\/\/www.viajeraeditorial.ar\/blog\/explorar\/\">Explorar<\/a>, 2016)<\/p>\n<p><a href=\"http:\/\/www.viajeraeditorial.ar\/virtual\/desmonte\/\">Desmonte<\/a> (Virtual, 2015)<\/p>\n<p><span style=\"text-decoration: underline;\"><strong>Contactar a Ricardo<\/strong><\/span><\/p>\n<p style=\"padding-left: 30px;\"><a href=\"http:\/\/ricardosiendo.blogspot.com\">Blog<br \/>\n<\/a><a href=\"mailto:ricardo.czikk@gmail.com\">E-mail<\/a><\/p>\n<p><strong><span style=\"text-decoration: underline;\">Contenido sobre Ricardo<\/span><\/strong><\/p>\n<ul class = \"posts-by-tag-list\"><li class=\"posts-by-tag-item Ricardo Czikk Un a\u00f1o de sensaciones\" id=\"posts-by-tag-item-8218\"><a class = \"posts-by-tag-item-title\" href=\"https:\/\/viajeraeditorial.ar\/blog\/2019\/12\/ricardo-czikk-en-un-ano-de-sensaciones\/\">Ricardo Czikk en Un a\u00f1o de sensaciones<\/a><\/li><li class=\"posts-by-tag-item Ricardo Czikk\" id=\"posts-by-tag-item-7931\"><a class = \"posts-by-tag-item-title\" href=\"https:\/\/viajeraeditorial.ar\/blog\/2019\/09\/fuego-ricardo-czikk\/\">Fuego * Ricardo Czikk<\/a><\/li><li class=\"posts-by-tag-item Desmonte Ricardo Czikk\" id=\"posts-by-tag-item-7474\"><a class = \"posts-by-tag-item-title\" href=\"https:\/\/viajeraeditorial.ar\/blog\/2018\/12\/originalidad-ricardo-czikk\/\">Originalidad * Ricardo Czikk<\/a><\/li><li class=\"posts-by-tag-item Desmonte Ricardo Czikk\" id=\"posts-by-tag-item-6731\"><a class = \"posts-by-tag-item-title\" href=\"https:\/\/viajeraeditorial.ar\/blog\/2018\/01\/anuda-ricardo-czikk\/\">Anuda * Ricardo Czikk<\/a><\/li><li class=\"posts-by-tag-item CAOS Ricardo Czikk\" id=\"posts-by-tag-item-6570\"><a class = \"posts-by-tag-item-title\" href=\"https:\/\/viajeraeditorial.ar\/blog\/2017\/11\/caos-gatuno-ricardo-czikk\/\">Caos gatuno * Ricardo Czikk<\/a><\/li><li class=\"posts-by-tag-item Alicia Saliva Andrea Larrieu Eugenia Coiro Mar\u00eda Victoria Verzura Ricardo Czikk\" id=\"posts-by-tag-item-6551\"><a class = \"posts-by-tag-item-title\" href=\"https:\/\/viajeraeditorial.ar\/blog\/2017\/10\/escucha-a-czikk-larrieu-verzura-saliva-y-coiro-en-ladesterrada-com\/\">Escuch\u00e1 a Czikk, Larrieu, Verzura, Saliva y Coiro en ladesterrada.com<\/a><\/li><li class=\"posts-by-tag-item Desmonte Ricardo Czikk\" id=\"posts-by-tag-item-6330\"><a class = \"posts-by-tag-item-title\" href=\"https:\/\/viajeraeditorial.ar\/blog\/2017\/10\/labrapalabra-ricardo-czikk\/\">LABRAPALABRA * Ricardo Czikk<\/a><\/li><li class=\"posts-by-tag-item Alicia Saliva Andrea Larrieu Eugenia Coiro Mar\u00eda Victoria Verzura Radio Ricardo Czikk\" id=\"posts-by-tag-item-6538\"><a class = \"posts-by-tag-item-title\" href=\"https:\/\/viajeraeditorial.ar\/blog\/2017\/10\/verzuraczikksalivalarrieucoiro-en-la-radio-1210\/\">Verzura*Czikk*Saliva*Larrieu*Coiro en la radio 12\/10<\/a><\/li><li class=\"posts-by-tag-item Desmonte Ricardo Czikk\" id=\"posts-by-tag-item-6336\"><a class = \"posts-by-tag-item-title\" href=\"https:\/\/viajeraeditorial.ar\/blog\/2017\/09\/antinomico-ricardo-czikk\/\">Antin\u00f3mico * Ricardo Czikk<\/a><\/li><li class=\"posts-by-tag-item Desmonte Ricardo Czikk\" id=\"posts-by-tag-item-6333\"><a class = \"posts-by-tag-item-title\" href=\"https:\/\/viajeraeditorial.ar\/blog\/2017\/08\/marana-ricardo-czikk\/\">Mara\u00f1a * Ricardo Czikk<\/a><\/li><li class=\"posts-by-tag-item Desmonte Ricardo Czikk\" id=\"posts-by-tag-item-6339\"><a class = \"posts-by-tag-item-title\" href=\"https:\/\/viajeraeditorial.ar\/blog\/2017\/07\/minimo-ricardo-czikk\/\">M\u00ednimo * Ricardo Czikk<\/a><\/li><li class=\"posts-by-tag-item Ricardo Czikk\" id=\"posts-by-tag-item-5948\"><a class = \"posts-by-tag-item-title\" href=\"https:\/\/viajeraeditorial.ar\/blog\/2016\/12\/jet-lag-ricardo-czikk\/\">Jet Lag * Ricardo Czikk<\/a><\/li><li class=\"posts-by-tag-item Ricardo Czikk\" id=\"posts-by-tag-item-5807\"><a class = \"posts-by-tag-item-title\" href=\"https:\/\/viajeraeditorial.ar\/blog\/2016\/11\/viajo-en-my-motor-bike-adenda-a-los-tweets-dsd-el-auto-ricardo-czikk\/\">VIAJO EN MY MOTOR BIKE (adenda a los tweets dsd el auto) * Ricardo Czikk<\/a><\/li><li class=\"posts-by-tag-item Ricardo Czikk\" id=\"posts-by-tag-item-5804\"><a class = \"posts-by-tag-item-title\" href=\"https:\/\/viajeraeditorial.ar\/blog\/2016\/10\/en-un-suspiro-ricardo-czikk\/\">En un suspiro * Ricardo Czikk<\/a><\/li><li class=\"posts-by-tag-item Ricardo Czikk\" id=\"posts-by-tag-item-5506\"><a class = \"posts-by-tag-item-title\" href=\"https:\/\/viajeraeditorial.ar\/blog\/2016\/07\/poner-en-palabras-ricardo-czikk\/\">Poner en palabras * Ricardo Czikk<\/a><\/li><li class=\"posts-by-tag-item Pablo M\u00a8 Portada Ricardo Czikk\" id=\"posts-by-tag-item-5456\"><a class = \"posts-by-tag-item-title\" href=\"https:\/\/viajeraeditorial.ar\/blog\/2016\/06\/krav-maga-cuerpo-a-cuerpo-cronica-del-distanciamiento-pablo-mullner\/\">KRAV MAG\u00c1 (cuerpo a cuerpo): cr\u00f3nica del distanciamiento * Pablo M\u00fcllner<\/a><\/li><li class=\"posts-by-tag-item Portada Ricardo Czikk\" id=\"posts-by-tag-item-5417\"><a class = \"posts-by-tag-item-title\" href=\"https:\/\/viajeraeditorial.ar\/blog\/2016\/05\/krav-maga-cuerpo-a-cuerpo-desmonte-presentacion-de-los-libros-de-ricardo-czikk\/\">krav mag\u00e1 (cuerpo a cuerpo) + Desmonte * presentaci\u00f3n de los libros de Ricardo Czikk<\/a><\/li><li class=\"posts-by-tag-item Portada Ricardo Czikk\" id=\"posts-by-tag-item-5360\"><a class = \"posts-by-tag-item-title\" href=\"https:\/\/viajeraeditorial.ar\/blog\/2016\/04\/belleza-poco-estable-ricardo-czikk\/\">Belleza poco estable * Ricardo Czikk<\/a><\/li><li class=\"posts-by-tag-item Portada Ricardo Czikk\" id=\"posts-by-tag-item-5363\"><a class = \"posts-by-tag-item-title\" href=\"https:\/\/viajeraeditorial.ar\/blog\/2016\/03\/costa-galana-ricardo-czikk\/\">Costa Galana * Ricardo Czikk<\/a><\/li><li class=\"posts-by-tag-item Portada Ricardo Czikk Viajera Virtual\" id=\"posts-by-tag-item-5240\"><a class = \"posts-by-tag-item-title\" href=\"https:\/\/viajeraeditorial.ar\/blog\/2016\/02\/a-cero-ricardo-cikk\/\">A cero * Ricardo Cikk<\/a><\/li><li class=\"posts-by-tag-item Portada Ricardo Czikk\" id=\"posts-by-tag-item-5231\"><a class = \"posts-by-tag-item-title\" href=\"https:\/\/viajeraeditorial.ar\/blog\/2016\/01\/erupcion-ricardo-czikk\/\">Erupci\u00f3n * Ricardo Czikk<\/a><\/li><li class=\"posts-by-tag-item Porta Ricardo Czikk Viajera Virtual\" id=\"posts-by-tag-item-5237\"><a class = \"posts-by-tag-item-title\" href=\"https:\/\/viajeraeditorial.ar\/blog\/2015\/12\/brrr-ricardo-czikk\/\">BRRR * Ricardo Czikk<\/a><\/li><li class=\"posts-by-tag-item Portada Ricardo Czikk Viajera Virtual\" id=\"posts-by-tag-item-5139\"><a class = \"posts-by-tag-item-title\" href=\"https:\/\/viajeraeditorial.ar\/blog\/2015\/11\/originalidad-desmonte\/\">Originalidad * Desmonte<\/a><\/li><li class=\"posts-by-tag-item Portada Ricardo Czikk\" id=\"posts-by-tag-item-5122\"><a class = \"posts-by-tag-item-title\" href=\"https:\/\/viajeraeditorial.ar\/blog\/2015\/11\/adelanto-de-desmonte-ricardo-czikk\/\">Adelanto de Desmonte * Ricardo Czikk<\/a><\/li><li class=\"posts-by-tag-item Portada Ricardo Czikk viajeraprimavera\" id=\"posts-by-tag-item-4882\"><a class = \"posts-by-tag-item-title\" href=\"https:\/\/viajeraeditorial.ar\/blog\/2015\/09\/yunque-czikk-en-el-museo-de-la-lengua-y-la-literatura-289\/\">Yunque - Czikk en el Museo de la Lengua y la Literatura 28\/9<\/a><\/li><li class=\"posts-by-tag-item Agua o ni\u00f1o que corre Eugenia Coiro Ricardo Czikk\" id=\"posts-by-tag-item-322\"><a class = \"posts-by-tag-item-title\" href=\"https:\/\/viajeraeditorial.ar\/blog\/2014\/10\/ricardo-czikk-resena-agua-o-nino-que-corre\/\">Ricardo Czikk rese\u00f1a \"Agua o ni\u00f1o que corre\"<\/a><\/li><li class=\"posts-by-tag-item Andrea Larrieu B\u00edfida Cecilia Maugeri Encontradas y Perdidas Eugenia Coiro Karina Macci\u00f3 Mis Peores Poemas de Amor\/My Worst Love Poems Nicol\u00e1s Di Candia Ricardo Czikk Viajera Virginia Janza\" id=\"posts-by-tag-item-2202\"><a class = \"posts-by-tag-item-title\" href=\"https:\/\/viajeraeditorial.ar\/blog\/2014\/06\/martes-246-presentacion-mis-peores-poemas-de-amor-y-encontradas-y-perdidas\/\">Martes 24\/6 Presentaci\u00f3n: Mis peores poemas de amor y Encontradas y Perdidas<\/a><\/li><li class=\"posts-by-tag-item Cecilia Maugeri Eugenia Coiro Gabriela Tavolara Karina Macci\u00f3 Lorena Garc\u00eda Mar\u00eda Florencia Gim\u00e9nez Mart\u00edn Jim\u00e9nez Guerra Mauricio Dreiling Ricardo Czikk Viajera Virginia Janza\" id=\"posts-by-tag-item-2080\"><a class = \"posts-by-tag-item-title\" href=\"https:\/\/viajeraeditorial.ar\/blog\/2014\/04\/viajera-en-la-feria-internacional-del-libro-de-buenos-aires\/\">Viajera en la Feria Internacional del Libro de Buenos Aires<\/a><\/li><li class=\"posts-by-tag-item Estuche negro Ricardo Czikk Viajera\" id=\"posts-by-tag-item-2095\"><a class = \"posts-by-tag-item-title\" href=\"https:\/\/viajeraeditorial.ar\/blog\/2014\/03\/sone-ricardo-czikk\/\">Son\u00e9 - Ricardo Czikk<\/a><\/li><li class=\"posts-by-tag-item Estuche negro Ricardo Czikk Viajera\" id=\"posts-by-tag-item-2108\"><a class = \"posts-by-tag-item-title\" href=\"https:\/\/viajeraeditorial.ar\/blog\/2014\/03\/mugientes-ricardo-czikk\/\">Mugientes - Ricardo Czikk<\/a><\/li><li class=\"posts-by-tag-item Estuche negro Ricardo Czikk Viajera\" id=\"posts-by-tag-item-2030\"><a class = \"posts-by-tag-item-title\" href=\"https:\/\/viajeraeditorial.ar\/blog\/2014\/02\/el-tiempo-es-una-onomatopeya-ricardo-czikk\/\">El tiempo es una onomatopeya - Ricardo Czikk<\/a><\/li><li class=\"posts-by-tag-item Estuche negro Ricardo Czikk Viajera\" id=\"posts-by-tag-item-2037\"><a class = \"posts-by-tag-item-title\" href=\"https:\/\/viajeraeditorial.ar\/blog\/2014\/01\/la-luz-me-asombra-ricardo-czikk\/\">La luz me asombra - Ricardo Czikk<\/a><\/li><li class=\"posts-by-tag-item Ricardo Czikk\" id=\"posts-by-tag-item-1026\"><a class = \"posts-by-tag-item-title\" href=\"https:\/\/viajeraeditorial.ar\/blog\/2013\/11\/suspendidos-de-ricardo-czikk\/\">\"Suspendidos\" de Ricardo Czikk<\/a><\/li><li class=\"posts-by-tag-item Estuche negro Ricardo Czikk\" id=\"posts-by-tag-item-1121\"><a class = \"posts-by-tag-item-title\" href=\"https:\/\/viajeraeditorial.ar\/blog\/2013\/10\/te-y-espejo-de-ricardo-czikk-incluido-en-estuche-negro\/\">\"T\u00e9 y espejo\", de Ricardo Czikk. Incluido en Estuche Negro.<\/a><\/li><li class=\"posts-by-tag-item Karina Macci\u00f3 La P\u00e9rdida o La Perdida Ricardo Czikk Viajera\" id=\"posts-by-tag-item-1128\"><a class = \"posts-by-tag-item-title\" href=\"https:\/\/viajeraeditorial.ar\/blog\/2013\/10\/ricardo-czikk-escribe-sobre-la-perdida-o-la-perdida-de-karina-maccio-parte-ii\/\">Ricardo Czikk escribe sobre \"La P\u00e9rdida o la Perdida\", de Karina Macci\u00f3 - Parte II<\/a><\/li><li class=\"posts-by-tag-item Karina Macci\u00f3 La P\u00e9rdida o La Perdida Ricardo Czikk Viajera\" id=\"posts-by-tag-item-1135\"><a class = \"posts-by-tag-item-title\" href=\"https:\/\/viajeraeditorial.ar\/blog\/2013\/10\/ricardo-czikk-escribe-sobre-la-perdida-o-la-perdida-de-karina-maccio\/\">Ricardo Czikk escribe sobre \"La P\u00e9rdida o la perdida\" de Karina Macci\u00f3<\/a><\/li><li class=\"posts-by-tag-item Estuche negro Ricardo Czikk Viajera\" id=\"posts-by-tag-item-1236\"><a class = \"posts-by-tag-item-title\" href=\"https:\/\/viajeraeditorial.ar\/blog\/2013\/08\/sobre-estuche-negro-de-ricardo-czikk\/\">Sobre \"Estuche Negro\" de Ricardo Czikk<\/a><\/li><li class=\"posts-by-tag-item Estuche negro Ricardo Czikk Viajera\" id=\"posts-by-tag-item-1367\"><a class = \"posts-by-tag-item-title\" href=\"https:\/\/viajeraeditorial.ar\/blog\/2013\/06\/ricardo-czikk-negro\/\">Ricardo Czikk: Negro.<\/a><\/li><li class=\"posts-by-tag-item Cecilia Maugeri Fernanda Nicolini Gabriela Cabez\u00f3n C\u00e1mara Gael Policano Rossi Karina Macci\u00f3 Nicol\u00e1s Pazos Ricardo Czikk Sara Cohen Viajera Visita\" id=\"posts-by-tag-item-1710\"><a class = \"posts-by-tag-item-title\" href=\"https:\/\/viajeraeditorial.ar\/blog\/2012\/08\/mas-imagenes-de-viajera-en-eterna-cadencia\/\">M\u00e1s im\u00e1genes de Viajera en Eterna Cadencia<\/a><\/li><li class=\"posts-by-tag-item Fernanda Nicolini Gabriela Cabez\u00f3n C\u00e1mara Gael Policano Rossi Nicol\u00e1s Pazos Ricardo Czikk Sara Cohen Viajera Visita\" id=\"posts-by-tag-item-1717\"><a class = \"posts-by-tag-item-title\" href=\"https:\/\/viajeraeditorial.ar\/blog\/2012\/08\/una-tarde-de-lluvia-en-eterna-cadencia\/\">Una tarde de lluvia en Eterna Cadencia<\/a><\/li><li class=\"posts-by-tag-item Estuche negro Ricardo Czikk\" id=\"posts-by-tag-item-1733\"><a class = \"posts-by-tag-item-title\" href=\"https:\/\/viajeraeditorial.ar\/blog\/2012\/08\/ricardo-czikk-en-viajera-visita\/\">Ricardo Czikk en Viajera Visita<\/a><\/li><li class=\"posts-by-tag-item Fernanda Nicolini Gabriela Cabez\u00f3n C\u00e1mara Gael Policano Rossi Nicol\u00e1s Pazos Ricardo Czikk Sara Cohen Viajera Visita\" id=\"posts-by-tag-item-1746\"><a class = \"posts-by-tag-item-title\" href=\"https:\/\/viajeraeditorial.ar\/blog\/2012\/08\/martes-14-eterna-cadencia\/\">Martes 14: Eterna Cadencia!<\/a><\/li><li class=\"posts-by-tag-item An\u00edbal Ilguisonis Carlos Battilana Casa de Viaje Cecilia Maugeri clin caja Estuche negro Karina Macci\u00f3 La Cajita de Pandora La P\u00e9rdida o La Perdida La Playa Lengua Espiral Loreley El Jaber malapalabra Mar\u00eda Victoria Verzura Natalia Monsegur Perla Ericl\u00e9e Quinteros Presente Continuo Ricardo Czikk Sentir \u00d3seo Virginia Janza visitante\/the visitor\" id=\"posts-by-tag-item-1941\"><a class = \"posts-by-tag-item-title\" href=\"https:\/\/viajeraeditorial.ar\/blog\/2010\/11\/este-martes-23-de-noviembre-leemos-en-la-casa\/\">Este martes 23 de noviembre leemos en la Casa!<\/a><\/li><li class=\"posts-by-tag-item An\u00edbal Ilguisonis Carlos Battilana Casa de Viaje Cecilia Maugeri clin caja Estuche negro herpes Karina Macci\u00f3 La Cajita de Pandora La P\u00e9rdida o La Perdida La Playa Lengua Espiral Loreley El Jaber malapalabra Mana Mar\u00eda Victoria Verzura Natalia Monsegur Perla Ericl\u00e9e Quinteros Presente Continuo Ricardo Czikk Sentir \u00d3seo Virginia Janza visitante\/the visitor\" id=\"posts-by-tag-item-1946\"><a class = \"posts-by-tag-item-title\" href=\"https:\/\/viajeraeditorial.ar\/blog\/2010\/11\/viajera-visita-la-casa-de-la-lectura-3\/\">Viajera visita la Casa de la Lectura<\/a><\/li><li class=\"posts-by-tag-item Cr\u00f3nicas Estuche negro Mar\u00eda Victoria Verzura Ricardo Czikk Sentir \u00d3seo\" id=\"posts-by-tag-item-1952\"><a class = \"posts-by-tag-item-title\" href=\"https:\/\/viajeraeditorial.ar\/blog\/2010\/11\/cronica-viajera-empezamos-la-primavera-en-la-libreria-cobra\/\">Cr\u00f3nica viajera: empezamos la Primavera en la librer\u00eda Cobra<\/a><\/li><li class=\"posts-by-tag-item Cecilia Maugeri Jimena Repetto Loreley El Jaber Mana Ricardo Czikk Viceversa Virginia Janza\" id=\"posts-by-tag-item-2000\"><a class = \"posts-by-tag-item-title\" href=\"https:\/\/viajeraeditorial.ar\/blog\/2010\/07\/algo-de-lo-que-fue-el-primer-viajera-viceversa\/\">Algo de lo que fue el primer Viajera Viceversa:<\/a><\/li><li class=\"posts-by-tag-item An\u00edbal Ilguisonis Cecilia Maugeri clin caja Estuche negro herpes Karina Macci\u00f3 La Cajita de Pandora La P\u00e9rdida o La Perdida La Playa Lengua Espiral Loreley El Jaber malapalabra Mana Mar\u00eda Victoria Verzura Perla Ericl\u00e9e Quinteros Ricardo Czikk Sentir \u00d3seo Virginia Janza\" id=\"posts-by-tag-item-2012\"><a class = \"posts-by-tag-item-title\" href=\"https:\/\/viajeraeditorial.ar\/blog\/2010\/05\/viajera-en-el-festival-buen-dia\/\">Viajera en el festival Buen D\u00eda!<\/a><\/li><li class=\"posts-by-tag-item An\u00edbal Ilguisonis Cecilia Maugeri clin caja Estuche negro herpes Karina Macci\u00f3 La Cajita de Pandora La P\u00e9rdida o La Perdida La Playa Lengua Espiral Loreley El Jaber malapalabra Mana Mar\u00eda Victoria Verzura Perla Ericl\u00e9e Quinteros Ricardo Czikk Sentir \u00d3seo Viajera Visita Virginia Janza\" id=\"posts-by-tag-item-2026\"><a class = \"posts-by-tag-item-title\" href=\"https:\/\/viajeraeditorial.ar\/blog\/2010\/04\/2026\/\">Viajera Visita Garrick<\/a><\/li><li class=\"posts-by-tag-item An\u00edbal Ilguisonis Cecilia Maugeri clin caja Estuche negro Karina Macci\u00f3 La Cajita de Pandora La P\u00e9rdida o La Perdida malapalabra Ricardo Czikk Viajera Visita Virginia Janza\" id=\"posts-by-tag-item-2028\"><a class = \"posts-by-tag-item-title\" href=\"https:\/\/viajeraeditorial.ar\/blog\/2009\/11\/viajera-editorial-en-la-casa-de-la-lectura\/\">Viajera Editorial en la Casa de la Lectura<\/a><\/li><\/ul>\n","protected":false},"excerpt":{"rendered":"<p>Naci\u00f3 en 1960. Su desarrollo literario posee dos etapas: la primera, en la cual s\u00f3lo le\u00eda, y la segunda, que tiene casi nueve a\u00f1os, en la que agreg\u00f3 la tarea de escribir. De la primera destaca a \u00abCoraz\u00f3n\u00bb de Edmundo de Amicis, que le\u00eda emocionado en la cama antes de ir a dormir; de la [&hellip;]<\/p>\n","protected":false},"author":3,"featured_media":0,"parent":8710,"menu_order":0,"comment_status":"closed","ping_status":"open","template":"","meta":[],"_links":{"self":[{"href":"https:\/\/viajeraeditorial.ar\/blog\/wp-json\/wp\/v2\/pages\/87"}],"collection":[{"href":"https:\/\/viajeraeditorial.ar\/blog\/wp-json\/wp\/v2\/pages"}],"about":[{"href":"https:\/\/viajeraeditorial.ar\/blog\/wp-json\/wp\/v2\/types\/page"}],"author":[{"embeddable":true,"href":"https:\/\/viajeraeditorial.ar\/blog\/wp-json\/wp\/v2\/users\/3"}],"replies":[{"embeddable":true,"href":"https:\/\/viajeraeditorial.ar\/blog\/wp-json\/wp\/v2\/comments?post=87"}],"version-history":[{"count":9,"href":"https:\/\/viajeraeditorial.ar\/blog\/wp-json\/wp\/v2\/pages\/87\/revisions"}],"predecessor-version":[{"id":5724,"href":"https:\/\/viajeraeditorial.ar\/blog\/wp-json\/wp\/v2\/pages\/87\/revisions\/5724"}],"up":[{"embeddable":true,"href":"https:\/\/viajeraeditorial.ar\/blog\/wp-json\/wp\/v2\/pages\/8710"}],"wp:attachment":[{"href":"https:\/\/viajeraeditorial.ar\/blog\/wp-json\/wp\/v2\/media?parent=87"}],"curies":[{"name":"wp","href":"https:\/\/api.w.org\/{rel}","templated":true}]}}