{"id":89,"date":"2015-04-20T02:14:10","date_gmt":"2015-04-20T05:14:10","guid":{"rendered":"http:\/\/www.viajeraeditorial.com.ar\/?page_id=89"},"modified":"2020-11-02T21:08:18","modified_gmt":"2020-11-03T00:08:18","slug":"anibal-ilguisonis","status":"publish","type":"page","link":"https:\/\/viajeraeditorial.ar\/blog\/catalogo\/anibal-ilguisonis\/","title":{"rendered":"An\u00edbal Ilguisonis"},"content":{"rendered":"<p><a href=\"http:\/\/www.viajeraeditorial.ar\/blog\/wp-content\/uploads\/2015\/04\/fotoanibalilguisonis.jpg\"><img loading=\"lazy\" class=\"alignright size-full wp-image-442\" src=\"http:\/\/www.viajeraeditorial.ar\/blog\/wp-content\/uploads\/2015\/04\/fotoanibalilguisonis.jpg\" alt=\"An\u00edbal Ilguisonis\" width=\"350\" height=\"350\" \/><\/a>Naci\u00f3 el 30 de marzo de 1964 en Buenos Aires, ciudad en la que ha vivido casi toda su vida. Es soci\u00f3logo y se dedica desde hace varios a\u00f1os a la actividad editorial.<\/p>\n<p>Lector y viajero apasionado; desde 2003\u00a0asiste a los talleres literarios de Siempre de Viaje, coordinados por\u00a0Karina Macci\u00f3.\u00a0Bajo este sello, en Poes\u00eda Port\u00e1til, public\u00f3 el pliego Islandia (2006). Particip\u00f3 en numerosos encuentros literarios con sus lecturas, que apuestan a un trabajo con la voz y la musicalidad.<\/p>\n<p><strong><span style=\"text-decoration: underline;\">En Viajera<\/span><\/strong><\/p>\n<p style=\"padding-left: 30px;\"><a href=\"http:\/\/www.viajeraeditorial.ar\/blog\/descubrir\/clin-caja\/\"><img loading=\"lazy\" class=\"alignnone size-full wp-image-4516\" src=\"http:\/\/www.viajeraeditorial.ar\/blog\/wp-content\/uploads\/2015\/03\/clincaja_tn20.jpg\" alt=\"clin caja\" width=\"13\" height=\"20\" \/><\/a>\u00a0<a href=\"http:\/\/www.viajeraeditorial.ar\/blog\/descubrir\/clin-caja\/\">clin caja<\/a> (<a href=\"http:\/\/www.viajeraeditorial.ar\/blog\/descubrir\/\">Descubrir<\/a>, 2009)<\/p>\n<p style=\"padding-left: 30px;\"><a href=\"http:\/\/www.viajeraeditorial.ar\/blog\/descubrir\/clin-caja\/\"><img loading=\"lazy\" class=\"wp-image-7785  alignnone\" src=\"http:\/\/www.viajeraeditorial.ar\/blog\/wp-content\/uploads\/2019\/05\/el-tiempo-de-la-flor.jpg\" alt=\"\" width=\"12\" height=\"19\" \/><\/a>\u00a0<a href=\"http:\/\/www.viajeraeditorial.ar\/blog\/explorar\/el-tiempo-de-la-flor\/\">El tiempo de la flor<\/a>\u00a0(<a href=\"http:\/\/www.viajeraeditorial.ar\/blog\/explorar\/\">Explorar<\/a>, 2019)<\/p>\n<p style=\"padding-left: 30px;\">\n<p><strong><span style=\"text-decoration: underline;\">Contenido sobre An\u00edbal<\/span><\/strong><\/p>\n<ul class = \"posts-by-tag-list\"><li class=\"posts-by-tag-item An\u00edbal Ilguisonis Un a\u00f1o de sensaciones\" id=\"posts-by-tag-item-8214\"><a class = \"posts-by-tag-item-title\" href=\"https:\/\/viajeraeditorial.ar\/blog\/2019\/12\/tan-increible-el-cuerpo-anibal-ilguisonis\/\">tan incre\u00edble el cuerpo * An\u00edbal Ilguisonis<\/a><\/li><li class=\"posts-by-tag-item An\u00edbal Ilguisonis Axel Levin Nicol\u00e1s Alonso\" id=\"posts-by-tag-item-8123\"><a class = \"posts-by-tag-item-title\" href=\"https:\/\/viajeraeditorial.ar\/blog\/2019\/11\/levin-alonso-ilguisonis-en-kula-fest\/\">Levin, Alonso, Ilguisonis en Kula Fest<\/a><\/li><li class=\"posts-by-tag-item An\u00edbal Ilguisonis El tiempo de la flor\" id=\"posts-by-tag-item-7882\"><a class = \"posts-by-tag-item-title\" href=\"https:\/\/viajeraeditorial.ar\/blog\/2019\/07\/nunca-se-desanda-el-camino-anibal-ilguisonis\/\">Nunca se desanda el camino * An\u00edbal Ilguisonis<\/a><\/li><li class=\"posts-by-tag-item An\u00edbal Ilguisonis Axel Levin Eduardo G\u00e1lvez Nicol\u00e1s Alonso\" id=\"posts-by-tag-item-7915\"><a class = \"posts-by-tag-item-title\" href=\"https:\/\/viajeraeditorial.ar\/blog\/2019\/07\/el-paisaje-interior-147-ilguisonis-galvez-alonso\/\">El paisaje interior * 14\/7 Ilguisonis, G\u00e1lvez, Alonso<\/a><\/li><li class=\"posts-by-tag-item An\u00edbal Ilguisonis El tiempo de la flor\" id=\"posts-by-tag-item-7879\"><a class = \"posts-by-tag-item-title\" href=\"https:\/\/viajeraeditorial.ar\/blog\/2019\/06\/atardece-en-pumalin-anibal-ilguisonis\/\">atardece en pumal\u00edn * An\u00edbal Ilguisonis<\/a><\/li><li class=\"posts-by-tag-item An\u00edbal Ilguisonis El tiempo de la flor\" id=\"posts-by-tag-item-7633\"><a class = \"posts-by-tag-item-title\" href=\"https:\/\/viajeraeditorial.ar\/blog\/2019\/05\/el-ritmo-es-el-tiempo-del-habla-anibal-ilguisonis\/\">el ritmo es el tiempo del habla * An\u00edbal Ilguisonis<\/a><\/li><li class=\"posts-by-tag-item An\u00edbal Ilguisonis El tiempo de la flor\" id=\"posts-by-tag-item-7626\"><a class = \"posts-by-tag-item-title\" href=\"https:\/\/viajeraeditorial.ar\/blog\/2019\/04\/regrese-anibal-ilguisonis\/\">Regres\u00e9 * An\u00edbal Ilguisonis<\/a><\/li><li class=\"posts-by-tag-item An\u00edbal Ilguisonis El tiempo de la flor\" id=\"posts-by-tag-item-7639\"><a class = \"posts-by-tag-item-title\" href=\"https:\/\/viajeraeditorial.ar\/blog\/2019\/03\/ella-va-sin-prisa-anibal-ilguisonis\/\">Ella va sin prisa * An\u00edbal Ilguisonis<\/a><\/li><li class=\"posts-by-tag-item An\u00edbal Ilguisonis El tiempo de la flor\" id=\"posts-by-tag-item-7636\"><a class = \"posts-by-tag-item-title\" href=\"https:\/\/viajeraeditorial.ar\/blog\/2019\/02\/el-blanco-anibal-ilguisonis\/\">el blanco * An\u00edbal Ilguisonis<\/a><\/li><li class=\"posts-by-tag-item An\u00edbal Ilguisonis Karina Macci\u00f3 Ocre\" id=\"posts-by-tag-item-7386\"><a class = \"posts-by-tag-item-title\" href=\"https:\/\/viajeraeditorial.ar\/blog\/2018\/11\/ya-fue-anibal-ilguisonis\/\">ya fue * Anibal Ilguisonis<\/a><\/li><li class=\"posts-by-tag-item An\u00edbal Ilguisonis Eugenia Coiro Festival de Poes\u00eda de Rosario Karina Macci\u00f3 Marcela Manuel\" id=\"posts-by-tag-item-7316\"><a class = \"posts-by-tag-item-title\" href=\"https:\/\/viajeraeditorial.ar\/blog\/2018\/09\/viajera-en-rosario\/\">Viajera en Rosario<\/a><\/li><li class=\"posts-by-tag-item An\u00edbal Ilguisonis Minuto Deseo\" id=\"posts-by-tag-item-6709\"><a class = \"posts-by-tag-item-title\" href=\"https:\/\/viajeraeditorial.ar\/blog\/2017\/12\/aprender-la-flor-anibal-ilguisonis\/\">aprender la flor * Anibal Ilguisonis<\/a><\/li><li class=\"posts-by-tag-item Andrea Larrieu An\u00edbal Ilguisonis Axel Levin Belara Mich\u00e1n Cat\u00e1logo Feria del Libro Gabriela Tavolara Habitar mi camino\/Dwelling my path Karina Macci\u00f3 Mar\u00eda del Carmen Sarquis Mauricio Dreiling Nicol\u00e1s Di Candia Strip-Dancer Vidrio\" id=\"posts-by-tag-item-2221\"><a class = \"posts-by-tag-item-title\" href=\"https:\/\/viajeraeditorial.ar\/blog\/2015\/05\/viajera-en-la-feria-del-libro-de-buenos-aires-este-domingo-10-de-mayo\/\">Viajera en la Feria del Libro de Buenos Aires este domingo 10 de mayo<\/a><\/li><li class=\"posts-by-tag-item An\u00edbal Ilguisonis clin caja Viajera Viajera inspira\" id=\"posts-by-tag-item-973\"><a class = \"posts-by-tag-item-title\" href=\"https:\/\/viajeraeditorial.ar\/blog\/2013\/12\/viajera-inspira-en-el-colegio-mariano-lattner\/\">Viajera Inspira en el colegio - Mariano Lattner<\/a><\/li><li class=\"posts-by-tag-item An\u00edbal Ilguisonis clin caja Viajera\" id=\"posts-by-tag-item-1142\"><a class = \"posts-by-tag-item-title\" href=\"https:\/\/viajeraeditorial.ar\/blog\/2013\/10\/muchas-gracias-incluido-en-clin-caja-de-anibal-ilguisonis\/\">\"muchas gracias\" incluido en \"clin caja\" de An\u00edbal Ilguisonis<\/a><\/li><li class=\"posts-by-tag-item Amor An\u00edbal Ilguisonis clin caja Viajera\" id=\"posts-by-tag-item-1298\"><a class = \"posts-by-tag-item-title\" href=\"https:\/\/viajeraeditorial.ar\/blog\/2013\/08\/el-amor-en-viajera-anibal-ilguisonis\/\">El Amor en Viajera - An\u00edbal Ilguisonis<\/a><\/li><li class=\"posts-by-tag-item An\u00edbal Ilguisonis clin caja Viajera\" id=\"posts-by-tag-item-1338\"><a class = \"posts-by-tag-item-title\" href=\"https:\/\/viajeraeditorial.ar\/blog\/2013\/07\/anibal-ilguisonis-plateado\/\">An\u00edbal Ilguisonis: Plateado<\/a><\/li><li class=\"posts-by-tag-item An\u00edbal Ilguisonis Cecilia Maugeri Diego Recalde Edgardo Scott Eugenia Coiro Karina Macci\u00f3 Mart\u00edn Jim\u00e9nez Guerra N\u00e9stor Cheb Terrab Viajera Visita Virginia Janza\" id=\"posts-by-tag-item-1550\"><a class = \"posts-by-tag-item-title\" href=\"https:\/\/viajeraeditorial.ar\/blog\/2012\/11\/viajera-en-orsai\/\">Viajera en Orsai!<\/a><\/li><li class=\"posts-by-tag-item An\u00edbal Ilguisonis Orsai\" id=\"posts-by-tag-item-1559\"><a class = \"posts-by-tag-item-title\" href=\"https:\/\/viajeraeditorial.ar\/blog\/2012\/11\/anibal-ilguisonis-en-orsai\/\">An\u00edbal Ilguisonis en Orsai<\/a><\/li><li class=\"posts-by-tag-item An\u00edbal Ilguisonis clin caja Viajera Visita\" id=\"posts-by-tag-item-1568\"><a class = \"posts-by-tag-item-title\" href=\"https:\/\/viajeraeditorial.ar\/blog\/2012\/11\/anibal-ilguisonis-en-viajera-visita\/\">An\u00edbal Ilguisonis en Viajera Visita<\/a><\/li><li class=\"posts-by-tag-item An\u00edbal Ilguisonis Cecilia Maugeri Diego Recalde Edgardo Scott Eugenia Coiro Karina Macci\u00f3 Mart\u00edn Jim\u00e9nez Guerra N\u00e9stor Cheb Terrab Viajera Visita Virginia Janza\" id=\"posts-by-tag-item-1581\"><a class = \"posts-by-tag-item-title\" href=\"https:\/\/viajeraeditorial.ar\/blog\/2012\/11\/viajera-visita-orsai-bar\/\">Viajera Visita Orsai Bar<\/a><\/li><li class=\"posts-by-tag-item An\u00edbal Ilguisonis Cecilia Maugeri clin caja Karina Macci\u00f3 La Cajita de Pandora La P\u00e9rdida o La Perdida malapalabra Virginia Janza\" id=\"posts-by-tag-item-1888\"><a class = \"posts-by-tag-item-title\" href=\"https:\/\/viajeraeditorial.ar\/blog\/2011\/10\/viajera-en-el-periodico-de-poesia-de-la-unam-mexico\/\">Viajera en el Peri\u00f3dico de Poes\u00eda de la UNAM (M\u00e9xico)<\/a><\/li><li class=\"posts-by-tag-item An\u00edbal Ilguisonis Carlos Battilana Casa de Viaje Cecilia Maugeri clin caja Estuche negro Karina Macci\u00f3 La Cajita de Pandora La P\u00e9rdida o La Perdida La Playa Lengua Espiral Loreley El Jaber malapalabra Mar\u00eda Victoria Verzura Natalia Monsegur Perla Ericl\u00e9e Quinteros Presente Continuo Ricardo Czikk Sentir \u00d3seo Virginia Janza visitante\/the visitor\" id=\"posts-by-tag-item-1941\"><a class = \"posts-by-tag-item-title\" href=\"https:\/\/viajeraeditorial.ar\/blog\/2010\/11\/este-martes-23-de-noviembre-leemos-en-la-casa\/\">Este martes 23 de noviembre leemos en la Casa!<\/a><\/li><li class=\"posts-by-tag-item An\u00edbal Ilguisonis Carlos Battilana Casa de Viaje Cecilia Maugeri clin caja Estuche negro herpes Karina Macci\u00f3 La Cajita de Pandora La P\u00e9rdida o La Perdida La Playa Lengua Espiral Loreley El Jaber malapalabra Mana Mar\u00eda Victoria Verzura Natalia Monsegur Perla Ericl\u00e9e Quinteros Presente Continuo Ricardo Czikk Sentir \u00d3seo Virginia Janza visitante\/the visitor\" id=\"posts-by-tag-item-1946\"><a class = \"posts-by-tag-item-title\" href=\"https:\/\/viajeraeditorial.ar\/blog\/2010\/11\/viajera-visita-la-casa-de-la-lectura-3\/\">Viajera visita la Casa de la Lectura<\/a><\/li><li class=\"posts-by-tag-item An\u00edbal Ilguisonis Cecilia Maugeri clin caja Estuche negro herpes Karina Macci\u00f3 La Cajita de Pandora La P\u00e9rdida o La Perdida La Playa Lengua Espiral Loreley El Jaber malapalabra Mana Mar\u00eda Victoria Verzura Perla Ericl\u00e9e Quinteros Ricardo Czikk Sentir \u00d3seo Virginia Janza\" id=\"posts-by-tag-item-2012\"><a class = \"posts-by-tag-item-title\" href=\"https:\/\/viajeraeditorial.ar\/blog\/2010\/05\/viajera-en-el-festival-buen-dia\/\">Viajera en el festival Buen D\u00eda!<\/a><\/li><li class=\"posts-by-tag-item An\u00edbal Ilguisonis Cecilia Maugeri clin caja Estuche negro herpes Karina Macci\u00f3 La Cajita de Pandora La P\u00e9rdida o La Perdida La Playa Lengua Espiral Loreley El Jaber malapalabra Mana Mar\u00eda Victoria Verzura Perla Ericl\u00e9e Quinteros Ricardo Czikk Sentir \u00d3seo Viajera Visita Virginia Janza\" id=\"posts-by-tag-item-2026\"><a class = \"posts-by-tag-item-title\" href=\"https:\/\/viajeraeditorial.ar\/blog\/2010\/04\/2026\/\">Viajera Visita Garrick<\/a><\/li><li class=\"posts-by-tag-item An\u00edbal Ilguisonis Cecilia Maugeri clin caja Estuche negro Karina Macci\u00f3 La Cajita de Pandora La P\u00e9rdida o La Perdida malapalabra Ricardo Czikk Viajera Visita Virginia Janza\" id=\"posts-by-tag-item-2028\"><a class = \"posts-by-tag-item-title\" href=\"https:\/\/viajeraeditorial.ar\/blog\/2009\/11\/viajera-editorial-en-la-casa-de-la-lectura\/\">Viajera Editorial en la Casa de la Lectura<\/a><\/li><\/ul>\n","protected":false},"excerpt":{"rendered":"<p>Naci\u00f3 el 30 de marzo de 1964 en Buenos Aires, ciudad en la que ha vivido casi toda su vida. Es soci\u00f3logo y se dedica desde hace varios a\u00f1os a la actividad editorial. Lector y viajero apasionado; desde 2003\u00a0asiste a los talleres literarios de Siempre de Viaje, coordinados por\u00a0Karina Macci\u00f3.\u00a0Bajo este sello, en Poes\u00eda Port\u00e1til, [&hellip;]<\/p>\n","protected":false},"author":3,"featured_media":0,"parent":8710,"menu_order":0,"comment_status":"closed","ping_status":"open","template":"","meta":[],"_links":{"self":[{"href":"https:\/\/viajeraeditorial.ar\/blog\/wp-json\/wp\/v2\/pages\/89"}],"collection":[{"href":"https:\/\/viajeraeditorial.ar\/blog\/wp-json\/wp\/v2\/pages"}],"about":[{"href":"https:\/\/viajeraeditorial.ar\/blog\/wp-json\/wp\/v2\/types\/page"}],"author":[{"embeddable":true,"href":"https:\/\/viajeraeditorial.ar\/blog\/wp-json\/wp\/v2\/users\/3"}],"replies":[{"embeddable":true,"href":"https:\/\/viajeraeditorial.ar\/blog\/wp-json\/wp\/v2\/comments?post=89"}],"version-history":[{"count":8,"href":"https:\/\/viajeraeditorial.ar\/blog\/wp-json\/wp\/v2\/pages\/89\/revisions"}],"predecessor-version":[{"id":7789,"href":"https:\/\/viajeraeditorial.ar\/blog\/wp-json\/wp\/v2\/pages\/89\/revisions\/7789"}],"up":[{"embeddable":true,"href":"https:\/\/viajeraeditorial.ar\/blog\/wp-json\/wp\/v2\/pages\/8710"}],"wp:attachment":[{"href":"https:\/\/viajeraeditorial.ar\/blog\/wp-json\/wp\/v2\/media?parent=89"}],"curies":[{"name":"wp","href":"https:\/\/api.w.org\/{rel}","templated":true}]}}