{"id":97,"date":"2015-04-20T02:15:45","date_gmt":"2015-04-20T05:15:45","guid":{"rendered":"http:\/\/www.viajeraeditorial.com.ar\/?page_id=97"},"modified":"2020-11-02T21:02:38","modified_gmt":"2020-11-03T00:02:38","slug":"loreley-el-jaber","status":"publish","type":"page","link":"https:\/\/viajeraeditorial.ar\/blog\/catalogo\/loreley-el-jaber\/","title":{"rendered":"Loreley El Jaber"},"content":{"rendered":"<p><a href=\"http:\/\/www.viajeraeditorial.ar\/blog\/wp-content\/uploads\/2015\/04\/fotoloreleyeljaber.jpg\"><img loading=\"lazy\" class=\"alignright size-full wp-image-486\" src=\"http:\/\/www.viajeraeditorial.ar\/blog\/wp-content\/uploads\/2015\/04\/fotoloreleyeljaber.jpg\" alt=\"Loreley El Jaber\" width=\"233\" height=\"350\" \/><\/a>Naci\u00f3 en Buenos Aires en 1972. Es Doctora en Letras, docente de Literatura Argentina en la Facultad de Filosof\u00eda y Letras de la Universidad de Buenos Aires. Gan\u00f3 becas de investigaci\u00f3n en el \u00e1rea de literatura colonial, campo en el que se desempe\u00f1a actualmente como investigadora del Conicet. Public\u00f3 ensayos en revistas especializadas nacionales y extranjeras. JUnto con Graciela Batticuore y Alejandra Laera, compil\u00f3 el libro\u00a0<em>Fronteras escritas. Cruces, desv\u00edos y pasajes en la literatura argentina<\/em>.<\/p>\n<p>En cuanto a la poes\u00eda, ese placer fue siempre algo privado o tan s\u00f3lo compartido por una muy peque\u00f1a comunidad de amigos. Reci\u00e9n durante el a\u00f1o en el que vivi\u00f3 en Estados Unidos, se decidi\u00f3 y envi\u00f3 algunos poemas a la revista literaria\u00a0<em>Contratiempo<\/em> de Chicago, que public\u00f3 dos poemas suyos en marzo de 2007. Desde entonces la decisi\u00f3n de concretar el deseo del libro fue un motor, un proyecto que alimentaron todos los que leyeron sus versos.<\/p>\n<p><strong><span style=\"text-decoration: underline;\">En Viajera<\/span><\/strong><\/p>\n<p style=\"padding-left: 30px;\"><a href=\"http:\/\/www.viajeraeditorial.ar\/blog\/descubrir\/la-playa\/\"><img loading=\"lazy\" class=\"alignnone size-full wp-image-4520\" src=\"http:\/\/www.viajeraeditorial.ar\/blog\/wp-content\/uploads\/2015\/03\/laplayatapa_tn20.jpg\" alt=\"La Playa\" width=\"13\" height=\"20\" \/><\/a>\u00a0<a href=\"http:\/\/www.viajeraeditorial.ar\/blog\/descubrir\/la-playa\/\">La Playa<\/a> (<a href=\"http:\/\/www.viajeraeditorial.ar\/blog\/descubrir\/\">Descubrir<\/a>, 2010)<\/p>\n<p><strong><span style=\"text-decoration: underline;\">Fuera de Viajera<\/span><\/strong><\/p>\n<p>Un pa\u00eds malsano. La conquista del espacio en las cr\u00f3nicas del R\u00edo de la Plata (Beatriz Viterbo, 2011)<\/p>\n<p>La espesura (Ediciones del Dock, 2016)<\/p>\n<p><strong><span style=\"text-decoration: underline;\">Contenido sobre Loreley<\/span><\/strong><\/p>\n<ul class = \"posts-by-tag-list\"><li class=\"posts-by-tag-item La Playa Loreley El Jaber Viajera\" id=\"posts-by-tag-item-575\"><a class = \"posts-by-tag-item-title\" href=\"https:\/\/viajeraeditorial.ar\/blog\/2014\/06\/la-playa-acto-i-loreley-el-jaber\/\">La Playa (Acto I) Loreley El Jaber<\/a><\/li><li class=\"posts-by-tag-item La Playa Loreley El Jaber Viajera\" id=\"posts-by-tag-item-2096\"><a class = \"posts-by-tag-item-title\" href=\"https:\/\/viajeraeditorial.ar\/blog\/2014\/03\/se-cree-una-amazona-loreley-el-jaber\/\">Se cree una amazona - Loreley El Jaber<\/a><\/li><li class=\"posts-by-tag-item La Playa Loreley El Jaber Viajera\" id=\"posts-by-tag-item-771\"><a class = \"posts-by-tag-item-title\" href=\"https:\/\/viajeraeditorial.ar\/blog\/2014\/03\/la-lectura-loreley-el-jaber\/\">La lectura - Loreley El Jaber<\/a><\/li><li class=\"posts-by-tag-item La Playa Loreley El Jaber Viajera\" id=\"posts-by-tag-item-897\"><a class = \"posts-by-tag-item-title\" href=\"https:\/\/viajeraeditorial.ar\/blog\/2014\/01\/se-sienta-y-comienza-a-relatar-loreley-el-jaber\/\">Se sienta y comienza a relatar... - Loreley El Jaber<\/a><\/li><li class=\"posts-by-tag-item La Playa Loreley El Jaber Viajera\" id=\"posts-by-tag-item-2039\"><a class = \"posts-by-tag-item-title\" href=\"https:\/\/viajeraeditorial.ar\/blog\/2014\/01\/hermanas-loreley-el-jaber\/\">Hermanas - Loreley El Jaber<\/a><\/li><li class=\"posts-by-tag-item La Playa Loreley El Jaber Viajera\" id=\"posts-by-tag-item-2048\"><a class = \"posts-by-tag-item-title\" href=\"https:\/\/viajeraeditorial.ar\/blog\/2014\/01\/la-entrega-loreley-el-jaber\/\">La entrega - Loreley El Jaber<\/a><\/li><li class=\"posts-by-tag-item Lado G\u00e9minis Loreley El Jaber Virginia Janza\" id=\"posts-by-tag-item-1205\"><a class = \"posts-by-tag-item-title\" href=\"https:\/\/viajeraeditorial.ar\/blog\/2013\/09\/como-un-abanico-loreley-el-jaber-escribe-sobre-lado-geminis\/\">\"Como un abanico\", Loreley El Jaber escribe sobre \"Lado G\u00e9minis\"<\/a><\/li><li class=\"posts-by-tag-item Lado G\u00e9minis Loreley El Jaber Virginia Janza\" id=\"posts-by-tag-item-1210\"><a class = \"posts-by-tag-item-title\" href=\"https:\/\/viajeraeditorial.ar\/blog\/2013\/09\/como-un-abanico-loreley-el-jaber-escribe-sobre-lado-geminis-de-virginia-janza\/\">\"Como un abanico\", Loreley El Jaber escribe sobre \"Lado G\u00e9minis\" de Virginia Janza<\/a><\/li><li class=\"posts-by-tag-item Amor La Playa Loreley El Jaber Viajera\" id=\"posts-by-tag-item-1306\"><a class = \"posts-by-tag-item-title\" href=\"https:\/\/viajeraeditorial.ar\/blog\/2013\/07\/el-amor-en-viajera-dos-poemas-de-loreley-el-jaber\/\">El Amor en Viajera - Dos poemas de Loreley El Jaber<\/a><\/li><li class=\"posts-by-tag-item La Playa Loreley El Jaber Viajera\" id=\"posts-by-tag-item-1360\"><a class = \"posts-by-tag-item-title\" href=\"https:\/\/viajeraeditorial.ar\/blog\/2013\/06\/loreley-el-jaber-naranja-atardecer\/\">Loreley El Jaber: Naranja atardecer<\/a><\/li><li class=\"posts-by-tag-item Gabriel Kirchuk La Playa Loreley El Jaber pecesp\u00e1jaros Viajera\" id=\"posts-by-tag-item-1365\"><a class = \"posts-by-tag-item-title\" href=\"https:\/\/viajeraeditorial.ar\/blog\/2013\/06\/gabriel-kirchuk-amarillo\/\">Gabriel Kirchuk: Amarillo<\/a><\/li><li class=\"posts-by-tag-item Cecilia Maugeri Karina Macci\u00f3 Lado G\u00e9minis Loreley El Jaber Paula Oyarz\u00e1bal Tamara Domenech Virginia Janza\" id=\"posts-by-tag-item-1604\"><a class = \"posts-by-tag-item-title\" href=\"https:\/\/viajeraeditorial.ar\/blog\/2012\/10\/presentacion-de-lado-geminis\/\">Presentaci\u00f3n de Lado G\u00e9minis<\/a><\/li><li class=\"posts-by-tag-item Cecilia Maugeri Karina Macci\u00f3 Lado G\u00e9minis Loreley El Jaber Paula Oyarz\u00e1bal Virginia Janza\" id=\"posts-by-tag-item-1608\"><a class = \"posts-by-tag-item-title\" href=\"https:\/\/viajeraeditorial.ar\/blog\/2012\/10\/instantaneas-de-lado-geminis\/\">Instant\u00e1neas de Lado G\u00e9minis<\/a><\/li><li class=\"posts-by-tag-item B\u00e1rbara Belloc La Playa Loreley El Jaber Viajera Visita\" id=\"posts-by-tag-item-1628\"><a class = \"posts-by-tag-item-title\" href=\"https:\/\/viajeraeditorial.ar\/blog\/2012\/09\/barbara-belloc-en-viajera-visita\/\">B\u00e1rbara Belloc en Viajera Visita<\/a><\/li><li class=\"posts-by-tag-item Diego Recalde Esteban Bieda Loreley El Jaber N\u00e9stor Cheb Terrab Oliverio Coelho Osvaldo Baz\u00e1n Sabrina Merayo N\u00fa\u00f1ez Viajera Visita Virginia Janza\" id=\"posts-by-tag-item-1673\"><a class = \"posts-by-tag-item-title\" href=\"https:\/\/viajeraeditorial.ar\/blog\/2012\/09\/viajera-visita-abulafia-libros\/\">Viajera visita Abulafia libros<\/a><\/li><li class=\"posts-by-tag-item Diego Recalde Esteban Bieda Loreley El Jaber N\u00e9stor Cheb Terrab Oliverio Coelho Osvaldo Baz\u00e1n Sabrina Merayo N\u00fa\u00f1ez Viajera Visita Virginia Janza\" id=\"posts-by-tag-item-1685\"><a class = \"posts-by-tag-item-title\" href=\"https:\/\/viajeraeditorial.ar\/blog\/2012\/09\/algunas-imagenes-de-viajera-en-abulafia-libros\/\">Algunas im\u00e1genes de Viajera en Abulafia Libros<\/a><\/li><li class=\"posts-by-tag-item La Playa Loreley El Jaber Viajera Visita\" id=\"posts-by-tag-item-1691\"><a class = \"posts-by-tag-item-title\" href=\"https:\/\/viajeraeditorial.ar\/blog\/2012\/09\/loreley-el-jaber-en-viajera-visita\/\">Loreley El Jaber en Viajera Visita<\/a><\/li><li class=\"posts-by-tag-item Diego Recalde Esteban Bieda Loreley El Jaber N\u00e9stor Cheb Terrab Oliverio Coelho Sabrina Merayo N\u00fa\u00f1ez Viajera Visita Virginia Janza\" id=\"posts-by-tag-item-1693\"><a class = \"posts-by-tag-item-title\" href=\"https:\/\/viajeraeditorial.ar\/blog\/2012\/09\/1409-viajera-visita-abulafia\/\">14\/09: Viajera Visita Abulafia!<\/a><\/li><li class=\"posts-by-tag-item An\u00edbal Ilguisonis Carlos Battilana Casa de Viaje Cecilia Maugeri clin caja Estuche negro Karina Macci\u00f3 La Cajita de Pandora La P\u00e9rdida o La Perdida La Playa Lengua Espiral Loreley El Jaber malapalabra Mar\u00eda Victoria Verzura Natalia Monsegur Perla Ericl\u00e9e Quinteros Presente Continuo Ricardo Czikk Sentir \u00d3seo Virginia Janza visitante\/the visitor\" id=\"posts-by-tag-item-1941\"><a class = \"posts-by-tag-item-title\" href=\"https:\/\/viajeraeditorial.ar\/blog\/2010\/11\/este-martes-23-de-noviembre-leemos-en-la-casa\/\">Este martes 23 de noviembre leemos en la Casa!<\/a><\/li><li class=\"posts-by-tag-item An\u00edbal Ilguisonis Carlos Battilana Casa de Viaje Cecilia Maugeri clin caja Estuche negro herpes Karina Macci\u00f3 La Cajita de Pandora La P\u00e9rdida o La Perdida La Playa Lengua Espiral Loreley El Jaber malapalabra Mana Mar\u00eda Victoria Verzura Natalia Monsegur Perla Ericl\u00e9e Quinteros Presente Continuo Ricardo Czikk Sentir \u00d3seo Virginia Janza visitante\/the visitor\" id=\"posts-by-tag-item-1946\"><a class = \"posts-by-tag-item-title\" href=\"https:\/\/viajeraeditorial.ar\/blog\/2010\/11\/viajera-visita-la-casa-de-la-lectura-3\/\">Viajera visita la Casa de la Lectura<\/a><\/li><li class=\"posts-by-tag-item Cecilia Maugeri Jimena Repetto Loreley El Jaber Mana Ricardo Czikk Viceversa Virginia Janza\" id=\"posts-by-tag-item-2000\"><a class = \"posts-by-tag-item-title\" href=\"https:\/\/viajeraeditorial.ar\/blog\/2010\/07\/algo-de-lo-que-fue-el-primer-viajera-viceversa\/\">Algo de lo que fue el primer Viajera Viceversa:<\/a><\/li><li class=\"posts-by-tag-item La Playa Loreley El Jaber\" id=\"posts-by-tag-item-2008\"><a class = \"posts-by-tag-item-title\" href=\"https:\/\/viajeraeditorial.ar\/blog\/2010\/06\/las-branquias-de-la-infancia-una-lectura-de-la-playa-de-loreley-el-jaber\/\">Las branquias de la infancia: una lectura de \"La playa\" de Loreley El Jaber<\/a><\/li><li class=\"posts-by-tag-item An\u00edbal Ilguisonis Cecilia Maugeri clin caja Estuche negro herpes Karina Macci\u00f3 La Cajita de Pandora La P\u00e9rdida o La Perdida La Playa Lengua Espiral Loreley El Jaber malapalabra Mana Mar\u00eda Victoria Verzura Perla Ericl\u00e9e Quinteros Ricardo Czikk Sentir \u00d3seo Virginia Janza\" id=\"posts-by-tag-item-2012\"><a class = \"posts-by-tag-item-title\" href=\"https:\/\/viajeraeditorial.ar\/blog\/2010\/05\/viajera-en-el-festival-buen-dia\/\">Viajera en el festival Buen D\u00eda!<\/a><\/li><li class=\"posts-by-tag-item herpes La Playa Lengua Espiral Loreley El Jaber Mana Mar\u00eda Victoria Verzura Perla Ericl\u00e9e Quinteros Sentir \u00d3seo\" id=\"posts-by-tag-item-2021\"><a class = \"posts-by-tag-item-title\" href=\"https:\/\/viajeraeditorial.ar\/blog\/2010\/05\/nuevos-libros-de-viajera-editorial\/\">\u00a1Nuevos libros de Viajera Editorial!<\/a><\/li><li class=\"posts-by-tag-item An\u00edbal Ilguisonis Cecilia Maugeri clin caja Estuche negro herpes Karina Macci\u00f3 La Cajita de Pandora La P\u00e9rdida o La Perdida La Playa Lengua Espiral Loreley El Jaber malapalabra Mana Mar\u00eda Victoria Verzura Perla Ericl\u00e9e Quinteros Ricardo Czikk Sentir \u00d3seo Viajera Visita Virginia Janza\" id=\"posts-by-tag-item-2026\"><a class = \"posts-by-tag-item-title\" href=\"https:\/\/viajeraeditorial.ar\/blog\/2010\/04\/2026\/\">Viajera Visita Garrick<\/a><\/li><\/ul>\n","protected":false},"excerpt":{"rendered":"<p>Naci\u00f3 en Buenos Aires en 1972. Es Doctora en Letras, docente de Literatura Argentina en la Facultad de Filosof\u00eda y Letras de la Universidad de Buenos Aires. Gan\u00f3 becas de investigaci\u00f3n en el \u00e1rea de literatura colonial, campo en el que se desempe\u00f1a actualmente como investigadora del Conicet. Public\u00f3 ensayos en revistas especializadas nacionales y [&hellip;]<\/p>\n","protected":false},"author":3,"featured_media":0,"parent":8710,"menu_order":0,"comment_status":"closed","ping_status":"open","template":"","meta":[],"_links":{"self":[{"href":"https:\/\/viajeraeditorial.ar\/blog\/wp-json\/wp\/v2\/pages\/97"}],"collection":[{"href":"https:\/\/viajeraeditorial.ar\/blog\/wp-json\/wp\/v2\/pages"}],"about":[{"href":"https:\/\/viajeraeditorial.ar\/blog\/wp-json\/wp\/v2\/types\/page"}],"author":[{"embeddable":true,"href":"https:\/\/viajeraeditorial.ar\/blog\/wp-json\/wp\/v2\/users\/3"}],"replies":[{"embeddable":true,"href":"https:\/\/viajeraeditorial.ar\/blog\/wp-json\/wp\/v2\/comments?post=97"}],"version-history":[{"count":7,"href":"https:\/\/viajeraeditorial.ar\/blog\/wp-json\/wp\/v2\/pages\/97\/revisions"}],"predecessor-version":[{"id":6253,"href":"https:\/\/viajeraeditorial.ar\/blog\/wp-json\/wp\/v2\/pages\/97\/revisions\/6253"}],"up":[{"embeddable":true,"href":"https:\/\/viajeraeditorial.ar\/blog\/wp-json\/wp\/v2\/pages\/8710"}],"wp:attachment":[{"href":"https:\/\/viajeraeditorial.ar\/blog\/wp-json\/wp\/v2\/media?parent=97"}],"curies":[{"name":"wp","href":"https:\/\/api.w.org\/{rel}","templated":true}]}}